{"id":961,"date":"2017-03-20T12:17:25","date_gmt":"2017-03-20T15:17:25","guid":{"rendered":"http:\/\/www.odiloncavalcanti.art.br\/?page_id=961"},"modified":"2025-07-21T17:44:22","modified_gmt":"2025-07-21T20:44:22","slug":"esculturas-objetos-instalacoes","status":"publish","type":"page","link":"https:\/\/odiloncavalcanti.art.br\/ru\/esculturas-objetos-instalacoes\/","title":{"rendered":"Esculturas, objetos 3D, assemblages e instala\u00e7\u00f5es:"},"content":{"rendered":"\n<p class=\"has-medium-font-size\"><strong>Esculturas em Papel:<\/strong><\/p>\n\n\n\n<figure class=\"wp-block-image size-large\"><img decoding=\"async\" src=\"http:\/\/odiloncavalcanti.art.br\/wp-content\/uploads\/2017\/03\/Rinha.jpg\" alt=\"\"\/><\/figure>\n\n\n\n<p class=\"has-medium-font-size\">Esculturas em PVA laminado:<\/p>\n\n\n\n<figure class=\"wp-block-image size-large\"><img decoding=\"async\" src=\"http:\/\/odiloncavalcanti.art.br\/wp-content\/uploads\/2017\/03\/IMG_6539.jpg\" alt=\"\"\/><\/figure>\n\n\n\n<figure class=\"wp-block-image size-large\"><img decoding=\"async\" src=\"http:\/\/odiloncavalcanti.art.br\/wp-content\/uploads\/2017\/03\/IMG_6548.jpg\" alt=\"\"\/><\/figure>\n\n\n\n<figure class=\"wp-block-image size-large\"><img decoding=\"async\" src=\"http:\/\/odiloncavalcanti.art.br\/wp-content\/uploads\/2017\/03\/IMG_6622.jpg\" alt=\"\"\/><\/figure>\n\n\n\n<blockquote class=\"wp-block-quote is-layout-flow wp-block-quote-is-layout-flow\">\n<p class=\"has-medium-font-size\"><strong>Escultura em Metal Laminado<\/strong><\/p>\n<\/blockquote>\n\n\n\n<figure class=\"wp-block-image size-large\"><img decoding=\"async\" src=\"http:\/\/odiloncavalcanti.art.br\/wp-content\/uploads\/2025\/07\/IMG_4682-copy.jpg\" alt=\"\"\/><\/figure>\n\n\n\n<p class=\"has-medium-font-size\"><strong>Escultura<\/strong> t\u00f3pica (recorte de superf\u00edcie plana, tensionada) <strong>O Abra\u00e7o<\/strong><\/p>\n","protected":false},"excerpt":{"rendered":"<p>Esculturas em Papel: Esculturas em PVA laminado: Escultura em Metal Laminado Escultura t\u00f3pica (recorte de superf\u00edcie plana, tensionada) O Abra\u00e7o<\/p>\n","protected":false},"author":1,"featured_media":952,"parent":0,"menu_order":0,"comment_status":"closed","ping_status":"closed","template":"","meta":{"footnotes":""},"class_list":["post-961","page","type-page","status-publish","has-post-thumbnail","hentry"],"translation":{"provider":"WPGlobus","version":"3.0.1","language":"ru","enabled_languages":["en","es","de","fr","ru"],"languages":{"en":{"title":true,"content":true,"excerpt":false},"es":{"title":false,"content":false,"excerpt":false},"de":{"title":false,"content":false,"excerpt":false},"fr":{"title":false,"content":false,"excerpt":false},"ru":{"title":false,"content":false,"excerpt":false}}},"yoast_head":"<!-- This site is optimized with the Yoast SEO plugin v27.2 - https:\/\/yoast.com\/product\/yoast-seo-wordpress\/ -->\n<title>Esculturas, objetos 3D, assemblages e instala\u00e7\u00f5es:<\/title>\n<meta name=\"robots\" content=\"index, follow, max-snippet:-1, max-image-preview:large, max-video-preview:-1\" \/>\n<link rel=\"canonical\" href=\"https:\/\/odiloncavalcanti.art.br\/esculturas-objetos-instalacoes\/\" \/>\n<meta property=\"og:locale\" content=\"ru_RU\" \/>\n<meta property=\"og:type\" content=\"article\" \/>\n<meta property=\"og:title\" content=\"Esculturas, objetos 3D, assemblages e instala\u00e7\u00f5es: - Odilon Cavalcanti\" \/>\n<meta property=\"og:url\" content=\"https:\/\/odiloncavalcanti.art.br\/esculturas-objetos-instalacoes\/\" \/>\n<meta property=\"og:site_name\" content=\"Odilon Cavalcanti\" \/>\n<meta property=\"article:publisher\" content=\"https:\/\/www.facebook.com\/AtelierOdilonCavalcanti\/\" \/>\n<meta property=\"article:modified_time\" content=\"2025-07-21T20:44:22+00:00\" \/>\n<meta property=\"og:image\" content=\"https:\/\/odiloncavalcanti.art.br\/wp-content\/uploads\/2017\/03\/IMG_6543-copy.jpg\" \/>\n\t<meta property=\"og:image:width\" content=\"1204\" \/>\n\t<meta property=\"og:image:height\" content=\"516\" \/>\n\t<meta property=\"og:image:type\" content=\"image\/jpeg\" \/>\n<meta name=\"twitter:card\" content=\"summary_large_image\" \/>\n<meta name=\"twitter:site\" content=\"@odilonk\" \/>\n<meta name=\"twitter:label1\" content=\"Est. reading time\" \/>\n\t<meta name=\"twitter:data1\" content=\"2 minutes\" \/>\n<script type=\"application\/ld+json\" class=\"yoast-schema-graph\">{\"@context\":\"https:\/\/schema.org\",\"@graph\":[{\"@type\":\"WebPage\",\"@id\":\"https:\/\/odiloncavalcanti.art.br\/esculturas-objetos-instalacoes\/\",\"url\":\"https:\/\/odiloncavalcanti.art.br\/esculturas-objetos-instalacoes\/\",\"name\":\"Esculturas, objetos 3D, assemblages e instala\u00e7\u00f5es:\",\"isPartOf\":{\"@id\":\"http:\/\/odiloncavalcanti.art.br\/#website\"},\"primaryImageOfPage\":{\"@id\":\"https:\/\/odiloncavalcanti.art.br\/esculturas-objetos-instalacoes\/#primaryimage\"},\"image\":{\"@id\":\"https:\/\/odiloncavalcanti.art.br\/esculturas-objetos-instalacoes\/#primaryimage\"},\"thumbnailUrl\":\"https:\/\/odiloncavalcanti.art.br\/wp-content\/uploads\/2017\/03\/IMG_6543-copy.jpg\",\"datePublished\":\"2017-03-20T15:17:25+00:00\",\"dateModified\":\"2025-07-21T20:44:22+00:00\",\"description\":\"Esculturas pensadas \u00e0 partir de suporte plano. Instala\u00e7\u00f5es. Pinturas espaciais, Objetos 3D. Assemblages. Esculturas minimalistas. Geometria espacial.\",\"breadcrumb\":{\"@id\":\"https:\/\/odiloncavalcanti.art.br\/esculturas-objetos-instalacoes\/#breadcrumb\"},\"inLanguage\":\"ru-RU\",\"potentialAction\":[{\"@type\":\"ReadAction\",\"target\":[\"https:\/\/odiloncavalcanti.art.br\/esculturas-objetos-instalacoes\/\"]}]},{\"@type\":\"ImageObject\",\"inLanguage\":\"ru-RU\",\"@id\":\"https:\/\/odiloncavalcanti.art.br\/esculturas-objetos-instalacoes\/#primaryimage\",\"url\":\"https:\/\/odiloncavalcanti.art.br\/wp-content\/uploads\/2017\/03\/IMG_6543-copy.jpg\",\"contentUrl\":\"https:\/\/odiloncavalcanti.art.br\/wp-content\/uploads\/2017\/03\/IMG_6543-copy.jpg\",\"width\":1204,\"height\":516,\"caption\":\"\\\"Conc\u00f3rdia\\\" Fotografias impressas s\/ PV 80x80x50cm 2015\"},{\"@type\":\"BreadcrumbList\",\"@id\":\"https:\/\/odiloncavalcanti.art.br\/esculturas-objetos-instalacoes\/#breadcrumb\",\"itemListElement\":[{\"@type\":\"ListItem\",\"position\":1,\"name\":\"In\u00edcio\",\"item\":\"http:\/\/odiloncavalcanti.art.br\/\"},{\"@type\":\"ListItem\",\"position\":2,\"name\":\"Esculturas, objetos 3D, assemblages e instala\u00e7\u00f5es:\"}]},{\"@type\":\"WebSite\",\"@id\":\"http:\/\/odiloncavalcanti.art.br\/#website\",\"url\":\"http:\/\/odiloncavalcanti.art.br\/\",\"name\":\"Odilon Cavalcanti\",\"description\":\"Um espelho da alquimia da Arte.\",\"potentialAction\":[{\"@type\":\"SearchAction\",\"target\":{\"@type\":\"EntryPoint\",\"urlTemplate\":\"http:\/\/odiloncavalcanti.art.br\/?s={search_term_string}\"},\"query-input\":{\"@type\":\"PropertyValueSpecification\",\"valueRequired\":true,\"valueName\":\"search_term_string\"}}],\"inLanguage\":\"ru-RU\"}]}<\/script>\n<!-- \/ Yoast SEO plugin. -->","yoast_head_json":{"title":"Esculturas, objetos 3D, assemblages e instala\u00e7\u00f5es:","robots":{"index":"index","follow":"follow","max-snippet":"max-snippet:-1","max-image-preview":"max-image-preview:large","max-video-preview":"max-video-preview:-1"},"canonical":"https:\/\/odiloncavalcanti.art.br\/esculturas-objetos-instalacoes\/","og_locale":"ru_RU","og_type":"article","og_title":"Esculturas, objetos 3D, assemblages e instala\u00e7\u00f5es: - Odilon Cavalcanti","og_url":"https:\/\/odiloncavalcanti.art.br\/esculturas-objetos-instalacoes\/","og_site_name":"Odilon Cavalcanti","article_publisher":"https:\/\/www.facebook.com\/AtelierOdilonCavalcanti\/","article_modified_time":"2025-07-21T20:44:22+00:00","og_image":[{"width":1204,"height":516,"url":"https:\/\/odiloncavalcanti.art.br\/wp-content\/uploads\/2017\/03\/IMG_6543-copy.jpg","type":"image\/jpeg"}],"twitter_card":"summary_large_image","twitter_site":"@odilonk","twitter_misc":{"Est. reading time":"2 minutes"},"schema":{"@context":"https:\/\/schema.org","@graph":[{"@type":"WebPage","@id":"https:\/\/odiloncavalcanti.art.br\/esculturas-objetos-instalacoes\/","url":"https:\/\/odiloncavalcanti.art.br\/esculturas-objetos-instalacoes\/","name":"Esculturas, objetos 3D, assemblages e instala\u00e7\u00f5es:","isPartOf":{"@id":"http:\/\/odiloncavalcanti.art.br\/#website"},"primaryImageOfPage":{"@id":"https:\/\/odiloncavalcanti.art.br\/esculturas-objetos-instalacoes\/#primaryimage"},"image":{"@id":"https:\/\/odiloncavalcanti.art.br\/esculturas-objetos-instalacoes\/#primaryimage"},"thumbnailUrl":"https:\/\/odiloncavalcanti.art.br\/wp-content\/uploads\/2017\/03\/IMG_6543-copy.jpg","datePublished":"2017-03-20T15:17:25+00:00","dateModified":"2025-07-21T20:44:22+00:00","description":"Esculturas pensadas \u00e0 partir de suporte plano. Instala\u00e7\u00f5es. Pinturas espaciais, Objetos 3D. Assemblages. Esculturas minimalistas. Geometria espacial.","breadcrumb":{"@id":"https:\/\/odiloncavalcanti.art.br\/esculturas-objetos-instalacoes\/#breadcrumb"},"inLanguage":"ru-RU","potentialAction":[{"@type":"ReadAction","target":["https:\/\/odiloncavalcanti.art.br\/esculturas-objetos-instalacoes\/"]}]},{"@type":"ImageObject","inLanguage":"ru-RU","@id":"https:\/\/odiloncavalcanti.art.br\/esculturas-objetos-instalacoes\/#primaryimage","url":"https:\/\/odiloncavalcanti.art.br\/wp-content\/uploads\/2017\/03\/IMG_6543-copy.jpg","contentUrl":"https:\/\/odiloncavalcanti.art.br\/wp-content\/uploads\/2017\/03\/IMG_6543-copy.jpg","width":1204,"height":516,"caption":"\"Conc\u00f3rdia\" Fotografias impressas s\/ PV 80x80x50cm 2015"},{"@type":"BreadcrumbList","@id":"https:\/\/odiloncavalcanti.art.br\/esculturas-objetos-instalacoes\/#breadcrumb","itemListElement":[{"@type":"ListItem","position":1,"name":"In\u00edcio","item":"http:\/\/odiloncavalcanti.art.br\/"},{"@type":"ListItem","position":2,"name":"Esculturas, objetos 3D, assemblages e instala\u00e7\u00f5es:"}]},{"@type":"WebSite","@id":"http:\/\/odiloncavalcanti.art.br\/#website","url":"http:\/\/odiloncavalcanti.art.br\/","name":"Odilon Cavalcanti","description":"Um espelho da alquimia da Arte.","potentialAction":[{"@type":"SearchAction","target":{"@type":"EntryPoint","urlTemplate":"http:\/\/odiloncavalcanti.art.br\/?s={search_term_string}"},"query-input":{"@type":"PropertyValueSpecification","valueRequired":true,"valueName":"search_term_string"}}],"inLanguage":"ru-RU"}]}},"jetpack_sharing_enabled":true,"_links":{"self":[{"href":"https:\/\/odiloncavalcanti.art.br\/ru\/wp-json\/wp\/v2\/pages\/961","targetHints":{"allow":["GET"]}}],"collection":[{"href":"https:\/\/odiloncavalcanti.art.br\/ru\/wp-json\/wp\/v2\/pages"}],"about":[{"href":"https:\/\/odiloncavalcanti.art.br\/ru\/wp-json\/wp\/v2\/types\/page"}],"author":[{"embeddable":true,"href":"https:\/\/odiloncavalcanti.art.br\/ru\/wp-json\/wp\/v2\/users\/1"}],"replies":[{"embeddable":true,"href":"https:\/\/odiloncavalcanti.art.br\/ru\/wp-json\/wp\/v2\/comments?post=961"}],"version-history":[{"count":15,"href":"https:\/\/odiloncavalcanti.art.br\/ru\/wp-json\/wp\/v2\/pages\/961\/revisions"}],"predecessor-version":[{"id":2146,"href":"https:\/\/odiloncavalcanti.art.br\/ru\/wp-json\/wp\/v2\/pages\/961\/revisions\/2146"}],"wp:featuredmedia":[{"embeddable":true,"href":"https:\/\/odiloncavalcanti.art.br\/ru\/wp-json\/wp\/v2\/media\/952"}],"wp:attachment":[{"href":"https:\/\/odiloncavalcanti.art.br\/ru\/wp-json\/wp\/v2\/media?parent=961"}],"curies":[{"name":"wp","href":"https:\/\/api.w.org\/{rel}","templated":true}]}}