{"id":931,"date":"2017-03-13T12:30:13","date_gmt":"2017-03-13T15:30:13","guid":{"rendered":"http:\/\/www.odiloncavalcanti.art.br\/?page_id=931"},"modified":"2017-05-09T13:58:11","modified_gmt":"2017-05-09T16:58:11","slug":"paineis-ceramicos","status":"publish","type":"page","link":"https:\/\/odiloncavalcanti.art.br\/ru\/paineis-ceramicos\/","title":{"rendered":"Pain\u00e9is Cer\u00e2micos:"},"content":{"rendered":"<h2>Pain\u00e9is cer\u00e2micos podem ser uma intera\u00e7\u00e3o entre a arte e a arquitetura:<\/h2>\n<figure id=\"attachment_927\" aria-describedby=\"caption-attachment-927\" style=\"width: 162px\" class=\"wp-caption aligncenter\"><img loading=\"lazy\" decoding=\"async\" class=\"wp-image-927 size-medium\" title=\"frutas\" src=\"http:\/\/169.57.129.238\/~odilonca\/wp-content\/uploads\/2017\/03\/IMG_6437-162x300.jpg\" alt=\"Paineis Cereamicos - Frutas\" width=\"162\" height=\"300\" srcset=\"https:\/\/odiloncavalcanti.art.br\/wp-content\/uploads\/2017\/03\/IMG_6437-162x300.jpg 162w, https:\/\/odiloncavalcanti.art.br\/wp-content\/uploads\/2017\/03\/IMG_6437-768x1425.jpg 768w, https:\/\/odiloncavalcanti.art.br\/wp-content\/uploads\/2017\/03\/IMG_6437-552x1024.jpg 552w, https:\/\/odiloncavalcanti.art.br\/wp-content\/uploads\/2017\/03\/IMG_6437.jpg 1204w\" sizes=\"auto, (max-width: 162px) 100vw, 162px\" \/><figcaption id=\"caption-attachment-927\" class=\"wp-caption-text\"><strong>&#8220;Frutas&#8221;<\/strong><br \/> Painel decorativo em cer\u00e2mica pintada<br \/> 90x220cm<br \/> <strong>2003<\/strong><\/figcaption><\/figure>\n<figure id=\"attachment_926\" aria-describedby=\"caption-attachment-926\" style=\"width: 200px\" class=\"wp-caption aligncenter\"><img loading=\"lazy\" decoding=\"async\" class=\"wp-image-926 size-medium\" title=\"frutas ambientado\" src=\"http:\/\/169.57.129.238\/~odilonca\/wp-content\/uploads\/2017\/03\/CRW_1773-200x300.jpg\" alt=\"Paineis Cereamicos - frutas amabientado\" width=\"200\" height=\"300\" srcset=\"https:\/\/odiloncavalcanti.art.br\/wp-content\/uploads\/2017\/03\/CRW_1773-200x300.jpg 200w, https:\/\/odiloncavalcanti.art.br\/wp-content\/uploads\/2017\/03\/CRW_1773-768x1154.jpg 768w, https:\/\/odiloncavalcanti.art.br\/wp-content\/uploads\/2017\/03\/CRW_1773-682x1024.jpg 682w, https:\/\/odiloncavalcanti.art.br\/wp-content\/uploads\/2017\/03\/CRW_1773.jpg 1204w\" sizes=\"auto, (max-width: 200px) 100vw, 200px\" \/><figcaption id=\"caption-attachment-926\" class=\"wp-caption-text\"><strong>&#8220;Frutas&#8221;<\/strong><br \/> Painel ambientado<\/figcaption><\/figure>\n<p>No fim da d\u00e9cada de 80, com atelier instalado na Ilha de Itamarac\u00e1, <strong>Odilon Cavalcanti<\/strong> \u00e9 convidado pelo artista pintor e cer\u00e2mico <strong>Francisco Brennand<\/strong>, atrav\u00e9s da indica\u00e7\u00e3o do fot\u00f3grafo <strong>Tadeu Lubambo<\/strong>\u00a0 para projetar uma s\u00e9rie de pe\u00e7as de design gr\u00e1fico para sua <strong>Oficina Cer\u00e2mica<\/strong>.<\/p>\n<p>Dessa proximidade nasceu uma forte amizade e uma troca de informa\u00e7\u00f5es que enriqueceu profundamente a consci\u00eancia de<strong> Odilon<\/strong> sobre sua pr\u00f3pria obra e, ao mesmo tempo, introduziu-o nas artes da pintura cer\u00e2mica.<\/p>\n<p>Desse conhecimento, nasce a cole\u00e7\u00e3o de pain\u00e9is cer\u00e2micos pintados por <strong>Odilon<\/strong> como os pain\u00e9is encomendados pela Prefeitura de S\u00e3o Paulo que est\u00e3o assentados nas empenas cegas dos dois pr\u00e9dios da entrada e sa\u00edda da cidade pela Via Imigrantes.<\/p>\n<figure id=\"attachment_924\" aria-describedby=\"caption-attachment-924\" style=\"width: 157px\" class=\"wp-caption aligncenter\"><img loading=\"lazy\" decoding=\"async\" class=\"wp-image-924 size-medium\" title=\"sol (estudo)\" src=\"http:\/\/169.57.129.238\/~odilonca\/wp-content\/uploads\/2017\/03\/cotidiano-dia.psd-157x300.jpg\" alt=\"Paineis Cereamicos - o sol\" width=\"157\" height=\"300\" srcset=\"https:\/\/odiloncavalcanti.art.br\/wp-content\/uploads\/2017\/03\/cotidiano-dia.psd-157x300.jpg 157w, https:\/\/odiloncavalcanti.art.br\/wp-content\/uploads\/2017\/03\/cotidiano-dia.psd-536x1024.jpg 536w, https:\/\/odiloncavalcanti.art.br\/wp-content\/uploads\/2017\/03\/cotidiano-dia.psd.jpg 630w\" sizes=\"auto, (max-width: 157px) 100vw, 157px\" \/><figcaption id=\"caption-attachment-924\" class=\"wp-caption-text\"><strong>&#8220;O Sol&#8221;<\/strong><br \/> Projeto p\/ pain\u00e9l cer\u00e2mico<br \/> 150x500cm<br \/> <strong>1998<\/strong><\/figcaption><\/figure>\n<figure id=\"attachment_925\" aria-describedby=\"caption-attachment-925\" style=\"width: 152px\" class=\"wp-caption aligncenter\"><img loading=\"lazy\" decoding=\"async\" class=\"size-medium wp-image-925\" src=\"http:\/\/169.57.129.238\/~odilonca\/wp-content\/uploads\/2017\/03\/cotidiano-noite.psd-152x300.jpg\" alt=\"\" width=\"152\" height=\"300\" srcset=\"https:\/\/odiloncavalcanti.art.br\/wp-content\/uploads\/2017\/03\/cotidiano-noite.psd-152x300.jpg 152w, https:\/\/odiloncavalcanti.art.br\/wp-content\/uploads\/2017\/03\/cotidiano-noite.psd-518x1024.jpg 518w, https:\/\/odiloncavalcanti.art.br\/wp-content\/uploads\/2017\/03\/cotidiano-noite.psd.jpg 609w\" sizes=\"auto, (max-width: 152px) 100vw, 152px\" \/><figcaption id=\"caption-attachment-925\" class=\"wp-caption-text\"><strong>&#8220;A Lua&#8221;<\/strong><br \/>Projeto p\/ pain\u00e9l cer\u00e3mico<br \/>150x500cm<br \/><strong>1998<\/strong><\/figcaption><\/figure>\n<p>Odilon tem realizado v\u00e1rios outros projetos de pain\u00e9is cer\u00e2micos, desde pain\u00e9is para \u00e1reas molhadas internas e tapetes cer\u00e2micos para piso, at\u00e9 pequenos pain\u00e9is de numera\u00e7\u00e3o de casas e apartamentos, pain\u00e9is de identifica\u00e7\u00e3o, etc.<\/p>\n<p>&nbsp;<\/p>\n<p>&nbsp;<\/p>\n<figure id=\"attachment_930\" aria-describedby=\"caption-attachment-930\" style=\"width: 300px\" class=\"wp-caption aligncenter\"><img loading=\"lazy\" decoding=\"async\" class=\"wp-image-930 size-medium\" title=\"fruteira\" src=\"http:\/\/169.57.129.238\/~odilonca\/wp-content\/uploads\/2017\/03\/mel-300x237.jpg\" alt=\"Paineis Cereamicos -fruteira\" width=\"300\" height=\"237\" srcset=\"https:\/\/odiloncavalcanti.art.br\/wp-content\/uploads\/2017\/03\/mel-300x237.jpg 300w, https:\/\/odiloncavalcanti.art.br\/wp-content\/uploads\/2017\/03\/mel.jpg 419w\" sizes=\"auto, (max-width: 300px) 100vw, 300px\" \/><figcaption id=\"caption-attachment-930\" class=\"wp-caption-text\"><strong>&#8220;Painel Fruteira&#8221;<\/strong><br \/> Pain\u00e9l cer\u00e2mico<br \/> 70x70cm<br \/> <strong>2003<\/strong><\/figcaption><\/figure>\n<figure id=\"attachment_928\" aria-describedby=\"caption-attachment-928\" style=\"width: 300px\" class=\"wp-caption aligncenter\"><img loading=\"lazy\" decoding=\"async\" class=\"wp-image-928 size-medium\" title=\"numera\u00e7\u00e3o\" src=\"http:\/\/169.57.129.238\/~odilonca\/wp-content\/uploads\/2017\/03\/IMG_8008r-300x235.jpg\" alt=\"Paineis Cereamicos numera\u00e7\u00e3o\" width=\"300\" height=\"235\" srcset=\"https:\/\/odiloncavalcanti.art.br\/wp-content\/uploads\/2017\/03\/IMG_8008r-300x235.jpg 300w, https:\/\/odiloncavalcanti.art.br\/wp-content\/uploads\/2017\/03\/IMG_8008r-768x603.jpg 768w, https:\/\/odiloncavalcanti.art.br\/wp-content\/uploads\/2017\/03\/IMG_8008r-1024x804.jpg 1024w, https:\/\/odiloncavalcanti.art.br\/wp-content\/uploads\/2017\/03\/IMG_8008r.jpg 1204w\" sizes=\"auto, (max-width: 300px) 100vw, 300px\" \/><figcaption id=\"caption-attachment-928\" class=\"wp-caption-text\"><strong>&#8220;Numera\u00e7\u00e3o&#8221;<\/strong><br \/> Pequeno painel cer\u00e2mico pintado.<br \/> 40x30cm<br \/> <strong>2002<\/strong><\/figcaption><\/figure>\n<figure id=\"attachment_929\" aria-describedby=\"caption-attachment-929\" style=\"width: 132px\" class=\"wp-caption aligncenter\"><img loading=\"lazy\" decoding=\"async\" class=\"wp-image-929 size-full\" title=\"relogio\" src=\"http:\/\/169.57.129.238\/~odilonca\/wp-content\/uploads\/2017\/03\/Lua.jpg\" alt=\"Paineis Cereamicos - relogio\" width=\"132\" height=\"132\" srcset=\"https:\/\/odiloncavalcanti.art.br\/wp-content\/uploads\/2017\/03\/Lua.jpg 132w, https:\/\/odiloncavalcanti.art.br\/wp-content\/uploads\/2017\/03\/Lua-100x100.jpg 100w, https:\/\/odiloncavalcanti.art.br\/wp-content\/uploads\/2017\/03\/Lua-120x120.jpg 120w\" sizes=\"auto, (max-width: 132px) 100vw, 132px\" \/><figcaption id=\"caption-attachment-929\" class=\"wp-caption-text\"><strong>&#8220;Fundo para rel\u00f3gio&#8221;<\/strong><br \/> Pain\u00e9l Cer\u00e2mico pintado<br \/> 35x35cm<br \/> <strong>2003<\/strong><\/figcaption><\/figure>\n<figure id=\"attachment_80\" aria-describedby=\"caption-attachment-80\" style=\"width: 300px\" class=\"wp-caption aligncenter\"><img loading=\"lazy\" decoding=\"async\" class=\"wp-image-80 size-medium\" title=\"identifica\u00e7\u00e3o\" src=\"http:\/\/169.57.129.238\/~odilonca\/wp-content\/uploads\/2017\/01\/IMG_4018-300x208.jpg\" alt=\"Paineis Cereamicos - identifica\u00e7\u00e3o\" width=\"300\" height=\"208\" srcset=\"https:\/\/odiloncavalcanti.art.br\/wp-content\/uploads\/2017\/01\/IMG_4018-300x208.jpg 300w, https:\/\/odiloncavalcanti.art.br\/wp-content\/uploads\/2017\/01\/IMG_4018-768x532.jpg 768w, https:\/\/odiloncavalcanti.art.br\/wp-content\/uploads\/2017\/01\/IMG_4018-1024x709.jpg 1024w, https:\/\/odiloncavalcanti.art.br\/wp-content\/uploads\/2017\/01\/IMG_4018.jpg 1204w\" sizes=\"auto, (max-width: 300px) 100vw, 300px\" \/><figcaption id=\"caption-attachment-80\" class=\"wp-caption-text\"><strong>&#8220;Atelier Odilon Cavalcanti&#8221;<\/strong><br \/> Painel de identifica\u00e7\u00e3o<br \/> 90x70cm<br \/> <strong>2003<\/strong><\/figcaption><\/figure>\n<p>VOLTA<\/p>\n<p>&nbsp;<\/p>\n<figure id=\"attachment_943\" aria-describedby=\"caption-attachment-943\" style=\"width: 225px\" class=\"wp-caption aligncenter\"><img loading=\"lazy\" decoding=\"async\" class=\"wp-image-943 size-medium\" title=\"amazonia\" src=\"http:\/\/169.57.129.238\/~odilonca\/wp-content\/uploads\/2017\/03\/amazonia-crescente-2-225x300.jpg\" alt=\"Paineis Cereamicos - Amazonia crescente\" width=\"225\" height=\"300\" srcset=\"https:\/\/odiloncavalcanti.art.br\/wp-content\/uploads\/2017\/03\/amazonia-crescente-2-225x300.jpg 225w, https:\/\/odiloncavalcanti.art.br\/wp-content\/uploads\/2017\/03\/amazonia-crescente-2-768x1022.jpg 768w, https:\/\/odiloncavalcanti.art.br\/wp-content\/uploads\/2017\/03\/amazonia-crescente-2-769x1024.jpg 769w, https:\/\/odiloncavalcanti.art.br\/wp-content\/uploads\/2017\/03\/amazonia-crescente-2.jpg 1331w\" sizes=\"auto, (max-width: 225px) 100vw, 225px\" \/><figcaption id=\"caption-attachment-943\" class=\"wp-caption-text\"><strong>&#8220;Amaz\u00f4nia Crescente&#8221;<\/strong><br \/> Tapete cer\u00e2mico<br \/> 70&#215;90 cm<br \/> <strong>2003\u00a0\u00a0\u00a0\u00a0\u00a0\u00a0\u00a0\u00a0\u00a0\u00a0\u00a0\u00a0\u00a0\u00a0\u00a0\u00a0\u00a0\u00a0\u00a0\u00a0\u00a0\u00a0\u00a0\u00a0\u00a0\u00a0\u00a0\u00a0\u00a0\u00a0\u00a0\u00a0\u00a0\u00a0\u00a0\u00a0\u00a0\u00a0\u00a0\u00a0\u00a0\u00a0\u00a0\u00a0\u00a0\u00a0\u00a0\u00a0\u00a0\u00a0\u00a0\u00a0\u00a0\u00a0\u00a0\u00a0\u00a0\u00a0\u00a0\u00a0\u00a0\u00a0\u00a0\u00a0\u00a0\u00a0\u00a0\u00a0\u00a0\u00a0\u00a0\u00a0\u00a0\u00a0\u00a0\u00a0\u00a0\u00a0\u00a0\u00a0\u00a0\u00a0\u00a0\u00a0\u00a0\u00a0\u00a0\u00a0\u00a0\u00a0\u00a0\u00a0\u00a0\u00a0\u00a0\u00a0\u00a0\u00a0\u00a0\u00a0\u00a0\u00a0\u00a0\u00a0\u00a0\u00a0\u00a0\u00a0\u00a0\u00a0\u00a0\u00a0\u00a0\u00a0\u00a0\u00a0\u00a0\u00a0\u00a0\u00a0\u00a0\u00a0\u00a0\u00a0\u00a0\u00a0\u00a0\u00a0\u00a0\u00a0\u00a0\u00a0\u00a0\u00a0\u00a0\u00a0\u00a0\u00a0\u00a0\u00a0\u00a0\u00a0\u00a0\u00a0\u00a0\u00a0\u00a0\u00a0\u00a0\u00a0\u00a0\u00a0\u00a0\u00a0\u00a0\u00a0\u00a0\u00a0\u00a0\u00a0\u00a0\u00a0\u00a0\u00a0\u00a0\u00a0\u00a0\u00a0\u00a0\u00a0\u00a0\u00a0\u00a0\u00a0\u00a0\u00a0\u00a0\u00a0\u00a0\u00a0\u00a0\u00a0\u00a0\u00a0\u00a0\u00a0\u00a0\u00a0\u00a0\u00a0\u00a0\u00a0\u00a0\u00a0\u00a0\u00a0\u00a0\u00a0\u00a0\u00a0\u00a0\u00a0\u00a0\u00a0\u00a0\u00a0\u00a0\u00a0\u00a0\u00a0\u00a0\u00a0\u00a0\u00a0\u00a0\u00a0\u00a0\u00a0\u00a0\u00a0\u00a0\u00a0\u00a0\u00a0\u00a0\u00a0\u00a0\u00a0\u00a0\u00a0 <a href=\"http:\/\/www.odiloncavalcanti.art.br\/odilon-cavalcanti-obra-atelier-artista\/exposicoes-coletivas-colecoes-e-projetos\/\">VOLTA<\/a><br \/> <\/strong><\/figcaption><\/figure>\n","protected":false},"excerpt":{"rendered":"<p>Pain\u00e9is cer\u00e2micos podem ser uma intera\u00e7\u00e3o entre a arte e a arquitetura: No fim da d\u00e9cada de 80, com atelier instalado na Ilha de Itamarac\u00e1, Odilon Cavalcanti \u00e9 convidado pelo artista pintor e cer\u00e2mico Francisco Brennand, atrav\u00e9s da indica\u00e7\u00e3o do fot\u00f3grafo Tadeu Lubambo\u00a0 para projetar uma s\u00e9rie de pe\u00e7as de design gr\u00e1fico para sua Oficina &hellip; <\/p>\n<p class=\"link-more\"><a href=\"https:\/\/odiloncavalcanti.art.br\/ru\/paineis-ceramicos\/\" class=\"more-link\">Continue reading<span class=\"screen-reader-text\"> &#8220;Pain\u00e9is Cer\u00e2micos:&#8221;<\/span><\/a><\/p>\n","protected":false},"author":1,"featured_media":923,"parent":0,"menu_order":0,"comment_status":"closed","ping_status":"closed","template":"","meta":{"footnotes":""},"class_list":["post-931","page","type-page","status-publish","has-post-thumbnail","hentry"],"translation":{"provider":"WPGlobus","version":"3.0.1","language":"ru","enabled_languages":["en","es","de","fr","ru"],"languages":{"en":{"title":true,"content":true,"excerpt":false},"es":{"title":false,"content":false,"excerpt":false},"de":{"title":false,"content":false,"excerpt":false},"fr":{"title":false,"content":false,"excerpt":false},"ru":{"title":false,"content":false,"excerpt":false}}},"yoast_head":"<!-- This site is optimized with the Yoast SEO plugin v27.2 - https:\/\/yoast.com\/product\/yoast-seo-wordpress\/ -->\n<title>Pain\u00e9is Cer\u00e2micos:<\/title>\n<meta name=\"robots\" content=\"index, follow, max-snippet:-1, max-image-preview:large, max-video-preview:-1\" \/>\n<link rel=\"canonical\" href=\"https:\/\/odiloncavalcanti.art.br\/paineis-ceramicos\/\" \/>\n<meta property=\"og:locale\" content=\"ru_RU\" \/>\n<meta property=\"og:type\" content=\"article\" \/>\n<meta property=\"og:title\" content=\"Pain\u00e9is Cer\u00e2micos: - Odilon Cavalcanti\" \/>\n<meta property=\"og:url\" content=\"https:\/\/odiloncavalcanti.art.br\/paineis-ceramicos\/\" \/>\n<meta property=\"og:site_name\" content=\"Odilon Cavalcanti\" \/>\n<meta property=\"article:publisher\" content=\"https:\/\/www.facebook.com\/AtelierOdilonCavalcanti\/\" \/>\n<meta property=\"article:modified_time\" content=\"2017-05-09T16:58:11+00:00\" \/>\n<meta property=\"og:image\" content=\"https:\/\/odiloncavalcanti.art.br\/wp-content\/uploads\/2017\/03\/ass2corte.jpg\" \/>\n\t<meta property=\"og:image:width\" content=\"1204\" \/>\n\t<meta property=\"og:image:height\" content=\"388\" \/>\n\t<meta property=\"og:image:type\" content=\"image\/jpeg\" \/>\n<meta name=\"twitter:card\" content=\"summary_large_image\" \/>\n<meta name=\"twitter:site\" content=\"@odilonk\" \/>\n<meta name=\"twitter:label1\" content=\"Est. reading time\" \/>\n\t<meta name=\"twitter:data1\" content=\"2 minutes\" \/>\n<script type=\"application\/ld+json\" class=\"yoast-schema-graph\">{\"@context\":\"https:\/\/schema.org\",\"@graph\":[{\"@type\":\"WebPage\",\"@id\":\"https:\/\/odiloncavalcanti.art.br\/paineis-ceramicos\/\",\"url\":\"https:\/\/odiloncavalcanti.art.br\/paineis-ceramicos\/\",\"name\":\"Pain\u00e9is Cer\u00e2micos:\",\"isPartOf\":{\"@id\":\"http:\/\/odiloncavalcanti.art.br\/#website\"},\"primaryImageOfPage\":{\"@id\":\"https:\/\/odiloncavalcanti.art.br\/paineis-ceramicos\/#primaryimage\"},\"image\":{\"@id\":\"https:\/\/odiloncavalcanti.art.br\/paineis-ceramicos\/#primaryimage\"},\"thumbnailUrl\":\"https:\/\/odiloncavalcanti.art.br\/wp-content\/uploads\/2017\/03\/ass2corte.jpg\",\"datePublished\":\"2017-03-13T15:30:13+00:00\",\"dateModified\":\"2017-05-09T16:58:11+00:00\",\"description\":\"Paineis Cer\u00e2micos \u00e9 a pagina que mostra o trabalho de pintura do artista Odilon Cavalcanti sobre cer\u00e2mica em parceria com o fogo.\",\"breadcrumb\":{\"@id\":\"https:\/\/odiloncavalcanti.art.br\/paineis-ceramicos\/#breadcrumb\"},\"inLanguage\":\"ru-RU\",\"potentialAction\":[{\"@type\":\"ReadAction\",\"target\":[\"https:\/\/odiloncavalcanti.art.br\/paineis-ceramicos\/\"]}]},{\"@type\":\"ImageObject\",\"inLanguage\":\"ru-RU\",\"@id\":\"https:\/\/odiloncavalcanti.art.br\/paineis-ceramicos\/#primaryimage\",\"url\":\"https:\/\/odiloncavalcanti.art.br\/wp-content\/uploads\/2017\/03\/ass2corte.jpg\",\"contentUrl\":\"https:\/\/odiloncavalcanti.art.br\/wp-content\/uploads\/2017\/03\/ass2corte.jpg\",\"width\":1204,\"height\":388,\"caption\":\"\\\"Assinatura do painel lua\\\" 30x10cm 2002\"},{\"@type\":\"BreadcrumbList\",\"@id\":\"https:\/\/odiloncavalcanti.art.br\/paineis-ceramicos\/#breadcrumb\",\"itemListElement\":[{\"@type\":\"ListItem\",\"position\":1,\"name\":\"In\u00edcio\",\"item\":\"http:\/\/odiloncavalcanti.art.br\/\"},{\"@type\":\"ListItem\",\"position\":2,\"name\":\"Pain\u00e9is Cer\u00e2micos:\"}]},{\"@type\":\"WebSite\",\"@id\":\"http:\/\/odiloncavalcanti.art.br\/#website\",\"url\":\"http:\/\/odiloncavalcanti.art.br\/\",\"name\":\"Odilon Cavalcanti\",\"description\":\"Um espelho da alquimia da Arte.\",\"potentialAction\":[{\"@type\":\"SearchAction\",\"target\":{\"@type\":\"EntryPoint\",\"urlTemplate\":\"http:\/\/odiloncavalcanti.art.br\/?s={search_term_string}\"},\"query-input\":{\"@type\":\"PropertyValueSpecification\",\"valueRequired\":true,\"valueName\":\"search_term_string\"}}],\"inLanguage\":\"ru-RU\"}]}<\/script>\n<!-- \/ Yoast SEO plugin. -->","yoast_head_json":{"title":"Pain\u00e9is Cer\u00e2micos:","robots":{"index":"index","follow":"follow","max-snippet":"max-snippet:-1","max-image-preview":"max-image-preview:large","max-video-preview":"max-video-preview:-1"},"canonical":"https:\/\/odiloncavalcanti.art.br\/paineis-ceramicos\/","og_locale":"ru_RU","og_type":"article","og_title":"Pain\u00e9is Cer\u00e2micos: - Odilon Cavalcanti","og_url":"https:\/\/odiloncavalcanti.art.br\/paineis-ceramicos\/","og_site_name":"Odilon Cavalcanti","article_publisher":"https:\/\/www.facebook.com\/AtelierOdilonCavalcanti\/","article_modified_time":"2017-05-09T16:58:11+00:00","og_image":[{"width":1204,"height":388,"url":"https:\/\/odiloncavalcanti.art.br\/wp-content\/uploads\/2017\/03\/ass2corte.jpg","type":"image\/jpeg"}],"twitter_card":"summary_large_image","twitter_site":"@odilonk","twitter_misc":{"Est. reading time":"2 minutes"},"schema":{"@context":"https:\/\/schema.org","@graph":[{"@type":"WebPage","@id":"https:\/\/odiloncavalcanti.art.br\/paineis-ceramicos\/","url":"https:\/\/odiloncavalcanti.art.br\/paineis-ceramicos\/","name":"Pain\u00e9is Cer\u00e2micos:","isPartOf":{"@id":"http:\/\/odiloncavalcanti.art.br\/#website"},"primaryImageOfPage":{"@id":"https:\/\/odiloncavalcanti.art.br\/paineis-ceramicos\/#primaryimage"},"image":{"@id":"https:\/\/odiloncavalcanti.art.br\/paineis-ceramicos\/#primaryimage"},"thumbnailUrl":"https:\/\/odiloncavalcanti.art.br\/wp-content\/uploads\/2017\/03\/ass2corte.jpg","datePublished":"2017-03-13T15:30:13+00:00","dateModified":"2017-05-09T16:58:11+00:00","description":"Paineis Cer\u00e2micos \u00e9 a pagina que mostra o trabalho de pintura do artista Odilon Cavalcanti sobre cer\u00e2mica em parceria com o fogo.","breadcrumb":{"@id":"https:\/\/odiloncavalcanti.art.br\/paineis-ceramicos\/#breadcrumb"},"inLanguage":"ru-RU","potentialAction":[{"@type":"ReadAction","target":["https:\/\/odiloncavalcanti.art.br\/paineis-ceramicos\/"]}]},{"@type":"ImageObject","inLanguage":"ru-RU","@id":"https:\/\/odiloncavalcanti.art.br\/paineis-ceramicos\/#primaryimage","url":"https:\/\/odiloncavalcanti.art.br\/wp-content\/uploads\/2017\/03\/ass2corte.jpg","contentUrl":"https:\/\/odiloncavalcanti.art.br\/wp-content\/uploads\/2017\/03\/ass2corte.jpg","width":1204,"height":388,"caption":"\"Assinatura do painel lua\" 30x10cm 2002"},{"@type":"BreadcrumbList","@id":"https:\/\/odiloncavalcanti.art.br\/paineis-ceramicos\/#breadcrumb","itemListElement":[{"@type":"ListItem","position":1,"name":"In\u00edcio","item":"http:\/\/odiloncavalcanti.art.br\/"},{"@type":"ListItem","position":2,"name":"Pain\u00e9is Cer\u00e2micos:"}]},{"@type":"WebSite","@id":"http:\/\/odiloncavalcanti.art.br\/#website","url":"http:\/\/odiloncavalcanti.art.br\/","name":"Odilon Cavalcanti","description":"Um espelho da alquimia da Arte.","potentialAction":[{"@type":"SearchAction","target":{"@type":"EntryPoint","urlTemplate":"http:\/\/odiloncavalcanti.art.br\/?s={search_term_string}"},"query-input":{"@type":"PropertyValueSpecification","valueRequired":true,"valueName":"search_term_string"}}],"inLanguage":"ru-RU"}]}},"jetpack_sharing_enabled":true,"_links":{"self":[{"href":"https:\/\/odiloncavalcanti.art.br\/ru\/wp-json\/wp\/v2\/pages\/931","targetHints":{"allow":["GET"]}}],"collection":[{"href":"https:\/\/odiloncavalcanti.art.br\/ru\/wp-json\/wp\/v2\/pages"}],"about":[{"href":"https:\/\/odiloncavalcanti.art.br\/ru\/wp-json\/wp\/v2\/types\/page"}],"author":[{"embeddable":true,"href":"https:\/\/odiloncavalcanti.art.br\/ru\/wp-json\/wp\/v2\/users\/1"}],"replies":[{"embeddable":true,"href":"https:\/\/odiloncavalcanti.art.br\/ru\/wp-json\/wp\/v2\/comments?post=931"}],"version-history":[{"count":13,"href":"https:\/\/odiloncavalcanti.art.br\/ru\/wp-json\/wp\/v2\/pages\/931\/revisions"}],"predecessor-version":[{"id":1249,"href":"https:\/\/odiloncavalcanti.art.br\/ru\/wp-json\/wp\/v2\/pages\/931\/revisions\/1249"}],"wp:featuredmedia":[{"embeddable":true,"href":"https:\/\/odiloncavalcanti.art.br\/ru\/wp-json\/wp\/v2\/media\/923"}],"wp:attachment":[{"href":"https:\/\/odiloncavalcanti.art.br\/ru\/wp-json\/wp\/v2\/media?parent=931"}],"curies":[{"name":"wp","href":"https:\/\/api.w.org\/{rel}","templated":true}]}}