{"id":790,"date":"2017-03-03T11:37:19","date_gmt":"2017-03-03T14:37:19","guid":{"rendered":"http:\/\/www.odiloncavalcanti.art.br\/?page_id=790"},"modified":"2025-08-27T12:27:49","modified_gmt":"2025-08-27T15:27:49","slug":"obra-rara","status":"publish","type":"page","link":"https:\/\/odiloncavalcanti.art.br\/ru\/obra-rara\/","title":{"rendered":"Obra rara:"},"content":{"rendered":"\n<figure class=\"wp-block-gallery has-nested-images columns-default is-cropped wp-block-gallery-1 is-layout-flex wp-block-gallery-is-layout-flex\">\n<figure class=\"wp-block-image size-large\"><img loading=\"lazy\" decoding=\"async\" width=\"1024\" height=\"668\" data-id=\"1859\" src=\"http:\/\/odiloncavalcanti.art.br\/wp-content\/uploads\/2025\/07\/29brasilpandeiro-1024x668.jpg\" alt=\"Obra da Exposi\u00e7\u00e3o Perspectiva de 1984\" class=\"wp-image-1859\" srcset=\"https:\/\/odiloncavalcanti.art.br\/wp-content\/uploads\/2025\/07\/29brasilpandeiro-1024x668.jpg 1024w, https:\/\/odiloncavalcanti.art.br\/wp-content\/uploads\/2025\/07\/29brasilpandeiro-300x196.jpg 300w, https:\/\/odiloncavalcanti.art.br\/wp-content\/uploads\/2025\/07\/29brasilpandeiro-768x501.jpg 768w, https:\/\/odiloncavalcanti.art.br\/wp-content\/uploads\/2025\/07\/29brasilpandeiro.jpg 1204w\" sizes=\"auto, (max-width: 767px) 89vw, (max-width: 1000px) 54vw, (max-width: 1071px) 543px, 580px\" \/><figcaption class=\"wp-element-caption\">Fim de Noite<br>Pastel sobre Papel<br>66,5x 46,5 cm<br>1983<\/figcaption><\/figure>\n\n\n\n<figure class=\"wp-block-image size-large\"><img loading=\"lazy\" decoding=\"async\" width=\"1024\" height=\"682\" data-id=\"1488\" src=\"http:\/\/odiloncavalcanti.art.br\/wp-content\/uploads\/2019\/09\/IMG_8710-1024x682.jpg\" alt=\"\" class=\"wp-image-1488\" srcset=\"https:\/\/odiloncavalcanti.art.br\/wp-content\/uploads\/2019\/09\/IMG_8710-1024x682.jpg 1024w, https:\/\/odiloncavalcanti.art.br\/wp-content\/uploads\/2019\/09\/IMG_8710-300x200.jpg 300w, https:\/\/odiloncavalcanti.art.br\/wp-content\/uploads\/2019\/09\/IMG_8710-768x512.jpg 768w, https:\/\/odiloncavalcanti.art.br\/wp-content\/uploads\/2019\/09\/IMG_8710.jpg 1124w\" sizes=\"auto, (max-width: 767px) 89vw, (max-width: 1000px) 54vw, (max-width: 1071px) 543px, 580px\" \/><\/figure>\n\n\n\n<figure class=\"wp-block-image size-large\"><img loading=\"lazy\" decoding=\"async\" width=\"1019\" height=\"1024\" data-id=\"950\" src=\"http:\/\/odiloncavalcanti.art.br\/wp-content\/uploads\/2017\/03\/198092_1933389816538_1762550_n-1019x1024.jpg\" alt=\"\" class=\"wp-image-950\" srcset=\"https:\/\/odiloncavalcanti.art.br\/wp-content\/uploads\/2017\/03\/198092_1933389816538_1762550_n-1019x1024.jpg 1019w, https:\/\/odiloncavalcanti.art.br\/wp-content\/uploads\/2017\/03\/198092_1933389816538_1762550_n-150x150.jpg 150w, https:\/\/odiloncavalcanti.art.br\/wp-content\/uploads\/2017\/03\/198092_1933389816538_1762550_n-300x300.jpg 300w, https:\/\/odiloncavalcanti.art.br\/wp-content\/uploads\/2017\/03\/198092_1933389816538_1762550_n-768x772.jpg 768w, https:\/\/odiloncavalcanti.art.br\/wp-content\/uploads\/2017\/03\/198092_1933389816538_1762550_n-100x100.jpg 100w, https:\/\/odiloncavalcanti.art.br\/wp-content\/uploads\/2017\/03\/198092_1933389816538_1762550_n-120x120.jpg 120w, https:\/\/odiloncavalcanti.art.br\/wp-content\/uploads\/2017\/03\/198092_1933389816538_1762550_n.jpg 1204w\" sizes=\"auto, (max-width: 767px) 89vw, (max-width: 1000px) 54vw, (max-width: 1071px) 543px, 580px\" \/><figcaption class=\"wp-element-caption\">&#8220;O Pote do Tempo ao meio&#8221;<br>\u00d3leo e pastel s\/ tela<br>100x100cm<br>1985<\/figcaption><\/figure>\n\n\n\n<figure class=\"wp-block-image size-large\"><img loading=\"lazy\" decoding=\"async\" width=\"1024\" height=\"1004\" data-id=\"738\" src=\"http:\/\/odiloncavalcanti.art.br\/wp-content\/uploads\/2017\/02\/Untitled-1-1024x1004.jpg\" alt=\"\" class=\"wp-image-738\" srcset=\"https:\/\/odiloncavalcanti.art.br\/wp-content\/uploads\/2017\/02\/Untitled-1-1024x1004.jpg 1024w, https:\/\/odiloncavalcanti.art.br\/wp-content\/uploads\/2017\/02\/Untitled-1-300x294.jpg 300w, https:\/\/odiloncavalcanti.art.br\/wp-content\/uploads\/2017\/02\/Untitled-1-768x753.jpg 768w, https:\/\/odiloncavalcanti.art.br\/wp-content\/uploads\/2017\/02\/Untitled-1.jpg 1204w\" sizes=\"auto, (max-width: 767px) 89vw, (max-width: 1000px) 54vw, (max-width: 1071px) 543px, 580px\" \/><figcaption class=\"wp-element-caption\">&#8220;Espa\u00e7o\/Tempo&#8221;<br>Pastel e \u00f3leo s\/ tela<br>90&#215;90 cm<br>1988<\/figcaption><\/figure>\n\n\n\n<figure class=\"wp-block-image size-large\"><img loading=\"lazy\" decoding=\"async\" width=\"1024\" height=\"869\" data-id=\"678\" src=\"http:\/\/odiloncavalcanti.art.br\/wp-content\/uploads\/2017\/02\/DSCI0004-1-1024x869.jpg\" alt=\"\" class=\"wp-image-678\" srcset=\"https:\/\/odiloncavalcanti.art.br\/wp-content\/uploads\/2017\/02\/DSCI0004-1-1024x869.jpg 1024w, https:\/\/odiloncavalcanti.art.br\/wp-content\/uploads\/2017\/02\/DSCI0004-1-300x255.jpg 300w, https:\/\/odiloncavalcanti.art.br\/wp-content\/uploads\/2017\/02\/DSCI0004-1-768x652.jpg 768w, https:\/\/odiloncavalcanti.art.br\/wp-content\/uploads\/2017\/02\/DSCI0004-1.jpg 1204w\" sizes=\"auto, (max-width: 767px) 89vw, (max-width: 1000px) 54vw, (max-width: 1071px) 543px, 580px\" \/><figcaption class=\"wp-element-caption\">&#8220;Itamarac\u00e1 &#8211; Forno da Cal&#8221;<br>Nanquim s; papel<br>40x40cm<br>1988<br><\/figcaption><\/figure>\n\n\n\n<figure class=\"wp-block-image size-large\"><img loading=\"lazy\" decoding=\"async\" width=\"828\" height=\"1002\" data-id=\"224\" src=\"http:\/\/odiloncavalcanti.art.br\/wp-content\/uploads\/2017\/01\/miolo3.jpg\" alt=\"\" class=\"wp-image-224\" srcset=\"https:\/\/odiloncavalcanti.art.br\/wp-content\/uploads\/2017\/01\/miolo3.jpg 828w, https:\/\/odiloncavalcanti.art.br\/wp-content\/uploads\/2017\/01\/miolo3-248x300.jpg 248w, https:\/\/odiloncavalcanti.art.br\/wp-content\/uploads\/2017\/01\/miolo3-768x929.jpg 768w\" sizes=\"auto, (max-width: 767px) 89vw, (max-width: 1000px) 54vw, (max-width: 1071px) 543px, 580px\" \/><\/figure>\n\n\n\n<figure class=\"wp-block-image size-large\"><img loading=\"lazy\" decoding=\"async\" width=\"1024\" height=\"696\" data-id=\"383\" src=\"http:\/\/odiloncavalcanti.art.br\/wp-content\/uploads\/2017\/02\/alq.3-1024x696.jpg\" alt=\"A nuvem\" class=\"wp-image-383\" srcset=\"https:\/\/odiloncavalcanti.art.br\/wp-content\/uploads\/2017\/02\/alq.3-1024x696.jpg 1024w, https:\/\/odiloncavalcanti.art.br\/wp-content\/uploads\/2017\/02\/alq.3-300x204.jpg 300w, https:\/\/odiloncavalcanti.art.br\/wp-content\/uploads\/2017\/02\/alq.3-768x522.jpg 768w, https:\/\/odiloncavalcanti.art.br\/wp-content\/uploads\/2017\/02\/alq.3.jpg 1204w\" sizes=\"auto, (max-width: 767px) 89vw, (max-width: 1000px) 54vw, (max-width: 1071px) 543px, 580px\" \/><figcaption class=\"wp-element-caption\">&#8220;A nuvem sobre o Santu\u00e1rio&#8221;<br>Acr\u00edlica e Pastel s\/ tela<br>127x93cm<br>1989<\/figcaption><\/figure>\n\n\n\n<figure class=\"wp-block-image size-large\"><img loading=\"lazy\" decoding=\"async\" width=\"1024\" height=\"735\" data-id=\"451\" src=\"http:\/\/odiloncavalcanti.art.br\/wp-content\/uploads\/2017\/02\/miolo2-1024x735.jpg\" alt=\"\" class=\"wp-image-451\" srcset=\"https:\/\/odiloncavalcanti.art.br\/wp-content\/uploads\/2017\/02\/miolo2-1024x735.jpg 1024w, https:\/\/odiloncavalcanti.art.br\/wp-content\/uploads\/2017\/02\/miolo2-300x215.jpg 300w, https:\/\/odiloncavalcanti.art.br\/wp-content\/uploads\/2017\/02\/miolo2-768x551.jpg 768w, https:\/\/odiloncavalcanti.art.br\/wp-content\/uploads\/2017\/02\/miolo2.jpg 1204w\" sizes=\"auto, (max-width: 767px) 89vw, (max-width: 1000px) 54vw, (max-width: 1071px) 543px, 580px\" \/><figcaption class=\"wp-element-caption\">&#8220;Barba Azul&#8221;<br>Pastel s\/ tela<br>66,5x46cm<\/figcaption><\/figure>\n\n\n\n<figure class=\"wp-block-image size-large\"><img loading=\"lazy\" decoding=\"async\" width=\"1024\" height=\"333\" data-id=\"515\" src=\"http:\/\/odiloncavalcanti.art.br\/wp-content\/uploads\/2017\/02\/10325609_630518090370494_5667239498393217683_n-1024x333.jpg\" alt=\"\" class=\"wp-image-515\" srcset=\"https:\/\/odiloncavalcanti.art.br\/wp-content\/uploads\/2017\/02\/10325609_630518090370494_5667239498393217683_n-1024x333.jpg 1024w, https:\/\/odiloncavalcanti.art.br\/wp-content\/uploads\/2017\/02\/10325609_630518090370494_5667239498393217683_n-300x97.jpg 300w, https:\/\/odiloncavalcanti.art.br\/wp-content\/uploads\/2017\/02\/10325609_630518090370494_5667239498393217683_n-768x249.jpg 768w, https:\/\/odiloncavalcanti.art.br\/wp-content\/uploads\/2017\/02\/10325609_630518090370494_5667239498393217683_n.jpg 1204w\" sizes=\"auto, (max-width: 767px) 89vw, (max-width: 1000px) 54vw, (max-width: 1071px) 543px, 580px\" \/><figcaption class=\"wp-element-caption\">&#8220;Quero Transformar&#8221;<br>Projeto para outdoor 32 folhas<br>1994<\/figcaption><\/figure>\n\n\n\n<figure class=\"wp-block-image size-large\"><img loading=\"lazy\" decoding=\"async\" width=\"716\" height=\"1024\" data-id=\"601\" src=\"http:\/\/odiloncavalcanti.art.br\/wp-content\/uploads\/2017\/02\/p13-716x1024.jpg\" alt=\"\" class=\"wp-image-601\" srcset=\"https:\/\/odiloncavalcanti.art.br\/wp-content\/uploads\/2017\/02\/p13-716x1024.jpg 716w, https:\/\/odiloncavalcanti.art.br\/wp-content\/uploads\/2017\/02\/p13-210x300.jpg 210w, https:\/\/odiloncavalcanti.art.br\/wp-content\/uploads\/2017\/02\/p13-768x1098.jpg 768w, https:\/\/odiloncavalcanti.art.br\/wp-content\/uploads\/2017\/02\/p13.jpg 842w\" sizes=\"auto, (max-width: 716px) 100vw, 716px\" \/><figcaption class=\"wp-element-caption\">&#8220;Espelho I&#8221;<br>Paste s; papel<br>50x70cm<br>1986<\/figcaption><\/figure>\n\n\n\n<figure class=\"wp-block-image size-large\"><img loading=\"lazy\" decoding=\"async\" width=\"1024\" height=\"1010\" data-id=\"605\" src=\"http:\/\/odiloncavalcanti.art.br\/wp-content\/uploads\/2017\/02\/pintura-1024x1010.jpg\" alt=\"\" class=\"wp-image-605\" srcset=\"https:\/\/odiloncavalcanti.art.br\/wp-content\/uploads\/2017\/02\/pintura-1024x1010.jpg 1024w, https:\/\/odiloncavalcanti.art.br\/wp-content\/uploads\/2017\/02\/pintura-300x296.jpg 300w, https:\/\/odiloncavalcanti.art.br\/wp-content\/uploads\/2017\/02\/pintura-768x757.jpg 768w, https:\/\/odiloncavalcanti.art.br\/wp-content\/uploads\/2017\/02\/pintura-100x100.jpg 100w, https:\/\/odiloncavalcanti.art.br\/wp-content\/uploads\/2017\/02\/pintura.jpg 1204w\" sizes=\"auto, (max-width: 767px) 89vw, (max-width: 1000px) 54vw, (max-width: 1071px) 543px, 580px\" \/><figcaption class=\"wp-element-caption\">&#8220;\u00c0 luz do c\u00e9u profundo&#8221;<br>\u00d3leo e pastel s\/ tela<br>120&#215;122 cm<br>1988<br>1987<\/figcaption><\/figure>\n<\/figure>\n\n\n<h2>Obra rara em conceito, no uso das cores, das t\u00e9cnicas, na filosofia e nos objetivos. Confira e escolha por onde come\u00e7ar:<\/h2>\n<pre>Navegue nos links clican<\/pre>\n<div class=\"csRow\">\n<div class=\"csColumnGap\" style=\"margin: 0px; padding: 0px; float: left; width: 1.56%;\">\u00a0<\/div>\n<div style=\"clear: both; float: none; display: block; visibility: hidden; width: 0px; font-size: 0px; line-height: 0;\">\u00a0<\/div>\n<\/div>\n<blockquote>\n<p style=\"text-align: left;\"><em>A obra rara de Odilon Cavalcanti vem sendo constru\u00edda ao longo dos \u00faltimos 50 anos, trabalhando em sil\u00eancio quase completo, pontuado por participa\u00e7\u00f5es em mostras <a href=\"http:\/\/odiloncavalcanti.art.br\/exposicoes-coletivas-saloes-de-arte-grupos-de-artistas-exposicoes-coletivas-internacionais-movimentos-artisticos\/\">coletivas<\/a> e raras <a href=\"http:\/\/www.odiloncavalcanti.art.br\/exposicoes-individuais\/\" target=\"_blank\" rel=\"noopener noreferrer\">exposi\u00e7\u00f5es individuais<\/a> e longe das festas e holofotes<strong>. Odilon <\/strong>desenvolveu uma obra profusa e abrangente que, aos poucos, foi se consolidando em s\u00e9ries, <a href=\"http:\/\/odiloncavalcanti.art.br\/odilon-cavalcanti-a-obra-o-artista-o-atelier-uma-leitura-alquimica\/exposicoes-coletivas-colecoes-e-projetos\/\">cole\u00e7\u00f5es e projetos<\/a> que este site pretende recuperar para o maior p\u00fablico poss\u00edvel.<\/em><\/p>\n<h1 class=\"csRow\"><strong>&#8220;A totalidade da obra do artista, seu conjunto, \u00e9 o seu verdadeiro legado: uma obra rara e de valor.&#8221;<\/strong><\/h1>\n<h1 class=\"csRow\"><strong>\u00a0<\/strong><\/h1>\n<p>H\u00e1 de se perceber que o conjunto da obra, que <strong>Odilon<\/strong> chama de &#8220;Obra Magna&#8221; \u00e9 maior que a simples soma das partes, j\u00e1 que oferece a possibilidade de uma leitura reflexiva que possibilita perceber uma inten\u00e7\u00e3o inconsciente e no entanto unificadora. Na procura constante dele pr\u00f3prio em cada obra, o artista percebe no seu conjunto, que realiza sua trajet\u00f3ria no outro, no interlocutor de uma linguagem que tem na sua pr\u00f3pria vida l\u00e9xico, nexo e da\u00ed a raridade da obra que a valoriza com suas escolhas.<\/p>\n<h2>Uma obra rara e atemporal.<\/h2>\n<h4><strong>Odilon<\/strong> participa da contemporaneidade mas, conscientemente escolhe as mat\u00e9rias, as t\u00e9cnicas, e suportes da Tradi\u00e7\u00e3o da pintura, para revelar sua contribui\u00e7\u00e3o \u00e0 Ruptura na forma rar\u00edssima de uma po\u00e9tica atemporal, resgatando para a sua arte o objeto de filosofia criativa:<\/h4>\n<h4>&#8230;&#8221;im\u00f3vel, mas n\u00e3o inerte&#8221;&#8230;.<\/h4>\n<p>Em seu atelier, hoje na Serra da Cantareira, SP &#8211; Odilon trabalha e reflete sobre sua obra e seus significados e significantes para entender o que est\u00e1 manifesto al\u00e9m de seus signos e s\u00edmbolos, seus des\u00edgnios que o seu desenho total da obra lhe mostra.<\/p>\n<h5>Odilon Cavalcanti est\u00e1 certo de que a compreens\u00e3o desta linguagem \u00e9 a pedra filosofal que lhe trar\u00e1 a consci\u00eancia da raz\u00e3o de sua exist\u00eancia e a plena express\u00e3o de seu significado.<\/h5>\n<h1>&#8220;Durante anos &#8211; diz o artista &#8211; achei que sofria de uma grave doen\u00e7a, que era ser artista e sofrer as dores da cria\u00e7\u00e3o, do conv\u00edvio com um mercado regido pelo &#8220;gosto&#8221; , e de uma cultura regida pelos <em>&#8220;ismos&#8221;<\/em> , at\u00e9 que, ao ver o trabalho de crian\u00e7as do <a href=\"http:\/\/www.odiloncavalcanti.art.br\/sobre\/cidadania\/\" target=\"_blank\" rel=\"noopener noreferrer\">projeto social<\/a> com centralidade em arte que ent\u00e3o criara e do qual era curador desenvolveram linguagem pr\u00f3pria coletivamente em pouqu\u00edssimo tempo, descobri que a doen\u00e7a era outra: a doen\u00e7a era de toda a sociedade.\u00a0 \u00a0\u00a0\u00a0\u00a0\u00a0\u00a0\u00a0\u00a0\u00a0\u00a0\u00a0\u00a0\u00a0\u00a0\u00a0\u00a0\u00a0\u00a0\u00a0\u00a0\u00a0\u00a0\u00a0\u00a0\u00a0\u00a0\u00a0\u00a0\u00a0\u00a0\u00a0\u00a0\u00a0\u00a0\u00a0\u00a0\u00a0\u00a0\u00a0\u00a0\u00a0\u00a0\u00a0\u00a0\u00a0\u00a0\u00a0\u00a0\u00a0\u00a0\u00a0\u00a0\u00a0\u00a0\u00a0\u00a0\u00a0\u00a0\u00a0\u00a0\u00a0\u00a0\u00a0\u00a0\u00a0\u00a0\u00a0\u00a0\u00a0\u00a0\u00a0\u00a0\u00a0\u00a0\u00a0\u00a0\u00a0\u00a0\u00a0\u00a0\u00a0\u00a0\u00a0\u00a0\u00a0 A arte, o verdadeiro e definitivo rem\u00e9dio para ela, o elixir universal que a alquimia sempre prometeu e eu tivera a sorte de, como curador, dosar e ministrar com sucesso.<\/h1>\n<figure id=\"attachment_894\" aria-describedby=\"caption-attachment-894\" style=\"width: 525px\" class=\"wp-caption aligncenter\"><img loading=\"lazy\" decoding=\"async\" class=\"wp-image-894 size-large\" title=\"caos expressivo simbolizando o fim do mundo\" src=\"http:\/\/169.57.129.238\/~odilonca\/wp-content\/uploads\/2017\/03\/Imagem-031-1024x720.jpg\" alt=\"caos expressivo simbolizando o fim do mundo\" width=\"525\" height=\"369\" srcset=\"https:\/\/odiloncavalcanti.art.br\/wp-content\/uploads\/2017\/03\/Imagem-031-1024x720.jpg 1024w, https:\/\/odiloncavalcanti.art.br\/wp-content\/uploads\/2017\/03\/Imagem-031-300x211.jpg 300w, https:\/\/odiloncavalcanti.art.br\/wp-content\/uploads\/2017\/03\/Imagem-031-768x540.jpg 768w, https:\/\/odiloncavalcanti.art.br\/wp-content\/uploads\/2017\/03\/Imagem-031.jpg 1204w\" sizes=\"auto, (max-width: 525px) 100vw, 525px\" \/><figcaption id=\"caption-attachment-894\" class=\"wp-caption-text\"><strong>&#8220;\u00c0s v\u00e9speras do fim do mundo&#8221;<\/strong><br \/>Acr\u00edlica e pastel s\/ tela<br \/>200x140cm<br \/><strong>2005<\/strong><\/figcaption><\/figure>\n<\/blockquote>\n<p>Assim,\u00a0 as <a href=\"http:\/\/www.odiloncavalcanti.art.br\/pagina-inicial\/uma-secao-de-pagina-inicial\/\" target=\"_blank\" rel=\"noopener noreferrer\">s\u00e9ries, cole\u00e7\u00f5es e projetos <\/a>ser\u00e3o aqui apresentadas conforme sua analogia tem\u00e1tica, de t\u00e9cnica, de formato e hist\u00f3ria. As exposi\u00e7\u00f5es <a href=\"http:\/\/www.odiloncavalcanti.art.br\/exposicoes-individuais\/\" target=\"_blank\" rel=\"noopener noreferrer\">individuais<\/a>, em ordem cronol\u00f3gica.<\/p>\n<p><br class=\"nc\" \/><br class=\"nc\" \/><br class=\"nc\" \/><br class=\"nc\" \/><br class=\"nc\" \/><br class=\"nc\" \/><br class=\"nc\" \/><br class=\"nc\" \/><br class=\"nc\" \/><br class=\"nc\" \/><br class=\"nc\" \/><\/p>\n<blockquote>\n<p><br class=\"nc\" \/><br class=\"nc\" \/><br class=\"nc\" \/><br class=\"nc\" \/><br class=\"nc\" \/><br class=\"nc\" \/><\/p>\n<\/blockquote>","protected":false},"excerpt":{"rendered":"<p>Obra rara em conceito, no uso das cores, das t\u00e9cnicas, na filosofia e nos objetivos. Confira e escolha por onde come\u00e7ar: Navegue nos links clican \u00a0 \u00a0 A obra rara de Odilon Cavalcanti vem sendo constru\u00edda ao longo dos \u00faltimos 50 anos, trabalhando em sil\u00eancio quase completo, pontuado por participa\u00e7\u00f5es em mostras coletivas e raras &hellip; <\/p>\n<p class=\"link-more\"><a href=\"https:\/\/odiloncavalcanti.art.br\/ru\/obra-rara\/\" class=\"more-link\">Continue reading<span class=\"screen-reader-text\"> &#8220;Obra rara:&#8221;<\/span><\/a><\/p>\n","protected":false},"author":1,"featured_media":894,"parent":0,"menu_order":0,"comment_status":"closed","ping_status":"closed","template":"","meta":{"footnotes":""},"class_list":["post-790","page","type-page","status-publish","has-post-thumbnail","hentry"],"translation":{"provider":"WPGlobus","version":"3.0.1","language":"ru","enabled_languages":["en","es","de","fr","ru"],"languages":{"en":{"title":true,"content":true,"excerpt":false},"es":{"title":false,"content":false,"excerpt":false},"de":{"title":false,"content":false,"excerpt":false},"fr":{"title":false,"content":false,"excerpt":false},"ru":{"title":false,"content":false,"excerpt":false}}},"yoast_head":"<!-- This site is optimized with the Yoast SEO plugin v27.2 - https:\/\/yoast.com\/product\/yoast-seo-wordpress\/ -->\n<title>Obra rara de um artista raro.<\/title>\n<meta name=\"robots\" content=\"index, follow, max-snippet:-1, max-image-preview:large, max-video-preview:-1\" \/>\n<link rel=\"canonical\" href=\"http:\/\/odiloncavalcanti.art.br\/es\/obra-rara\/\" \/>\n<meta property=\"og:locale\" content=\"ru_RU\" \/>\n<meta property=\"og:type\" content=\"article\" \/>\n<meta property=\"og:title\" content=\"Obra rara: - Odilon Cavalcanti\" \/>\n<meta property=\"og:url\" content=\"http:\/\/odiloncavalcanti.art.br\/es\/obra-rara\/\" \/>\n<meta property=\"og:site_name\" content=\"Odilon Cavalcanti\" \/>\n<meta property=\"article:publisher\" content=\"https:\/\/www.facebook.com\/AtelierOdilonCavalcanti\/\" \/>\n<meta property=\"article:modified_time\" content=\"2025-08-27T15:27:49+00:00\" \/>\n<meta property=\"og:image\" content=\"http:\/\/odiloncavalcanti.art.br\/wp-content\/uploads\/2017\/03\/Imagem-031.jpg\" \/>\n\t<meta property=\"og:image:width\" content=\"1204\" \/>\n\t<meta property=\"og:image:height\" content=\"847\" \/>\n\t<meta property=\"og:image:type\" content=\"image\/jpeg\" \/>\n<meta name=\"twitter:card\" content=\"summary_large_image\" \/>\n<meta name=\"twitter:site\" content=\"@odilonk\" \/>\n<meta name=\"twitter:label1\" content=\"Est. reading time\" \/>\n\t<meta name=\"twitter:data1\" content=\"4 minutes\" \/>\n<script type=\"application\/ld+json\" class=\"yoast-schema-graph\">{\"@context\":\"https:\/\/schema.org\",\"@graph\":[{\"@type\":\"WebPage\",\"@id\":\"http:\/\/odiloncavalcanti.art.br\/es\/obra-rara\/\",\"url\":\"http:\/\/odiloncavalcanti.art.br\/es\/obra-rara\/\",\"name\":\"Obra rara de um artista raro.\",\"isPartOf\":{\"@id\":\"http:\/\/odiloncavalcanti.art.br\/#website\"},\"primaryImageOfPage\":{\"@id\":\"http:\/\/odiloncavalcanti.art.br\/es\/obra-rara\/#primaryimage\"},\"image\":{\"@id\":\"http:\/\/odiloncavalcanti.art.br\/es\/obra-rara\/#primaryimage\"},\"thumbnailUrl\":\"https:\/\/odiloncavalcanti.art.br\/wp-content\/uploads\/2017\/03\/Imagem-031.jpg\",\"datePublished\":\"2017-03-03T14:37:19+00:00\",\"dateModified\":\"2025-08-27T15:27:49+00:00\",\"description\":\"A obra rara do artista visual, pintor e escultor Odilon Cavalcanti atrav\u00e9s de suas individuais, coletivas e projetos para o ser humano ver-se e conhecer-se.\",\"breadcrumb\":{\"@id\":\"http:\/\/odiloncavalcanti.art.br\/es\/obra-rara\/#breadcrumb\"},\"inLanguage\":\"ru-RU\",\"potentialAction\":[{\"@type\":\"ReadAction\",\"target\":[\"http:\/\/odiloncavalcanti.art.br\/es\/obra-rara\/\"]}]},{\"@type\":\"ImageObject\",\"inLanguage\":\"ru-RU\",\"@id\":\"http:\/\/odiloncavalcanti.art.br\/es\/obra-rara\/#primaryimage\",\"url\":\"https:\/\/odiloncavalcanti.art.br\/wp-content\/uploads\/2017\/03\/Imagem-031.jpg\",\"contentUrl\":\"https:\/\/odiloncavalcanti.art.br\/wp-content\/uploads\/2017\/03\/Imagem-031.jpg\",\"width\":1204,\"height\":847,\"caption\":\"\\\"\u00c0s v\u00e9speras do fim do mundo\\\" Acr\u00edlica e pastel s\/ tela 200x140cm 2005\"},{\"@type\":\"BreadcrumbList\",\"@id\":\"http:\/\/odiloncavalcanti.art.br\/es\/obra-rara\/#breadcrumb\",\"itemListElement\":[{\"@type\":\"ListItem\",\"position\":1,\"name\":\"In\u00edcio\",\"item\":\"http:\/\/odiloncavalcanti.art.br\/\"},{\"@type\":\"ListItem\",\"position\":2,\"name\":\"Obra rara:\"}]},{\"@type\":\"WebSite\",\"@id\":\"http:\/\/odiloncavalcanti.art.br\/#website\",\"url\":\"http:\/\/odiloncavalcanti.art.br\/\",\"name\":\"Odilon Cavalcanti\",\"description\":\"Um espelho da alquimia da Arte.\",\"potentialAction\":[{\"@type\":\"SearchAction\",\"target\":{\"@type\":\"EntryPoint\",\"urlTemplate\":\"http:\/\/odiloncavalcanti.art.br\/?s={search_term_string}\"},\"query-input\":{\"@type\":\"PropertyValueSpecification\",\"valueRequired\":true,\"valueName\":\"search_term_string\"}}],\"inLanguage\":\"ru-RU\"}]}<\/script>\n<!-- \/ Yoast SEO plugin. -->","yoast_head_json":{"title":"Obra rara de um artista raro.","robots":{"index":"index","follow":"follow","max-snippet":"max-snippet:-1","max-image-preview":"max-image-preview:large","max-video-preview":"max-video-preview:-1"},"canonical":"http:\/\/odiloncavalcanti.art.br\/es\/obra-rara\/","og_locale":"ru_RU","og_type":"article","og_title":"Obra rara: - Odilon Cavalcanti","og_url":"http:\/\/odiloncavalcanti.art.br\/es\/obra-rara\/","og_site_name":"Odilon Cavalcanti","article_publisher":"https:\/\/www.facebook.com\/AtelierOdilonCavalcanti\/","article_modified_time":"2025-08-27T15:27:49+00:00","og_image":[{"width":1204,"height":847,"url":"http:\/\/odiloncavalcanti.art.br\/wp-content\/uploads\/2017\/03\/Imagem-031.jpg","type":"image\/jpeg"}],"twitter_card":"summary_large_image","twitter_site":"@odilonk","twitter_misc":{"Est. reading time":"4 minutes"},"schema":{"@context":"https:\/\/schema.org","@graph":[{"@type":"WebPage","@id":"http:\/\/odiloncavalcanti.art.br\/es\/obra-rara\/","url":"http:\/\/odiloncavalcanti.art.br\/es\/obra-rara\/","name":"Obra rara de um artista raro.","isPartOf":{"@id":"http:\/\/odiloncavalcanti.art.br\/#website"},"primaryImageOfPage":{"@id":"http:\/\/odiloncavalcanti.art.br\/es\/obra-rara\/#primaryimage"},"image":{"@id":"http:\/\/odiloncavalcanti.art.br\/es\/obra-rara\/#primaryimage"},"thumbnailUrl":"https:\/\/odiloncavalcanti.art.br\/wp-content\/uploads\/2017\/03\/Imagem-031.jpg","datePublished":"2017-03-03T14:37:19+00:00","dateModified":"2025-08-27T15:27:49+00:00","description":"A obra rara do artista visual, pintor e escultor Odilon Cavalcanti atrav\u00e9s de suas individuais, coletivas e projetos para o ser humano ver-se e conhecer-se.","breadcrumb":{"@id":"http:\/\/odiloncavalcanti.art.br\/es\/obra-rara\/#breadcrumb"},"inLanguage":"ru-RU","potentialAction":[{"@type":"ReadAction","target":["http:\/\/odiloncavalcanti.art.br\/es\/obra-rara\/"]}]},{"@type":"ImageObject","inLanguage":"ru-RU","@id":"http:\/\/odiloncavalcanti.art.br\/es\/obra-rara\/#primaryimage","url":"https:\/\/odiloncavalcanti.art.br\/wp-content\/uploads\/2017\/03\/Imagem-031.jpg","contentUrl":"https:\/\/odiloncavalcanti.art.br\/wp-content\/uploads\/2017\/03\/Imagem-031.jpg","width":1204,"height":847,"caption":"\"\u00c0s v\u00e9speras do fim do mundo\" Acr\u00edlica e pastel s\/ tela 200x140cm 2005"},{"@type":"BreadcrumbList","@id":"http:\/\/odiloncavalcanti.art.br\/es\/obra-rara\/#breadcrumb","itemListElement":[{"@type":"ListItem","position":1,"name":"In\u00edcio","item":"http:\/\/odiloncavalcanti.art.br\/"},{"@type":"ListItem","position":2,"name":"Obra rara:"}]},{"@type":"WebSite","@id":"http:\/\/odiloncavalcanti.art.br\/#website","url":"http:\/\/odiloncavalcanti.art.br\/","name":"Odilon Cavalcanti","description":"Um espelho da alquimia da Arte.","potentialAction":[{"@type":"SearchAction","target":{"@type":"EntryPoint","urlTemplate":"http:\/\/odiloncavalcanti.art.br\/?s={search_term_string}"},"query-input":{"@type":"PropertyValueSpecification","valueRequired":true,"valueName":"search_term_string"}}],"inLanguage":"ru-RU"}]}},"jetpack_sharing_enabled":true,"_links":{"self":[{"href":"https:\/\/odiloncavalcanti.art.br\/ru\/wp-json\/wp\/v2\/pages\/790","targetHints":{"allow":["GET"]}}],"collection":[{"href":"https:\/\/odiloncavalcanti.art.br\/ru\/wp-json\/wp\/v2\/pages"}],"about":[{"href":"https:\/\/odiloncavalcanti.art.br\/ru\/wp-json\/wp\/v2\/types\/page"}],"author":[{"embeddable":true,"href":"https:\/\/odiloncavalcanti.art.br\/ru\/wp-json\/wp\/v2\/users\/1"}],"replies":[{"embeddable":true,"href":"https:\/\/odiloncavalcanti.art.br\/ru\/wp-json\/wp\/v2\/comments?post=790"}],"version-history":[{"count":79,"href":"https:\/\/odiloncavalcanti.art.br\/ru\/wp-json\/wp\/v2\/pages\/790\/revisions"}],"predecessor-version":[{"id":2430,"href":"https:\/\/odiloncavalcanti.art.br\/ru\/wp-json\/wp\/v2\/pages\/790\/revisions\/2430"}],"wp:featuredmedia":[{"embeddable":true,"href":"https:\/\/odiloncavalcanti.art.br\/ru\/wp-json\/wp\/v2\/media\/894"}],"wp:attachment":[{"href":"https:\/\/odiloncavalcanti.art.br\/ru\/wp-json\/wp\/v2\/media?parent=790"}],"curies":[{"name":"wp","href":"https:\/\/api.w.org\/{rel}","templated":true}]}}