{"id":709,"date":"2017-02-20T20:33:04","date_gmt":"2017-02-20T23:33:04","guid":{"rendered":"http:\/\/www.odiloncavalcanti.art.br\/?page_id=709"},"modified":"2025-07-24T13:37:04","modified_gmt":"2025-07-24T16:37:04","slug":"grande-telas-e-formatos","status":"publish","type":"page","link":"https:\/\/odiloncavalcanti.art.br\/ru\/grande-telas-e-formatos\/","title":{"rendered":"Grandes Telas, Grandes Formatos."},"content":{"rendered":"\n<blockquote class=\"wp-block-quote is-layout-flow wp-block-quote-is-layout-flow\">\n<div>&nbsp;<\/div>\n\n\n\n<p>&nbsp;<\/p>\n<\/blockquote>\n\n\n<div class=\"wp-block-image wp-image-894 size-medium\">\n<figure class=\"alignleft\"><img loading=\"lazy\" decoding=\"async\" width=\"300\" height=\"211\" src=\"http:\/\/169.57.129.238\/~odilonca\/wp-content\/uploads\/2017\/03\/Imagem-031-300x211.jpg\" alt=\"Grande Telas - Fim do mundo\" class=\"wp-image-894\" srcset=\"https:\/\/odiloncavalcanti.art.br\/wp-content\/uploads\/2017\/03\/Imagem-031-300x211.jpg 300w, https:\/\/odiloncavalcanti.art.br\/wp-content\/uploads\/2017\/03\/Imagem-031-768x540.jpg 768w, https:\/\/odiloncavalcanti.art.br\/wp-content\/uploads\/2017\/03\/Imagem-031-1024x720.jpg 1024w, https:\/\/odiloncavalcanti.art.br\/wp-content\/uploads\/2017\/03\/Imagem-031.jpg 1204w\" sizes=\"auto, (max-width: 300px) 100vw, 300px\" \/><figcaption class=\"wp-element-caption\"><strong>&#8220;\u00c0s v\u00e9s peras do fim do mundo&#8221;<\/strong><br>Acr\u00edlica e pastel s\/ tela<br>200x140cm<br><strong>2005<\/strong><\/figcaption><\/figure>\n<\/div>\n\n\n<p><\/p>\n\n\n\n<p><\/p>\n\n\n\n<p><\/p>\n\n\n\n<figure class=\"wp-block-image size-large\"><img decoding=\"async\" src=\"http:\/\/odiloncavalcanti.art.br\/wp-content\/uploads\/2025\/07\/O-espaco-e-nosso-1.jpg\" alt=\"\"\/><\/figure>\n\n\n\n<blockquote class=\"wp-block-quote is-layout-flow wp-block-quote-is-layout-flow\">\n<div class=\"wp-block-group\"><div class=\"wp-block-group__inner-container is-layout-constrained wp-block-group-is-layout-constrained\">\n<p class=\"has-small-font-size\"><strong>&#8220;O espa\u00e7o \u00e9 nosso&#8221;<\/strong>                                                                                                                                                                                                                               Pastel e acr\u00edlica sobre tela                                                                                                                                                                                                                        240x140cm                                                                                                                                                                                                                                                                                                             2004<\/p>\n\n\n\n<div class=\"wp-block-group\"><div class=\"wp-block-group__inner-container is-layout-constrained wp-block-group-is-layout-constrained\">\n<p class=\"has-small-font-size\"><\/p>\n\n\n\n<p class=\"has-small-font-size\"><\/p>\n\n\n\n<p class=\"has-small-font-size\"><\/p>\n<\/div><\/div>\n<\/div><\/div>\n<\/blockquote>\n\n\n\n<p>&nbsp;<\/p>\n\n\n\n<figure class=\"wp-block-image alignnone wp-image-706 size-medium\"><img loading=\"lazy\" decoding=\"async\" width=\"300\" height=\"203\" src=\"http:\/\/169.57.129.238\/~odilonca\/wp-content\/uploads\/2017\/02\/IMG_38081-300x203.jpg\" alt=\"Grandes Telas - Revolution\" class=\"wp-image-706\" srcset=\"https:\/\/odiloncavalcanti.art.br\/wp-content\/uploads\/2017\/02\/IMG_38081-300x203.jpg 300w, https:\/\/odiloncavalcanti.art.br\/wp-content\/uploads\/2017\/02\/IMG_38081-768x520.jpg 768w, https:\/\/odiloncavalcanti.art.br\/wp-content\/uploads\/2017\/02\/IMG_38081.jpg 1024w\" sizes=\"auto, (max-width: 300px) 100vw, 300px\" \/><figcaption class=\"wp-element-caption\"><strong>&#8220;Revolution&#8221;<\/strong><br>Acr\u00edlica e pastel s\/ tela <br><strong>outono 2010\/inverno 2013<\/strong><\/figcaption><\/figure>\n\n\n\n<p>&nbsp;<\/p>\n\n\n\n<figure class=\"wp-block-image alignnone wp-image-707 size-medium\"><img loading=\"lazy\" decoding=\"async\" width=\"132\" height=\"300\" src=\"http:\/\/169.57.129.238\/~odilonca\/wp-content\/uploads\/2017\/02\/figura-subindo-a-escada-132x300.jpg\" alt=\"Grandes Telas - Nu subindo a escada\" class=\"wp-image-707\" srcset=\"https:\/\/odiloncavalcanti.art.br\/wp-content\/uploads\/2017\/02\/figura-subindo-a-escada-132x300.jpg 132w, https:\/\/odiloncavalcanti.art.br\/wp-content\/uploads\/2017\/02\/figura-subindo-a-escada-768x1749.jpg 768w, https:\/\/odiloncavalcanti.art.br\/wp-content\/uploads\/2017\/02\/figura-subindo-a-escada-450x1024.jpg 450w, https:\/\/odiloncavalcanti.art.br\/wp-content\/uploads\/2017\/02\/figura-subindo-a-escada.jpg 968w\" sizes=\"auto, (max-width: 132px) 100vw, 132px\" \/><figcaption class=\"wp-element-caption\"><strong>&#8220;Nu subindo a escada&#8221;<\/strong><br>Acr\u00edlica e pastel s\/&nbsp; tela<br>90&#215;210 cm<br><strong>2014<\/strong><\/figcaption><\/figure>\n\n\n\n<figure class=\"wp-block-image alignnone wp-image-704 size-medium\"><img loading=\"lazy\" decoding=\"async\" width=\"300\" height=\"204\" src=\"http:\/\/169.57.129.238\/~odilonca\/wp-content\/uploads\/2017\/02\/Rainha-do-mar--300x204.jpg\" alt=\"Grandes Telas - Rainha do mar\" class=\"wp-image-704\" srcset=\"https:\/\/odiloncavalcanti.art.br\/wp-content\/uploads\/2017\/02\/Rainha-do-mar--300x204.jpg 300w, https:\/\/odiloncavalcanti.art.br\/wp-content\/uploads\/2017\/02\/Rainha-do-mar--768x521.jpg 768w, https:\/\/odiloncavalcanti.art.br\/wp-content\/uploads\/2017\/02\/Rainha-do-mar--1024x695.jpg 1024w, https:\/\/odiloncavalcanti.art.br\/wp-content\/uploads\/2017\/02\/Rainha-do-mar-.jpg 1204w\" sizes=\"auto, (max-width: 300px) 100vw, 300px\" \/><figcaption class=\"wp-element-caption\"><strong>&#8220;Rainha do mar&#8221;<\/strong><br>Acr\u00edlica e pastel s\/ tela<br>200x135cm<br><strong>2011<\/strong><\/figcaption><\/figure>\n\n\n\n<blockquote class=\"wp-block-quote is-layout-flow wp-block-quote-is-layout-flow\">\n<h2 class=\"wp-block-heading\"><strong>Grande Telas e grandes formatos.<\/strong><\/h2>\n\n\n\n<div>&nbsp;<\/div>\n\n\n\n<div>&#8220;O argumento para Grande Tela, ent\u00e3o, \u00e9 uma id\u00e9ia contida no texto \u201cFramed: Innocence or Guilt?\u201d, do cr\u00edtico italiano Germano Celant, publicado na revista como um enorme rolo de pano<\/div>\n<\/blockquote>\n\n\n\n<blockquote class=\"wp-block-quote is-layout-flow wp-block-quote-is-layout-flow\">\n<h6 class=\"wp-block-heading\">Arte e seu tempo \u201cUma palestra\u201d. In: Leirner, Sheila. Op. cit., p. 57.<\/h6>\n\n\n\n<h6 class=\"wp-block-heading\">&nbsp;<\/h6>\n\n\n\n<p>\u201cMeio espec\u00edfico de enuncia\u00e7\u00e3o cr\u00edtica da arte e da cultura, a exposi\u00e7\u00e3o de arte deve ser pensada n\u00e3o como um simples dispositivo de amostragem de obras, mas como uma obra em si, unidade constru\u00edda numa \u00fanica pe\u00e7a e desenrolado no tempo e no espa\u00e7o\u201d. Essa superf\u00edcie, segundo ele, estendida sobre milhas e milhas, nunca aparece em mostru\u00e1rio, porque o que importa nos trabalhos \u00e9 o ritmo completamente desenvolvido do \u201ctodo\u201d \u2013 ambos, o quadro e o ambiente\u2013, incluindo a seguinte progress\u00e3o: pintura, moldura, parede, quarto, pr\u00e9dio, cidade, territ\u00f3rio, terra, universo.<\/p>\n\n\n\n<p>Em a Grande Tela, Leirner vislumbra uma rela\u00e7\u00e3o direta com sua concep\u00e7\u00e3o (rom\u00e2ntica) de Grande Obra contempor\u00e2nea ocidental, soma das a\u00e7\u00f5es art\u00edsticas contempor\u00e2neas, a partir da incorpora\u00e7\u00e3o da diversidade e da no\u00e7\u00e3o de simultaneidade. Nesse sentido, mais do que a autoria individual, o que prevaleceria,&nbsp; para a curadora, era a id\u00e9ia de uma cria\u00e7\u00e3o conjunta, de uma a\u00e7\u00e3o humana coletiva&#8221;<\/p>\n\n\n\n<h6 class=\"wp-block-heading\">Ivair Reinaldim<\/h6>\n\n\n\n<p>Com a instala\u00e7\u00e3o do Atelier Odilon Cavalcanti na Serra da Cantareira, o artista pode retomar o trabalho com grandes formatos, todas as obras aqui apresentadas foram realizadas&nbsp;<strong><a href=\"http:\/\/www.odiloncavalcanti.art.br\/o-atelier-laboratorio-alquimista\/\"> l\u00e1<\/a>.<\/strong><\/p>\n\n\n\n<p>Algumas destas obras foram encomendadas por colecionadores e outras permanecem em acervo.<\/p>\n<\/blockquote>\n\n\n\n<div class=\"wp-block-group\"><div class=\"wp-block-group__inner-container is-layout-constrained wp-block-group-is-layout-constrained\">\n<div class=\"wp-block-group\"><div class=\"wp-block-group__inner-container is-layout-constrained wp-block-group-is-layout-constrained\">\n<figure class=\"wp-block-image alignnone wp-image-708 size-medium\"><img loading=\"lazy\" decoding=\"async\" width=\"300\" height=\"119\" src=\"http:\/\/169.57.129.238\/~odilonca\/wp-content\/uploads\/2017\/02\/3Formas3cores-300x119.jpg\" alt=\"Grande Telas - 3 formas4materias\" class=\"wp-image-708\" srcset=\"https:\/\/odiloncavalcanti.art.br\/wp-content\/uploads\/2017\/02\/3Formas3cores-300x119.jpg 300w, https:\/\/odiloncavalcanti.art.br\/wp-content\/uploads\/2017\/02\/3Formas3cores-768x304.jpg 768w, https:\/\/odiloncavalcanti.art.br\/wp-content\/uploads\/2017\/02\/3Formas3cores-1024x406.jpg 1024w, https:\/\/odiloncavalcanti.art.br\/wp-content\/uploads\/2017\/02\/3Formas3cores.jpg 1204w\" sizes=\"auto, (max-width: 300px) 100vw, 300px\" \/><figcaption class=\"wp-element-caption\"><strong>&#8220;Tres formas. quatro mat\u00e9rias, tres cores&#8221;<\/strong><br>Acr\u00edica e pastel s\/ tela<br><strong>2013\u00a0\u00a0\u00a0\u00a0\u00a0\u00a0\u00a0\u00a0\u00a0\u00a0\u00a0\u00a0\u00a0\u00a0\u00a0\u00a0\u00a0\u00a0\u00a0\u00a0\u00a0<\/strong><br><br>Vejja a mais recente obra em grande formato criada po Odilon Cvalcanti<\/figcaption><\/figure>\n\n\n\n<p class=\"has-small-font-size\"><strong>Horizonte perdido<\/strong><\/p>\n\n\n\n<figure class=\"wp-block-image size-large\"><img decoding=\"async\" src=\"http:\/\/odiloncavalcanti.art.br\/wp-content\/uploads\/2025\/07\/IMG_0031-scaled.jpg\" alt=\"\"\/><\/figure>\n<\/div><\/div>\n<\/div><\/div>\n\n\n\n<p class=\"has-small-font-size\">Pastel e acr\u00edlica sobre tela<\/p>\n\n\n\n<p class=\"has-small-font-size\">190x 110 cm<\/p>\n\n\n\n<p class=\"has-small-font-size\">2025<\/p>\n","protected":false},"excerpt":{"rendered":"<p>&nbsp; &nbsp; &nbsp; &nbsp; Grande Telas e grandes formatos. &nbsp; &#8220;O argumento para Grande Tela, ent\u00e3o, \u00e9 uma id\u00e9ia contida no texto \u201cFramed: Innocence or Guilt?\u201d, do cr\u00edtico italiano Germano Celant, publicado na revista como um enorme rolo de pano Arte e seu tempo \u201cUma palestra\u201d. In: Leirner, Sheila. Op. cit., p. 57. &nbsp; \u201cMeio &hellip; <\/p>\n<p class=\"link-more\"><a href=\"https:\/\/odiloncavalcanti.art.br\/ru\/grande-telas-e-formatos\/\" class=\"more-link\">Continue reading<span class=\"screen-reader-text\"> &#8220;Grandes Telas, Grandes Formatos.&#8221;<\/span><\/a><\/p>\n","protected":false},"author":1,"featured_media":708,"parent":0,"menu_order":0,"comment_status":"closed","ping_status":"closed","template":"","meta":{"footnotes":""},"class_list":["post-709","page","type-page","status-publish","has-post-thumbnail","hentry"],"translation":{"provider":"WPGlobus","version":"3.0.1","language":"ru","enabled_languages":["en","es","de","fr","ru"],"languages":{"en":{"title":true,"content":true,"excerpt":false},"es":{"title":false,"content":false,"excerpt":false},"de":{"title":false,"content":false,"excerpt":false},"fr":{"title":false,"content":false,"excerpt":false},"ru":{"title":false,"content":false,"excerpt":false}}},"yoast_head":"<!-- This site is optimized with the Yoast SEO plugin v27.2 - https:\/\/yoast.com\/product\/yoast-seo-wordpress\/ -->\n<title>Grande Telas, Grandes Formatos.<\/title>\n<meta name=\"robots\" content=\"index, follow, max-snippet:-1, max-image-preview:large, max-video-preview:-1\" \/>\n<link rel=\"canonical\" href=\"http:\/\/odiloncavalcanti.art.br\/grande-telas-e-formatos\/\" \/>\n<meta property=\"og:locale\" content=\"ru_RU\" \/>\n<meta property=\"og:type\" content=\"article\" \/>\n<meta property=\"og:title\" content=\"Grandes Telas, Grandes Formatos. - Odilon Cavalcanti\" \/>\n<meta property=\"og:url\" content=\"http:\/\/odiloncavalcanti.art.br\/grande-telas-e-formatos\/\" \/>\n<meta property=\"og:site_name\" content=\"Odilon Cavalcanti\" \/>\n<meta property=\"article:publisher\" content=\"https:\/\/www.facebook.com\/AtelierOdilonCavalcanti\/\" \/>\n<meta property=\"article:modified_time\" content=\"2025-07-24T16:37:04+00:00\" \/>\n<meta property=\"og:image\" content=\"http:\/\/odiloncavalcanti.art.br\/wp-content\/uploads\/2017\/02\/3Formas3cores.jpg\" \/>\n\t<meta property=\"og:image:width\" content=\"1204\" \/>\n\t<meta property=\"og:image:height\" content=\"477\" \/>\n\t<meta property=\"og:image:type\" content=\"image\/jpeg\" \/>\n<meta name=\"twitter:card\" content=\"summary_large_image\" \/>\n<meta name=\"twitter:site\" content=\"@odilonk\" \/>\n<meta name=\"twitter:label1\" content=\"Est. reading time\" \/>\n\t<meta name=\"twitter:data1\" content=\"3 minutes\" \/>\n<script type=\"application\/ld+json\" class=\"yoast-schema-graph\">{\"@context\":\"https:\/\/schema.org\",\"@graph\":[{\"@type\":\"WebPage\",\"@id\":\"http:\/\/odiloncavalcanti.art.br\/grande-telas-e-formatos\/\",\"url\":\"http:\/\/odiloncavalcanti.art.br\/grande-telas-e-formatos\/\",\"name\":\"Grande Telas, Grandes Formatos.\",\"isPartOf\":{\"@id\":\"http:\/\/odiloncavalcanti.art.br\/#website\"},\"primaryImageOfPage\":{\"@id\":\"http:\/\/odiloncavalcanti.art.br\/grande-telas-e-formatos\/#primaryimage\"},\"image\":{\"@id\":\"http:\/\/odiloncavalcanti.art.br\/grande-telas-e-formatos\/#primaryimage\"},\"thumbnailUrl\":\"https:\/\/odiloncavalcanti.art.br\/wp-content\/uploads\/2017\/02\/3Formas3cores.jpg\",\"datePublished\":\"2017-02-20T23:33:04+00:00\",\"dateModified\":\"2025-07-24T16:37:04+00:00\",\"description\":\"Grande Telas, grandes formatos mostra a melhor produ\u00e7\u00e3o pict\u00f3rica de Odilon Cavalcanti no desde instalou seu atelier na Serra da Cantareira;\",\"breadcrumb\":{\"@id\":\"http:\/\/odiloncavalcanti.art.br\/grande-telas-e-formatos\/#breadcrumb\"},\"inLanguage\":\"ru-RU\",\"potentialAction\":[{\"@type\":\"ReadAction\",\"target\":[\"http:\/\/odiloncavalcanti.art.br\/grande-telas-e-formatos\/\"]}]},{\"@type\":\"ImageObject\",\"inLanguage\":\"ru-RU\",\"@id\":\"http:\/\/odiloncavalcanti.art.br\/grande-telas-e-formatos\/#primaryimage\",\"url\":\"https:\/\/odiloncavalcanti.art.br\/wp-content\/uploads\/2017\/02\/3Formas3cores.jpg\",\"contentUrl\":\"https:\/\/odiloncavalcanti.art.br\/wp-content\/uploads\/2017\/02\/3Formas3cores.jpg\",\"width\":1204,\"height\":477,\"caption\":\"\\\"Tres formas. quatro mat\u00e9rias, tres cores\\\" Acr\u00edica e pastel s\/ tela 200x100cm 2013\"},{\"@type\":\"BreadcrumbList\",\"@id\":\"http:\/\/odiloncavalcanti.art.br\/grande-telas-e-formatos\/#breadcrumb\",\"itemListElement\":[{\"@type\":\"ListItem\",\"position\":1,\"name\":\"In\u00edcio\",\"item\":\"http:\/\/odiloncavalcanti.art.br\/\"},{\"@type\":\"ListItem\",\"position\":2,\"name\":\"Grandes Telas, Grandes Formatos.\"}]},{\"@type\":\"WebSite\",\"@id\":\"http:\/\/odiloncavalcanti.art.br\/#website\",\"url\":\"http:\/\/odiloncavalcanti.art.br\/\",\"name\":\"Odilon Cavalcanti\",\"description\":\"Um espelho da alquimia da Arte.\",\"potentialAction\":[{\"@type\":\"SearchAction\",\"target\":{\"@type\":\"EntryPoint\",\"urlTemplate\":\"http:\/\/odiloncavalcanti.art.br\/?s={search_term_string}\"},\"query-input\":{\"@type\":\"PropertyValueSpecification\",\"valueRequired\":true,\"valueName\":\"search_term_string\"}}],\"inLanguage\":\"ru-RU\"}]}<\/script>\n<!-- \/ Yoast SEO plugin. -->","yoast_head_json":{"title":"Grande Telas, Grandes Formatos.","robots":{"index":"index","follow":"follow","max-snippet":"max-snippet:-1","max-image-preview":"max-image-preview:large","max-video-preview":"max-video-preview:-1"},"canonical":"http:\/\/odiloncavalcanti.art.br\/grande-telas-e-formatos\/","og_locale":"ru_RU","og_type":"article","og_title":"Grandes Telas, Grandes Formatos. - Odilon Cavalcanti","og_url":"http:\/\/odiloncavalcanti.art.br\/grande-telas-e-formatos\/","og_site_name":"Odilon Cavalcanti","article_publisher":"https:\/\/www.facebook.com\/AtelierOdilonCavalcanti\/","article_modified_time":"2025-07-24T16:37:04+00:00","og_image":[{"width":1204,"height":477,"url":"http:\/\/odiloncavalcanti.art.br\/wp-content\/uploads\/2017\/02\/3Formas3cores.jpg","type":"image\/jpeg"}],"twitter_card":"summary_large_image","twitter_site":"@odilonk","twitter_misc":{"Est. reading time":"3 minutes"},"schema":{"@context":"https:\/\/schema.org","@graph":[{"@type":"WebPage","@id":"http:\/\/odiloncavalcanti.art.br\/grande-telas-e-formatos\/","url":"http:\/\/odiloncavalcanti.art.br\/grande-telas-e-formatos\/","name":"Grande Telas, Grandes Formatos.","isPartOf":{"@id":"http:\/\/odiloncavalcanti.art.br\/#website"},"primaryImageOfPage":{"@id":"http:\/\/odiloncavalcanti.art.br\/grande-telas-e-formatos\/#primaryimage"},"image":{"@id":"http:\/\/odiloncavalcanti.art.br\/grande-telas-e-formatos\/#primaryimage"},"thumbnailUrl":"https:\/\/odiloncavalcanti.art.br\/wp-content\/uploads\/2017\/02\/3Formas3cores.jpg","datePublished":"2017-02-20T23:33:04+00:00","dateModified":"2025-07-24T16:37:04+00:00","description":"Grande Telas, grandes formatos mostra a melhor produ\u00e7\u00e3o pict\u00f3rica de Odilon Cavalcanti no desde instalou seu atelier na Serra da Cantareira;","breadcrumb":{"@id":"http:\/\/odiloncavalcanti.art.br\/grande-telas-e-formatos\/#breadcrumb"},"inLanguage":"ru-RU","potentialAction":[{"@type":"ReadAction","target":["http:\/\/odiloncavalcanti.art.br\/grande-telas-e-formatos\/"]}]},{"@type":"ImageObject","inLanguage":"ru-RU","@id":"http:\/\/odiloncavalcanti.art.br\/grande-telas-e-formatos\/#primaryimage","url":"https:\/\/odiloncavalcanti.art.br\/wp-content\/uploads\/2017\/02\/3Formas3cores.jpg","contentUrl":"https:\/\/odiloncavalcanti.art.br\/wp-content\/uploads\/2017\/02\/3Formas3cores.jpg","width":1204,"height":477,"caption":"\"Tres formas. quatro mat\u00e9rias, tres cores\" Acr\u00edica e pastel s\/ tela 200x100cm 2013"},{"@type":"BreadcrumbList","@id":"http:\/\/odiloncavalcanti.art.br\/grande-telas-e-formatos\/#breadcrumb","itemListElement":[{"@type":"ListItem","position":1,"name":"In\u00edcio","item":"http:\/\/odiloncavalcanti.art.br\/"},{"@type":"ListItem","position":2,"name":"Grandes Telas, Grandes Formatos."}]},{"@type":"WebSite","@id":"http:\/\/odiloncavalcanti.art.br\/#website","url":"http:\/\/odiloncavalcanti.art.br\/","name":"Odilon Cavalcanti","description":"Um espelho da alquimia da Arte.","potentialAction":[{"@type":"SearchAction","target":{"@type":"EntryPoint","urlTemplate":"http:\/\/odiloncavalcanti.art.br\/?s={search_term_string}"},"query-input":{"@type":"PropertyValueSpecification","valueRequired":true,"valueName":"search_term_string"}}],"inLanguage":"ru-RU"}]}},"jetpack_sharing_enabled":true,"_links":{"self":[{"href":"https:\/\/odiloncavalcanti.art.br\/ru\/wp-json\/wp\/v2\/pages\/709","targetHints":{"allow":["GET"]}}],"collection":[{"href":"https:\/\/odiloncavalcanti.art.br\/ru\/wp-json\/wp\/v2\/pages"}],"about":[{"href":"https:\/\/odiloncavalcanti.art.br\/ru\/wp-json\/wp\/v2\/types\/page"}],"author":[{"embeddable":true,"href":"https:\/\/odiloncavalcanti.art.br\/ru\/wp-json\/wp\/v2\/users\/1"}],"replies":[{"embeddable":true,"href":"https:\/\/odiloncavalcanti.art.br\/ru\/wp-json\/wp\/v2\/comments?post=709"}],"version-history":[{"count":21,"href":"https:\/\/odiloncavalcanti.art.br\/ru\/wp-json\/wp\/v2\/pages\/709\/revisions"}],"predecessor-version":[{"id":2202,"href":"https:\/\/odiloncavalcanti.art.br\/ru\/wp-json\/wp\/v2\/pages\/709\/revisions\/2202"}],"wp:featuredmedia":[{"embeddable":true,"href":"https:\/\/odiloncavalcanti.art.br\/ru\/wp-json\/wp\/v2\/media\/708"}],"wp:attachment":[{"href":"https:\/\/odiloncavalcanti.art.br\/ru\/wp-json\/wp\/v2\/media?parent=709"}],"curies":[{"name":"wp","href":"https:\/\/api.w.org\/{rel}","templated":true}]}}