{"id":2446,"date":"2025-08-31T13:14:55","date_gmt":"2025-08-31T16:14:55","guid":{"rendered":"https:\/\/odiloncavalcanti.art.br\/?page_id=2446"},"modified":"2025-09-02T13:21:56","modified_gmt":"2025-09-02T16:21:56","slug":"casos-e-comentarios","status":"publish","type":"page","link":"https:\/\/odiloncavalcanti.art.br\/ru\/casos-e-comentarios\/","title":{"rendered":"Casos e coment\u00e1rios"},"content":{"rendered":"\n<figure class=\"wp-block-image size-full is-resized\"><img loading=\"lazy\" decoding=\"async\" width=\"596\" height=\"435\" src=\"http:\/\/odiloncavalcanti.art.br\/wp-content\/uploads\/2025\/08\/capa3.jpg\" alt=\"\" class=\"wp-image-2447\" style=\"width:674px;height:auto\" srcset=\"https:\/\/odiloncavalcanti.art.br\/wp-content\/uploads\/2025\/08\/capa3.jpg 596w, https:\/\/odiloncavalcanti.art.br\/wp-content\/uploads\/2025\/08\/capa3-300x219.jpg 300w\" sizes=\"auto, (max-width: 596px) 100vw, 596px\" \/><\/figure>\n\n\n\n<p><strong>Ch\u00e1 com um coelho e Francisco Brennand                                                                                                                                                                     &#8211; Pastel \u00f3leo e acr\u00edlica sobre tela &#8211;                                                                                                                                                          1988<\/strong><\/p>\n\n\n\n<p>Este quadro tem uma hist\u00f3ria s\u00f3 dele. <\/p>\n\n\n\n<p>\u00c9 uma pedra preciosa no meu trabalho e como pedra preciosa foi lapidado. <\/p>\n\n\n\n<p>\u00c9 uma obra de grandes propor\u00e7\u00f5es. Tinha, originalmente 300x 220 cm e foi feito especialmente para a exposi\u00e7\u00e3o &#8220;Tropismo&#8221; no MAC Olinda,de 1988, na \u00e9poca em que o saudoso Jos\u00e9 Carlos Viana era Diretor do Museu e me convidou para uma individual ocupando todas tr\u00eas salas do andar de baixo do museu.<\/p>\n\n\n\n<p>Na sala da entrada, expus aquarelas e desenhos, na menor, de tr\u00e1s, montei um <em>atelier<\/em> para workshops e no grande sal\u00e3o montei a mostra com os \u00f3leos acr\u00edlicas, pasteis e uma instala\u00e7\u00e3o de uma cruz c\u00e1tara. Esse quadro, ent\u00e3o, era a maior pe\u00e7a da mostra e dominava uma das quatro paredes do sal\u00e3o a principal!<\/p>\n\n\n\n<p>Quando fui retirar a tela, ainda em branco, do moldureiro que a montara no chassis &#8211; meu querido seu Ant\u00f4nio, em sua oficina, em santo Amaro, no Recife &#8211; e levar para meu atelier, na \u00e9poca, na Ilha de Itamarac\u00e1, ele j\u00e1 foi alvo de um acidente sem v\u00edtimas, quando se soltou do carro e &#8220;pousou&#8221; suavemente na pista da Av.Beberibe, parando o tr\u00e2nsito e quase atingido um &#8220;bug&#8221; &#8220;que vinha atr\u00e1s e, depois, enquanto eu fui pegar mais cordas na casa de um amigo, ali perto, deixando um garoto local &#8220;tomando conta&#8221;,  a tela foi &#8220;sequestrada&#8221; por uma <em>gang <\/em>da Favela do Rival, um dos lugares mais perigosos da cidade, onde nem a pol\u00edcia entrava desacompanhada e que ficava nas proximidades. Ofereci uma grana de &#8220;resgate&#8221; e alguns minutos depois vi o quadro em branco vindo andando do outro lado da avenida: s\u00f3 apareciam os pezinhos dos &#8220;sequestradores&#8221;. Depois que foi pago o &#8220;resgate&#8221; , consegui levar para o atelier e pint\u00e1-lo e, assim, ele fez parte da exposi\u00e7\u00e3o.<\/p>\n\n\n\n<p>Semanas depois, na desmontagem da mostra, na viagem de volta ao <em>atelier<\/em> sofreu novo acidente, desta vez perdendo partes perif\u00e9ricas, e ent\u00e3o, foi a\u00ed que a j\u00f3ia teve de ser lapidada.<\/p>\n\n\n\n<p>H\u00e1 muitos anos ela faz parte do acervo de minhas obras pertencente \u00e0 minha filha Nara.<\/p>\n\n\n\n<p>H\u00e1 cindo anos atr\u00e1s contei esta hist\u00f3ria,na minha p\u00e1gina do Facebook, vejam os coment\u00e1rios que ela suscitou:<\/p>\n\n\n\n<figure class=\"wp-block-image size-large\"><img decoding=\"async\" src=\"http:\/\/odiloncavalcanti.art.br\/wp-content\/uploads\/2025\/08\/comentarios.jpg\" alt=\"\"\/><\/figure>\n\n\n\n<figure class=\"wp-block-image size-large\"><img decoding=\"async\" src=\"http:\/\/odiloncavalcanti.art.br\/wp-content\/uploads\/2025\/08\/comentarios2.jpg\" alt=\"\"\/><\/figure>\n\n\n\n\n\n<p><\/p>\n","protected":false},"excerpt":{"rendered":"<p>Ch\u00e1 com um coelho e Francisco Brennand &#8211; Pastel \u00f3leo e acr\u00edlica sobre tela &#8211; 1988 Este quadro tem uma hist\u00f3ria s\u00f3 dele. \u00c9 uma pedra preciosa no meu trabalho e como pedra preciosa foi lapidado. \u00c9 uma obra de grandes propor\u00e7\u00f5es. Tinha, originalmente 300x 220 cm e foi feito especialmente para a exposi\u00e7\u00e3o &#8220;Tropismo&#8221; &hellip; <\/p>\n<p class=\"link-more\"><a href=\"https:\/\/odiloncavalcanti.art.br\/ru\/casos-e-comentarios\/\" class=\"more-link\">Continue reading<span class=\"screen-reader-text\"> &#8220;Casos e coment\u00e1rios&#8221;<\/span><\/a><\/p>\n","protected":false},"author":1,"featured_media":0,"parent":0,"menu_order":0,"comment_status":"closed","ping_status":"closed","template":"","meta":{"footnotes":""},"class_list":["post-2446","page","type-page","status-publish","hentry"],"translation":{"provider":"WPGlobus","version":"3.0.1","language":"ru","enabled_languages":["en","es","de","fr","ru"],"languages":{"en":{"title":true,"content":true,"excerpt":false},"es":{"title":false,"content":false,"excerpt":false},"de":{"title":false,"content":false,"excerpt":false},"fr":{"title":false,"content":false,"excerpt":false},"ru":{"title":false,"content":false,"excerpt":false}}},"yoast_head":"<!-- This site is optimized with the Yoast SEO plugin v27.2 - https:\/\/yoast.com\/product\/yoast-seo-wordpress\/ -->\n<title>Casos e coment\u00e1rios - Odilon Cavalcanti<\/title>\n<meta name=\"robots\" content=\"index, follow, max-snippet:-1, max-image-preview:large, max-video-preview:-1\" \/>\n<link rel=\"canonical\" href=\"http:\/\/odiloncavalcanti.art.br\/casos-e-comentarios\/\" \/>\n<meta property=\"og:locale\" content=\"ru_RU\" \/>\n<meta property=\"og:type\" content=\"article\" \/>\n<meta property=\"og:title\" content=\"Casos e coment\u00e1rios - Odilon Cavalcanti\" \/>\n<meta property=\"og:url\" content=\"http:\/\/odiloncavalcanti.art.br\/casos-e-comentarios\/\" \/>\n<meta property=\"og:site_name\" content=\"Odilon Cavalcanti\" \/>\n<meta property=\"article:publisher\" content=\"https:\/\/www.facebook.com\/AtelierOdilonCavalcanti\/\" \/>\n<meta property=\"article:modified_time\" content=\"2025-09-02T16:21:56+00:00\" \/>\n<meta property=\"og:image\" content=\"http:\/\/odiloncavalcanti.art.br\/wp-content\/uploads\/2025\/08\/capa3.jpg\" \/>\n<meta name=\"twitter:card\" content=\"summary_large_image\" \/>\n<meta name=\"twitter:site\" content=\"@odilonk\" \/>\n<meta name=\"twitter:label1\" content=\"Est. reading time\" \/>\n\t<meta name=\"twitter:data1\" content=\"3 minutes\" \/>\n<script type=\"application\/ld+json\" class=\"yoast-schema-graph\">{\"@context\":\"https:\/\/schema.org\",\"@graph\":[{\"@type\":\"WebPage\",\"@id\":\"http:\/\/odiloncavalcanti.art.br\/casos-e-comentarios\/\",\"url\":\"http:\/\/odiloncavalcanti.art.br\/casos-e-comentarios\/\",\"name\":\"Casos e coment\u00e1rios - Odilon Cavalcanti\",\"isPartOf\":{\"@id\":\"http:\/\/odiloncavalcanti.art.br\/#website\"},\"primaryImageOfPage\":{\"@id\":\"http:\/\/odiloncavalcanti.art.br\/casos-e-comentarios\/#primaryimage\"},\"image\":{\"@id\":\"http:\/\/odiloncavalcanti.art.br\/casos-e-comentarios\/#primaryimage\"},\"thumbnailUrl\":\"http:\/\/odiloncavalcanti.art.br\/wp-content\/uploads\/2025\/08\/capa3.jpg\",\"datePublished\":\"2025-08-31T16:14:55+00:00\",\"dateModified\":\"2025-09-02T16:21:56+00:00\",\"breadcrumb\":{\"@id\":\"http:\/\/odiloncavalcanti.art.br\/casos-e-comentarios\/#breadcrumb\"},\"inLanguage\":\"ru-RU\",\"potentialAction\":[{\"@type\":\"ReadAction\",\"target\":[\"http:\/\/odiloncavalcanti.art.br\/casos-e-comentarios\/\"]}]},{\"@type\":\"ImageObject\",\"inLanguage\":\"ru-RU\",\"@id\":\"http:\/\/odiloncavalcanti.art.br\/casos-e-comentarios\/#primaryimage\",\"url\":\"http:\/\/odiloncavalcanti.art.br\/wp-content\/uploads\/2025\/08\/capa3.jpg\",\"contentUrl\":\"http:\/\/odiloncavalcanti.art.br\/wp-content\/uploads\/2025\/08\/capa3.jpg\"},{\"@type\":\"BreadcrumbList\",\"@id\":\"http:\/\/odiloncavalcanti.art.br\/casos-e-comentarios\/#breadcrumb\",\"itemListElement\":[{\"@type\":\"ListItem\",\"position\":1,\"name\":\"In\u00edcio\",\"item\":\"http:\/\/odiloncavalcanti.art.br\/\"},{\"@type\":\"ListItem\",\"position\":2,\"name\":\"Casos e coment\u00e1rios\"}]},{\"@type\":\"WebSite\",\"@id\":\"http:\/\/odiloncavalcanti.art.br\/#website\",\"url\":\"http:\/\/odiloncavalcanti.art.br\/\",\"name\":\"Odilon Cavalcanti\",\"description\":\"Um espelho da alquimia da Arte.\",\"potentialAction\":[{\"@type\":\"SearchAction\",\"target\":{\"@type\":\"EntryPoint\",\"urlTemplate\":\"http:\/\/odiloncavalcanti.art.br\/?s={search_term_string}\"},\"query-input\":{\"@type\":\"PropertyValueSpecification\",\"valueRequired\":true,\"valueName\":\"search_term_string\"}}],\"inLanguage\":\"ru-RU\"}]}<\/script>\n<!-- \/ Yoast SEO plugin. -->","yoast_head_json":{"title":"Casos e coment\u00e1rios - Odilon Cavalcanti","robots":{"index":"index","follow":"follow","max-snippet":"max-snippet:-1","max-image-preview":"max-image-preview:large","max-video-preview":"max-video-preview:-1"},"canonical":"http:\/\/odiloncavalcanti.art.br\/casos-e-comentarios\/","og_locale":"ru_RU","og_type":"article","og_title":"Casos e coment\u00e1rios - Odilon Cavalcanti","og_url":"http:\/\/odiloncavalcanti.art.br\/casos-e-comentarios\/","og_site_name":"Odilon Cavalcanti","article_publisher":"https:\/\/www.facebook.com\/AtelierOdilonCavalcanti\/","article_modified_time":"2025-09-02T16:21:56+00:00","og_image":[{"url":"http:\/\/odiloncavalcanti.art.br\/wp-content\/uploads\/2025\/08\/capa3.jpg","type":"","width":"","height":""}],"twitter_card":"summary_large_image","twitter_site":"@odilonk","twitter_misc":{"Est. reading time":"3 minutes"},"schema":{"@context":"https:\/\/schema.org","@graph":[{"@type":"WebPage","@id":"http:\/\/odiloncavalcanti.art.br\/casos-e-comentarios\/","url":"http:\/\/odiloncavalcanti.art.br\/casos-e-comentarios\/","name":"Casos e coment\u00e1rios - Odilon Cavalcanti","isPartOf":{"@id":"http:\/\/odiloncavalcanti.art.br\/#website"},"primaryImageOfPage":{"@id":"http:\/\/odiloncavalcanti.art.br\/casos-e-comentarios\/#primaryimage"},"image":{"@id":"http:\/\/odiloncavalcanti.art.br\/casos-e-comentarios\/#primaryimage"},"thumbnailUrl":"http:\/\/odiloncavalcanti.art.br\/wp-content\/uploads\/2025\/08\/capa3.jpg","datePublished":"2025-08-31T16:14:55+00:00","dateModified":"2025-09-02T16:21:56+00:00","breadcrumb":{"@id":"http:\/\/odiloncavalcanti.art.br\/casos-e-comentarios\/#breadcrumb"},"inLanguage":"ru-RU","potentialAction":[{"@type":"ReadAction","target":["http:\/\/odiloncavalcanti.art.br\/casos-e-comentarios\/"]}]},{"@type":"ImageObject","inLanguage":"ru-RU","@id":"http:\/\/odiloncavalcanti.art.br\/casos-e-comentarios\/#primaryimage","url":"http:\/\/odiloncavalcanti.art.br\/wp-content\/uploads\/2025\/08\/capa3.jpg","contentUrl":"http:\/\/odiloncavalcanti.art.br\/wp-content\/uploads\/2025\/08\/capa3.jpg"},{"@type":"BreadcrumbList","@id":"http:\/\/odiloncavalcanti.art.br\/casos-e-comentarios\/#breadcrumb","itemListElement":[{"@type":"ListItem","position":1,"name":"In\u00edcio","item":"http:\/\/odiloncavalcanti.art.br\/"},{"@type":"ListItem","position":2,"name":"Casos e coment\u00e1rios"}]},{"@type":"WebSite","@id":"http:\/\/odiloncavalcanti.art.br\/#website","url":"http:\/\/odiloncavalcanti.art.br\/","name":"Odilon Cavalcanti","description":"Um espelho da alquimia da Arte.","potentialAction":[{"@type":"SearchAction","target":{"@type":"EntryPoint","urlTemplate":"http:\/\/odiloncavalcanti.art.br\/?s={search_term_string}"},"query-input":{"@type":"PropertyValueSpecification","valueRequired":true,"valueName":"search_term_string"}}],"inLanguage":"ru-RU"}]}},"jetpack_sharing_enabled":true,"_links":{"self":[{"href":"https:\/\/odiloncavalcanti.art.br\/ru\/wp-json\/wp\/v2\/pages\/2446","targetHints":{"allow":["GET"]}}],"collection":[{"href":"https:\/\/odiloncavalcanti.art.br\/ru\/wp-json\/wp\/v2\/pages"}],"about":[{"href":"https:\/\/odiloncavalcanti.art.br\/ru\/wp-json\/wp\/v2\/types\/page"}],"author":[{"embeddable":true,"href":"https:\/\/odiloncavalcanti.art.br\/ru\/wp-json\/wp\/v2\/users\/1"}],"replies":[{"embeddable":true,"href":"https:\/\/odiloncavalcanti.art.br\/ru\/wp-json\/wp\/v2\/comments?post=2446"}],"version-history":[{"count":2,"href":"https:\/\/odiloncavalcanti.art.br\/ru\/wp-json\/wp\/v2\/pages\/2446\/revisions"}],"predecessor-version":[{"id":2487,"href":"https:\/\/odiloncavalcanti.art.br\/ru\/wp-json\/wp\/v2\/pages\/2446\/revisions\/2487"}],"wp:attachment":[{"href":"https:\/\/odiloncavalcanti.art.br\/ru\/wp-json\/wp\/v2\/media?parent=2446"}],"curies":[{"name":"wp","href":"https:\/\/api.w.org\/{rel}","templated":true}]}}