{"id":1643,"date":"2019-12-10T17:51:21","date_gmt":"2019-12-10T20:51:21","guid":{"rendered":"https:\/\/www.odiloncavalcanti.art.br\/?page_id=1643"},"modified":"2025-07-21T12:15:34","modified_gmt":"2025-07-21T15:15:34","slug":"acervo","status":"publish","type":"page","link":"https:\/\/odiloncavalcanti.art.br\/ru\/acervo\/","title":{"rendered":"Acervo"},"content":{"rendered":"\n<h3 class=\"wp-block-heading\">O acervo de um Atelier \u00e9 sua s\u00edntese.<\/h3>\n\n\n\n<p>Nele est\u00e3o contidas obras de todas ou quase todas as fases de uma trajet\u00f3ria art\u00edstica, no sentido da sedimenta\u00e7\u00e3o da obra. <\/p>\n\n\n\n<p>Fase ap\u00f3s fase a obra se estrutura no acervo do atelier. Todas as fases, todos os anos e anos de trabalho, todas as mudan\u00e7as de rumo. \u00c9, eventualmente consultando-o  que o artista repensa a obra \u00e0 procura do pr\u00f3ximo passo, o pr\u00f3ximo movimento rumo \u00e0 tradi\u00e7\u00e3o ou a ruptura.<\/p>\n\n\n\n<p>No acervo, latente, mostras inteiras repousam o sonho de um olhar que as distinguam e a elevem a um corte curatorial que as exponham, ao olhar de colecionador que as tragam \u00e0 vida da conviv\u00eancia. <\/p>\n\n\n\n<p>Vida esta que a obra de arte, este ser inerte que faz com que a vida humana seja resgatada da aus\u00eancia de sentido,  lembrando-nos que somos poeira de estrelas que nasceram para brilhar.<\/p>\n\n\n\n<p>Ao entrar nestas p\u00e1ginas e admirar suas obras, o leitor h\u00e1 de se aperceber de que neste territ\u00f3rio o que se diferencia em rela\u00e7\u00e3o \u00e0s demais p\u00e1ginas deste site \u00e9 que aqui as obras est\u00e3o ao alcance do seu desejo, do seu imagin\u00e1rio pessoal, ao contr\u00e1rio das demais p\u00e1ginas deste site, que trazem-nos a documenta\u00e7\u00e3o hist\u00f3rica  da obra  de Odilon Cavalcanti, mas sim estas s\u00e3o obras pass\u00edveis de fazer parte de seu acervo de colecionador, de mostras em suas galerias, sal\u00f5es, curadorias. <\/p>\n\n\n\n<p>Isto as torna objeto de desejo e, portanto, se apresentam aqui, n\u00e3o apenas como imagens, mas como possibilidades concretas.<\/p>\n\n\n\n<p><\/p>\n\n\n\n<h2 class=\"wp-block-heading\">Cole\u00e7\u00e3o Atelier &#8211; Obras sobre Papel.<\/h2>\n\n\n\n<p><\/p>\n\n\n\n<figure class=\"wp-block-image\"><img loading=\"lazy\" decoding=\"async\" width=\"1024\" height=\"718\" src=\"https:\/\/www.odiloncavalcanti.art.br\/wp-content\/uploads\/2019\/12\/a-troca-1024x718.jpg\" alt=\"\" class=\"wp-image-1644\" srcset=\"https:\/\/odiloncavalcanti.art.br\/wp-content\/uploads\/2019\/12\/a-troca-1024x718.jpg 1024w, https:\/\/odiloncavalcanti.art.br\/wp-content\/uploads\/2019\/12\/a-troca-300x210.jpg 300w, https:\/\/odiloncavalcanti.art.br\/wp-content\/uploads\/2019\/12\/a-troca-768x538.jpg 768w, https:\/\/odiloncavalcanti.art.br\/wp-content\/uploads\/2019\/12\/a-troca.jpg 1124w\" sizes=\"auto, (max-width: 767px) 89vw, (max-width: 1000px) 54vw, (max-width: 1071px) 543px, 580px\" \/><\/figure>\n\n\n\n<p> <strong>A troca&nbsp;&nbsp;&nbsp;&nbsp;&nbsp;&nbsp;&nbsp;&nbsp;&nbsp;&nbsp; <\/strong><\/p>\n\n\n\n<p>Pastel s\/ papel canson<\/p>\n\n\n\n<p>21&#215;14,75cm<\/p>\n\n\n\n<p>2019<\/p>\n\n\n\n<figure class=\"wp-block-image\"><img loading=\"lazy\" decoding=\"async\" width=\"1024\" height=\"779\" src=\"https:\/\/www.odiloncavalcanti.art.br\/wp-content\/uploads\/2019\/12\/velho-1024x779.jpg\" alt=\"\" class=\"wp-image-1645\" srcset=\"https:\/\/odiloncavalcanti.art.br\/wp-content\/uploads\/2019\/12\/velho-1024x779.jpg 1024w, https:\/\/odiloncavalcanti.art.br\/wp-content\/uploads\/2019\/12\/velho-300x228.jpg 300w, https:\/\/odiloncavalcanti.art.br\/wp-content\/uploads\/2019\/12\/velho-768x584.jpg 768w\" sizes=\"auto, (max-width: 767px) 89vw, (max-width: 1000px) 54vw, (max-width: 1071px) 543px, 580px\" \/><\/figure>\n\n\n\n<h2 class=\"wp-block-heading\"><\/h2>\n\n\n\n<p><strong>O sono<\/strong><\/p>\n\n\n\n<p>Pastel, grafite e acr\u00edlica s\/ papel cart\u00e3o<\/p>\n\n\n\n<p>19,8&#215;14,75cm<\/p>\n\n\n\n<p>2019<\/p>\n\n\n\n<figure class=\"wp-block-image\"><img loading=\"lazy\" decoding=\"async\" width=\"960\" height=\"697\" src=\"https:\/\/www.odiloncavalcanti.art.br\/wp-content\/uploads\/2019\/12\/viagem.jpg\" alt=\"\" class=\"wp-image-1646\" srcset=\"https:\/\/odiloncavalcanti.art.br\/wp-content\/uploads\/2019\/12\/viagem.jpg 960w, https:\/\/odiloncavalcanti.art.br\/wp-content\/uploads\/2019\/12\/viagem-300x218.jpg 300w, https:\/\/odiloncavalcanti.art.br\/wp-content\/uploads\/2019\/12\/viagem-768x558.jpg 768w\" sizes=\"auto, (max-width: 767px) 89vw, (max-width: 1000px) 54vw, (max-width: 1071px) 543px, 580px\" \/><\/figure>\n\n\n\n<p><strong>A Viagem<\/strong><\/p>\n\n\n\n<p>Acr\u00edlica s\/ papel Arches 100% algod\u00e3o<\/p>\n\n\n\n<p>31,5&#215;24,5 <\/p>\n\n\n\n<p>1992 <\/p>\n\n\n\n<p><\/p>\n\n\n\n<figure class=\"wp-block-image\"><img loading=\"lazy\" decoding=\"async\" width=\"1024\" height=\"740\" src=\"https:\/\/www.odiloncavalcanti.art.br\/wp-content\/uploads\/2019\/12\/gato-escondido-1024x740.jpg\" alt=\"\" class=\"wp-image-1647\" srcset=\"https:\/\/odiloncavalcanti.art.br\/wp-content\/uploads\/2019\/12\/gato-escondido-1024x740.jpg 1024w, https:\/\/odiloncavalcanti.art.br\/wp-content\/uploads\/2019\/12\/gato-escondido-300x217.jpg 300w, https:\/\/odiloncavalcanti.art.br\/wp-content\/uploads\/2019\/12\/gato-escondido-768x555.jpg 768w, https:\/\/odiloncavalcanti.art.br\/wp-content\/uploads\/2019\/12\/gato-escondido.jpg 1051w\" sizes=\"auto, (max-width: 767px) 89vw, (max-width: 1000px) 54vw, (max-width: 1071px) 543px, 580px\" \/><\/figure>\n\n\n\n<h2 class=\"wp-block-heading\"><\/h2>\n\n\n\n<p><strong>Gato escondido<\/strong><\/p>\n\n\n\n<p>Acr\u00edlica e grafite s\/ papel canson<\/p>\n\n\n\n<p>42,5&#215;30,5 cm<\/p>\n\n\n\n<p>2005<\/p>\n\n\n\n<figure class=\"wp-block-image\"><img loading=\"lazy\" decoding=\"async\" width=\"720\" height=\"493\" src=\"https:\/\/www.odiloncavalcanti.art.br\/wp-content\/uploads\/2019\/12\/em-tempo-de-serigrafia.jpg\" alt=\"\" class=\"wp-image-1648\" srcset=\"https:\/\/odiloncavalcanti.art.br\/wp-content\/uploads\/2019\/12\/em-tempo-de-serigrafia.jpg 720w, https:\/\/odiloncavalcanti.art.br\/wp-content\/uploads\/2019\/12\/em-tempo-de-serigrafia-300x205.jpg 300w\" sizes=\"auto, (max-width: 720px) 100vw, 720px\" \/><\/figure>\n\n\n\n<p><strong>O rel\u00f3gio <\/strong>( 10 para as tr\u00eas)<\/p>\n\n\n\n<p>Goache s\/ papel Schoeller<\/p>\n\n\n\n<p>48x25cm<\/p>\n\n\n\n<p>1989<\/p>\n\n\n\n<figure class=\"wp-block-image\"><img loading=\"lazy\" decoding=\"async\" width=\"645\" height=\"960\" src=\"https:\/\/www.odiloncavalcanti.art.br\/wp-content\/uploads\/2019\/12\/espanhola.jpg\" alt=\"\" class=\"wp-image-1649\" srcset=\"https:\/\/odiloncavalcanti.art.br\/wp-content\/uploads\/2019\/12\/espanhola.jpg 645w, https:\/\/odiloncavalcanti.art.br\/wp-content\/uploads\/2019\/12\/espanhola-202x300.jpg 202w\" sizes=\"auto, (max-width: 645px) 100vw, 645px\" \/><\/figure>\n\n\n\n<h2 class=\"wp-block-heading\"><\/h2>\n\n\n\n<p><strong>A Espanhola<\/strong><\/p>\n\n\n\n<p>Pastel s\/ papel Arches _ 100%\nalgod\u00e3o<\/p>\n\n\n\n<p>37x 54cm<\/p>\n\n\n\n<p>1999<\/p>\n\n\n\n<p><\/p>\n","protected":false},"excerpt":{"rendered":"<p>O acervo de um Atelier \u00e9 sua s\u00edntese. Nele est\u00e3o contidas obras de todas ou quase todas as fases de uma trajet\u00f3ria art\u00edstica, no sentido da sedimenta\u00e7\u00e3o da obra. Fase ap\u00f3s fase a obra se estrutura no acervo do atelier. Todas as fases, todos os anos e anos de trabalho, todas as mudan\u00e7as de rumo. &hellip; <\/p>\n<p class=\"link-more\"><a href=\"https:\/\/odiloncavalcanti.art.br\/ru\/acervo\/\" class=\"more-link\">Continue reading<span class=\"screen-reader-text\"> &#8220;Acervo&#8221;<\/span><\/a><\/p>\n","protected":false},"author":1,"featured_media":708,"parent":0,"menu_order":0,"comment_status":"closed","ping_status":"closed","template":"","meta":{"footnotes":""},"class_list":["post-1643","page","type-page","status-publish","has-post-thumbnail","hentry"],"translation":{"provider":"WPGlobus","version":"3.0.1","language":"ru","enabled_languages":["en","es","de","fr","ru"],"languages":{"en":{"title":true,"content":true,"excerpt":false},"es":{"title":false,"content":false,"excerpt":false},"de":{"title":false,"content":false,"excerpt":false},"fr":{"title":false,"content":false,"excerpt":false},"ru":{"title":false,"content":false,"excerpt":false}}},"yoast_head":"<!-- This site is optimized with the Yoast SEO plugin v27.2 - https:\/\/yoast.com\/product\/yoast-seo-wordpress\/ -->\n<title>Acervo - Odilon Cavalcanti<\/title>\n<meta name=\"robots\" content=\"index, follow, max-snippet:-1, max-image-preview:large, max-video-preview:-1\" \/>\n<link rel=\"canonical\" href=\"https:\/\/odiloncavalcanti.art.br\/acervo\/\" \/>\n<meta property=\"og:locale\" content=\"ru_RU\" \/>\n<meta property=\"og:type\" content=\"article\" \/>\n<meta property=\"og:title\" content=\"Acervo - Odilon Cavalcanti\" \/>\n<meta property=\"og:url\" content=\"https:\/\/odiloncavalcanti.art.br\/acervo\/\" \/>\n<meta property=\"og:site_name\" content=\"Odilon Cavalcanti\" \/>\n<meta property=\"article:publisher\" content=\"https:\/\/www.facebook.com\/AtelierOdilonCavalcanti\/\" \/>\n<meta property=\"article:modified_time\" content=\"2025-07-21T15:15:34+00:00\" \/>\n<meta property=\"og:image\" content=\"https:\/\/odiloncavalcanti.art.br\/wp-content\/uploads\/2017\/02\/3Formas3cores.jpg\" \/>\n\t<meta property=\"og:image:width\" content=\"1204\" \/>\n\t<meta property=\"og:image:height\" content=\"477\" \/>\n\t<meta property=\"og:image:type\" content=\"image\/jpeg\" \/>\n<meta name=\"twitter:card\" content=\"summary_large_image\" \/>\n<meta name=\"twitter:site\" content=\"@odilonk\" \/>\n<meta name=\"twitter:label1\" content=\"Est. reading time\" \/>\n\t<meta name=\"twitter:data1\" content=\"4 minutes\" \/>\n<script type=\"application\/ld+json\" class=\"yoast-schema-graph\">{\"@context\":\"https:\/\/schema.org\",\"@graph\":[{\"@type\":\"WebPage\",\"@id\":\"https:\/\/odiloncavalcanti.art.br\/acervo\/\",\"url\":\"https:\/\/odiloncavalcanti.art.br\/acervo\/\",\"name\":\"Acervo - Odilon Cavalcanti\",\"isPartOf\":{\"@id\":\"http:\/\/odiloncavalcanti.art.br\/#website\"},\"primaryImageOfPage\":{\"@id\":\"https:\/\/odiloncavalcanti.art.br\/acervo\/#primaryimage\"},\"image\":{\"@id\":\"https:\/\/odiloncavalcanti.art.br\/acervo\/#primaryimage\"},\"thumbnailUrl\":\"https:\/\/odiloncavalcanti.art.br\/wp-content\/uploads\/2017\/02\/3Formas3cores.jpg\",\"datePublished\":\"2019-12-10T20:51:21+00:00\",\"dateModified\":\"2025-07-21T15:15:34+00:00\",\"breadcrumb\":{\"@id\":\"https:\/\/odiloncavalcanti.art.br\/acervo\/#breadcrumb\"},\"inLanguage\":\"ru-RU\",\"potentialAction\":[{\"@type\":\"ReadAction\",\"target\":[\"https:\/\/odiloncavalcanti.art.br\/acervo\/\"]}]},{\"@type\":\"ImageObject\",\"inLanguage\":\"ru-RU\",\"@id\":\"https:\/\/odiloncavalcanti.art.br\/acervo\/#primaryimage\",\"url\":\"https:\/\/odiloncavalcanti.art.br\/wp-content\/uploads\/2017\/02\/3Formas3cores.jpg\",\"contentUrl\":\"https:\/\/odiloncavalcanti.art.br\/wp-content\/uploads\/2017\/02\/3Formas3cores.jpg\",\"width\":1204,\"height\":477,\"caption\":\"\\\"Tres formas. quatro mat\u00e9rias, tres cores\\\" Acr\u00edica e pastel s\/ tela 200x100cm 2013\"},{\"@type\":\"BreadcrumbList\",\"@id\":\"https:\/\/odiloncavalcanti.art.br\/acervo\/#breadcrumb\",\"itemListElement\":[{\"@type\":\"ListItem\",\"position\":1,\"name\":\"In\u00edcio\",\"item\":\"http:\/\/odiloncavalcanti.art.br\/\"},{\"@type\":\"ListItem\",\"position\":2,\"name\":\"Acervo\"}]},{\"@type\":\"WebSite\",\"@id\":\"http:\/\/odiloncavalcanti.art.br\/#website\",\"url\":\"http:\/\/odiloncavalcanti.art.br\/\",\"name\":\"Odilon Cavalcanti\",\"description\":\"Um espelho da alquimia da Arte.\",\"potentialAction\":[{\"@type\":\"SearchAction\",\"target\":{\"@type\":\"EntryPoint\",\"urlTemplate\":\"http:\/\/odiloncavalcanti.art.br\/?s={search_term_string}\"},\"query-input\":{\"@type\":\"PropertyValueSpecification\",\"valueRequired\":true,\"valueName\":\"search_term_string\"}}],\"inLanguage\":\"ru-RU\"}]}<\/script>\n<!-- \/ Yoast SEO plugin. -->","yoast_head_json":{"title":"Acervo - Odilon Cavalcanti","robots":{"index":"index","follow":"follow","max-snippet":"max-snippet:-1","max-image-preview":"max-image-preview:large","max-video-preview":"max-video-preview:-1"},"canonical":"https:\/\/odiloncavalcanti.art.br\/acervo\/","og_locale":"ru_RU","og_type":"article","og_title":"Acervo - Odilon Cavalcanti","og_url":"https:\/\/odiloncavalcanti.art.br\/acervo\/","og_site_name":"Odilon Cavalcanti","article_publisher":"https:\/\/www.facebook.com\/AtelierOdilonCavalcanti\/","article_modified_time":"2025-07-21T15:15:34+00:00","og_image":[{"width":1204,"height":477,"url":"https:\/\/odiloncavalcanti.art.br\/wp-content\/uploads\/2017\/02\/3Formas3cores.jpg","type":"image\/jpeg"}],"twitter_card":"summary_large_image","twitter_site":"@odilonk","twitter_misc":{"Est. reading time":"4 minutes"},"schema":{"@context":"https:\/\/schema.org","@graph":[{"@type":"WebPage","@id":"https:\/\/odiloncavalcanti.art.br\/acervo\/","url":"https:\/\/odiloncavalcanti.art.br\/acervo\/","name":"Acervo - Odilon Cavalcanti","isPartOf":{"@id":"http:\/\/odiloncavalcanti.art.br\/#website"},"primaryImageOfPage":{"@id":"https:\/\/odiloncavalcanti.art.br\/acervo\/#primaryimage"},"image":{"@id":"https:\/\/odiloncavalcanti.art.br\/acervo\/#primaryimage"},"thumbnailUrl":"https:\/\/odiloncavalcanti.art.br\/wp-content\/uploads\/2017\/02\/3Formas3cores.jpg","datePublished":"2019-12-10T20:51:21+00:00","dateModified":"2025-07-21T15:15:34+00:00","breadcrumb":{"@id":"https:\/\/odiloncavalcanti.art.br\/acervo\/#breadcrumb"},"inLanguage":"ru-RU","potentialAction":[{"@type":"ReadAction","target":["https:\/\/odiloncavalcanti.art.br\/acervo\/"]}]},{"@type":"ImageObject","inLanguage":"ru-RU","@id":"https:\/\/odiloncavalcanti.art.br\/acervo\/#primaryimage","url":"https:\/\/odiloncavalcanti.art.br\/wp-content\/uploads\/2017\/02\/3Formas3cores.jpg","contentUrl":"https:\/\/odiloncavalcanti.art.br\/wp-content\/uploads\/2017\/02\/3Formas3cores.jpg","width":1204,"height":477,"caption":"\"Tres formas. quatro mat\u00e9rias, tres cores\" Acr\u00edica e pastel s\/ tela 200x100cm 2013"},{"@type":"BreadcrumbList","@id":"https:\/\/odiloncavalcanti.art.br\/acervo\/#breadcrumb","itemListElement":[{"@type":"ListItem","position":1,"name":"In\u00edcio","item":"http:\/\/odiloncavalcanti.art.br\/"},{"@type":"ListItem","position":2,"name":"Acervo"}]},{"@type":"WebSite","@id":"http:\/\/odiloncavalcanti.art.br\/#website","url":"http:\/\/odiloncavalcanti.art.br\/","name":"Odilon Cavalcanti","description":"Um espelho da alquimia da Arte.","potentialAction":[{"@type":"SearchAction","target":{"@type":"EntryPoint","urlTemplate":"http:\/\/odiloncavalcanti.art.br\/?s={search_term_string}"},"query-input":{"@type":"PropertyValueSpecification","valueRequired":true,"valueName":"search_term_string"}}],"inLanguage":"ru-RU"}]}},"jetpack_sharing_enabled":true,"_links":{"self":[{"href":"https:\/\/odiloncavalcanti.art.br\/ru\/wp-json\/wp\/v2\/pages\/1643","targetHints":{"allow":["GET"]}}],"collection":[{"href":"https:\/\/odiloncavalcanti.art.br\/ru\/wp-json\/wp\/v2\/pages"}],"about":[{"href":"https:\/\/odiloncavalcanti.art.br\/ru\/wp-json\/wp\/v2\/types\/page"}],"author":[{"embeddable":true,"href":"https:\/\/odiloncavalcanti.art.br\/ru\/wp-json\/wp\/v2\/users\/1"}],"replies":[{"embeddable":true,"href":"https:\/\/odiloncavalcanti.art.br\/ru\/wp-json\/wp\/v2\/comments?post=1643"}],"version-history":[{"count":2,"href":"https:\/\/odiloncavalcanti.art.br\/ru\/wp-json\/wp\/v2\/pages\/1643\/revisions"}],"predecessor-version":[{"id":1653,"href":"https:\/\/odiloncavalcanti.art.br\/ru\/wp-json\/wp\/v2\/pages\/1643\/revisions\/1653"}],"wp:featuredmedia":[{"embeddable":true,"href":"https:\/\/odiloncavalcanti.art.br\/ru\/wp-json\/wp\/v2\/media\/708"}],"wp:attachment":[{"href":"https:\/\/odiloncavalcanti.art.br\/ru\/wp-json\/wp\/v2\/media?parent=1643"}],"curies":[{"name":"wp","href":"https:\/\/api.w.org\/{rel}","templated":true}]}}