{"id":533,"date":"2017-02-11T12:20:42","date_gmt":"2017-02-11T14:20:42","guid":{"rendered":"http:\/\/www.odiloncavalcanti.art.br\/?page_id=533"},"modified":"2017-04-03T13:05:15","modified_gmt":"2017-04-03T16:05:15","slug":"transconcreto-um-manifesto-no-recife","status":"publish","type":"page","link":"https:\/\/odiloncavalcanti.art.br\/fr\/transconcreto-um-manifesto-no-recife\/","title":{"rendered":"Transconcreto: um manifesto no Recife."},"content":{"rendered":"<blockquote>\n<h2>Tranconcreto: um manifesto para al\u00e9m do concreto.<\/h2>\n<p>Com a consci\u00eancia do significado e sentido de sua obra, gerada pelo distanciamento e confrontamento propiciado pela viagem \u00e0 Europa em 93, <strong>Odilon Cavalcanti<\/strong> coloca seus valores culturais e pict\u00f3ricos em 11 frases e 11 pequenas pinturas s\/ papel que sintetizam seu pensamento pl\u00e1stico em um pequeno caderno que orienta seu <strong>Projeto Manifesto Transconcreto<\/strong> que \u00e9 editado duas vezes em <strong><em>outdoors<\/em><\/strong> pintados \u00e0 m\u00e3o: nas ruas do Recife no ver\u00e3o de 1984 e em uma avenida de S\u00e3o Paulo no inverno de 1985, com 22 outdoors pintados e montados \u00e0 m\u00e3o pelo artista.22 como 22 s\u00e3o as opera\u00e7\u00f5es da Opus Magna!<\/p>\n<p>Observe-se que a s\u00e9rie \u00e9 construida pela desconstru\u00e7\u00e3o da figura de uma letra pintada em ouro sobre o fundo da obra. Em conjunto as letras formam tr\u00eas palavras de uma frase: E-U\u00a0 Q-U-E-R-0\u00a0 I-S-T-O, o &#8220;<em>fiat lux&#8221;<\/em> da cria\u00e7\u00e3o:<\/p>\n<p>Na vers\u00e3o 2 formam a frase: &#8220;QUERO ISTO A\u00cd&#8221; (sujeito oculto), e o texto retificado nas obras finais:<\/p>\n<p><strong>EU <\/strong>(Identidade) &#8211; <strong>QUERO <\/strong>(Perspectiva) &#8211; <strong>ISTO <\/strong>(Ess\u00eancia).<\/p>\n<p>Abaixo, as onze pequenas pinturas da 2a\u00a0 edi\u00e7\u00e3o do caderno, ilustrando sua frase correspondente (a primeira vers\u00e3o foi perdida na Cidade do Rio de Janeiro,\u00a0 em fins de 1984 ) e o texto do manifesto, al\u00e9m da fortuna cr\u00edtica:<\/p>\n<p><strong>Manifesto Transconcreto:<\/strong><\/p>\n<p>&nbsp;<\/p>\n<p style=\"text-align: right;\"><img loading=\"lazy\" decoding=\"async\" class=\"alignnone size-medium wp-image-546\" src=\"http:\/\/169.57.129.238\/~odilonca\/wp-content\/uploads\/2017\/02\/1377988_10202200117186483_2045230269_n-300x232.jpg\" alt=\"\" width=\"300\" height=\"232\" srcset=\"https:\/\/odiloncavalcanti.art.br\/wp-content\/uploads\/2017\/02\/1377988_10202200117186483_2045230269_n-300x232.jpg 300w, https:\/\/odiloncavalcanti.art.br\/wp-content\/uploads\/2017\/02\/1377988_10202200117186483_2045230269_n-768x594.jpg 768w, https:\/\/odiloncavalcanti.art.br\/wp-content\/uploads\/2017\/02\/1377988_10202200117186483_2045230269_n-1024x792.jpg 1024w, https:\/\/odiloncavalcanti.art.br\/wp-content\/uploads\/2017\/02\/1377988_10202200117186483_2045230269_n.jpg 1204w\" sizes=\"auto, (max-width: 300px) 100vw, 300px\" \/>Quero uma arte de equil\u00edbrio entre pensamento, emo\u00e7\u00e3o e a\u00e7\u00e3o.<\/p>\n<p style=\"text-align: right;\"><img loading=\"lazy\" decoding=\"async\" class=\"alignnone size-medium wp-image-544\" src=\"http:\/\/169.57.129.238\/~odilonca\/wp-content\/uploads\/2017\/02\/1000608_10202203322026602_2135076889_n-300x251.jpg\" alt=\"\" width=\"300\" height=\"251\" srcset=\"https:\/\/odiloncavalcanti.art.br\/wp-content\/uploads\/2017\/02\/1000608_10202203322026602_2135076889_n-300x251.jpg 300w, https:\/\/odiloncavalcanti.art.br\/wp-content\/uploads\/2017\/02\/1000608_10202203322026602_2135076889_n-768x644.jpg 768w, https:\/\/odiloncavalcanti.art.br\/wp-content\/uploads\/2017\/02\/1000608_10202203322026602_2135076889_n-1024x858.jpg 1024w, https:\/\/odiloncavalcanti.art.br\/wp-content\/uploads\/2017\/02\/1000608_10202203322026602_2135076889_n.jpg 1204w\" sizes=\"auto, (max-width: 300px) 100vw, 300px\" \/>Quero a cor pura, mesmo que contaminada.<\/p>\n<p style=\"text-align: right;\"><img loading=\"lazy\" decoding=\"async\" class=\"alignnone size-medium wp-image-548\" src=\"http:\/\/169.57.129.238\/~odilonca\/wp-content\/uploads\/2017\/02\/1381512_10202207930981823_1481152581_n-300x237.jpg\" alt=\"\" width=\"300\" height=\"237\" srcset=\"https:\/\/odiloncavalcanti.art.br\/wp-content\/uploads\/2017\/02\/1381512_10202207930981823_1481152581_n-300x237.jpg 300w, https:\/\/odiloncavalcanti.art.br\/wp-content\/uploads\/2017\/02\/1381512_10202207930981823_1481152581_n-768x608.jpg 768w, https:\/\/odiloncavalcanti.art.br\/wp-content\/uploads\/2017\/02\/1381512_10202207930981823_1481152581_n-1024x811.jpg 1024w, https:\/\/odiloncavalcanti.art.br\/wp-content\/uploads\/2017\/02\/1381512_10202207930981823_1481152581_n.jpg 1204w\" sizes=\"auto, (max-width: 300px) 100vw, 300px\" \/>N\u00e3o quero a figura revelada pela luz. Quero transfigurar pela luz.<\/p>\n<p style=\"text-align: right;\"><img loading=\"lazy\" decoding=\"async\" class=\"alignnone size-medium wp-image-547\" src=\"http:\/\/169.57.129.238\/~odilonca\/wp-content\/uploads\/2017\/02\/1378309_10202296727601683_939910410_n-300x264.jpg\" alt=\"\" width=\"300\" height=\"264\" srcset=\"https:\/\/odiloncavalcanti.art.br\/wp-content\/uploads\/2017\/02\/1378309_10202296727601683_939910410_n-300x264.jpg 300w, https:\/\/odiloncavalcanti.art.br\/wp-content\/uploads\/2017\/02\/1378309_10202296727601683_939910410_n-768x676.jpg 768w, https:\/\/odiloncavalcanti.art.br\/wp-content\/uploads\/2017\/02\/1378309_10202296727601683_939910410_n-1024x902.jpg 1024w, https:\/\/odiloncavalcanti.art.br\/wp-content\/uploads\/2017\/02\/1378309_10202296727601683_939910410_n.jpg 1204w\" sizes=\"auto, (max-width: 300px) 100vw, 300px\" \/>N\u00e3o quero a forma. Quero transformar.<\/p>\n<p style=\"text-align: right;\"><img loading=\"lazy\" decoding=\"async\" class=\"alignnone size-medium wp-image-552\" src=\"http:\/\/169.57.129.238\/~odilonca\/wp-content\/uploads\/2017\/02\/1422633_10202296628159197_1559063055_n-300x252.jpg\" alt=\"\" width=\"300\" height=\"252\" srcset=\"https:\/\/odiloncavalcanti.art.br\/wp-content\/uploads\/2017\/02\/1422633_10202296628159197_1559063055_n-300x252.jpg 300w, https:\/\/odiloncavalcanti.art.br\/wp-content\/uploads\/2017\/02\/1422633_10202296628159197_1559063055_n-768x644.jpg 768w, https:\/\/odiloncavalcanti.art.br\/wp-content\/uploads\/2017\/02\/1422633_10202296628159197_1559063055_n-1024x859.jpg 1024w, https:\/\/odiloncavalcanti.art.br\/wp-content\/uploads\/2017\/02\/1422633_10202296628159197_1559063055_n.jpg 1204w\" sizes=\"auto, (max-width: 300px) 100vw, 300px\" \/>N\u00e3o quero c\u00f3digo. Quero transcodificar.<\/p>\n<p style=\"text-align: right;\"><img loading=\"lazy\" decoding=\"async\" class=\"alignnone size-medium wp-image-549\" src=\"http:\/\/169.57.129.238\/~odilonca\/wp-content\/uploads\/2017\/02\/1383696_10202296627519181_1575255107_n-300x271.jpg\" alt=\"\" width=\"300\" height=\"271\" srcset=\"https:\/\/odiloncavalcanti.art.br\/wp-content\/uploads\/2017\/02\/1383696_10202296627519181_1575255107_n-300x271.jpg 300w, https:\/\/odiloncavalcanti.art.br\/wp-content\/uploads\/2017\/02\/1383696_10202296627519181_1575255107_n-768x693.jpg 768w, https:\/\/odiloncavalcanti.art.br\/wp-content\/uploads\/2017\/02\/1383696_10202296627519181_1575255107_n-1024x924.jpg 1024w, https:\/\/odiloncavalcanti.art.br\/wp-content\/uploads\/2017\/02\/1383696_10202296627519181_1575255107_n.jpg 1294w\" sizes=\"auto, (max-width: 300px) 100vw, 300px\" \/>Quero o suporte plano. Mesmo que se projete no espa\u00e7o.<\/p>\n<p style=\"text-align: right;\"><img loading=\"lazy\" decoding=\"async\" class=\"alignnone size-medium wp-image-512\" src=\"http:\/\/169.57.129.238\/~odilonca\/wp-content\/uploads\/2017\/02\/1441313_10202296627399178_865029952_n-300x269.jpg\" alt=\"\" width=\"300\" height=\"269\" srcset=\"https:\/\/odiloncavalcanti.art.br\/wp-content\/uploads\/2017\/02\/1441313_10202296627399178_865029952_n-300x269.jpg 300w, https:\/\/odiloncavalcanti.art.br\/wp-content\/uploads\/2017\/02\/1441313_10202296627399178_865029952_n-768x689.jpg 768w, https:\/\/odiloncavalcanti.art.br\/wp-content\/uploads\/2017\/02\/1441313_10202296627399178_865029952_n-1024x919.jpg 1024w, https:\/\/odiloncavalcanti.art.br\/wp-content\/uploads\/2017\/02\/1441313_10202296627399178_865029952_n.jpg 1204w\" sizes=\"auto, (max-width: 300px) 100vw, 300px\" \/>Quero a mat\u00e9ria. S\u00f3 para transcender em esp\u00edrito.<\/p>\n<p style=\"text-align: right;\"><img loading=\"lazy\" decoding=\"async\" class=\"alignnone size-medium wp-image-551\" src=\"http:\/\/169.57.129.238\/~odilonca\/wp-content\/uploads\/2017\/02\/1393601_10202296628399203_410279129_n-300x242.jpg\" alt=\"\" width=\"300\" height=\"242\" srcset=\"https:\/\/odiloncavalcanti.art.br\/wp-content\/uploads\/2017\/02\/1393601_10202296628399203_410279129_n-300x242.jpg 300w, https:\/\/odiloncavalcanti.art.br\/wp-content\/uploads\/2017\/02\/1393601_10202296628399203_410279129_n-768x621.jpg 768w, https:\/\/odiloncavalcanti.art.br\/wp-content\/uploads\/2017\/02\/1393601_10202296628399203_410279129_n-1024x828.jpg 1024w, https:\/\/odiloncavalcanti.art.br\/wp-content\/uploads\/2017\/02\/1393601_10202296628399203_410279129_n.jpg 1204w\" sizes=\"auto, (max-width: 300px) 100vw, 300px\" \/>Quero uma arte libert\u00e1ria: do homem para o homem.<\/p>\n<p style=\"text-align: right;\"><img loading=\"lazy\" decoding=\"async\" class=\"alignnone size-medium wp-image-545\" src=\"http:\/\/169.57.129.238\/~odilonca\/wp-content\/uploads\/2017\/02\/1148830_10202296627039169_796276084_n-300x259.jpg\" alt=\"\" width=\"300\" height=\"259\" srcset=\"https:\/\/odiloncavalcanti.art.br\/wp-content\/uploads\/2017\/02\/1148830_10202296627039169_796276084_n-300x259.jpg 300w, https:\/\/odiloncavalcanti.art.br\/wp-content\/uploads\/2017\/02\/1148830_10202296627039169_796276084_n-768x662.jpg 768w, https:\/\/odiloncavalcanti.art.br\/wp-content\/uploads\/2017\/02\/1148830_10202296627039169_796276084_n-1024x883.jpg 1024w, https:\/\/odiloncavalcanti.art.br\/wp-content\/uploads\/2017\/02\/1148830_10202296627039169_796276084_n.jpg 1204w\" sizes=\"auto, (max-width: 300px) 100vw, 300px\" \/>Quero transitar entre a constru\u00e7\u00e3o e a desconstru\u00e7\u00e3o,<\/p>\n<p style=\"text-align: right;\"><img loading=\"lazy\" decoding=\"async\" class=\"alignnone size-medium wp-image-542\" src=\"http:\/\/169.57.129.238\/~odilonca\/wp-content\/uploads\/2017\/02\/1425625_10202296628319201_2044329757_n-300x242.jpg\" alt=\"\" width=\"300\" height=\"242\" srcset=\"https:\/\/odiloncavalcanti.art.br\/wp-content\/uploads\/2017\/02\/1425625_10202296628319201_2044329757_n-300x242.jpg 300w, https:\/\/odiloncavalcanti.art.br\/wp-content\/uploads\/2017\/02\/1425625_10202296628319201_2044329757_n-768x621.jpg 768w, https:\/\/odiloncavalcanti.art.br\/wp-content\/uploads\/2017\/02\/1425625_10202296628319201_2044329757_n-1024x828.jpg 1024w, https:\/\/odiloncavalcanti.art.br\/wp-content\/uploads\/2017\/02\/1425625_10202296628319201_2044329757_n.jpg 1204w\" sizes=\"auto, (max-width: 300px) 100vw, 300px\" \/>Quero transitar entre o inconsciente e o consciente.<\/p>\n<p style=\"text-align: right;\"><img loading=\"lazy\" decoding=\"async\" class=\"alignnone size-medium wp-image-550\" src=\"http:\/\/169.57.129.238\/~odilonca\/wp-content\/uploads\/2017\/02\/1391789_10202296628279200_1873826060_n-300x248.jpg\" alt=\"\" width=\"300\" height=\"248\" srcset=\"https:\/\/odiloncavalcanti.art.br\/wp-content\/uploads\/2017\/02\/1391789_10202296628279200_1873826060_n-300x248.jpg 300w, https:\/\/odiloncavalcanti.art.br\/wp-content\/uploads\/2017\/02\/1391789_10202296628279200_1873826060_n-768x635.jpg 768w, https:\/\/odiloncavalcanti.art.br\/wp-content\/uploads\/2017\/02\/1391789_10202296628279200_1873826060_n-1024x846.jpg 1024w, https:\/\/odiloncavalcanti.art.br\/wp-content\/uploads\/2017\/02\/1391789_10202296628279200_1873826060_n.jpg 1204w\" sizes=\"auto, (max-width: 300px) 100vw, 300px\" \/>Neste fim de s\u00e9culo, quando o tempo tende a zero, quero apenas a eternidade.<\/p>\n<p>&nbsp;<\/p><\/blockquote>\n<p style=\"text-align: right;\">S\u00e3o Paulo, dezembro de 1993.<\/p>\n<p style=\"text-align: right;\"><strong><a href=\"http:\/\/www.odiloncavalcanti.art.br\/exposicoes-individuais\/\">VOLTA<\/a><\/strong><\/p>\n","protected":false},"excerpt":{"rendered":"<p>Tranconcreto: um manifesto para al\u00e9m do concreto. Com a consci\u00eancia do significado e sentido de sua obra, gerada pelo distanciamento e confrontamento propiciado pela viagem \u00e0 Europa em 93, Odilon Cavalcanti coloca seus valores culturais e pict\u00f3ricos em 11 frases e 11 pequenas pinturas s\/ papel que sintetizam seu pensamento pl\u00e1stico em um pequeno caderno &hellip; <\/p>\n<p class=\"link-more\"><a href=\"https:\/\/odiloncavalcanti.art.br\/fr\/transconcreto-um-manifesto-no-recife\/\" class=\"more-link\">Continue reading<span class=\"screen-reader-text\"> &#8220;Transconcreto: um manifesto no Recife.&#8221;<\/span><\/a><\/p>\n","protected":false},"author":1,"featured_media":512,"parent":0,"menu_order":0,"comment_status":"closed","ping_status":"closed","template":"","meta":{"footnotes":""},"class_list":["post-533","page","type-page","status-publish","has-post-thumbnail","hentry"],"translation":{"provider":"WPGlobus","version":"3.0.1","language":"fr","enabled_languages":["en","es","de","fr","ru"],"languages":{"en":{"title":true,"content":true,"excerpt":false},"es":{"title":false,"content":false,"excerpt":false},"de":{"title":false,"content":false,"excerpt":false},"fr":{"title":false,"content":false,"excerpt":false},"ru":{"title":false,"content":false,"excerpt":false}}},"yoast_head":"<!-- This site is optimized with the Yoast SEO plugin v27.2 - https:\/\/yoast.com\/product\/yoast-seo-wordpress\/ -->\n<title>Transconcreto: um manifesto no Recife.<\/title>\n<meta name=\"robots\" content=\"index, follow, max-snippet:-1, max-image-preview:large, max-video-preview:-1\" \/>\n<link rel=\"canonical\" href=\"https:\/\/odiloncavalcanti.art.br\/transconcreto-um-manifesto-no-recife\/\" \/>\n<meta property=\"og:locale\" content=\"fr_FR\" \/>\n<meta property=\"og:type\" content=\"article\" \/>\n<meta property=\"og:title\" content=\"Transconcreto: um manifesto no Recife. - Odilon Cavalcanti\" \/>\n<meta property=\"og:url\" content=\"https:\/\/odiloncavalcanti.art.br\/transconcreto-um-manifesto-no-recife\/\" \/>\n<meta property=\"og:site_name\" content=\"Odilon Cavalcanti\" \/>\n<meta property=\"article:publisher\" content=\"https:\/\/www.facebook.com\/AtelierOdilonCavalcanti\/\" \/>\n<meta property=\"article:modified_time\" content=\"2017-04-03T16:05:15+00:00\" \/>\n<meta property=\"og:image\" content=\"https:\/\/odiloncavalcanti.art.br\/wp-content\/uploads\/2017\/02\/1441313_10202296627399178_865029952_n.jpg\" \/>\n\t<meta property=\"og:image:width\" content=\"1204\" \/>\n\t<meta property=\"og:image:height\" content=\"1080\" \/>\n\t<meta property=\"og:image:type\" content=\"image\/jpeg\" \/>\n<meta name=\"twitter:card\" content=\"summary_large_image\" \/>\n<meta name=\"twitter:site\" content=\"@odilonk\" \/>\n<meta name=\"twitter:label1\" content=\"Est. reading time\" \/>\n\t<meta name=\"twitter:data1\" content=\"2 minutes\" \/>\n<script type=\"application\/ld+json\" class=\"yoast-schema-graph\">{\"@context\":\"https:\/\/schema.org\",\"@graph\":[{\"@type\":\"WebPage\",\"@id\":\"https:\/\/odiloncavalcanti.art.br\/transconcreto-um-manifesto-no-recife\/\",\"url\":\"https:\/\/odiloncavalcanti.art.br\/transconcreto-um-manifesto-no-recife\/\",\"name\":\"Transconcreto: um manifesto no Recife.\",\"isPartOf\":{\"@id\":\"http:\/\/odiloncavalcanti.art.br\/#website\"},\"primaryImageOfPage\":{\"@id\":\"https:\/\/odiloncavalcanti.art.br\/transconcreto-um-manifesto-no-recife\/#primaryimage\"},\"image\":{\"@id\":\"https:\/\/odiloncavalcanti.art.br\/transconcreto-um-manifesto-no-recife\/#primaryimage\"},\"thumbnailUrl\":\"https:\/\/odiloncavalcanti.art.br\/wp-content\/uploads\/2017\/02\/1441313_10202296627399178_865029952_n.jpg\",\"datePublished\":\"2017-02-11T14:20:42+00:00\",\"dateModified\":\"2017-04-03T16:05:15+00:00\",\"description\":\"Transconcreto: mostra um manifesto criado e realizado por Odilon Cavalcanti no Recife em 1994, como uma declara\u00e7\u00e3o de inten\u00e7\u00e3o sobre sua obra.\",\"breadcrumb\":{\"@id\":\"https:\/\/odiloncavalcanti.art.br\/transconcreto-um-manifesto-no-recife\/#breadcrumb\"},\"inLanguage\":\"fr-FR\",\"potentialAction\":[{\"@type\":\"ReadAction\",\"target\":[\"https:\/\/odiloncavalcanti.art.br\/transconcreto-um-manifesto-no-recife\/\"]}]},{\"@type\":\"ImageObject\",\"inLanguage\":\"fr-FR\",\"@id\":\"https:\/\/odiloncavalcanti.art.br\/transconcreto-um-manifesto-no-recife\/#primaryimage\",\"url\":\"https:\/\/odiloncavalcanti.art.br\/wp-content\/uploads\/2017\/02\/1441313_10202296627399178_865029952_n.jpg\",\"contentUrl\":\"https:\/\/odiloncavalcanti.art.br\/wp-content\/uploads\/2017\/02\/1441313_10202296627399178_865029952_n.jpg\",\"width\":1204,\"height\":1080,\"caption\":\"\u201cA Mat\u00e9ria\u201d acr\u00edlica e pastel s\/ papel 100% cotton 10x15cm 1993\"},{\"@type\":\"BreadcrumbList\",\"@id\":\"https:\/\/odiloncavalcanti.art.br\/transconcreto-um-manifesto-no-recife\/#breadcrumb\",\"itemListElement\":[{\"@type\":\"ListItem\",\"position\":1,\"name\":\"In\u00edcio\",\"item\":\"http:\/\/odiloncavalcanti.art.br\/\"},{\"@type\":\"ListItem\",\"position\":2,\"name\":\"Transconcreto: um manifesto no Recife.\"}]},{\"@type\":\"WebSite\",\"@id\":\"http:\/\/odiloncavalcanti.art.br\/#website\",\"url\":\"http:\/\/odiloncavalcanti.art.br\/\",\"name\":\"Odilon Cavalcanti\",\"description\":\"Um espelho da alquimia da Arte.\",\"potentialAction\":[{\"@type\":\"SearchAction\",\"target\":{\"@type\":\"EntryPoint\",\"urlTemplate\":\"http:\/\/odiloncavalcanti.art.br\/?s={search_term_string}\"},\"query-input\":{\"@type\":\"PropertyValueSpecification\",\"valueRequired\":true,\"valueName\":\"search_term_string\"}}],\"inLanguage\":\"fr-FR\"}]}<\/script>\n<!-- \/ Yoast SEO plugin. -->","yoast_head_json":{"title":"Transconcreto: um manifesto no Recife.","robots":{"index":"index","follow":"follow","max-snippet":"max-snippet:-1","max-image-preview":"max-image-preview:large","max-video-preview":"max-video-preview:-1"},"canonical":"https:\/\/odiloncavalcanti.art.br\/transconcreto-um-manifesto-no-recife\/","og_locale":"fr_FR","og_type":"article","og_title":"Transconcreto: um manifesto no Recife. - Odilon Cavalcanti","og_url":"https:\/\/odiloncavalcanti.art.br\/transconcreto-um-manifesto-no-recife\/","og_site_name":"Odilon Cavalcanti","article_publisher":"https:\/\/www.facebook.com\/AtelierOdilonCavalcanti\/","article_modified_time":"2017-04-03T16:05:15+00:00","og_image":[{"width":1204,"height":1080,"url":"https:\/\/odiloncavalcanti.art.br\/wp-content\/uploads\/2017\/02\/1441313_10202296627399178_865029952_n.jpg","type":"image\/jpeg"}],"twitter_card":"summary_large_image","twitter_site":"@odilonk","twitter_misc":{"Est. reading time":"2 minutes"},"schema":{"@context":"https:\/\/schema.org","@graph":[{"@type":"WebPage","@id":"https:\/\/odiloncavalcanti.art.br\/transconcreto-um-manifesto-no-recife\/","url":"https:\/\/odiloncavalcanti.art.br\/transconcreto-um-manifesto-no-recife\/","name":"Transconcreto: um manifesto no Recife.","isPartOf":{"@id":"http:\/\/odiloncavalcanti.art.br\/#website"},"primaryImageOfPage":{"@id":"https:\/\/odiloncavalcanti.art.br\/transconcreto-um-manifesto-no-recife\/#primaryimage"},"image":{"@id":"https:\/\/odiloncavalcanti.art.br\/transconcreto-um-manifesto-no-recife\/#primaryimage"},"thumbnailUrl":"https:\/\/odiloncavalcanti.art.br\/wp-content\/uploads\/2017\/02\/1441313_10202296627399178_865029952_n.jpg","datePublished":"2017-02-11T14:20:42+00:00","dateModified":"2017-04-03T16:05:15+00:00","description":"Transconcreto: mostra um manifesto criado e realizado por Odilon Cavalcanti no Recife em 1994, como uma declara\u00e7\u00e3o de inten\u00e7\u00e3o sobre sua obra.","breadcrumb":{"@id":"https:\/\/odiloncavalcanti.art.br\/transconcreto-um-manifesto-no-recife\/#breadcrumb"},"inLanguage":"fr-FR","potentialAction":[{"@type":"ReadAction","target":["https:\/\/odiloncavalcanti.art.br\/transconcreto-um-manifesto-no-recife\/"]}]},{"@type":"ImageObject","inLanguage":"fr-FR","@id":"https:\/\/odiloncavalcanti.art.br\/transconcreto-um-manifesto-no-recife\/#primaryimage","url":"https:\/\/odiloncavalcanti.art.br\/wp-content\/uploads\/2017\/02\/1441313_10202296627399178_865029952_n.jpg","contentUrl":"https:\/\/odiloncavalcanti.art.br\/wp-content\/uploads\/2017\/02\/1441313_10202296627399178_865029952_n.jpg","width":1204,"height":1080,"caption":"\u201cA Mat\u00e9ria\u201d acr\u00edlica e pastel s\/ papel 100% cotton 10x15cm 1993"},{"@type":"BreadcrumbList","@id":"https:\/\/odiloncavalcanti.art.br\/transconcreto-um-manifesto-no-recife\/#breadcrumb","itemListElement":[{"@type":"ListItem","position":1,"name":"In\u00edcio","item":"http:\/\/odiloncavalcanti.art.br\/"},{"@type":"ListItem","position":2,"name":"Transconcreto: um manifesto no Recife."}]},{"@type":"WebSite","@id":"http:\/\/odiloncavalcanti.art.br\/#website","url":"http:\/\/odiloncavalcanti.art.br\/","name":"Odilon Cavalcanti","description":"Um espelho da alquimia da Arte.","potentialAction":[{"@type":"SearchAction","target":{"@type":"EntryPoint","urlTemplate":"http:\/\/odiloncavalcanti.art.br\/?s={search_term_string}"},"query-input":{"@type":"PropertyValueSpecification","valueRequired":true,"valueName":"search_term_string"}}],"inLanguage":"fr-FR"}]}},"jetpack_sharing_enabled":true,"_links":{"self":[{"href":"https:\/\/odiloncavalcanti.art.br\/fr\/wp-json\/wp\/v2\/pages\/533","targetHints":{"allow":["GET"]}}],"collection":[{"href":"https:\/\/odiloncavalcanti.art.br\/fr\/wp-json\/wp\/v2\/pages"}],"about":[{"href":"https:\/\/odiloncavalcanti.art.br\/fr\/wp-json\/wp\/v2\/types\/page"}],"author":[{"embeddable":true,"href":"https:\/\/odiloncavalcanti.art.br\/fr\/wp-json\/wp\/v2\/users\/1"}],"replies":[{"embeddable":true,"href":"https:\/\/odiloncavalcanti.art.br\/fr\/wp-json\/wp\/v2\/comments?post=533"}],"version-history":[{"count":14,"href":"https:\/\/odiloncavalcanti.art.br\/fr\/wp-json\/wp\/v2\/pages\/533\/revisions"}],"predecessor-version":[{"id":1171,"href":"https:\/\/odiloncavalcanti.art.br\/fr\/wp-json\/wp\/v2\/pages\/533\/revisions\/1171"}],"wp:featuredmedia":[{"embeddable":true,"href":"https:\/\/odiloncavalcanti.art.br\/fr\/wp-json\/wp\/v2\/media\/512"}],"wp:attachment":[{"href":"https:\/\/odiloncavalcanti.art.br\/fr\/wp-json\/wp\/v2\/media?parent=533"}],"curies":[{"name":"wp","href":"https:\/\/api.w.org\/{rel}","templated":true}]}}