{"id":42,"date":"2017-01-25T13:00:49","date_gmt":"2017-01-25T15:00:49","guid":{"rendered":"http:\/\/169.57.129.238\/~odilonca\/?page_id=42"},"modified":"2025-08-30T14:11:25","modified_gmt":"2025-08-30T17:11:25","slug":"exposicoes-coletivas-colecoes-e-projetos","status":"publish","type":"page","link":"https:\/\/odiloncavalcanti.art.br\/fr\/odilon-cavalcanti-a-obra-o-artista-o-atelier-uma-leitura-alquimica\/exposicoes-coletivas-colecoes-e-projetos\/","title":{"rendered":"Cole\u00e7\u00f5es &#038; Projetos:"},"content":{"rendered":"\n<h2 class=\"wp-block-heading has-large-font-size\">Cole\u00e7\u00f5es e Projetos :                                        <\/h2>\n\n\n\n<p class=\"has-large-font-size\">a segmenta\u00e7\u00e3o que ajuda a entender a origem&nbsp; concreta da obra de Odilon Cavalcanti.<\/p>\n\n\n\n<pre class=\"wp-block-preformatted\">Navegue nos links clicando abaixo<\/pre>\n\n\n\n<p class=\"has-medium-font-size\">COLE\u00c7\u00d5ES<\/p>\n\n\n\n<div class=\"wp-block-group\"><div class=\"wp-block-group__inner-container is-layout-constrained wp-block-group-is-layout-constrained\">\n<p class=\"has-medium-font-size\"><strong><a href=\"Acervo:\">Acervo:<\/a><\/strong><\/p>\n\n\n\n<figure class=\"wp-block-image size-large\"><a href=\"http:\/\/odiloncavalcanti.art.br\/acervo\/\"><img decoding=\"async\" src=\"http:\/\/odiloncavalcanti.art.br\/wp-content\/uploads\/2017\/02\/Conteudo2.jpg\" alt=\"\"\/><\/a><\/figure>\n<\/div><\/div>\n\n\n\n<p class=\"has-medium-font-size\"><a href=\"Fotografias:\"><strong>Fotografia<\/strong>s:<\/a><\/p>\n\n\n\n<figure class=\"wp-block-image size-large\"><a href=\"http:\/\/odiloncavalcanti.art.br\/odilon-cavalcanti-a-obra-o-artista-o-atelier-uma-leitura-alquimica\/exposicoes-coletivas-colecoes-e-projetos\/fotografia\/\"><img decoding=\"async\" src=\"http:\/\/odiloncavalcanti.art.br\/wp-content\/uploads\/2019\/09\/IMG_8694-copy.jpg\" alt=\"\"\/><\/a><\/figure>\n\n\n\n<p class=\"has-medium-font-size\"><strong><a href=\"http:\/\/odiloncavalcanti.art.br\/paineis-ceramicos\/\">Pain\u00e9is Cer\u00e2micos:<\/a><\/strong><\/p>\n\n\n\n<figure class=\"wp-block-image size-large\"><a href=\"http:\/\/odiloncavalcanti.art.br\/paineis-ceramicos\/\"><img decoding=\"async\" src=\"http:\/\/odiloncavalcanti.art.br\/wp-content\/uploads\/2017\/01\/IMG_4018.jpg\" alt=\"\"\/><\/a><\/figure>\n\n\n\n<p class=\"has-medium-font-size\"><strong><a href=\"http:\/\/odiloncavalcanti.art.br\/grande-telas-e-formatos\/\">Grandes Formatos:<\/a><\/strong><\/p>\n\n\n\n<figure class=\"wp-block-image size-large is-resized\"><a href=\"http:\/\/odiloncavalcanti.art.br\/grande-telas-e-formatos\/\"><img decoding=\"async\" src=\"http:\/\/odiloncavalcanti.art.br\/wp-content\/uploads\/2017\/09\/17795735_1337602686328694_773762365780784229_n.jpg\" alt=\"\" style=\"width:444px;height:auto\"\/><\/a><\/figure>\n\n\n\n<p class=\"has-medium-font-size\"><strong><a href=\"http:\/\/odiloncavalcanti.art.br\/o-universo-nu\">Universo Nu:<\/a><\/strong><\/p>\n\n\n\n<figure class=\"wp-block-image size-large\"><a href=\"http:\/\/odiloncavalcanti.art.br\/o-universo-nu\"><img decoding=\"async\" src=\"http:\/\/odiloncavalcanti.art.br\/wp-content\/uploads\/2017\/02\/img117-1.jpg\" alt=\"\"\/><\/a><\/figure>\n\n\n\n<p class=\"has-medium-font-size\"><strong>Suite <a href=\"http:\/\/odiloncavalcanti.art.br\/suite-marseille\/\">Marselle<\/a>:<\/strong><\/p>\n\n\n\n<figure class=\"wp-block-image size-large\"><a href=\"http:\/\/odiloncavalcanti.art.br\/suite-marseille\/\"><img decoding=\"async\" src=\"http:\/\/odiloncavalcanti.art.br\/wp-content\/uploads\/2017\/02\/img098.jpg\" alt=\"\"\/><\/a><\/figure>\n\n\n\n<p class=\"has-medium-font-size\"><strong><a href=\"http:\/\/odiloncavalcanti.art.br\/trajetoria\/\">Cole\u00e7\u00e3o Trajet\u00f3ria:<\/a><\/strong><\/p>\n\n\n\n<p class=\"has-medium-font-size\"><\/p>\n\n\n\n<figure class=\"wp-block-image size-large\"><a href=\"http:\/\/odiloncavalcanti.art.br\/trajetoria\/\"><img decoding=\"async\" src=\"http:\/\/odiloncavalcanti.art.br\/wp-content\/uploads\/2017\/03\/Scanner_20170302.jpg\" alt=\"\"\/><\/a><\/figure>\n\n\n\n<p class=\"has-medium-font-size\"><strong><a href=\"http:\/\/odiloncavalcanti.art.br\/odilon-cavalcanti-a-obra-o-artista-o-atelier-uma-leitura-alquimica\/exposicoes-coletivas-colecoes-e-projetos\/colecao-sulamerica\/\">Cole\u00e7\u00e3o Sul Am\u00e9rica:<\/a><\/strong><\/p>\n\n\n\n<figure class=\"wp-block-image size-large\"><a href=\"http:\/\/odiloncavalcanti.art.br\/odilon-cavalcanti-a-obra-o-artista-o-atelier-uma-leitura-alquimica\/exposicoes-coletivas-colecoes-e-projetos\/colecao-sulamerica\/\"><img decoding=\"async\" src=\"http:\/\/odiloncavalcanti.art.br\/wp-content\/uploads\/2017\/02\/p3.jpg\" alt=\"\"\/><\/a><\/figure>\n\n\n\n<p class=\"has-medium-font-size\"><strong><a href=\"http:\/\/odiloncavalcanti.art.br\/colecao-alquimica\">Cole\u00e7\u00e3o Alqu\u00edmica:<\/a><\/strong><\/p>\n\n\n\n<figure class=\"wp-block-image size-large\"><a href=\"http:\/\/odiloncavalcanti.art.br\/colecao-alquimica\/\"><img decoding=\"async\" src=\"http:\/\/odiloncavalcanti.art.br\/wp-content\/uploads\/2017\/02\/alq.9.jpg\" alt=\"\"\/><\/a><\/figure>\n\n\n\n<p class=\"has-medium-font-size\"><strong><a href=\"http:\/\/odiloncavalcanti.art.br\/esculturas-objetos-instalacoes\/\">Esculturas e Objetos:<\/a><\/strong><\/p>\n\n\n\n<figure class=\"wp-block-image size-large\"><a href=\"http:\/\/odiloncavalcanti.art.br\/esculturas-objetos-instalacoes\/\"><img decoding=\"async\" src=\"http:\/\/odiloncavalcanti.art.br\/wp-content\/uploads\/2017\/03\/IMG_6550-copy.jpg\" alt=\"\"\/><\/a><\/figure>\n\n\n\n<p class=\"has-medium-font-size\">PROJETOS:<\/p>\n\n\n\n<p class=\"has-medium-font-size\"><strong>Projeto Pegasus:<\/strong><\/p>\n\n\n\n<figure class=\"wp-block-image size-large\"><img decoding=\"async\" src=\"http:\/\/odiloncavalcanti.art.br\/wp-content\/uploads\/2017\/01\/pegasus.jpg\" alt=\"\"\/><\/figure>\n\n\n\n<p class=\"has-medium-font-size\"><strong><a href=\"http:\/\/odiloncavalcanti.art.br\/estetica\/\">Projeto Est\u00e9tica de Resist\u00eancia:<\/a><\/strong><\/p>\n\n\n\n<figure class=\"wp-block-image size-large\"><img decoding=\"async\" src=\"http:\/\/odiloncavalcanti.art.br\/wp-content\/uploads\/2017\/03\/capa.jpg\" alt=\"\"\/><\/figure>\n\n\n\n<p class=\"has-medium-font-size\"><strong>Projeto  Le H\u00f2rs L\u00e1 \/ Nordeste do Brasil\/ Marselha<\/strong>:<\/p>\n\n\n\n\n\n<figure class=\"wp-block-image size-large\"><img decoding=\"async\" src=\"http:\/\/odiloncavalcanti.art.br\/wp-content\/uploads\/2017\/02\/pintura-circular.jpg\" alt=\"\"\/><\/figure>\n\n\n\n<p class=\"has-large-font-size\">Odilon Cavalcanti criou, participou e desenvolveu muitos outros Projetos com centralidade em arte, mas que dado seu car\u00e1ter social ser\u00e3o apresentados , neste site, na tag &#8220;Cidadania&#8221;.<\/p>\n\n\n\n<p><\/p>\n","protected":false},"excerpt":{"rendered":"<p>Cole\u00e7\u00f5es e Projetos : a segmenta\u00e7\u00e3o que ajuda a entender a origem&nbsp; concreta da obra de Odilon Cavalcanti. Navegue nos links clicando abaixo COLE\u00c7\u00d5ES Acervo: Fotografias: Pain\u00e9is Cer\u00e2micos: Grandes Formatos: Universo Nu: Suite Marselle: Cole\u00e7\u00e3o Trajet\u00f3ria: Cole\u00e7\u00e3o Sul Am\u00e9rica: Cole\u00e7\u00e3o Alqu\u00edmica: Esculturas e Objetos: PROJETOS: Projeto Pegasus: Projeto Est\u00e9tica de Resist\u00eancia: Projeto Le H\u00f2rs L\u00e1 &hellip; <\/p>\n<p class=\"link-more\"><a href=\"https:\/\/odiloncavalcanti.art.br\/fr\/odilon-cavalcanti-a-obra-o-artista-o-atelier-uma-leitura-alquimica\/exposicoes-coletivas-colecoes-e-projetos\/\" class=\"more-link\">Continue reading<span class=\"screen-reader-text\"> &#8220;Cole\u00e7\u00f5es &#038; Projetos:&#8221;<\/span><\/a><\/p>\n","protected":false},"author":1,"featured_media":90,"parent":38,"menu_order":0,"comment_status":"closed","ping_status":"closed","template":"","meta":{"footnotes":""},"class_list":["post-42","page","type-page","status-publish","has-post-thumbnail","hentry"],"translation":{"provider":"WPGlobus","version":"3.0.1","language":"fr","enabled_languages":["en","es","de","fr","ru"],"languages":{"en":{"title":true,"content":true,"excerpt":false},"es":{"title":false,"content":false,"excerpt":false},"de":{"title":false,"content":false,"excerpt":false},"fr":{"title":false,"content":false,"excerpt":false},"ru":{"title":false,"content":false,"excerpt":false}}},"yoast_head":"<!-- This site is optimized with the Yoast SEO plugin v27.2 - https:\/\/yoast.com\/product\/yoast-seo-wordpress\/ -->\n<title>Exposi\u00e7\u00f5es Coletivas, Cole\u00e7\u00f5es e Projetos: o que ajuda a entender a obra concreta de Odilon Cavalcanti.<\/title>\n<meta name=\"robots\" content=\"index, follow, max-snippet:-1, max-image-preview:large, max-video-preview:-1\" \/>\n<link rel=\"canonical\" href=\"http:\/\/odiloncavalcanti.art.br\/fr\/odilon-cavalcanti-a-obra-o-artista-o-atelier-uma-leitura-alquimica\/exposicoes-coletivas-colecoes-e-projetos\/\" \/>\n<meta property=\"og:locale\" content=\"fr_FR\" \/>\n<meta property=\"og:type\" content=\"article\" \/>\n<meta property=\"og:title\" content=\"Cole\u00e7\u00f5es &amp; Projetos: - Odilon Cavalcanti\" \/>\n<meta property=\"og:url\" content=\"http:\/\/odiloncavalcanti.art.br\/fr\/odilon-cavalcanti-a-obra-o-artista-o-atelier-uma-leitura-alquimica\/exposicoes-coletivas-colecoes-e-projetos\/\" \/>\n<meta property=\"og:site_name\" content=\"Odilon Cavalcanti\" \/>\n<meta property=\"article:publisher\" content=\"https:\/\/www.facebook.com\/AtelierOdilonCavalcanti\/\" \/>\n<meta property=\"article:modified_time\" content=\"2025-08-30T17:11:25+00:00\" \/>\n<meta property=\"og:image\" content=\"http:\/\/odiloncavalcanti.art.br\/wp-content\/uploads\/2017\/01\/10628165_10204891692314179_7129293861198009050_n.jpg\" \/>\n\t<meta property=\"og:image:width\" content=\"960\" \/>\n\t<meta property=\"og:image:height\" content=\"463\" \/>\n\t<meta property=\"og:image:type\" content=\"image\/jpeg\" \/>\n<meta name=\"twitter:card\" content=\"summary_large_image\" \/>\n<meta name=\"twitter:site\" content=\"@odilonk\" \/>\n<meta name=\"twitter:label1\" content=\"Est. reading time\" \/>\n\t<meta name=\"twitter:data1\" content=\"4 minutes\" \/>\n<script type=\"application\/ld+json\" class=\"yoast-schema-graph\">{\"@context\":\"https:\/\/schema.org\",\"@graph\":[{\"@type\":\"WebPage\",\"@id\":\"http:\/\/odiloncavalcanti.art.br\/fr\/odilon-cavalcanti-a-obra-o-artista-o-atelier-uma-leitura-alquimica\/exposicoes-coletivas-colecoes-e-projetos\/\",\"url\":\"http:\/\/odiloncavalcanti.art.br\/fr\/odilon-cavalcanti-a-obra-o-artista-o-atelier-uma-leitura-alquimica\/exposicoes-coletivas-colecoes-e-projetos\/\",\"name\":\"Exposi\u00e7\u00f5es Coletivas, Cole\u00e7\u00f5es e Projetos: o que ajuda a entender a obra concreta de Odilon Cavalcanti.\",\"isPartOf\":{\"@id\":\"http:\/\/odiloncavalcanti.art.br\/#website\"},\"primaryImageOfPage\":{\"@id\":\"http:\/\/odiloncavalcanti.art.br\/fr\/odilon-cavalcanti-a-obra-o-artista-o-atelier-uma-leitura-alquimica\/exposicoes-coletivas-colecoes-e-projetos\/#primaryimage\"},\"image\":{\"@id\":\"http:\/\/odiloncavalcanti.art.br\/fr\/odilon-cavalcanti-a-obra-o-artista-o-atelier-uma-leitura-alquimica\/exposicoes-coletivas-colecoes-e-projetos\/#primaryimage\"},\"thumbnailUrl\":\"https:\/\/odiloncavalcanti.art.br\/wp-content\/uploads\/2017\/01\/10628165_10204891692314179_7129293861198009050_n.jpg\",\"datePublished\":\"2017-01-25T15:00:49+00:00\",\"dateModified\":\"2025-08-30T17:11:25+00:00\",\"description\":\"Uma vis\u00e3o das Exposi\u00e7\u00f5es coletivas, cole\u00e7\u00f5es e Projetos que o auxiliam o entendimento da obra, as coletivas das quais participou\",\"breadcrumb\":{\"@id\":\"http:\/\/odiloncavalcanti.art.br\/fr\/odilon-cavalcanti-a-obra-o-artista-o-atelier-uma-leitura-alquimica\/exposicoes-coletivas-colecoes-e-projetos\/#breadcrumb\"},\"inLanguage\":\"fr-FR\",\"potentialAction\":[{\"@type\":\"ReadAction\",\"target\":[\"http:\/\/odiloncavalcanti.art.br\/fr\/odilon-cavalcanti-a-obra-o-artista-o-atelier-uma-leitura-alquimica\/exposicoes-coletivas-colecoes-e-projetos\/\"]}]},{\"@type\":\"ImageObject\",\"inLanguage\":\"fr-FR\",\"@id\":\"http:\/\/odiloncavalcanti.art.br\/fr\/odilon-cavalcanti-a-obra-o-artista-o-atelier-uma-leitura-alquimica\/exposicoes-coletivas-colecoes-e-projetos\/#primaryimage\",\"url\":\"https:\/\/odiloncavalcanti.art.br\/wp-content\/uploads\/2017\/01\/10628165_10204891692314179_7129293861198009050_n.jpg\",\"contentUrl\":\"https:\/\/odiloncavalcanti.art.br\/wp-content\/uploads\/2017\/01\/10628165_10204891692314179_7129293861198009050_n.jpg\",\"width\":960,\"height\":463,\"caption\":\"Na imagem acima: \\\"Pegasus\\\" Maquete de objeto espacial. Foto de Odilon Cavalcanti\"},{\"@type\":\"BreadcrumbList\",\"@id\":\"http:\/\/odiloncavalcanti.art.br\/fr\/odilon-cavalcanti-a-obra-o-artista-o-atelier-uma-leitura-alquimica\/exposicoes-coletivas-colecoes-e-projetos\/#breadcrumb\",\"itemListElement\":[{\"@type\":\"ListItem\",\"position\":1,\"name\":\"In\u00edcio\",\"item\":\"http:\/\/odiloncavalcanti.art.br\/\"},{\"@type\":\"ListItem\",\"position\":2,\"name\":\"Cole\u00e7\u00f5es &#038; Projetos:\"}]},{\"@type\":\"WebSite\",\"@id\":\"http:\/\/odiloncavalcanti.art.br\/#website\",\"url\":\"http:\/\/odiloncavalcanti.art.br\/\",\"name\":\"Odilon Cavalcanti\",\"description\":\"Um espelho da alquimia da Arte.\",\"potentialAction\":[{\"@type\":\"SearchAction\",\"target\":{\"@type\":\"EntryPoint\",\"urlTemplate\":\"http:\/\/odiloncavalcanti.art.br\/?s={search_term_string}\"},\"query-input\":{\"@type\":\"PropertyValueSpecification\",\"valueRequired\":true,\"valueName\":\"search_term_string\"}}],\"inLanguage\":\"fr-FR\"}]}<\/script>\n<!-- \/ Yoast SEO plugin. -->","yoast_head_json":{"title":"Exposi\u00e7\u00f5es Coletivas, Cole\u00e7\u00f5es e Projetos: o que ajuda a entender a obra concreta de Odilon Cavalcanti.","robots":{"index":"index","follow":"follow","max-snippet":"max-snippet:-1","max-image-preview":"max-image-preview:large","max-video-preview":"max-video-preview:-1"},"canonical":"http:\/\/odiloncavalcanti.art.br\/fr\/odilon-cavalcanti-a-obra-o-artista-o-atelier-uma-leitura-alquimica\/exposicoes-coletivas-colecoes-e-projetos\/","og_locale":"fr_FR","og_type":"article","og_title":"Cole\u00e7\u00f5es & Projetos: - Odilon Cavalcanti","og_url":"http:\/\/odiloncavalcanti.art.br\/fr\/odilon-cavalcanti-a-obra-o-artista-o-atelier-uma-leitura-alquimica\/exposicoes-coletivas-colecoes-e-projetos\/","og_site_name":"Odilon Cavalcanti","article_publisher":"https:\/\/www.facebook.com\/AtelierOdilonCavalcanti\/","article_modified_time":"2025-08-30T17:11:25+00:00","og_image":[{"width":960,"height":463,"url":"http:\/\/odiloncavalcanti.art.br\/wp-content\/uploads\/2017\/01\/10628165_10204891692314179_7129293861198009050_n.jpg","type":"image\/jpeg"}],"twitter_card":"summary_large_image","twitter_site":"@odilonk","twitter_misc":{"Est. reading time":"4 minutes"},"schema":{"@context":"https:\/\/schema.org","@graph":[{"@type":"WebPage","@id":"http:\/\/odiloncavalcanti.art.br\/fr\/odilon-cavalcanti-a-obra-o-artista-o-atelier-uma-leitura-alquimica\/exposicoes-coletivas-colecoes-e-projetos\/","url":"http:\/\/odiloncavalcanti.art.br\/fr\/odilon-cavalcanti-a-obra-o-artista-o-atelier-uma-leitura-alquimica\/exposicoes-coletivas-colecoes-e-projetos\/","name":"Exposi\u00e7\u00f5es Coletivas, Cole\u00e7\u00f5es e Projetos: o que ajuda a entender a obra concreta de Odilon Cavalcanti.","isPartOf":{"@id":"http:\/\/odiloncavalcanti.art.br\/#website"},"primaryImageOfPage":{"@id":"http:\/\/odiloncavalcanti.art.br\/fr\/odilon-cavalcanti-a-obra-o-artista-o-atelier-uma-leitura-alquimica\/exposicoes-coletivas-colecoes-e-projetos\/#primaryimage"},"image":{"@id":"http:\/\/odiloncavalcanti.art.br\/fr\/odilon-cavalcanti-a-obra-o-artista-o-atelier-uma-leitura-alquimica\/exposicoes-coletivas-colecoes-e-projetos\/#primaryimage"},"thumbnailUrl":"https:\/\/odiloncavalcanti.art.br\/wp-content\/uploads\/2017\/01\/10628165_10204891692314179_7129293861198009050_n.jpg","datePublished":"2017-01-25T15:00:49+00:00","dateModified":"2025-08-30T17:11:25+00:00","description":"Uma vis\u00e3o das Exposi\u00e7\u00f5es coletivas, cole\u00e7\u00f5es e Projetos que o auxiliam o entendimento da obra, as coletivas das quais participou","breadcrumb":{"@id":"http:\/\/odiloncavalcanti.art.br\/fr\/odilon-cavalcanti-a-obra-o-artista-o-atelier-uma-leitura-alquimica\/exposicoes-coletivas-colecoes-e-projetos\/#breadcrumb"},"inLanguage":"fr-FR","potentialAction":[{"@type":"ReadAction","target":["http:\/\/odiloncavalcanti.art.br\/fr\/odilon-cavalcanti-a-obra-o-artista-o-atelier-uma-leitura-alquimica\/exposicoes-coletivas-colecoes-e-projetos\/"]}]},{"@type":"ImageObject","inLanguage":"fr-FR","@id":"http:\/\/odiloncavalcanti.art.br\/fr\/odilon-cavalcanti-a-obra-o-artista-o-atelier-uma-leitura-alquimica\/exposicoes-coletivas-colecoes-e-projetos\/#primaryimage","url":"https:\/\/odiloncavalcanti.art.br\/wp-content\/uploads\/2017\/01\/10628165_10204891692314179_7129293861198009050_n.jpg","contentUrl":"https:\/\/odiloncavalcanti.art.br\/wp-content\/uploads\/2017\/01\/10628165_10204891692314179_7129293861198009050_n.jpg","width":960,"height":463,"caption":"Na imagem acima: \"Pegasus\" Maquete de objeto espacial. Foto de Odilon Cavalcanti"},{"@type":"BreadcrumbList","@id":"http:\/\/odiloncavalcanti.art.br\/fr\/odilon-cavalcanti-a-obra-o-artista-o-atelier-uma-leitura-alquimica\/exposicoes-coletivas-colecoes-e-projetos\/#breadcrumb","itemListElement":[{"@type":"ListItem","position":1,"name":"In\u00edcio","item":"http:\/\/odiloncavalcanti.art.br\/"},{"@type":"ListItem","position":2,"name":"Cole\u00e7\u00f5es &#038; Projetos:"}]},{"@type":"WebSite","@id":"http:\/\/odiloncavalcanti.art.br\/#website","url":"http:\/\/odiloncavalcanti.art.br\/","name":"Odilon Cavalcanti","description":"Um espelho da alquimia da Arte.","potentialAction":[{"@type":"SearchAction","target":{"@type":"EntryPoint","urlTemplate":"http:\/\/odiloncavalcanti.art.br\/?s={search_term_string}"},"query-input":{"@type":"PropertyValueSpecification","valueRequired":true,"valueName":"search_term_string"}}],"inLanguage":"fr-FR"}]}},"jetpack_sharing_enabled":true,"_links":{"self":[{"href":"https:\/\/odiloncavalcanti.art.br\/fr\/wp-json\/wp\/v2\/pages\/42","targetHints":{"allow":["GET"]}}],"collection":[{"href":"https:\/\/odiloncavalcanti.art.br\/fr\/wp-json\/wp\/v2\/pages"}],"about":[{"href":"https:\/\/odiloncavalcanti.art.br\/fr\/wp-json\/wp\/v2\/types\/page"}],"author":[{"embeddable":true,"href":"https:\/\/odiloncavalcanti.art.br\/fr\/wp-json\/wp\/v2\/users\/1"}],"replies":[{"embeddable":true,"href":"https:\/\/odiloncavalcanti.art.br\/fr\/wp-json\/wp\/v2\/comments?post=42"}],"version-history":[{"count":142,"href":"https:\/\/odiloncavalcanti.art.br\/fr\/wp-json\/wp\/v2\/pages\/42\/revisions"}],"predecessor-version":[{"id":2444,"href":"https:\/\/odiloncavalcanti.art.br\/fr\/wp-json\/wp\/v2\/pages\/42\/revisions\/2444"}],"up":[{"embeddable":true,"href":"https:\/\/odiloncavalcanti.art.br\/fr\/wp-json\/wp\/v2\/pages\/38"}],"wp:featuredmedia":[{"embeddable":true,"href":"https:\/\/odiloncavalcanti.art.br\/fr\/wp-json\/wp\/v2\/media\/90"}],"wp:attachment":[{"href":"https:\/\/odiloncavalcanti.art.br\/fr\/wp-json\/wp\/v2\/media?parent=42"}],"curies":[{"name":"wp","href":"https:\/\/api.w.org\/{rel}","templated":true}]}}