{"id":39,"date":"2017-01-25T13:00:49","date_gmt":"2017-01-25T15:00:49","guid":{"rendered":"http:\/\/169.57.129.238\/~odilonca\/?page_id=39"},"modified":"2019-10-26T19:50:36","modified_gmt":"2019-10-26T22:50:36","slug":"sobre-o-artista-odilon-cavalacanti","status":"publish","type":"page","link":"https:\/\/odiloncavalcanti.art.br\/fr\/sobre-o-artista-odilon-cavalacanti\/","title":{"rendered":"O Artista:"},"content":{"rendered":"<h6>\u00a0\u00a0\u00a0\u00a0\u00a0 Foto de <strong>Malouh Gualberto<\/strong>, <strong>2005<\/strong>.<\/h6>\n<h2><\/h2>\n<h2>O artista e sua obra em seu atelier: uma semiologia aplicada.<\/h2>\n<blockquote><p>\u00a0O artista visual <strong>Odilon Cavalcanti<\/strong> e sua obra s\u00e3o\u00a0 vistos, nesta p\u00e1gina, como significantes onde o significado \u00e9 buscado no olhar do p\u00fablico.<\/p>\n<p>O processo semi\u00f3tico que ent\u00e3o se d\u00e1, \u00e9 aqui encarado como roteiro curatorial, que se presta, ao mesmo tempo, a um espelho da arte, como numa f\u00f3rmula alqu\u00edmica que o artista manipula porque sabe e ousa, faz e cala<em>, &#8220;em seu atelier, longe das demandas do mercado&#8230;\u201d,<\/em> como j\u00e1 observava o saudoso cr\u00edtico <strong>Marc Bercowitz,<\/strong> em 1989.<\/p>\n<h2>Dados Biogr\u00e1ficos: uma Hist\u00f3ria em processo.<\/h2>\n<p>Nesta p\u00e1gina, o leitor interessado vai poder encontrar o acesso \u00e0 informa\u00e7\u00f5es biogr\u00e1ficas e hist\u00f3ricas, mas tamb\u00e9m acessar seu trabalho em cidadania, no qual Odilon, sempre com centralidade em arte, documenta o trabalho que desenvolve e\/ou desenvolveu em v\u00e1rias institui\u00e7\u00f5es e que, al\u00e9m da satisfa\u00e7\u00e3o e gratifica\u00e7\u00e3o, lhe garante v\u00e1rias experi\u00eancias important\u00edssimas, tanto para seu trabalho de arte quanto para o seu crescimento espiritual e pessoal e que lhe garantiu uma vis\u00e3o da fun\u00e7\u00e3o social da arte que o artista construiu ao longo dos \u00faltimos quase 50 anos: uma obra que finalmente pode ser apresentada inteira ao p\u00fablico ainda que seja vista atrav\u00e9s de uma ferramenta erguida pelo pr\u00f3prio artista,\u00a0 a quem se credite\u00a0 eventuais acertos e enganos.<\/p>\n<div class=\"csRow\">\n<div class=\"csColumnGap\" style=\"margin: 0px; padding: 0px; float: left; width: 1.56%;\"><\/div>\n<div class=\"csColumn\" style=\"margin: 0px; padding: 0px; float: left; width: 31.3%;\" data-csstartpoint=\"15\" data-csendpoint=\"315\" data-cswidth=\"31.3%\" data-csid=\"3437ab35-d447-6019-968a-ddfb4de4c02f\">\n<p><a href=\"http:\/\/www.odiloncavalcanti.art.br\/vida\/\" target=\"_blank\" rel=\"noopener noreferrer\"><strong>Vida:<\/strong><\/a><\/p>\n<p><img loading=\"lazy\" decoding=\"async\" class=\"aligncenter size-medium wp-image-896\" src=\"https:\/\/www.odiloncavalcanti.art.br\/wp-content\/uploads\/2017\/02\/Scanner_20170307-300x195.jpg\" alt=\"\" width=\"300\" height=\"195\" srcset=\"https:\/\/odiloncavalcanti.art.br\/wp-content\/uploads\/2017\/02\/Scanner_20170307-300x195.jpg 300w, https:\/\/odiloncavalcanti.art.br\/wp-content\/uploads\/2017\/02\/Scanner_20170307-768x500.jpg 768w, https:\/\/odiloncavalcanti.art.br\/wp-content\/uploads\/2017\/02\/Scanner_20170307-1024x667.jpg 1024w, https:\/\/odiloncavalcanti.art.br\/wp-content\/uploads\/2017\/02\/Scanner_20170307.jpg 1204w\" sizes=\"auto, (max-width: 300px) 100vw, 300px\" \/><\/p>\n<\/div>\n<div class=\"csColumnGap\" style=\"margin: 0px; padding: 0px; float: left; width: 1.56%;\"><\/div>\n<div class=\"csColumn\" style=\"margin: 0px; padding: 0px; float: left; width: 31.3%;\" data-csstartpoint=\"330\" data-csendpoint=\"630\" data-cswidth=\"31.3%\" data-csid=\"04421421-4671-6efb-a989-7bf49c331984\">\n<p><a href=\"http:\/\/www.odiloncavalcanti.art.br\/sobre\/cidadania\/\"><strong>Cidadania:<\/strong><\/a><\/p>\n<p><a href=\"http:\/\/www.odiloncavalcanti.art.br\/sobre\/cidadania\/\"><img loading=\"lazy\" decoding=\"async\" class=\"aligncenter size-medium wp-image-1613\" src=\"https:\/\/www.odiloncavalcanti.art.br\/wp-content\/uploads\/2019\/10\/LWF0002--300x208.jpg\" alt=\"\" width=\"300\" height=\"208\" srcset=\"https:\/\/odiloncavalcanti.art.br\/wp-content\/uploads\/2019\/10\/LWF0002--300x208.jpg 300w, https:\/\/odiloncavalcanti.art.br\/wp-content\/uploads\/2019\/10\/LWF0002--768x532.jpg 768w, https:\/\/odiloncavalcanti.art.br\/wp-content\/uploads\/2019\/10\/LWF0002--1024x709.jpg 1024w, https:\/\/odiloncavalcanti.art.br\/wp-content\/uploads\/2019\/10\/LWF0002-.jpg 1200w\" sizes=\"auto, (max-width: 300px) 100vw, 300px\" \/><\/a><\/p>\n<\/div>\n<div class=\"csColumnGap\" style=\"margin: 0px; padding: 0px; float: left; width: 1.56%;\"><\/div>\n<div class=\"csColumn\" style=\"margin: 0px; padding: 0px; float: left; width: 31.3%;\" data-csstartpoint=\"645\" data-csendpoint=\"945\" data-cswidth=\"31.3%\" data-csid=\"c28972ad-177f-dd55-95c2-d65eff964460\">\n<p><a href=\"http:\/\/www.odiloncavalcanti.art.br\/o-pensamento\/\"><strong>Pensamento:<\/strong><\/a><\/p>\n<p><img loading=\"lazy\" decoding=\"async\" class=\"aligncenter size-medium wp-image-1289\" src=\"https:\/\/www.odiloncavalcanti.art.br\/wp-content\/uploads\/2017\/09\/IMG_8874-300x231.jpg\" alt=\"quantos bra\u00e7os cabem num abra\u00e7o?\" width=\"300\" height=\"231\" srcset=\"https:\/\/odiloncavalcanti.art.br\/wp-content\/uploads\/2017\/09\/IMG_8874-300x231.jpg 300w, https:\/\/odiloncavalcanti.art.br\/wp-content\/uploads\/2017\/09\/IMG_8874-768x591.jpg 768w, https:\/\/odiloncavalcanti.art.br\/wp-content\/uploads\/2017\/09\/IMG_8874.jpg 965w\" sizes=\"auto, (max-width: 300px) 100vw, 300px\" \/><\/p>\n<\/div>\n<div class=\"csColumnGap\" style=\"margin: 0px; padding: 0px; float: left; width: 1.56%;\"><\/div>\n<div style=\"clear: both; float: none; display: block; visibility: hidden; width: 0px; font-size: 0px; line-height: 0;\"><\/div>\n<\/div>\n<\/blockquote>\n","protected":false},"excerpt":{"rendered":"<p>\u00a0\u00a0\u00a0\u00a0\u00a0 Foto de Malouh Gualberto, 2005. O artista e sua obra em seu atelier: uma semiologia aplicada. \u00a0O artista visual Odilon Cavalcanti e sua obra s\u00e3o\u00a0 vistos, nesta p\u00e1gina, como significantes onde o significado \u00e9 buscado no olhar do p\u00fablico. O processo semi\u00f3tico que ent\u00e3o se d\u00e1, \u00e9 aqui encarado como roteiro curatorial, que se &hellip; <\/p>\n<p class=\"link-more\"><a href=\"https:\/\/odiloncavalcanti.art.br\/fr\/sobre-o-artista-odilon-cavalacanti\/\" class=\"more-link\">Continue reading<span class=\"screen-reader-text\"> &#8220;O Artista:&#8221;<\/span><\/a><\/p>\n","protected":false},"author":1,"featured_media":76,"parent":0,"menu_order":0,"comment_status":"closed","ping_status":"closed","template":"","meta":{"footnotes":""},"class_list":["post-39","page","type-page","status-publish","has-post-thumbnail","hentry"],"translation":{"provider":"WPGlobus","version":"3.0.1","language":"fr","enabled_languages":["en","es","de","fr","ru"],"languages":{"en":{"title":true,"content":true,"excerpt":false},"es":{"title":false,"content":false,"excerpt":false},"de":{"title":false,"content":false,"excerpt":false},"fr":{"title":false,"content":false,"excerpt":false},"ru":{"title":false,"content":false,"excerpt":false}}},"yoast_head":"<!-- This site is optimized with the Yoast SEO plugin v27.2 - https:\/\/yoast.com\/product\/yoast-seo-wordpress\/ -->\n<title>O Artista Odilon Cavalcanti:vida, cidadania e pensamento.<\/title>\n<meta name=\"robots\" content=\"index, follow, max-snippet:-1, max-image-preview:large, max-video-preview:-1\" \/>\n<link rel=\"canonical\" href=\"http:\/\/odiloncavalcanti.art.br\/sobre-o-artista-odilon-cavalacanti\/\" \/>\n<meta property=\"og:locale\" content=\"fr_FR\" \/>\n<meta property=\"og:type\" content=\"article\" \/>\n<meta property=\"og:title\" content=\"O Artista: - Odilon Cavalcanti\" \/>\n<meta property=\"og:url\" content=\"http:\/\/odiloncavalcanti.art.br\/sobre-o-artista-odilon-cavalacanti\/\" \/>\n<meta property=\"og:site_name\" content=\"Odilon Cavalcanti\" \/>\n<meta property=\"article:publisher\" content=\"https:\/\/www.facebook.com\/AtelierOdilonCavalcanti\/\" \/>\n<meta property=\"article:modified_time\" content=\"2019-10-26T22:50:36+00:00\" \/>\n<meta property=\"og:image\" content=\"http:\/\/odiloncavalcanti.art.br\/wp-content\/uploads\/2017\/01\/vida.jpg\" \/>\n\t<meta property=\"og:image:width\" content=\"1204\" \/>\n\t<meta property=\"og:image:height\" content=\"903\" \/>\n\t<meta property=\"og:image:type\" content=\"image\/jpeg\" \/>\n<meta name=\"twitter:card\" content=\"summary_large_image\" \/>\n<meta name=\"twitter:site\" content=\"@odilonk\" \/>\n<meta name=\"twitter:label1\" content=\"Est. reading time\" \/>\n\t<meta name=\"twitter:data1\" content=\"1 minute\" \/>\n<script type=\"application\/ld+json\" class=\"yoast-schema-graph\">{\"@context\":\"https:\/\/schema.org\",\"@graph\":[{\"@type\":\"WebPage\",\"@id\":\"http:\/\/odiloncavalcanti.art.br\/sobre-o-artista-odilon-cavalacanti\/\",\"url\":\"http:\/\/odiloncavalcanti.art.br\/sobre-o-artista-odilon-cavalacanti\/\",\"name\":\"O Artista Odilon Cavalcanti:vida, cidadania e pensamento.\",\"isPartOf\":{\"@id\":\"http:\/\/odiloncavalcanti.art.br\/#website\"},\"primaryImageOfPage\":{\"@id\":\"http:\/\/odiloncavalcanti.art.br\/sobre-o-artista-odilon-cavalacanti\/#primaryimage\"},\"image\":{\"@id\":\"http:\/\/odiloncavalcanti.art.br\/sobre-o-artista-odilon-cavalacanti\/#primaryimage\"},\"thumbnailUrl\":\"https:\/\/odiloncavalcanti.art.br\/wp-content\/uploads\/2017\/01\/vida.jpg\",\"datePublished\":\"2017-01-25T15:00:49+00:00\",\"dateModified\":\"2019-10-26T22:50:36+00:00\",\"description\":\"A vida, a atividade de cidadania e o pensamento do artista pl\u00e1stico Odilon Cavalcanti, dados biogr\u00e1ficos, projetos socias e blog.\",\"breadcrumb\":{\"@id\":\"http:\/\/odiloncavalcanti.art.br\/sobre-o-artista-odilon-cavalacanti\/#breadcrumb\"},\"inLanguage\":\"fr-FR\",\"potentialAction\":[{\"@type\":\"ReadAction\",\"target\":[\"http:\/\/odiloncavalcanti.art.br\/sobre-o-artista-odilon-cavalacanti\/\"]}]},{\"@type\":\"ImageObject\",\"inLanguage\":\"fr-FR\",\"@id\":\"http:\/\/odiloncavalcanti.art.br\/sobre-o-artista-odilon-cavalacanti\/#primaryimage\",\"url\":\"https:\/\/odiloncavalcanti.art.br\/wp-content\/uploads\/2017\/01\/vida.jpg\",\"contentUrl\":\"https:\/\/odiloncavalcanti.art.br\/wp-content\/uploads\/2017\/01\/vida.jpg\",\"width\":1204,\"height\":903,\"caption\":\"Odilon Cavalcanti em seu atelier\"},{\"@type\":\"BreadcrumbList\",\"@id\":\"http:\/\/odiloncavalcanti.art.br\/sobre-o-artista-odilon-cavalacanti\/#breadcrumb\",\"itemListElement\":[{\"@type\":\"ListItem\",\"position\":1,\"name\":\"In\u00edcio\",\"item\":\"http:\/\/odiloncavalcanti.art.br\/\"},{\"@type\":\"ListItem\",\"position\":2,\"name\":\"O Artista:\"}]},{\"@type\":\"WebSite\",\"@id\":\"http:\/\/odiloncavalcanti.art.br\/#website\",\"url\":\"http:\/\/odiloncavalcanti.art.br\/\",\"name\":\"Odilon Cavalcanti\",\"description\":\"Um espelho da alquimia da Arte.\",\"potentialAction\":[{\"@type\":\"SearchAction\",\"target\":{\"@type\":\"EntryPoint\",\"urlTemplate\":\"http:\/\/odiloncavalcanti.art.br\/?s={search_term_string}\"},\"query-input\":{\"@type\":\"PropertyValueSpecification\",\"valueRequired\":true,\"valueName\":\"search_term_string\"}}],\"inLanguage\":\"fr-FR\"}]}<\/script>\n<!-- \/ Yoast SEO plugin. -->","yoast_head_json":{"title":"O Artista Odilon Cavalcanti:vida, cidadania e pensamento.","robots":{"index":"index","follow":"follow","max-snippet":"max-snippet:-1","max-image-preview":"max-image-preview:large","max-video-preview":"max-video-preview:-1"},"canonical":"http:\/\/odiloncavalcanti.art.br\/sobre-o-artista-odilon-cavalacanti\/","og_locale":"fr_FR","og_type":"article","og_title":"O Artista: - Odilon Cavalcanti","og_url":"http:\/\/odiloncavalcanti.art.br\/sobre-o-artista-odilon-cavalacanti\/","og_site_name":"Odilon Cavalcanti","article_publisher":"https:\/\/www.facebook.com\/AtelierOdilonCavalcanti\/","article_modified_time":"2019-10-26T22:50:36+00:00","og_image":[{"width":1204,"height":903,"url":"http:\/\/odiloncavalcanti.art.br\/wp-content\/uploads\/2017\/01\/vida.jpg","type":"image\/jpeg"}],"twitter_card":"summary_large_image","twitter_site":"@odilonk","twitter_misc":{"Est. reading time":"1 minute"},"schema":{"@context":"https:\/\/schema.org","@graph":[{"@type":"WebPage","@id":"http:\/\/odiloncavalcanti.art.br\/sobre-o-artista-odilon-cavalacanti\/","url":"http:\/\/odiloncavalcanti.art.br\/sobre-o-artista-odilon-cavalacanti\/","name":"O Artista Odilon Cavalcanti:vida, cidadania e pensamento.","isPartOf":{"@id":"http:\/\/odiloncavalcanti.art.br\/#website"},"primaryImageOfPage":{"@id":"http:\/\/odiloncavalcanti.art.br\/sobre-o-artista-odilon-cavalacanti\/#primaryimage"},"image":{"@id":"http:\/\/odiloncavalcanti.art.br\/sobre-o-artista-odilon-cavalacanti\/#primaryimage"},"thumbnailUrl":"https:\/\/odiloncavalcanti.art.br\/wp-content\/uploads\/2017\/01\/vida.jpg","datePublished":"2017-01-25T15:00:49+00:00","dateModified":"2019-10-26T22:50:36+00:00","description":"A vida, a atividade de cidadania e o pensamento do artista pl\u00e1stico Odilon Cavalcanti, dados biogr\u00e1ficos, projetos socias e blog.","breadcrumb":{"@id":"http:\/\/odiloncavalcanti.art.br\/sobre-o-artista-odilon-cavalacanti\/#breadcrumb"},"inLanguage":"fr-FR","potentialAction":[{"@type":"ReadAction","target":["http:\/\/odiloncavalcanti.art.br\/sobre-o-artista-odilon-cavalacanti\/"]}]},{"@type":"ImageObject","inLanguage":"fr-FR","@id":"http:\/\/odiloncavalcanti.art.br\/sobre-o-artista-odilon-cavalacanti\/#primaryimage","url":"https:\/\/odiloncavalcanti.art.br\/wp-content\/uploads\/2017\/01\/vida.jpg","contentUrl":"https:\/\/odiloncavalcanti.art.br\/wp-content\/uploads\/2017\/01\/vida.jpg","width":1204,"height":903,"caption":"Odilon Cavalcanti em seu atelier"},{"@type":"BreadcrumbList","@id":"http:\/\/odiloncavalcanti.art.br\/sobre-o-artista-odilon-cavalacanti\/#breadcrumb","itemListElement":[{"@type":"ListItem","position":1,"name":"In\u00edcio","item":"http:\/\/odiloncavalcanti.art.br\/"},{"@type":"ListItem","position":2,"name":"O Artista:"}]},{"@type":"WebSite","@id":"http:\/\/odiloncavalcanti.art.br\/#website","url":"http:\/\/odiloncavalcanti.art.br\/","name":"Odilon Cavalcanti","description":"Um espelho da alquimia da Arte.","potentialAction":[{"@type":"SearchAction","target":{"@type":"EntryPoint","urlTemplate":"http:\/\/odiloncavalcanti.art.br\/?s={search_term_string}"},"query-input":{"@type":"PropertyValueSpecification","valueRequired":true,"valueName":"search_term_string"}}],"inLanguage":"fr-FR"}]}},"jetpack_sharing_enabled":true,"_links":{"self":[{"href":"https:\/\/odiloncavalcanti.art.br\/fr\/wp-json\/wp\/v2\/pages\/39","targetHints":{"allow":["GET"]}}],"collection":[{"href":"https:\/\/odiloncavalcanti.art.br\/fr\/wp-json\/wp\/v2\/pages"}],"about":[{"href":"https:\/\/odiloncavalcanti.art.br\/fr\/wp-json\/wp\/v2\/types\/page"}],"author":[{"embeddable":true,"href":"https:\/\/odiloncavalcanti.art.br\/fr\/wp-json\/wp\/v2\/users\/1"}],"replies":[{"embeddable":true,"href":"https:\/\/odiloncavalcanti.art.br\/fr\/wp-json\/wp\/v2\/comments?post=39"}],"version-history":[{"count":25,"href":"https:\/\/odiloncavalcanti.art.br\/fr\/wp-json\/wp\/v2\/pages\/39\/revisions"}],"predecessor-version":[{"id":1638,"href":"https:\/\/odiloncavalcanti.art.br\/fr\/wp-json\/wp\/v2\/pages\/39\/revisions\/1638"}],"wp:featuredmedia":[{"embeddable":true,"href":"https:\/\/odiloncavalcanti.art.br\/fr\/wp-json\/wp\/v2\/media\/76"}],"wp:attachment":[{"href":"https:\/\/odiloncavalcanti.art.br\/fr\/wp-json\/wp\/v2\/media?parent=39"}],"curies":[{"name":"wp","href":"https:\/\/api.w.org\/{rel}","templated":true}]}}