{"id":350,"date":"2017-02-07T15:11:56","date_gmt":"2017-02-07T17:11:56","guid":{"rendered":"http:\/\/www.odiloncavalcanti.art.br\/?page_id=350"},"modified":"2017-04-03T13:21:15","modified_gmt":"2017-04-03T16:21:15","slug":"vida","status":"publish","type":"page","link":"https:\/\/odiloncavalcanti.art.br\/fr\/vida\/","title":{"rendered":"Vida:"},"content":{"rendered":"<h6>O olhar do artista. <strong>Foto de<\/strong> Tadeu Lubambo.1989.<\/h6>\n<blockquote>\n<h2>Vida de artista.<\/h2>\n<p><strong>Odilon Cavalcanti<\/strong> nasceu no Recife em 30 de julho de 1952.<\/p>\n<p>&nbsp;<\/p>\n<p>Logo ap\u00f3s seu nascimento foi levado para o Rio de Janeiro\u00a0 onde viveu at\u00e9 os 7 anos e, depois de um ano e meio de retorno \u00e0 capital pernambucana, muda-se para S\u00e3o Paulo onde vive at\u00e9 sua fase adulta.<img loading=\"lazy\" decoding=\"async\" class=\"aligncenter size-medium wp-image-897\" src=\"http:\/\/169.57.129.238\/~odilonca\/wp-content\/uploads\/2017\/02\/Digitalizar0079-231x300.jpg\" alt=\"\" width=\"231\" height=\"300\" srcset=\"https:\/\/odiloncavalcanti.art.br\/wp-content\/uploads\/2017\/02\/Digitalizar0079-231x300.jpg 231w, https:\/\/odiloncavalcanti.art.br\/wp-content\/uploads\/2017\/02\/Digitalizar0079.jpg 522w\" sizes=\"auto, (max-width: 231px) 100vw, 231px\" \/><\/p>\n<p>Inicia-se na arte em fins dos anos 60 participando de Sal\u00f5es e Coletivas como o 2o Sal\u00e3o do Artista Jovem no MAC\/Usp &#8211; S\u00e3o Paulo (JAC), e Sal\u00e3o de Ver\u00e3o e Sal\u00e3o da Eletrobras no MAM &#8211; Rio.<\/p>\n<p>Casou-se em 1974 no Recife com <strong>Malouh Gualberto<\/strong>, <a href=\"http:\/\/www.ecofotografias.fot.br\/\">ecofot\u00f3grafa<\/a> por quem se enamorou ainda quando morava em S\u00e3o Paulo,\u00a0 e com quem vive h\u00e1 mais de 43 anos e com quem teve\u00a0 tr\u00eas filhas que lhes deram 4 netos.<\/p>\n<p><img loading=\"lazy\" decoding=\"async\" class=\"aligncenter size-medium wp-image-899\" src=\"http:\/\/169.57.129.238\/~odilonca\/wp-content\/uploads\/2017\/02\/13133140_10209428873738787_4198917541545056327_n-292x300.jpg\" alt=\"\" width=\"292\" height=\"300\" srcset=\"https:\/\/odiloncavalcanti.art.br\/wp-content\/uploads\/2017\/02\/13133140_10209428873738787_4198917541545056327_n-292x300.jpg 292w, https:\/\/odiloncavalcanti.art.br\/wp-content\/uploads\/2017\/02\/13133140_10209428873738787_4198917541545056327_n.jpg 568w\" sizes=\"auto, (max-width: 292px) 100vw, 292px\" \/><\/p>\n<p>&nbsp;<\/p>\n<p><strong>Odilon Cavalcanti<\/strong> estudou arquitetura mas n\u00e3o chegou a se formar, tendo se encaminhado para as artes gr\u00e1ficas desde ent\u00e3o como forma de sobreviv\u00eancia da fam\u00edlia e seu sustento.<\/p>\n<p>\u00c9 dessa \u00e9poca seu envolvimento primeiramente como aluno e depois como parceiro e colega do artista construtivista <strong>Maur\u00edcio Nogueira Lima<\/strong> que marcou profundamente sua forma\u00e7\u00e3o pl\u00e1stica e sua vis\u00e3o espacial, que na \u00e9poca dividia um atelier com o est\u00e3o estudante de arquitetura e j\u00e1 reconhecido artista pl\u00e1stico<strong> Gilberto Salvador<\/strong> com quem fez curso de linguagem e express\u00e3o.<\/p>\n<p>Realiza suas primeiras duas individuais pelas m\u00e3os do o saudoso arquiteto e galerista,\u00a0 <strong>Jos\u00e9 Duarte de Aguiar<\/strong>. A primeira no Rio de Janeiro, com a exposi\u00e7\u00e3o inaugural da sua Galeria e a segunda em S\u00e3o Paulo\u00a0 que teve como ent\u00e3o marchand, <strong>Ricardo Camargo<\/strong>, que hoje tem sua pr\u00f3pria e important\u00edssima Galeria em S\u00e3o Paulo.<\/p>\n<p>Sua constante e inquieta procura de uma vida mais saud\u00e1vel que pudesse oferecer \u00e0 suas filhas, <strong>Odilon Cavalcanti<\/strong>, nesta fase de sua vida itinerou por v\u00e1rias capitais brasileiras como Recife, Fortaleza e Bel\u00e9m, tendo realizado duas grandes exposi\u00e7\u00f5es individuais, suas terceira e quarta mostras, e v\u00e1rias coletivas importantes em nesta \u00faltima cidade,\u00a0 al\u00e9m de eventuais retornos \u00e0 S\u00e3o Paulo e ao Rio de Janeiro onde realiza, agora sob a curadoria do cr\u00edtico de arte russo\/brasileiro <strong>Marc Bercowitz<\/strong> duas importantes mostras individuais na Galeria do Ibeu \u2013 Instituto Brasil\/Estados Unidos, tendo recebido pela primeira delas, em fins de 1986, o pr\u00eamio de <em><strong>Artista do Ano<\/strong><\/em>, o que lhe valeu o convite para participar, no ano seguinte de individual comemorativa al\u00e9m de, em janeiro de 1990, da 9\u00aa \u201cO rosto e a obra\u201d que <strong>Marc Bercowitz<\/strong> \u00a0editava bienalmente em parceria com o fot\u00f3grafo <strong>Max Naumberg<\/strong> juntamente com artistas do porte de <strong>Beatriz Milhazes, Carlos Z\u00edlio, S\u00e9rvulo Esmeraldo, Fernando Casals<\/strong>, entre outros e que viria a ser a \u00faltima desta important\u00edssima s\u00e9rie de coletivas, dado o seu falecimento de ambos os organizadores logo ap\u00f3s.<\/p>\n<p>(continua)<\/p><\/blockquote>\n<p>&nbsp;<\/p>\n<p>&nbsp;<\/p>\n<p>&nbsp;<\/p>\n<p>&nbsp;<\/p>\n<p>&nbsp;<\/p>\n<p>&nbsp;<\/p>\n<p>&nbsp;<\/p>\n<figure id=\"attachment_234\" aria-describedby=\"caption-attachment-234\" style=\"width: 300px\" class=\"wp-caption alignnone\"><img loading=\"lazy\" decoding=\"async\" class=\"size-medium wp-image-234\" src=\"http:\/\/169.57.129.238\/~odilonca\/wp-content\/uploads\/2017\/01\/1425704_10202288052664815_1522407948_n-300x297.jpg\" alt=\"\" width=\"300\" height=\"297\" srcset=\"https:\/\/odiloncavalcanti.art.br\/wp-content\/uploads\/2017\/01\/1425704_10202288052664815_1522407948_n-300x297.jpg 300w, https:\/\/odiloncavalcanti.art.br\/wp-content\/uploads\/2017\/01\/1425704_10202288052664815_1522407948_n-150x150.jpg 150w, https:\/\/odiloncavalcanti.art.br\/wp-content\/uploads\/2017\/01\/1425704_10202288052664815_1522407948_n-768x760.jpg 768w, https:\/\/odiloncavalcanti.art.br\/wp-content\/uploads\/2017\/01\/1425704_10202288052664815_1522407948_n-1024x1014.jpg 1024w, https:\/\/odiloncavalcanti.art.br\/wp-content\/uploads\/2017\/01\/1425704_10202288052664815_1522407948_n-100x100.jpg 100w, https:\/\/odiloncavalcanti.art.br\/wp-content\/uploads\/2017\/01\/1425704_10202288052664815_1522407948_n-120x120.jpg 120w, https:\/\/odiloncavalcanti.art.br\/wp-content\/uploads\/2017\/01\/1425704_10202288052664815_1522407948_n.jpg 1200w\" sizes=\"auto, (max-width: 300px) 100vw, 300px\" \/><figcaption id=\"caption-attachment-234\" class=\"wp-caption-text\"><strong>Odilon Cavalcanti<\/strong> &#8211; Cat\u00e1logo da 4a mostra individual. &#8211; Foto: <strong>Ella Durst<\/strong><\/figcaption><\/figure>\n<p>&nbsp;<\/p>\n<p>&nbsp;<\/p>\n<p><a href=\"http:\/\/www.odiloncavalcanti.art.br\/sobre\/\"><strong>VOLTA<\/strong><\/a><\/p>\n<p>&nbsp;<\/p>\n<p>&nbsp;<\/p>\n","protected":false},"excerpt":{"rendered":"<p>O olhar do artista. Foto de Tadeu Lubambo.1989. Vida de artista. Odilon Cavalcanti nasceu no Recife em 30 de julho de 1952. &nbsp; Logo ap\u00f3s seu nascimento foi levado para o Rio de Janeiro\u00a0 onde viveu at\u00e9 os 7 anos e, depois de um ano e meio de retorno \u00e0 capital pernambucana, muda-se para S\u00e3o &hellip; <\/p>\n<p class=\"link-more\"><a href=\"https:\/\/odiloncavalcanti.art.br\/fr\/vida\/\" class=\"more-link\">Continue reading<span class=\"screen-reader-text\"> &#8220;Vida:&#8221;<\/span><\/a><\/p>\n","protected":false},"author":1,"featured_media":896,"parent":0,"menu_order":0,"comment_status":"closed","ping_status":"closed","template":"","meta":{"footnotes":""},"class_list":["post-350","page","type-page","status-publish","has-post-thumbnail","hentry"],"translation":{"provider":"WPGlobus","version":"3.0.1","language":"fr","enabled_languages":["en","es","de","fr","ru"],"languages":{"en":{"title":true,"content":true,"excerpt":false},"es":{"title":false,"content":false,"excerpt":false},"de":{"title":false,"content":false,"excerpt":false},"fr":{"title":false,"content":false,"excerpt":false},"ru":{"title":false,"content":false,"excerpt":false}}},"yoast_head":"<!-- This site is optimized with the Yoast SEO plugin v27.2 - https:\/\/yoast.com\/product\/yoast-seo-wordpress\/ -->\n<title>Vida:<\/title>\n<meta name=\"robots\" content=\"index, follow, max-snippet:-1, max-image-preview:large, max-video-preview:-1\" \/>\n<link rel=\"canonical\" href=\"https:\/\/odiloncavalcanti.art.br\/vida\/\" \/>\n<meta property=\"og:locale\" content=\"fr_FR\" \/>\n<meta property=\"og:type\" content=\"article\" \/>\n<meta property=\"og:title\" content=\"Vida: - Odilon Cavalcanti\" \/>\n<meta property=\"og:url\" content=\"https:\/\/odiloncavalcanti.art.br\/vida\/\" \/>\n<meta property=\"og:site_name\" content=\"Odilon Cavalcanti\" \/>\n<meta property=\"article:publisher\" content=\"https:\/\/www.facebook.com\/AtelierOdilonCavalcanti\/\" \/>\n<meta property=\"article:modified_time\" content=\"2017-04-03T16:21:15+00:00\" \/>\n<meta property=\"og:image\" content=\"https:\/\/odiloncavalcanti.art.br\/wp-content\/uploads\/2017\/02\/Scanner_20170307.jpg\" \/>\n\t<meta property=\"og:image:width\" content=\"1204\" \/>\n\t<meta property=\"og:image:height\" content=\"784\" \/>\n\t<meta property=\"og:image:type\" content=\"image\/jpeg\" \/>\n<meta name=\"twitter:card\" content=\"summary_large_image\" \/>\n<meta name=\"twitter:site\" content=\"@odilonk\" \/>\n<meta name=\"twitter:label1\" content=\"Est. reading time\" \/>\n\t<meta name=\"twitter:data1\" content=\"3 minutes\" \/>\n<script type=\"application\/ld+json\" class=\"yoast-schema-graph\">{\"@context\":\"https:\/\/schema.org\",\"@graph\":[{\"@type\":\"WebPage\",\"@id\":\"https:\/\/odiloncavalcanti.art.br\/vida\/\",\"url\":\"https:\/\/odiloncavalcanti.art.br\/vida\/\",\"name\":\"Vida:\",\"isPartOf\":{\"@id\":\"http:\/\/odiloncavalcanti.art.br\/#website\"},\"primaryImageOfPage\":{\"@id\":\"https:\/\/odiloncavalcanti.art.br\/vida\/#primaryimage\"},\"image\":{\"@id\":\"https:\/\/odiloncavalcanti.art.br\/vida\/#primaryimage\"},\"thumbnailUrl\":\"https:\/\/odiloncavalcanti.art.br\/wp-content\/uploads\/2017\/02\/Scanner_20170307.jpg\",\"datePublished\":\"2017-02-07T17:11:56+00:00\",\"dateModified\":\"2017-04-03T16:21:15+00:00\",\"description\":\"Vida \u00e9 a p\u00e1gina biogr\u00e1fica do artista visual Odilon Cavalcanti e o registroo dos principais fatos e as principais fases de sua vida e obra.\",\"breadcrumb\":{\"@id\":\"https:\/\/odiloncavalcanti.art.br\/vida\/#breadcrumb\"},\"inLanguage\":\"fr-FR\",\"potentialAction\":[{\"@type\":\"ReadAction\",\"target\":[\"https:\/\/odiloncavalcanti.art.br\/vida\/\"]}]},{\"@type\":\"ImageObject\",\"inLanguage\":\"fr-FR\",\"@id\":\"https:\/\/odiloncavalcanti.art.br\/vida\/#primaryimage\",\"url\":\"https:\/\/odiloncavalcanti.art.br\/wp-content\/uploads\/2017\/02\/Scanner_20170307.jpg\",\"contentUrl\":\"https:\/\/odiloncavalcanti.art.br\/wp-content\/uploads\/2017\/02\/Scanner_20170307.jpg\",\"width\":1204,\"height\":784},{\"@type\":\"BreadcrumbList\",\"@id\":\"https:\/\/odiloncavalcanti.art.br\/vida\/#breadcrumb\",\"itemListElement\":[{\"@type\":\"ListItem\",\"position\":1,\"name\":\"In\u00edcio\",\"item\":\"http:\/\/odiloncavalcanti.art.br\/\"},{\"@type\":\"ListItem\",\"position\":2,\"name\":\"Vida:\"}]},{\"@type\":\"WebSite\",\"@id\":\"http:\/\/odiloncavalcanti.art.br\/#website\",\"url\":\"http:\/\/odiloncavalcanti.art.br\/\",\"name\":\"Odilon Cavalcanti\",\"description\":\"Um espelho da alquimia da Arte.\",\"potentialAction\":[{\"@type\":\"SearchAction\",\"target\":{\"@type\":\"EntryPoint\",\"urlTemplate\":\"http:\/\/odiloncavalcanti.art.br\/?s={search_term_string}\"},\"query-input\":{\"@type\":\"PropertyValueSpecification\",\"valueRequired\":true,\"valueName\":\"search_term_string\"}}],\"inLanguage\":\"fr-FR\"}]}<\/script>\n<!-- \/ Yoast SEO plugin. -->","yoast_head_json":{"title":"Vida:","robots":{"index":"index","follow":"follow","max-snippet":"max-snippet:-1","max-image-preview":"max-image-preview:large","max-video-preview":"max-video-preview:-1"},"canonical":"https:\/\/odiloncavalcanti.art.br\/vida\/","og_locale":"fr_FR","og_type":"article","og_title":"Vida: - Odilon Cavalcanti","og_url":"https:\/\/odiloncavalcanti.art.br\/vida\/","og_site_name":"Odilon Cavalcanti","article_publisher":"https:\/\/www.facebook.com\/AtelierOdilonCavalcanti\/","article_modified_time":"2017-04-03T16:21:15+00:00","og_image":[{"width":1204,"height":784,"url":"https:\/\/odiloncavalcanti.art.br\/wp-content\/uploads\/2017\/02\/Scanner_20170307.jpg","type":"image\/jpeg"}],"twitter_card":"summary_large_image","twitter_site":"@odilonk","twitter_misc":{"Est. reading time":"3 minutes"},"schema":{"@context":"https:\/\/schema.org","@graph":[{"@type":"WebPage","@id":"https:\/\/odiloncavalcanti.art.br\/vida\/","url":"https:\/\/odiloncavalcanti.art.br\/vida\/","name":"Vida:","isPartOf":{"@id":"http:\/\/odiloncavalcanti.art.br\/#website"},"primaryImageOfPage":{"@id":"https:\/\/odiloncavalcanti.art.br\/vida\/#primaryimage"},"image":{"@id":"https:\/\/odiloncavalcanti.art.br\/vida\/#primaryimage"},"thumbnailUrl":"https:\/\/odiloncavalcanti.art.br\/wp-content\/uploads\/2017\/02\/Scanner_20170307.jpg","datePublished":"2017-02-07T17:11:56+00:00","dateModified":"2017-04-03T16:21:15+00:00","description":"Vida \u00e9 a p\u00e1gina biogr\u00e1fica do artista visual Odilon Cavalcanti e o registroo dos principais fatos e as principais fases de sua vida e obra.","breadcrumb":{"@id":"https:\/\/odiloncavalcanti.art.br\/vida\/#breadcrumb"},"inLanguage":"fr-FR","potentialAction":[{"@type":"ReadAction","target":["https:\/\/odiloncavalcanti.art.br\/vida\/"]}]},{"@type":"ImageObject","inLanguage":"fr-FR","@id":"https:\/\/odiloncavalcanti.art.br\/vida\/#primaryimage","url":"https:\/\/odiloncavalcanti.art.br\/wp-content\/uploads\/2017\/02\/Scanner_20170307.jpg","contentUrl":"https:\/\/odiloncavalcanti.art.br\/wp-content\/uploads\/2017\/02\/Scanner_20170307.jpg","width":1204,"height":784},{"@type":"BreadcrumbList","@id":"https:\/\/odiloncavalcanti.art.br\/vida\/#breadcrumb","itemListElement":[{"@type":"ListItem","position":1,"name":"In\u00edcio","item":"http:\/\/odiloncavalcanti.art.br\/"},{"@type":"ListItem","position":2,"name":"Vida:"}]},{"@type":"WebSite","@id":"http:\/\/odiloncavalcanti.art.br\/#website","url":"http:\/\/odiloncavalcanti.art.br\/","name":"Odilon Cavalcanti","description":"Um espelho da alquimia da Arte.","potentialAction":[{"@type":"SearchAction","target":{"@type":"EntryPoint","urlTemplate":"http:\/\/odiloncavalcanti.art.br\/?s={search_term_string}"},"query-input":{"@type":"PropertyValueSpecification","valueRequired":true,"valueName":"search_term_string"}}],"inLanguage":"fr-FR"}]}},"jetpack_sharing_enabled":true,"_links":{"self":[{"href":"https:\/\/odiloncavalcanti.art.br\/fr\/wp-json\/wp\/v2\/pages\/350","targetHints":{"allow":["GET"]}}],"collection":[{"href":"https:\/\/odiloncavalcanti.art.br\/fr\/wp-json\/wp\/v2\/pages"}],"about":[{"href":"https:\/\/odiloncavalcanti.art.br\/fr\/wp-json\/wp\/v2\/types\/page"}],"author":[{"embeddable":true,"href":"https:\/\/odiloncavalcanti.art.br\/fr\/wp-json\/wp\/v2\/users\/1"}],"replies":[{"embeddable":true,"href":"https:\/\/odiloncavalcanti.art.br\/fr\/wp-json\/wp\/v2\/comments?post=350"}],"version-history":[{"count":10,"href":"https:\/\/odiloncavalcanti.art.br\/fr\/wp-json\/wp\/v2\/pages\/350\/revisions"}],"predecessor-version":[{"id":1175,"href":"https:\/\/odiloncavalcanti.art.br\/fr\/wp-json\/wp\/v2\/pages\/350\/revisions\/1175"}],"wp:featuredmedia":[{"embeddable":true,"href":"https:\/\/odiloncavalcanti.art.br\/fr\/wp-json\/wp\/v2\/media\/896"}],"wp:attachment":[{"href":"https:\/\/odiloncavalcanti.art.br\/fr\/wp-json\/wp\/v2\/media?parent=350"}],"curies":[{"name":"wp","href":"https:\/\/api.w.org\/{rel}","templated":true}]}}