{"id":1612,"date":"2019-10-23T17:25:41","date_gmt":"2019-10-23T20:25:41","guid":{"rendered":"https:\/\/www.odiloncavalcanti.art.br\/?page_id=1612"},"modified":"2019-12-20T09:39:15","modified_gmt":"2019-12-20T12:39:15","slug":"exposicoes-coletivas-saloes-de-arte-grupos-de-artistas-exposicoes-coletivas-internacionais-movimentos-artisticos","status":"publish","type":"page","link":"https:\/\/odiloncavalcanti.art.br\/fr\/exposicoes-coletivas-saloes-de-arte-grupos-de-artistas-exposicoes-coletivas-internacionais-movimentos-artisticos\/","title":{"rendered":"Exposi\u00e7\u00f5es Coletivas"},"content":{"rendered":"\n<p><strong>Primeiras mostras:<\/strong><\/p>\n\n\n\n<p><strong>Odilon Cavalcanti<\/strong> come\u00e7ou sua trajet\u00f3ria participando de Sal\u00f5es.<\/p>\n\n\n\n<p>O JAC (Jovem Arte Contempor\u00e2nea) do MAC, dirigido na \u00e9poca por Ana Mae Barbosa, c\u00e9lebre arte educadora e ex- mentora da Escolinha de Arte do Recife,<strong> Sal\u00e3o de Ver\u00e3o<\/strong> e <strong>Sal\u00e3o da Eletrobr\u00e1s<\/strong>, ambos no MAM -Rio, foram seus primeiros passos no universo da Arte. <\/p>\n\n\n\n<p>Mais tarde, j\u00e1 com sua carreira consolidada por v\u00e1rias exposi\u00e7\u00f5es individuais<strong> Odilon<\/strong> volta a participar, n\u00e3o mais de Sal\u00f5es mas de Coletivas de Grupos de Artistas unidos por temas comuns e interesses em coletivos.<\/p>\n\n\n\n<p><strong>Coletivas em Bel\u00e9m:<\/strong><\/p>\n\n\n\n<p>Estas Exposi\u00e7\u00f5es Coletivas se d\u00e3o, inicialmente em sua passagem de mais de dois anos por Bel\u00e9m, quando participa com colegas locais como Emanuel Nassar, Ronaldo R\u00eago, Geraldo Texeira, Pep\u00ea Conduru e Paulo Campinho (artista petropolitano vivendo em Bel\u00e9m, na \u00e9poca). <strong>Centro Cultural da Caixa Econ\u00f4mica Federal <\/strong>e a <strong>Galeria Theodoro Braga, do Centur.<\/strong><\/p>\n\n\n\n<p><strong>O Rosto e a Obra:<\/strong><\/p>\n\n\n\n<p><strong>Odilon Cavalcanti <\/strong>participa de 09 de janeiro a 23 de fevereiro de 1990, \u00e0 convite do grande cr\u00edtico Mark Berkowitz da 9a &#8220;O Rosto e a Obra&#8221; ,mostra bienal que Mark realizava em parceria com o Ibeu Copacabana, onde era curador e Marx Naumberg, o c\u00e9lebre fot\u00f3grafo retratista germano carioca. Na mostra, sua primeira coletiva de cunho nacional cada artista apresentava uma obra e um  retrato de maneira que o p\u00fablico tinha a oportunidade n\u00e3o s\u00f3 de conhecer o trabalho como o rosto do artista. Nesta \u00faltima da s\u00e9rie, <strong>Odilon<\/strong> teve a companhia de artistas do porte de Beatriz Milhazes, S\u00e9rvulo Esmeraldo,  Andr\u00e9 Poli, Carlos Z\u00edlio, Fernando Casals, Malu Fatorelli, Rbens Ianelli, Gorki Kern e v\u00e1rios outros artistas que, na \u00e9poca despontavam na cena art\u00edstica.<\/p>\n\n\n\n<figure class=\"wp-block-image\"><img loading=\"lazy\" decoding=\"async\" width=\"621\" height=\"840\" src=\"https:\/\/www.odiloncavalcanti.art.br\/wp-content\/uploads\/2019\/10\/o-rosto-e-a-obra.jpg\" alt=\"\" class=\"wp-image-1622\" srcset=\"https:\/\/odiloncavalcanti.art.br\/wp-content\/uploads\/2019\/10\/o-rosto-e-a-obra.jpg 621w, https:\/\/odiloncavalcanti.art.br\/wp-content\/uploads\/2019\/10\/o-rosto-e-a-obra-222x300.jpg 222w\" sizes=\"auto, (max-width: 621px) 100vw, 621px\" \/><\/figure>\n\n\n\n<p><strong>Est\u00e9tica da Resist\u00eancia:<\/strong><\/p>\n\n\n\n<figure class=\"wp-block-image\"><img loading=\"lazy\" decoding=\"async\" width=\"745\" height=\"1024\" src=\"https:\/\/www.odiloncavalcanti.art.br\/wp-content\/uploads\/2017\/03\/capa-745x1024.jpg\" alt=\"Estetica -de - resistencia - capa da Vogue Brasil Pernambuco Estetica da Resistencia\" class=\"wp-image-743\" srcset=\"https:\/\/odiloncavalcanti.art.br\/wp-content\/uploads\/2017\/03\/capa-745x1024.jpg 745w, https:\/\/odiloncavalcanti.art.br\/wp-content\/uploads\/2017\/03\/capa-218x300.jpg 218w, https:\/\/odiloncavalcanti.art.br\/wp-content\/uploads\/2017\/03\/capa-768x1056.jpg 768w, https:\/\/odiloncavalcanti.art.br\/wp-content\/uploads\/2017\/03\/capa.jpg 1204w\" sizes=\"auto, (max-width: 706px) 89vw, (max-width: 767px) 82vw, 740px\" \/><figcaption>Capa do Cat\u00e1togo<\/figcaption><\/figure>\n\n\n\n<p>Mais tarde, quando volta \u00e0 Pernambuco e instala seu Atelier na Ilha de Itamarac\u00e1, participa de v\u00e1rias exposi\u00e7\u00f5es coletivas entre elas O <strong>Projeto Pernambuco Est\u00e9tica de Resist\u00eancia<\/strong>, reunindo nomes como Francisco Brennand, Raul C\u00f3rdula, Roberto L\u00facio, Luciano Pinheiro, Sergio Lemos, Jos\u00e9 Patr\u00edcio e Jos\u00e9 Claudio., al\u00e9m de Samico, j\u00e1 falecido.<\/p>\n\n\n\n<p><strong>A outra margem: &#8220;Le Hors L\u00e0&#8221;.<\/strong><\/p>\n\n\n\n<figure class=\"wp-block-image\"><img loading=\"lazy\" decoding=\"async\" width=\"1024\" height=\"1014\" src=\"https:\/\/www.odiloncavalcanti.art.br\/wp-content\/uploads\/2017\/02\/circular2-1024x1014.jpg\" alt=\"\" class=\"wp-image-609\" srcset=\"https:\/\/odiloncavalcanti.art.br\/wp-content\/uploads\/2017\/02\/circular2-1024x1014.jpg 1024w, https:\/\/odiloncavalcanti.art.br\/wp-content\/uploads\/2017\/02\/circular2-150x150.jpg 150w, https:\/\/odiloncavalcanti.art.br\/wp-content\/uploads\/2017\/02\/circular2-300x297.jpg 300w, https:\/\/odiloncavalcanti.art.br\/wp-content\/uploads\/2017\/02\/circular2-768x760.jpg 768w, https:\/\/odiloncavalcanti.art.br\/wp-content\/uploads\/2017\/02\/circular2-100x100.jpg 100w, https:\/\/odiloncavalcanti.art.br\/wp-content\/uploads\/2017\/02\/circular2-120x120.jpg 120w, https:\/\/odiloncavalcanti.art.br\/wp-content\/uploads\/2017\/02\/circular2.jpg 1204w\" sizes=\"auto, (max-width: 767px) 89vw, (max-width: 1000px) 54vw, (max-width: 1071px) 543px, 580px\" \/><figcaption>&#8216;Quadrado Circunscrito&#8221;\n\u00f3leo e pastel s\/ tela\nDiametro de 140cm\n1987\n<\/figcaption><\/figure>\n\n\n\n<p>Outra importante coletiva que na participou foi  o <strong><em>Projeto Le Hors -L\u00e0<\/em><\/strong>, entre artistas do nordeste Brasileiro e do Sul da Fran\u00e7a em comemora\u00e7\u00e3o aos 500 anos de Descobrimento das Am\u00e9ricas e que gerou v\u00e1rias edi\u00e7\u00f5es de coletivas tanto em Marselhe, Fran\u00e7a, quanto no Brasil. Odilon Cavalcanti participa da mostra inaugural na &#8220;<em>Tour Carr\u00e9 du Roi Renn\u00e9 &#8221; <\/em>no Vieux Port em Marselha e numa mostra secund\u00e1ria na <em>Galerie Les Arsenauxs<\/em>. Da mostra inicial participam, al\u00e9m dele, Sylvie Achard, Rodolpho Atayde, Jean Mark Brodbecker, Raul C\u00f3rdula, Adriana Didier,Lois-Daniel Jouve, Catherine Kieffer, Pedro Lino, Roberto L\u00facio, Jos\u00e9 Patr\u00edcio, Chico Pereira, Sylvie Pic, Patricia Prunelle, Mary Pupet, Marca Quartuccia, Rinaldo,Olivier Rollin, Jos\u00e9 Rufino, Ro R\u00f3 de S\u00e1, Dantas Suassuna, Veronique Turlais, Sergio Bello, al\u00e9m de Michel Steffanini, que recebeu <strong>Odilon<\/strong> em seu atelier para a resid\u00eancia art\u00edstica que fazia parte do conceito do Projeto.<\/p>\n\n\n\n<p><strong>Asa para que te quero:<\/strong><\/p>\n\n\n\n<figure class=\"wp-block-image\"><img loading=\"lazy\" decoding=\"async\" width=\"1024\" height=\"709\" src=\"https:\/\/www.odiloncavalcanti.art.br\/wp-content\/uploads\/2019\/10\/LWF0002--1024x709.jpg\" alt=\"\" class=\"wp-image-1613\" srcset=\"https:\/\/odiloncavalcanti.art.br\/wp-content\/uploads\/2019\/10\/LWF0002--1024x709.jpg 1024w, https:\/\/odiloncavalcanti.art.br\/wp-content\/uploads\/2019\/10\/LWF0002--300x208.jpg 300w, https:\/\/odiloncavalcanti.art.br\/wp-content\/uploads\/2019\/10\/LWF0002--768x532.jpg 768w, https:\/\/odiloncavalcanti.art.br\/wp-content\/uploads\/2019\/10\/LWF0002-.jpg 1200w\" sizes=\"auto, (max-width: 767px) 89vw, (max-width: 1000px) 54vw, (max-width: 1071px) 543px, 580px\" \/><\/figure>\n\n\n\n<p>Outras tr\u00eas importantes Exposi\u00e7\u00f5es Coletivas que contaram com a participa\u00e7\u00e3o de <strong>Odilon Cavalcanti<\/strong> foram as mostras do Projeto Asa, do qual Odilon era criador da metodologia de trabalho e curador na Funarte S\u00e3o Paulo, na 25a Bienal de S\u00e3o Paulo e no Instituto Brasil Estados Unidos de S. Paulo, entre os anos 2002, e 2004, nestas coletivas participaram artistas como Sonia Von Brusky, Maria Bonomi, Carla Fattio, Gilberto, Salvador, Claudio Tozzi, Jos\u00e9 Roberto Aguilar, Luiz Paulo Baravelli, Guto Lacaz, Jos\u00e9 Zaragozza e Sergio Fingermann, al\u00e9m do pr\u00f3prio Odilon.<\/p>\n\n\n\n<p><strong><em>Transpasse[s]<\/em><\/strong><\/p>\n\n\n\n<figure class=\"wp-block-image\"><img loading=\"lazy\" decoding=\"async\" width=\"752\" height=\"1024\" src=\"https:\/\/www.odiloncavalcanti.art.br\/wp-content\/uploads\/2019\/10\/Cristal-752x1024.jpg\" alt=\"\" class=\"wp-image-1614\" srcset=\"https:\/\/odiloncavalcanti.art.br\/wp-content\/uploads\/2019\/10\/Cristal-752x1024.jpg 752w, https:\/\/odiloncavalcanti.art.br\/wp-content\/uploads\/2019\/10\/Cristal-220x300.jpg 220w, https:\/\/odiloncavalcanti.art.br\/wp-content\/uploads\/2019\/10\/Cristal-768x1045.jpg 768w, https:\/\/odiloncavalcanti.art.br\/wp-content\/uploads\/2019\/10\/Cristal.jpg 1124w\" sizes=\"auto, (max-width: 706px) 89vw, (max-width: 767px) 82vw, 740px\" \/><\/figure>\n\n\n\n<p>Atualmente <strong>Odilon<\/strong> est\u00e1 participando do projeto Transpasses que re\u00fane artistas brasileiros de Pernambuco e artistas portugueses da Cidade do Porto que prev\u00ea ao menos tr\u00eas exposi\u00e7\u00f5es internacionais itinerantes em sua primeira fase: Galeria Glen em Barueri (S\u00e3o Paulo) no pr\u00f3ximo dia 21 de novembro de 2019, Galeria da Junta da Cidade de Maia (nas cercanias da Cidade do Porto) em 07 de maio de 2020 e no Recife, no Museu do Estado em 10 de setembro do mesmo ano.<\/p>\n\n\n\n<figure class=\"wp-block-image\"><img loading=\"lazy\" decoding=\"async\" width=\"1024\" height=\"722\" src=\"https:\/\/www.odiloncavalcanti.art.br\/wp-content\/uploads\/2019\/10\/convite-1024x722.jpg\" alt=\"\" class=\"wp-image-1619\" srcset=\"https:\/\/odiloncavalcanti.art.br\/wp-content\/uploads\/2019\/10\/convite-1024x722.jpg 1024w, https:\/\/odiloncavalcanti.art.br\/wp-content\/uploads\/2019\/10\/convite-300x212.jpg 300w, https:\/\/odiloncavalcanti.art.br\/wp-content\/uploads\/2019\/10\/convite-768x542.jpg 768w\" sizes=\"auto, (max-width: 767px) 89vw, (max-width: 1000px) 54vw, (max-width: 1071px) 543px, 580px\" \/><\/figure>\n\n\n\n<p>A Mostra  Coletiva Internacional Itinerante contar\u00e1 com a participa\u00e7\u00e3o de quatro artistas portugueses da Cidade do Porto: Francisco Laranjo, Manuel Aguiar, Sobral Centeno e Zulmiro de Carvalho. Os artistas brasileiros de Pernambuco s\u00e3o, Ana Guerra, Maur\u00edcio Arraes,              <strong>Odilon Cavalcanti<\/strong>, Roberto Botelho, e seu curador Sergio Lemos.<\/p>\n\n\n\n<p>Transpasses homenageia o artista portugu\u00eas do Porto, J\u00falio Resende, j\u00e1 falecido, que juntamente com Sergio Lemos criou o Projeto.<\/p>\n\n\n\n<p>Veja o v\u00eddeo gravado na Galeria Glen Art onde realizou-se a 1a exposi\u00e7\u00e3o da Itiner\u00e2ncia Transpasses:<\/p>\n\n\n\n<figure class=\"wp-block-embed-youtube wp-block-embed is-type-video is-provider-youtube wp-embed-aspect-16-9 wp-has-aspect-ratio\"><div class=\"wp-block-embed__wrapper\">\n<iframe loading=\"lazy\" title=\"Exposi\u00e7\u00e3o Transpasses - Odilon Cavalcanti e Anna Guerra.\" width=\"525\" height=\"295\" src=\"https:\/\/www.youtube.com\/embed\/Z4JNiyoBSkk?feature=oembed\" frameborder=\"0\" allow=\"accelerometer; autoplay; clipboard-write; encrypted-media; gyroscope; picture-in-picture; web-share\" referrerpolicy=\"strict-origin-when-cross-origin\" allowfullscreen><\/iframe>\n<\/div><\/figure>\n","protected":false},"excerpt":{"rendered":"<p>Primeiras mostras: Odilon Cavalcanti come\u00e7ou sua trajet\u00f3ria participando de Sal\u00f5es. O JAC (Jovem Arte Contempor\u00e2nea) do MAC, dirigido na \u00e9poca por Ana Mae Barbosa, c\u00e9lebre arte educadora e ex- mentora da Escolinha de Arte do Recife, Sal\u00e3o de Ver\u00e3o e Sal\u00e3o da Eletrobr\u00e1s, ambos no MAM -Rio, foram seus primeiros passos no universo da Arte. &hellip; <\/p>\n<p class=\"link-more\"><a href=\"https:\/\/odiloncavalcanti.art.br\/fr\/exposicoes-coletivas-saloes-de-arte-grupos-de-artistas-exposicoes-coletivas-internacionais-movimentos-artisticos\/\" class=\"more-link\">Continue reading<span class=\"screen-reader-text\"> &#8220;Exposi\u00e7\u00f5es Coletivas&#8221;<\/span><\/a><\/p>\n","protected":false},"author":1,"featured_media":681,"parent":0,"menu_order":0,"comment_status":"closed","ping_status":"closed","template":"","meta":{"footnotes":""},"class_list":["post-1612","page","type-page","status-publish","has-post-thumbnail","hentry"],"translation":{"provider":"WPGlobus","version":"3.0.1","language":"fr","enabled_languages":["en","es","de","fr","ru"],"languages":{"en":{"title":true,"content":true,"excerpt":false},"es":{"title":false,"content":false,"excerpt":false},"de":{"title":false,"content":false,"excerpt":false},"fr":{"title":false,"content":false,"excerpt":false},"ru":{"title":false,"content":false,"excerpt":false}}},"yoast_head":"<!-- This site is optimized with the Yoast SEO plugin v27.2 - https:\/\/yoast.com\/product\/yoast-seo-wordpress\/ -->\n<title>Exposi\u00e7\u00f5es Coletivas - Odilon Cavalcanti<\/title>\n<meta name=\"robots\" content=\"index, follow, max-snippet:-1, max-image-preview:large, max-video-preview:-1\" \/>\n<link rel=\"canonical\" href=\"https:\/\/odiloncavalcanti.art.br\/exposicoes-coletivas-saloes-de-arte-grupos-de-artistas-exposicoes-coletivas-internacionais-movimentos-artisticos\/\" \/>\n<meta property=\"og:locale\" content=\"fr_FR\" \/>\n<meta property=\"og:type\" content=\"article\" \/>\n<meta property=\"og:title\" content=\"Exposi\u00e7\u00f5es Coletivas - Odilon Cavalcanti\" \/>\n<meta property=\"og:url\" content=\"https:\/\/odiloncavalcanti.art.br\/exposicoes-coletivas-saloes-de-arte-grupos-de-artistas-exposicoes-coletivas-internacionais-movimentos-artisticos\/\" \/>\n<meta property=\"og:site_name\" content=\"Odilon Cavalcanti\" \/>\n<meta property=\"article:publisher\" content=\"https:\/\/www.facebook.com\/AtelierOdilonCavalcanti\/\" \/>\n<meta property=\"article:modified_time\" content=\"2019-12-20T12:39:15+00:00\" \/>\n<meta property=\"og:image\" content=\"https:\/\/odiloncavalcanti.art.br\/wp-content\/uploads\/2017\/02\/Scanner_20170219-28.png\" \/>\n\t<meta property=\"og:image:width\" content=\"1204\" \/>\n\t<meta property=\"og:image:height\" content=\"596\" \/>\n\t<meta property=\"og:image:type\" content=\"image\/png\" \/>\n<meta name=\"twitter:card\" content=\"summary_large_image\" \/>\n<meta name=\"twitter:site\" content=\"@odilonk\" \/>\n<meta name=\"twitter:label1\" content=\"Est. reading time\" \/>\n\t<meta name=\"twitter:data1\" content=\"4 minutes\" \/>\n<script type=\"application\/ld+json\" class=\"yoast-schema-graph\">{\"@context\":\"https:\/\/schema.org\",\"@graph\":[{\"@type\":\"WebPage\",\"@id\":\"https:\/\/odiloncavalcanti.art.br\/exposicoes-coletivas-saloes-de-arte-grupos-de-artistas-exposicoes-coletivas-internacionais-movimentos-artisticos\/\",\"url\":\"https:\/\/odiloncavalcanti.art.br\/exposicoes-coletivas-saloes-de-arte-grupos-de-artistas-exposicoes-coletivas-internacionais-movimentos-artisticos\/\",\"name\":\"Exposi\u00e7\u00f5es Coletivas - Odilon Cavalcanti\",\"isPartOf\":{\"@id\":\"http:\/\/odiloncavalcanti.art.br\/#website\"},\"primaryImageOfPage\":{\"@id\":\"https:\/\/odiloncavalcanti.art.br\/exposicoes-coletivas-saloes-de-arte-grupos-de-artistas-exposicoes-coletivas-internacionais-movimentos-artisticos\/#primaryimage\"},\"image\":{\"@id\":\"https:\/\/odiloncavalcanti.art.br\/exposicoes-coletivas-saloes-de-arte-grupos-de-artistas-exposicoes-coletivas-internacionais-movimentos-artisticos\/#primaryimage\"},\"thumbnailUrl\":\"https:\/\/odiloncavalcanti.art.br\/wp-content\/uploads\/2017\/02\/Scanner_20170219-28.png\",\"datePublished\":\"2019-10-23T20:25:41+00:00\",\"dateModified\":\"2019-12-20T12:39:15+00:00\",\"breadcrumb\":{\"@id\":\"https:\/\/odiloncavalcanti.art.br\/exposicoes-coletivas-saloes-de-arte-grupos-de-artistas-exposicoes-coletivas-internacionais-movimentos-artisticos\/#breadcrumb\"},\"inLanguage\":\"fr-FR\",\"potentialAction\":[{\"@type\":\"ReadAction\",\"target\":[\"https:\/\/odiloncavalcanti.art.br\/exposicoes-coletivas-saloes-de-arte-grupos-de-artistas-exposicoes-coletivas-internacionais-movimentos-artisticos\/\"]}]},{\"@type\":\"ImageObject\",\"inLanguage\":\"fr-FR\",\"@id\":\"https:\/\/odiloncavalcanti.art.br\/exposicoes-coletivas-saloes-de-arte-grupos-de-artistas-exposicoes-coletivas-internacionais-movimentos-artisticos\/#primaryimage\",\"url\":\"https:\/\/odiloncavalcanti.art.br\/wp-content\/uploads\/2017\/02\/Scanner_20170219-28.png\",\"contentUrl\":\"https:\/\/odiloncavalcanti.art.br\/wp-content\/uploads\/2017\/02\/Scanner_20170219-28.png\",\"width\":1204,\"height\":596,\"caption\":\"\\\"D\u00edptico R\u00edtmico\\\" Acr\u00edlixa e pastel s\/ tela 2x1m 1987\"},{\"@type\":\"BreadcrumbList\",\"@id\":\"https:\/\/odiloncavalcanti.art.br\/exposicoes-coletivas-saloes-de-arte-grupos-de-artistas-exposicoes-coletivas-internacionais-movimentos-artisticos\/#breadcrumb\",\"itemListElement\":[{\"@type\":\"ListItem\",\"position\":1,\"name\":\"In\u00edcio\",\"item\":\"http:\/\/odiloncavalcanti.art.br\/\"},{\"@type\":\"ListItem\",\"position\":2,\"name\":\"Exposi\u00e7\u00f5es Coletivas\"}]},{\"@type\":\"WebSite\",\"@id\":\"http:\/\/odiloncavalcanti.art.br\/#website\",\"url\":\"http:\/\/odiloncavalcanti.art.br\/\",\"name\":\"Odilon Cavalcanti\",\"description\":\"Um espelho da alquimia da Arte.\",\"potentialAction\":[{\"@type\":\"SearchAction\",\"target\":{\"@type\":\"EntryPoint\",\"urlTemplate\":\"http:\/\/odiloncavalcanti.art.br\/?s={search_term_string}\"},\"query-input\":{\"@type\":\"PropertyValueSpecification\",\"valueRequired\":true,\"valueName\":\"search_term_string\"}}],\"inLanguage\":\"fr-FR\"}]}<\/script>\n<!-- \/ Yoast SEO plugin. -->","yoast_head_json":{"title":"Exposi\u00e7\u00f5es Coletivas - Odilon Cavalcanti","robots":{"index":"index","follow":"follow","max-snippet":"max-snippet:-1","max-image-preview":"max-image-preview:large","max-video-preview":"max-video-preview:-1"},"canonical":"https:\/\/odiloncavalcanti.art.br\/exposicoes-coletivas-saloes-de-arte-grupos-de-artistas-exposicoes-coletivas-internacionais-movimentos-artisticos\/","og_locale":"fr_FR","og_type":"article","og_title":"Exposi\u00e7\u00f5es Coletivas - Odilon Cavalcanti","og_url":"https:\/\/odiloncavalcanti.art.br\/exposicoes-coletivas-saloes-de-arte-grupos-de-artistas-exposicoes-coletivas-internacionais-movimentos-artisticos\/","og_site_name":"Odilon Cavalcanti","article_publisher":"https:\/\/www.facebook.com\/AtelierOdilonCavalcanti\/","article_modified_time":"2019-12-20T12:39:15+00:00","og_image":[{"width":1204,"height":596,"url":"https:\/\/odiloncavalcanti.art.br\/wp-content\/uploads\/2017\/02\/Scanner_20170219-28.png","type":"image\/png"}],"twitter_card":"summary_large_image","twitter_site":"@odilonk","twitter_misc":{"Est. reading time":"4 minutes"},"schema":{"@context":"https:\/\/schema.org","@graph":[{"@type":"WebPage","@id":"https:\/\/odiloncavalcanti.art.br\/exposicoes-coletivas-saloes-de-arte-grupos-de-artistas-exposicoes-coletivas-internacionais-movimentos-artisticos\/","url":"https:\/\/odiloncavalcanti.art.br\/exposicoes-coletivas-saloes-de-arte-grupos-de-artistas-exposicoes-coletivas-internacionais-movimentos-artisticos\/","name":"Exposi\u00e7\u00f5es Coletivas - Odilon Cavalcanti","isPartOf":{"@id":"http:\/\/odiloncavalcanti.art.br\/#website"},"primaryImageOfPage":{"@id":"https:\/\/odiloncavalcanti.art.br\/exposicoes-coletivas-saloes-de-arte-grupos-de-artistas-exposicoes-coletivas-internacionais-movimentos-artisticos\/#primaryimage"},"image":{"@id":"https:\/\/odiloncavalcanti.art.br\/exposicoes-coletivas-saloes-de-arte-grupos-de-artistas-exposicoes-coletivas-internacionais-movimentos-artisticos\/#primaryimage"},"thumbnailUrl":"https:\/\/odiloncavalcanti.art.br\/wp-content\/uploads\/2017\/02\/Scanner_20170219-28.png","datePublished":"2019-10-23T20:25:41+00:00","dateModified":"2019-12-20T12:39:15+00:00","breadcrumb":{"@id":"https:\/\/odiloncavalcanti.art.br\/exposicoes-coletivas-saloes-de-arte-grupos-de-artistas-exposicoes-coletivas-internacionais-movimentos-artisticos\/#breadcrumb"},"inLanguage":"fr-FR","potentialAction":[{"@type":"ReadAction","target":["https:\/\/odiloncavalcanti.art.br\/exposicoes-coletivas-saloes-de-arte-grupos-de-artistas-exposicoes-coletivas-internacionais-movimentos-artisticos\/"]}]},{"@type":"ImageObject","inLanguage":"fr-FR","@id":"https:\/\/odiloncavalcanti.art.br\/exposicoes-coletivas-saloes-de-arte-grupos-de-artistas-exposicoes-coletivas-internacionais-movimentos-artisticos\/#primaryimage","url":"https:\/\/odiloncavalcanti.art.br\/wp-content\/uploads\/2017\/02\/Scanner_20170219-28.png","contentUrl":"https:\/\/odiloncavalcanti.art.br\/wp-content\/uploads\/2017\/02\/Scanner_20170219-28.png","width":1204,"height":596,"caption":"\"D\u00edptico R\u00edtmico\" Acr\u00edlixa e pastel s\/ tela 2x1m 1987"},{"@type":"BreadcrumbList","@id":"https:\/\/odiloncavalcanti.art.br\/exposicoes-coletivas-saloes-de-arte-grupos-de-artistas-exposicoes-coletivas-internacionais-movimentos-artisticos\/#breadcrumb","itemListElement":[{"@type":"ListItem","position":1,"name":"In\u00edcio","item":"http:\/\/odiloncavalcanti.art.br\/"},{"@type":"ListItem","position":2,"name":"Exposi\u00e7\u00f5es Coletivas"}]},{"@type":"WebSite","@id":"http:\/\/odiloncavalcanti.art.br\/#website","url":"http:\/\/odiloncavalcanti.art.br\/","name":"Odilon Cavalcanti","description":"Um espelho da alquimia da Arte.","potentialAction":[{"@type":"SearchAction","target":{"@type":"EntryPoint","urlTemplate":"http:\/\/odiloncavalcanti.art.br\/?s={search_term_string}"},"query-input":{"@type":"PropertyValueSpecification","valueRequired":true,"valueName":"search_term_string"}}],"inLanguage":"fr-FR"}]}},"jetpack_sharing_enabled":true,"_links":{"self":[{"href":"https:\/\/odiloncavalcanti.art.br\/fr\/wp-json\/wp\/v2\/pages\/1612","targetHints":{"allow":["GET"]}}],"collection":[{"href":"https:\/\/odiloncavalcanti.art.br\/fr\/wp-json\/wp\/v2\/pages"}],"about":[{"href":"https:\/\/odiloncavalcanti.art.br\/fr\/wp-json\/wp\/v2\/types\/page"}],"author":[{"embeddable":true,"href":"https:\/\/odiloncavalcanti.art.br\/fr\/wp-json\/wp\/v2\/users\/1"}],"replies":[{"embeddable":true,"href":"https:\/\/odiloncavalcanti.art.br\/fr\/wp-json\/wp\/v2\/comments?post=1612"}],"version-history":[{"count":8,"href":"https:\/\/odiloncavalcanti.art.br\/fr\/wp-json\/wp\/v2\/pages\/1612\/revisions"}],"predecessor-version":[{"id":1656,"href":"https:\/\/odiloncavalcanti.art.br\/fr\/wp-json\/wp\/v2\/pages\/1612\/revisions\/1656"}],"wp:featuredmedia":[{"embeddable":true,"href":"https:\/\/odiloncavalcanti.art.br\/fr\/wp-json\/wp\/v2\/media\/681"}],"wp:attachment":[{"href":"https:\/\/odiloncavalcanti.art.br\/fr\/wp-json\/wp\/v2\/media?parent=1612"}],"curies":[{"name":"wp","href":"https:\/\/api.w.org\/{rel}","templated":true}]}}