{"id":763,"date":"2017-03-02T12:47:44","date_gmt":"2017-03-02T15:47:44","guid":{"rendered":"http:\/\/www.odiloncavalcanti.art.br\/?page_id=763"},"modified":"2017-05-09T13:39:22","modified_gmt":"2017-05-09T16:39:22","slug":"trajetoria","status":"publish","type":"page","link":"https:\/\/odiloncavalcanti.art.br\/es\/trajetoria\/","title":{"rendered":"Cole\u00e7\u00e3o Trajet\u00f3ria: os caminhos externos e internos de um artista \u00e0 procura de si pr\u00f3prio e de seu p\u00fablico."},"content":{"rendered":"<h2><strong>Trajet\u00f3ria para o mundo interno de um artista:<\/strong><\/h2>\n<figure id=\"attachment_761\" aria-describedby=\"caption-attachment-761\" style=\"width: 300px\" class=\"wp-caption alignnone\"><img loading=\"lazy\" decoding=\"async\" class=\"wp-image-761 size-medium\" title=\"trajetoria nove\" src=\"http:\/\/169.57.129.238\/~odilonca\/wp-content\/uploads\/2017\/03\/9-300x188.jpg\" alt=\"trajetoria nove\" width=\"300\" height=\"188\" srcset=\"https:\/\/odiloncavalcanti.art.br\/wp-content\/uploads\/2017\/03\/9-300x188.jpg 300w, https:\/\/odiloncavalcanti.art.br\/wp-content\/uploads\/2017\/03\/9-768x482.jpg 768w, https:\/\/odiloncavalcanti.art.br\/wp-content\/uploads\/2017\/03\/9-1024x642.jpg 1024w, https:\/\/odiloncavalcanti.art.br\/wp-content\/uploads\/2017\/03\/9.jpg 1204w\" sizes=\"auto, (max-width: 300px) 100vw, 300px\" \/><figcaption id=\"caption-attachment-761\" class=\"wp-caption-text\"><strong>&#8220;Trajet\u00f3ria 9&#8221;<\/strong><br \/> <strong>(o Destino)<\/strong><br \/> Pastel, acr\u00edlica s\/tela<br \/> 90x120cm<br \/> <strong>1994<\/strong><\/figcaption><\/figure>\n<figure id=\"attachment_760\" aria-describedby=\"caption-attachment-760\" style=\"width: 300px\" class=\"wp-caption alignnone\"><img loading=\"lazy\" decoding=\"async\" class=\"wp-image-760 size-medium\" title=\"trajetoria oito\" src=\"http:\/\/169.57.129.238\/~odilonca\/wp-content\/uploads\/2017\/03\/8-300x189.jpg\" alt=\"trajetoria 8\" width=\"300\" height=\"189\" srcset=\"https:\/\/odiloncavalcanti.art.br\/wp-content\/uploads\/2017\/03\/8-300x189.jpg 300w, https:\/\/odiloncavalcanti.art.br\/wp-content\/uploads\/2017\/03\/8-768x483.jpg 768w, https:\/\/odiloncavalcanti.art.br\/wp-content\/uploads\/2017\/03\/8-1024x644.jpg 1024w, https:\/\/odiloncavalcanti.art.br\/wp-content\/uploads\/2017\/03\/8.jpg 1204w\" sizes=\"auto, (max-width: 300px) 100vw, 300px\" \/><figcaption id=\"caption-attachment-760\" class=\"wp-caption-text\">&#8220;Trajet\u00f3ria 8&#8221;<br \/> <strong>(os 4 animais)<\/strong><br \/> Pastel, acr\u00edlica s\/tela<br \/> 90x120cm<br \/> 1994<\/figcaption><\/figure>\n<figure id=\"attachment_759\" aria-describedby=\"caption-attachment-759\" style=\"width: 300px\" class=\"wp-caption alignnone\"><img loading=\"lazy\" decoding=\"async\" class=\"wp-image-759 size-medium\" title=\"trajetoria sete\" src=\"http:\/\/169.57.129.238\/~odilonca\/wp-content\/uploads\/2017\/03\/7-300x190.jpg\" alt=\"trajetoria sete\" width=\"300\" height=\"190\" srcset=\"https:\/\/odiloncavalcanti.art.br\/wp-content\/uploads\/2017\/03\/7-300x190.jpg 300w, https:\/\/odiloncavalcanti.art.br\/wp-content\/uploads\/2017\/03\/7-768x487.jpg 768w, https:\/\/odiloncavalcanti.art.br\/wp-content\/uploads\/2017\/03\/7-1024x649.jpg 1024w, https:\/\/odiloncavalcanti.art.br\/wp-content\/uploads\/2017\/03\/7.jpg 1204w\" sizes=\"auto, (max-width: 300px) 100vw, 300px\" \/><figcaption id=\"caption-attachment-759\" class=\"wp-caption-text\">&#8220;Trajet\u00f3ria 7&#8221;<br \/> <strong>(O corpo)<\/strong><br \/> Pastel, acr\u00edlica s\/tela<br \/> 90x120cm<br \/> <strong>1994<\/strong><\/figcaption><\/figure>\n<figure id=\"attachment_758\" aria-describedby=\"caption-attachment-758\" style=\"width: 300px\" class=\"wp-caption alignnone\"><img loading=\"lazy\" decoding=\"async\" class=\"wp-image-758 size-medium\" title=\"trajetoria seis\" src=\"http:\/\/169.57.129.238\/~odilonca\/wp-content\/uploads\/2017\/03\/6-300x188.jpg\" alt=\"trajetoria seis\" width=\"300\" height=\"188\" srcset=\"https:\/\/odiloncavalcanti.art.br\/wp-content\/uploads\/2017\/03\/6-300x188.jpg 300w, https:\/\/odiloncavalcanti.art.br\/wp-content\/uploads\/2017\/03\/6-768x482.jpg 768w, https:\/\/odiloncavalcanti.art.br\/wp-content\/uploads\/2017\/03\/6-1024x642.jpg 1024w, https:\/\/odiloncavalcanti.art.br\/wp-content\/uploads\/2017\/03\/6.jpg 1204w\" sizes=\"auto, (max-width: 300px) 100vw, 300px\" \/><figcaption id=\"caption-attachment-758\" class=\"wp-caption-text\">&#8220;Trajet\u00f3ria 6&#8221;<br \/> <strong>(o Mapa)<\/strong><br \/> Pastel, acr\u00edlica s\/tela<br \/> 90x120cm<br \/> <strong>1994<\/strong><\/figcaption><\/figure>\n<figure id=\"attachment_757\" aria-describedby=\"caption-attachment-757\" style=\"width: 300px\" class=\"wp-caption alignnone\"><img loading=\"lazy\" decoding=\"async\" class=\"wp-image-757 size-medium\" title=\"trajetoria cinco\" src=\"http:\/\/169.57.129.238\/~odilonca\/wp-content\/uploads\/2017\/03\/5-300x191.jpg\" alt=\"trajetoria 5\" width=\"300\" height=\"191\" srcset=\"https:\/\/odiloncavalcanti.art.br\/wp-content\/uploads\/2017\/03\/5-300x191.jpg 300w, https:\/\/odiloncavalcanti.art.br\/wp-content\/uploads\/2017\/03\/5-768x488.jpg 768w, https:\/\/odiloncavalcanti.art.br\/wp-content\/uploads\/2017\/03\/5-1024x651.jpg 1024w, https:\/\/odiloncavalcanti.art.br\/wp-content\/uploads\/2017\/03\/5.jpg 1204w\" sizes=\"auto, (max-width: 300px) 100vw, 300px\" \/><figcaption id=\"caption-attachment-757\" class=\"wp-caption-text\">&#8220;Trajet\u00f3ria 5&#8221;<br \/> <strong>(o O P\u00e3o)<\/strong><br \/> Pastel, acr\u00edlica s\/tela<br \/> 90x120cm<br \/> <strong>1994<\/strong><\/figcaption><\/figure>\n<figure id=\"attachment_756\" aria-describedby=\"caption-attachment-756\" style=\"width: 300px\" class=\"wp-caption alignnone\"><img loading=\"lazy\" decoding=\"async\" class=\"wp-image-756 size-medium\" title=\"trajetoria quatro\" src=\"http:\/\/169.57.129.238\/~odilonca\/wp-content\/uploads\/2017\/03\/4-300x190.jpg\" alt=\"trajetoria quatro\" width=\"300\" height=\"190\" srcset=\"https:\/\/odiloncavalcanti.art.br\/wp-content\/uploads\/2017\/03\/4-300x190.jpg 300w, https:\/\/odiloncavalcanti.art.br\/wp-content\/uploads\/2017\/03\/4-768x485.jpg 768w, https:\/\/odiloncavalcanti.art.br\/wp-content\/uploads\/2017\/03\/4-1024x647.jpg 1024w, https:\/\/odiloncavalcanti.art.br\/wp-content\/uploads\/2017\/03\/4.jpg 1204w\" sizes=\"auto, (max-width: 300px) 100vw, 300px\" \/><figcaption id=\"caption-attachment-756\" class=\"wp-caption-text\">&#8220;Trajet\u00f3ria 4&#8221;<br \/> <strong>(Alma am\u00e1lgama)<\/strong><br \/> Pastel, acr\u00edlica s\/tela<br \/> 90x120cm<br \/> 1994<\/figcaption><\/figure>\n<figure id=\"attachment_755\" aria-describedby=\"caption-attachment-755\" style=\"width: 300px\" class=\"wp-caption alignnone\"><img loading=\"lazy\" decoding=\"async\" class=\"wp-image-755 size-medium\" title=\"trajetoria treis\" src=\"http:\/\/169.57.129.238\/~odilonca\/wp-content\/uploads\/2017\/03\/3-300x189.jpg\" alt=\"trajetoria treis\" width=\"300\" height=\"189\" srcset=\"https:\/\/odiloncavalcanti.art.br\/wp-content\/uploads\/2017\/03\/3-300x189.jpg 300w, https:\/\/odiloncavalcanti.art.br\/wp-content\/uploads\/2017\/03\/3-768x484.jpg 768w, https:\/\/odiloncavalcanti.art.br\/wp-content\/uploads\/2017\/03\/3-1024x646.jpg 1024w, https:\/\/odiloncavalcanti.art.br\/wp-content\/uploads\/2017\/03\/3.jpg 1204w\" sizes=\"auto, (max-width: 300px) 100vw, 300px\" \/><figcaption id=\"caption-attachment-755\" class=\"wp-caption-text\">&#8220;Trajet\u00f3ria 3&#8221;<br \/> <strong>(Universos Paralelos)<\/strong><br \/> Pastel, acr\u00edlica s\/tela<br \/> 90x120cm<br \/> <strong>1994<\/strong><\/figcaption><\/figure>\n<figure id=\"attachment_754\" aria-describedby=\"caption-attachment-754\" style=\"width: 300px\" class=\"wp-caption alignnone\"><img loading=\"lazy\" decoding=\"async\" class=\"wp-image-754 size-medium\" title=\"trajetoria dois\" src=\"http:\/\/169.57.129.238\/~odilonca\/wp-content\/uploads\/2017\/03\/2-300x190.jpg\" alt=\"trajetoria dois\" width=\"300\" height=\"190\" srcset=\"https:\/\/odiloncavalcanti.art.br\/wp-content\/uploads\/2017\/03\/2-300x190.jpg 300w, https:\/\/odiloncavalcanti.art.br\/wp-content\/uploads\/2017\/03\/2-768x486.jpg 768w, https:\/\/odiloncavalcanti.art.br\/wp-content\/uploads\/2017\/03\/2-1024x648.jpg 1024w, https:\/\/odiloncavalcanti.art.br\/wp-content\/uploads\/2017\/03\/2.jpg 1204w\" sizes=\"auto, (max-width: 300px) 100vw, 300px\" \/><figcaption id=\"caption-attachment-754\" class=\"wp-caption-text\">&#8220;Trajet\u00f3ria 2&#8221;<br \/> <strong>(o Arco)<\/strong><br \/> Pastel, acr\u00edlica s\/tela<br \/> 90x120cm<br \/> <strong>1994<\/strong><\/figcaption><\/figure>\n<figure id=\"attachment_753\" aria-describedby=\"caption-attachment-753\" style=\"width: 300px\" class=\"wp-caption alignnone\"><img loading=\"lazy\" decoding=\"async\" class=\"wp-image-753 size-medium\" title=\"trajetoria um\" src=\"http:\/\/169.57.129.238\/~odilonca\/wp-content\/uploads\/2017\/03\/1-300x191.jpg\" alt=\"trajetoria um\" width=\"300\" height=\"191\" srcset=\"https:\/\/odiloncavalcanti.art.br\/wp-content\/uploads\/2017\/03\/1-300x191.jpg 300w, https:\/\/odiloncavalcanti.art.br\/wp-content\/uploads\/2017\/03\/1-768x488.jpg 768w, https:\/\/odiloncavalcanti.art.br\/wp-content\/uploads\/2017\/03\/1-1024x651.jpg 1024w, https:\/\/odiloncavalcanti.art.br\/wp-content\/uploads\/2017\/03\/1.jpg 1204w\" sizes=\"auto, (max-width: 300px) 100vw, 300px\" \/><figcaption id=\"caption-attachment-753\" class=\"wp-caption-text\">&#8220;Trajet\u00f3ria 1&#8221;<br \/> <strong>(o Prato)<\/strong><br \/> Pastel, acr\u00edlica s\/tela<br \/> 90x120cm<br \/> <strong>1994<\/strong><\/figcaption><\/figure>\n<p>Trajet\u00f3ria \u00e9 um conjunto de obras do finais de 1994, quando <strong>Odilon<\/strong>, preparando-se para a empreitada de realiza\u00e7\u00e3o das pinturas \u00e0 m\u00e3o dos &#8220;out-doors&#8221; do <strong>Projeto Manifesto Transconcreto<\/strong> em S. Paulo, que foram pintados num galp\u00e3o de uma empresa de outdoors no Rio de Janeiro, <strong>Odilon<\/strong> promove um cons\u00f3rcio de suas obras em Piedade (Jaboat\u00e3o dos Guararapes-Pe) com o objetivo de levantar fundos para a viagem e perman\u00eancia do artista no Rio, seus novos itiner\u00e1rios e uma nova rota para sua obra.<\/p>\n<p>&nbsp;<\/p>\n<p>Este conjunto de dez obras onde <strong>Odilon Cavalcanti<\/strong> discute exatamente o universo dos deslocamentos, mapas e alus\u00f5es ao tempo e ao espa\u00e7o, aludindo \u00e0 fase de deslocamento e amplia\u00e7\u00e3o do seu raio de a\u00e7\u00e3o, novos percursos e da extens\u00e3o do alcance do seu trabalho que retorna ao eixo S\u00e3o Paulo -Rio de janeiro depois de 10 anos de aus\u00eancia destes mercados.<\/p>\n<figure id=\"attachment_769\" aria-describedby=\"caption-attachment-769\" style=\"width: 300px\" class=\"wp-caption alignnone\"><img loading=\"lazy\" decoding=\"async\" class=\"size-medium wp-image-769\" src=\"http:\/\/169.57.129.238\/~odilonca\/wp-content\/uploads\/2017\/03\/Scanner_20170302-300x228.jpg\" alt=\"\" width=\"300\" height=\"228\" srcset=\"https:\/\/odiloncavalcanti.art.br\/wp-content\/uploads\/2017\/03\/Scanner_20170302-300x228.jpg 300w, https:\/\/odiloncavalcanti.art.br\/wp-content\/uploads\/2017\/03\/Scanner_20170302-768x585.jpg 768w, https:\/\/odiloncavalcanti.art.br\/wp-content\/uploads\/2017\/03\/Scanner_20170302-1024x780.jpg 1024w, https:\/\/odiloncavalcanti.art.br\/wp-content\/uploads\/2017\/03\/Scanner_20170302.jpg 1204w\" sizes=\"auto, (max-width: 300px) 100vw, 300px\" \/><figcaption id=\"caption-attachment-769\" class=\"wp-caption-text\">Capa do convite para a Exposi\u00e7\u00e3o\/Cons\u00f3rcio.<\/figcaption><\/figure>\n<p>&nbsp;<\/p>\n<p>\u00c9 interessante comparar as imagens de &#8220;Trajet\u00f3ria&#8221; que produziu, ent\u00e3o, com recentes imagens do Universo divulgadas em 2010, fornecidas pela <strong>Nasa<\/strong>, captadas pelo telesc\u00f3pio <strong>Hubble<\/strong>.<\/p>\n<figure id=\"attachment_766\" aria-describedby=\"caption-attachment-766\" style=\"width: 300px\" class=\"wp-caption alignnone\"><img loading=\"lazy\" decoding=\"async\" class=\"size-medium wp-image-766\" src=\"http:\/\/169.57.129.238\/~odilonca\/wp-content\/uploads\/2017\/03\/universo-imagem-total-201007051110141-300x178.jpg\" alt=\"\" width=\"300\" height=\"178\" srcset=\"https:\/\/odiloncavalcanti.art.br\/wp-content\/uploads\/2017\/03\/universo-imagem-total-201007051110141-300x178.jpg 300w, https:\/\/odiloncavalcanti.art.br\/wp-content\/uploads\/2017\/03\/universo-imagem-total-201007051110141.jpg 500w\" sizes=\"auto, (max-width: 300px) 100vw, 300px\" \/><figcaption id=\"caption-attachment-766\" class=\"wp-caption-text\"><strong>Imagem do Universo<\/strong><br \/>divulgada pela <strong>Nasa em 2010<\/strong><br \/>(15 anos ap\u00f3s a <strong>Cole\u00e7\u00e3oTrajet\u00f3ria<\/strong>)<\/figcaption><\/figure>\n<p>A impressionante similaridade entre as imagens e a antecipa\u00e7\u00e3o de uma representa\u00e7\u00e3o imag\u00e9tica do Universo com mais de quinze anos de antecipa\u00e7\u00e3o mereceria um estudo mais demorado e profundo, j\u00e1 que se constitui uma refer\u00eancia a um fen\u00f4meno de antecipa\u00e7\u00e3o atrav\u00e9s da arte de uma percep\u00e7\u00e3o que a ci\u00eancia s\u00f3 viria a evidenciar muito depois:<\/p>\n<p>A mostra\u00a0 ficou aberta por apenas um dia No <strong>Blue Sky em<\/strong> Piedade, munic\u00edpio de Jaboat\u00e3o,<strong>\u00a0<\/strong> em 5 de dezembro.<\/p>\n<p>&nbsp;<\/p>\n<p>&nbsp;<\/p>\n<p><a href=\"http:\/\/www.odiloncavalcanti.art.br\/odilon-cavalcanti-obra-atelier-artista\/exposicoes-coletivas-colecoes-e-projetos\/\"><strong>VOLTA<\/strong><\/a><\/p>\n","protected":false},"excerpt":{"rendered":"<p>Trajet\u00f3ria para o mundo interno de um artista: Trajet\u00f3ria \u00e9 um conjunto de obras do finais de 1994, quando Odilon, preparando-se para a empreitada de realiza\u00e7\u00e3o das pinturas \u00e0 m\u00e3o dos &#8220;out-doors&#8221; do Projeto Manifesto Transconcreto em S. Paulo, que foram pintados num galp\u00e3o de uma empresa de outdoors no Rio de Janeiro, Odilon promove &hellip; <\/p>\n<p class=\"link-more\"><a href=\"https:\/\/odiloncavalcanti.art.br\/es\/trajetoria\/\" class=\"more-link\">Continue reading<span class=\"screen-reader-text\"> &#8220;Cole\u00e7\u00e3o Trajet\u00f3ria: os caminhos externos e internos de um artista \u00e0 procura de si pr\u00f3prio e de seu p\u00fablico.&#8221;<\/span><\/a><\/p>\n","protected":false},"author":1,"featured_media":759,"parent":0,"menu_order":0,"comment_status":"closed","ping_status":"closed","template":"","meta":{"footnotes":""},"class_list":["post-763","page","type-page","status-publish","has-post-thumbnail","hentry"],"translation":{"provider":"WPGlobus","version":"3.0.1","language":"es","enabled_languages":["en","es","de","fr","ru"],"languages":{"en":{"title":true,"content":true,"excerpt":false},"es":{"title":false,"content":false,"excerpt":false},"de":{"title":false,"content":false,"excerpt":false},"fr":{"title":false,"content":false,"excerpt":false},"ru":{"title":false,"content":false,"excerpt":false}}},"yoast_head":"<!-- This site is optimized with the Yoast SEO plugin v27.2 - https:\/\/yoast.com\/product\/yoast-seo-wordpress\/ -->\n<title>trajetoria-caminhos-do-artista-e-de-sua-obra<\/title>\n<meta name=\"robots\" content=\"index, follow, max-snippet:-1, max-image-preview:large, max-video-preview:-1\" \/>\n<link rel=\"canonical\" href=\"https:\/\/odiloncavalcanti.art.br\/trajetoria\/\" \/>\n<meta property=\"og:locale\" content=\"es_ES\" \/>\n<meta property=\"og:type\" content=\"article\" \/>\n<meta property=\"og:title\" content=\"Cole\u00e7\u00e3o Trajet\u00f3ria: os caminhos externos e internos de um artista \u00e0 procura de si pr\u00f3prio e de seu p\u00fablico. - Odilon Cavalcanti\" \/>\n<meta property=\"og:url\" content=\"https:\/\/odiloncavalcanti.art.br\/trajetoria\/\" \/>\n<meta property=\"og:site_name\" content=\"Odilon Cavalcanti\" \/>\n<meta property=\"article:publisher\" content=\"https:\/\/www.facebook.com\/AtelierOdilonCavalcanti\/\" \/>\n<meta property=\"article:modified_time\" content=\"2017-05-09T16:39:22+00:00\" \/>\n<meta property=\"og:image\" content=\"https:\/\/odiloncavalcanti.art.br\/wp-content\/uploads\/2017\/03\/7.jpg\" \/>\n\t<meta property=\"og:image:width\" content=\"1204\" \/>\n\t<meta property=\"og:image:height\" content=\"763\" \/>\n\t<meta property=\"og:image:type\" content=\"image\/jpeg\" \/>\n<meta name=\"twitter:card\" content=\"summary_large_image\" \/>\n<meta name=\"twitter:site\" content=\"@odilonk\" \/>\n<meta name=\"twitter:label1\" content=\"Est. reading time\" \/>\n\t<meta name=\"twitter:data1\" content=\"2 minutes\" \/>\n<script type=\"application\/ld+json\" class=\"yoast-schema-graph\">{\"@context\":\"https:\/\/schema.org\",\"@graph\":[{\"@type\":\"WebPage\",\"@id\":\"https:\/\/odiloncavalcanti.art.br\/trajetoria\/\",\"url\":\"https:\/\/odiloncavalcanti.art.br\/trajetoria\/\",\"name\":\"trajetoria-caminhos-do-artista-e-de-sua-obra\",\"isPartOf\":{\"@id\":\"http:\/\/odiloncavalcanti.art.br\/#website\"},\"primaryImageOfPage\":{\"@id\":\"https:\/\/odiloncavalcanti.art.br\/trajetoria\/#primaryimage\"},\"image\":{\"@id\":\"https:\/\/odiloncavalcanti.art.br\/trajetoria\/#primaryimage\"},\"thumbnailUrl\":\"https:\/\/odiloncavalcanti.art.br\/wp-content\/uploads\/2017\/03\/7.jpg\",\"datePublished\":\"2017-03-02T15:47:44+00:00\",\"dateModified\":\"2017-05-09T16:39:22+00:00\",\"description\":\"Conjunto de obras conhecido como \\\"Trajet\u00f3ria\\\" nas quais o artista discute novos caminhos, rotas, itiner\u00e1rios de sua vida e tamb\u00e9m de sua obra.\",\"breadcrumb\":{\"@id\":\"https:\/\/odiloncavalcanti.art.br\/trajetoria\/#breadcrumb\"},\"inLanguage\":\"es-ES\",\"potentialAction\":[{\"@type\":\"ReadAction\",\"target\":[\"https:\/\/odiloncavalcanti.art.br\/trajetoria\/\"]}]},{\"@type\":\"ImageObject\",\"inLanguage\":\"es-ES\",\"@id\":\"https:\/\/odiloncavalcanti.art.br\/trajetoria\/#primaryimage\",\"url\":\"https:\/\/odiloncavalcanti.art.br\/wp-content\/uploads\/2017\/03\/7.jpg\",\"contentUrl\":\"https:\/\/odiloncavalcanti.art.br\/wp-content\/uploads\/2017\/03\/7.jpg\",\"width\":1204,\"height\":763,\"caption\":\"\\\"Trajet\u00f3ria 7\\\" (O corpo) Pastel, acr\u00edlica s\/tela 90x120cm 1994\"},{\"@type\":\"BreadcrumbList\",\"@id\":\"https:\/\/odiloncavalcanti.art.br\/trajetoria\/#breadcrumb\",\"itemListElement\":[{\"@type\":\"ListItem\",\"position\":1,\"name\":\"In\u00edcio\",\"item\":\"http:\/\/odiloncavalcanti.art.br\/\"},{\"@type\":\"ListItem\",\"position\":2,\"name\":\"Cole\u00e7\u00e3o Trajet\u00f3ria: os caminhos externos e internos de um artista \u00e0 procura de si pr\u00f3prio e de seu p\u00fablico.\"}]},{\"@type\":\"WebSite\",\"@id\":\"http:\/\/odiloncavalcanti.art.br\/#website\",\"url\":\"http:\/\/odiloncavalcanti.art.br\/\",\"name\":\"Odilon Cavalcanti\",\"description\":\"Um espelho da alquimia da Arte.\",\"potentialAction\":[{\"@type\":\"SearchAction\",\"target\":{\"@type\":\"EntryPoint\",\"urlTemplate\":\"http:\/\/odiloncavalcanti.art.br\/?s={search_term_string}\"},\"query-input\":{\"@type\":\"PropertyValueSpecification\",\"valueRequired\":true,\"valueName\":\"search_term_string\"}}],\"inLanguage\":\"es-ES\"}]}<\/script>\n<!-- \/ Yoast SEO plugin. -->","yoast_head_json":{"title":"trajetoria-caminhos-do-artista-e-de-sua-obra","robots":{"index":"index","follow":"follow","max-snippet":"max-snippet:-1","max-image-preview":"max-image-preview:large","max-video-preview":"max-video-preview:-1"},"canonical":"https:\/\/odiloncavalcanti.art.br\/trajetoria\/","og_locale":"es_ES","og_type":"article","og_title":"Cole\u00e7\u00e3o Trajet\u00f3ria: os caminhos externos e internos de um artista \u00e0 procura de si pr\u00f3prio e de seu p\u00fablico. - Odilon Cavalcanti","og_url":"https:\/\/odiloncavalcanti.art.br\/trajetoria\/","og_site_name":"Odilon Cavalcanti","article_publisher":"https:\/\/www.facebook.com\/AtelierOdilonCavalcanti\/","article_modified_time":"2017-05-09T16:39:22+00:00","og_image":[{"width":1204,"height":763,"url":"https:\/\/odiloncavalcanti.art.br\/wp-content\/uploads\/2017\/03\/7.jpg","type":"image\/jpeg"}],"twitter_card":"summary_large_image","twitter_site":"@odilonk","twitter_misc":{"Est. reading time":"2 minutes"},"schema":{"@context":"https:\/\/schema.org","@graph":[{"@type":"WebPage","@id":"https:\/\/odiloncavalcanti.art.br\/trajetoria\/","url":"https:\/\/odiloncavalcanti.art.br\/trajetoria\/","name":"trajetoria-caminhos-do-artista-e-de-sua-obra","isPartOf":{"@id":"http:\/\/odiloncavalcanti.art.br\/#website"},"primaryImageOfPage":{"@id":"https:\/\/odiloncavalcanti.art.br\/trajetoria\/#primaryimage"},"image":{"@id":"https:\/\/odiloncavalcanti.art.br\/trajetoria\/#primaryimage"},"thumbnailUrl":"https:\/\/odiloncavalcanti.art.br\/wp-content\/uploads\/2017\/03\/7.jpg","datePublished":"2017-03-02T15:47:44+00:00","dateModified":"2017-05-09T16:39:22+00:00","description":"Conjunto de obras conhecido como \"Trajet\u00f3ria\" nas quais o artista discute novos caminhos, rotas, itiner\u00e1rios de sua vida e tamb\u00e9m de sua obra.","breadcrumb":{"@id":"https:\/\/odiloncavalcanti.art.br\/trajetoria\/#breadcrumb"},"inLanguage":"es-ES","potentialAction":[{"@type":"ReadAction","target":["https:\/\/odiloncavalcanti.art.br\/trajetoria\/"]}]},{"@type":"ImageObject","inLanguage":"es-ES","@id":"https:\/\/odiloncavalcanti.art.br\/trajetoria\/#primaryimage","url":"https:\/\/odiloncavalcanti.art.br\/wp-content\/uploads\/2017\/03\/7.jpg","contentUrl":"https:\/\/odiloncavalcanti.art.br\/wp-content\/uploads\/2017\/03\/7.jpg","width":1204,"height":763,"caption":"\"Trajet\u00f3ria 7\" (O corpo) Pastel, acr\u00edlica s\/tela 90x120cm 1994"},{"@type":"BreadcrumbList","@id":"https:\/\/odiloncavalcanti.art.br\/trajetoria\/#breadcrumb","itemListElement":[{"@type":"ListItem","position":1,"name":"In\u00edcio","item":"http:\/\/odiloncavalcanti.art.br\/"},{"@type":"ListItem","position":2,"name":"Cole\u00e7\u00e3o Trajet\u00f3ria: os caminhos externos e internos de um artista \u00e0 procura de si pr\u00f3prio e de seu p\u00fablico."}]},{"@type":"WebSite","@id":"http:\/\/odiloncavalcanti.art.br\/#website","url":"http:\/\/odiloncavalcanti.art.br\/","name":"Odilon Cavalcanti","description":"Um espelho da alquimia da Arte.","potentialAction":[{"@type":"SearchAction","target":{"@type":"EntryPoint","urlTemplate":"http:\/\/odiloncavalcanti.art.br\/?s={search_term_string}"},"query-input":{"@type":"PropertyValueSpecification","valueRequired":true,"valueName":"search_term_string"}}],"inLanguage":"es-ES"}]}},"jetpack_sharing_enabled":true,"_links":{"self":[{"href":"https:\/\/odiloncavalcanti.art.br\/es\/wp-json\/wp\/v2\/pages\/763","targetHints":{"allow":["GET"]}}],"collection":[{"href":"https:\/\/odiloncavalcanti.art.br\/es\/wp-json\/wp\/v2\/pages"}],"about":[{"href":"https:\/\/odiloncavalcanti.art.br\/es\/wp-json\/wp\/v2\/types\/page"}],"author":[{"embeddable":true,"href":"https:\/\/odiloncavalcanti.art.br\/es\/wp-json\/wp\/v2\/users\/1"}],"replies":[{"embeddable":true,"href":"https:\/\/odiloncavalcanti.art.br\/es\/wp-json\/wp\/v2\/comments?post=763"}],"version-history":[{"count":16,"href":"https:\/\/odiloncavalcanti.art.br\/es\/wp-json\/wp\/v2\/pages\/763\/revisions"}],"predecessor-version":[{"id":1242,"href":"https:\/\/odiloncavalcanti.art.br\/es\/wp-json\/wp\/v2\/pages\/763\/revisions\/1242"}],"wp:featuredmedia":[{"embeddable":true,"href":"https:\/\/odiloncavalcanti.art.br\/es\/wp-json\/wp\/v2\/media\/759"}],"wp:attachment":[{"href":"https:\/\/odiloncavalcanti.art.br\/es\/wp-json\/wp\/v2\/media?parent=763"}],"curies":[{"name":"wp","href":"https:\/\/api.w.org\/{rel}","templated":true}]}}