{"id":740,"date":"2017-03-01T14:20:39","date_gmt":"2017-03-01T17:20:39","guid":{"rendered":"http:\/\/www.odiloncavalcanti.art.br\/?page_id=740"},"modified":"2025-07-13T11:15:34","modified_gmt":"2025-07-13T14:15:34","slug":"estetica","status":"publish","type":"page","link":"https:\/\/odiloncavalcanti.art.br\/es\/estetica\/","title":{"rendered":"Est\u00e9tica de Resist\u00eancia: uma revis\u00e3o hist\u00f3rica cr\u00edtica;"},"content":{"rendered":"<h2>Est\u00e9tica de Resist\u00eancia: o que fica do Projeto.<\/h2>\n<figure id=\"attachment_743\" aria-describedby=\"caption-attachment-743\" style=\"width: 218px\" class=\"wp-caption alignnone\"><img loading=\"lazy\" decoding=\"async\" class=\"wp-image-743 size-medium\" title=\"capa\" src=\"http:\/\/169.57.129.238\/~odilonca\/wp-content\/uploads\/2017\/03\/capa-218x300.jpg\" alt=\"estetica - capa catalogo Vogue Brasil\" width=\"218\" height=\"300\" srcset=\"https:\/\/odiloncavalcanti.art.br\/wp-content\/uploads\/2017\/03\/capa-218x300.jpg 218w, https:\/\/odiloncavalcanti.art.br\/wp-content\/uploads\/2017\/03\/capa-768x1056.jpg 768w, https:\/\/odiloncavalcanti.art.br\/wp-content\/uploads\/2017\/03\/capa-745x1024.jpg 745w, https:\/\/odiloncavalcanti.art.br\/wp-content\/uploads\/2017\/03\/capa.jpg 1204w\" sizes=\"auto, (max-width: 218px) 100vw, 218px\" \/><figcaption id=\"caption-attachment-743\" class=\"wp-caption-text\">Capa do Cat\u00e1logo<\/figcaption><\/figure>\n<blockquote>\n<p style=\"text-align: left;\"><strong>Est\u00e9tica <\/strong>da<strong> Resist\u00eancia<\/strong> \u00e9 um\u00a0O <strong>Projeto Pernambucano <\/strong>que movimentou a cena das artes pl\u00e1sticas\u00a0 brasileira com duas mostras coletivas e uma nova concep\u00e7\u00e3o de apresenta\u00e7\u00e3o atrav\u00e9s de um encarte da revista<strong> Vogue<\/strong> que em parceria com o Projeto e com as Galerias apoiou a mostra e sua divulga\u00e7\u00e3o nas duas pra\u00e7as e nas duas edi\u00e7\u00f5es, encartando a revista em na edi\u00e7\u00e3o correspondente ao local e \u00e0 data e viabilizando a distribui\u00e7\u00e3o do cat\u00e1logo na mostra.<\/p>\n\n<figure class=\"wp-block-image size-large is-resized\"><img decoding=\"async\" src=\"http:\/\/odiloncavalcanti.art.br\/wp-content\/uploads\/2025\/07\/apresenta_Maloh.jpg\" alt=\"\" style=\"width:231px;height:auto\"\/><\/figure>\n\n<\/blockquote>\n<blockquote><p>A pol\u00eamica tese do conhecido cr\u00edtico <strong>Alberto Beutenmuller<\/strong> sobre a arte pernambucana\u00a0 vista sob um vi\u00e9s \u00fanico e com uma hist\u00f3ria profundamente analisada em paralelo com a hist\u00f3ria da arte brasileira como conhecida at\u00e9 ent\u00e3o, abriu um caminho que s\u00f3 uma outra mostra como esta, quem sabe no final deste s\u00e9culo, haver\u00e1 de um dia evidenciar. Est\u00e9tica de Resist\u00eancia, para Alberto, demonstra as principais caracter\u00edsticas da arte pernambucana no que concerne a este significativo segmento das artes pl\u00e1sticas. Embasa sua tese, tanto na hist\u00f3ria como em sua escolha curatorial, buscando na fatura t\u00e9cnica e na independ\u00eancia de sua cena art\u00edstico\/cultural a ess\u00eancia de suas observa\u00e7\u00f5es e percep\u00e7\u00f5es que podem encontrar vozes discordantes mas que enriquecem e agitam o mercado de arte local.<\/p><\/blockquote>\n<figure id=\"attachment_744\" aria-describedby=\"caption-attachment-744\" style=\"width: 221px\" class=\"wp-caption alignnone\"><img loading=\"lazy\" decoding=\"async\" class=\"wp-image-744 size-medium\" title=\"tese1\" src=\"http:\/\/169.57.129.238\/~odilonca\/wp-content\/uploads\/2017\/03\/tese1-221x300.jpg\" alt=\"Estetica - tese curatorial - pag1\" width=\"221\" height=\"300\" srcset=\"https:\/\/odiloncavalcanti.art.br\/wp-content\/uploads\/2017\/03\/tese1-221x300.jpg 221w, https:\/\/odiloncavalcanti.art.br\/wp-content\/uploads\/2017\/03\/tese1-768x1044.jpg 768w, https:\/\/odiloncavalcanti.art.br\/wp-content\/uploads\/2017\/03\/tese1-753x1024.jpg 753w, https:\/\/odiloncavalcanti.art.br\/wp-content\/uploads\/2017\/03\/tese1.jpg 1204w\" sizes=\"auto, (max-width: 221px) 100vw, 221px\" \/><figcaption id=\"caption-attachment-744\" class=\"wp-caption-text\">Tese cr\u00edtica de<strong> Alberto Beutenmuller<\/strong> sobre a arte<br \/>pernambucana.<\/figcaption><\/figure>\n<figure id=\"attachment_747\" aria-describedby=\"caption-attachment-747\" style=\"width: 220px\" class=\"wp-caption alignnone\"><img loading=\"lazy\" decoding=\"async\" class=\"wp-image-747 size-medium\" title=\"tese2\" src=\"http:\/\/169.57.129.238\/~odilonca\/wp-content\/uploads\/2017\/03\/tesecont.-220x300.jpg\" alt=\"Estetica - tese curatorial - pag2\" width=\"220\" height=\"300\" srcset=\"https:\/\/odiloncavalcanti.art.br\/wp-content\/uploads\/2017\/03\/tesecont.-220x300.jpg 220w, https:\/\/odiloncavalcanti.art.br\/wp-content\/uploads\/2017\/03\/tesecont.-768x1049.jpg 768w, https:\/\/odiloncavalcanti.art.br\/wp-content\/uploads\/2017\/03\/tesecont.-749x1024.jpg 749w, https:\/\/odiloncavalcanti.art.br\/wp-content\/uploads\/2017\/03\/tesecont..jpg 1204w\" sizes=\"auto, (max-width: 220px) 100vw, 220px\" \/><figcaption id=\"caption-attachment-747\" class=\"wp-caption-text\">As duas exposi\u00e7\u00f5es foram abertas sucessivamente na Galeria Artespa\u00e7o, no Recife em <strong>03 de setembro de 1991<\/strong> e na Galeria <strong>Montessanti\/Ro\u00ebsler<\/strong> em <strong>28 de maio de 1992<\/strong>.<\/figcaption><\/figure>\n<blockquote><p>As mostra do Est\u00e9tica de Resist\u00eancia reuniam uma linhagem de consagrados artistas pernambucanos consagrados encabe\u00e7ados por <strong>Francisco Brennand, Gilvan Samico, Jo\u00e3o C\u00e2mara e Jos\u00e9 Claudio<\/strong>, um grupo de artistas com reputa\u00e7\u00e3o afirmada como <strong>Luciano Pinheiro, Raul C\u00f3rdula, Roberto L\u00facio, Sergio lemos e Odilon Cavalcanti<\/strong>, e apresentava o ent\u00e3o jovem artista <strong>Jos\u00e9 Patr\u00edcio<\/strong>, como uma sinaliza\u00e7\u00e3o para o futuro.<\/p><\/blockquote>\n<figure id=\"attachment_745\" aria-describedby=\"caption-attachment-745\" style=\"width: 220px\" class=\"wp-caption alignnone\"><img loading=\"lazy\" decoding=\"async\" class=\"wp-image-745 size-medium\" title=\"critica\" src=\"http:\/\/169.57.129.238\/~odilonca\/wp-content\/uploads\/2017\/03\/cr\u00edtica-220x300.jpg\" alt=\"Estetica - textocritico\" width=\"220\" height=\"300\" \/><figcaption id=\"caption-attachment-745\" class=\"wp-caption-text\">P\u00e1gina de cr\u00edtica e obra<br \/>de <strong>Odilon Cavalcanti.<\/strong><br \/>Texto de<br \/><strong>Alberto Beutenmuller<\/strong>.<\/figcaption><\/figure>\n<figure id=\"attachment_746\" aria-describedby=\"caption-attachment-746\" style=\"width: 219px\" class=\"wp-caption alignnone\"><img loading=\"lazy\" decoding=\"async\" class=\"wp-image-746 size-medium\" title=\"artista\" src=\"http:\/\/169.57.129.238\/~odilonca\/wp-content\/uploads\/2017\/03\/espelho-219x300.jpg\" alt=\"Estetica - foto artista \" width=\"219\" height=\"300\" srcset=\"https:\/\/odiloncavalcanti.art.br\/wp-content\/uploads\/2017\/03\/espelho-219x300.jpg 219w, https:\/\/odiloncavalcanti.art.br\/wp-content\/uploads\/2017\/03\/espelho-768x1050.jpg 768w, https:\/\/odiloncavalcanti.art.br\/wp-content\/uploads\/2017\/03\/espelho-749x1024.jpg 749w, https:\/\/odiloncavalcanti.art.br\/wp-content\/uploads\/2017\/03\/espelho.jpg 1204w\" sizes=\"auto, (max-width: 219px) 100vw, 219px\" \/><figcaption id=\"caption-attachment-746\" class=\"wp-caption-text\">O artista, o atelier e a obra.<\/figcaption><\/figure>\n<p><a href=\"http:\/\/www.odiloncavalcanti.art.br\/odilon-cavalcanti-obra-atelier-artista\/exposicoes-coletivas-colecoes-e-projetos\/\"><strong>VOLTA<\/strong><\/a><\/p>\n\n\n\n\n<p><\/p>\n","protected":false},"excerpt":{"rendered":"<p>Est\u00e9tica de Resist\u00eancia: o que fica do Projeto. Est\u00e9tica da Resist\u00eancia \u00e9 um\u00a0O Projeto Pernambucano que movimentou a cena das artes pl\u00e1sticas\u00a0 brasileira com duas mostras coletivas e uma nova concep\u00e7\u00e3o de apresenta\u00e7\u00e3o atrav\u00e9s de um encarte da revista Vogue que em parceria com o Projeto e com as Galerias apoiou a mostra e sua &hellip; <\/p>\n<p class=\"link-more\"><a href=\"https:\/\/odiloncavalcanti.art.br\/es\/estetica\/\" class=\"more-link\">Continue reading<span class=\"screen-reader-text\"> &#8220;Est\u00e9tica de Resist\u00eancia: uma revis\u00e3o hist\u00f3rica cr\u00edtica;&#8221;<\/span><\/a><\/p>\n","protected":false},"author":1,"featured_media":606,"parent":0,"menu_order":0,"comment_status":"closed","ping_status":"closed","template":"","meta":{"footnotes":""},"class_list":["post-740","page","type-page","status-publish","has-post-thumbnail","hentry"],"translation":{"provider":"WPGlobus","version":"3.0.1","language":"es","enabled_languages":["en","es","de","fr","ru"],"languages":{"en":{"title":true,"content":true,"excerpt":false},"es":{"title":false,"content":false,"excerpt":false},"de":{"title":false,"content":false,"excerpt":false},"fr":{"title":false,"content":false,"excerpt":false},"ru":{"title":false,"content":false,"excerpt":false}}},"yoast_head":"<!-- This site is optimized with the Yoast SEO plugin v27.2 - https:\/\/yoast.com\/product\/yoast-seo-wordpress\/ -->\n<title>Est\u00e9tica de Resist\u00eancia: uma revis\u00e3o hist\u00f3rica cr\u00edtica;<\/title>\n<meta name=\"robots\" content=\"index, follow, max-snippet:-1, max-image-preview:large, max-video-preview:-1\" \/>\n<link rel=\"canonical\" href=\"https:\/\/odiloncavalcanti.art.br\/estetica\/\" \/>\n<meta property=\"og:locale\" content=\"es_ES\" \/>\n<meta property=\"og:type\" content=\"article\" \/>\n<meta property=\"og:title\" content=\"Est\u00e9tica de Resist\u00eancia: uma revis\u00e3o hist\u00f3rica cr\u00edtica; - Odilon Cavalcanti\" \/>\n<meta property=\"og:url\" content=\"https:\/\/odiloncavalcanti.art.br\/estetica\/\" \/>\n<meta property=\"og:site_name\" content=\"Odilon Cavalcanti\" \/>\n<meta property=\"article:publisher\" content=\"https:\/\/www.facebook.com\/AtelierOdilonCavalcanti\/\" \/>\n<meta property=\"article:modified_time\" content=\"2025-07-13T14:15:34+00:00\" \/>\n<meta property=\"og:image\" content=\"https:\/\/odiloncavalcanti.art.br\/wp-content\/uploads\/2017\/02\/pintura2.jpg\" \/>\n\t<meta property=\"og:image:width\" content=\"1204\" \/>\n\t<meta property=\"og:image:height\" content=\"1204\" \/>\n\t<meta property=\"og:image:type\" content=\"image\/jpeg\" \/>\n<meta name=\"twitter:card\" content=\"summary_large_image\" \/>\n<meta name=\"twitter:site\" content=\"@odilonk\" \/>\n<meta name=\"twitter:label1\" content=\"Est. reading time\" \/>\n\t<meta name=\"twitter:data1\" content=\"2 minutes\" \/>\n<script type=\"application\/ld+json\" class=\"yoast-schema-graph\">{\"@context\":\"https:\/\/schema.org\",\"@graph\":[{\"@type\":\"WebPage\",\"@id\":\"https:\/\/odiloncavalcanti.art.br\/estetica\/\",\"url\":\"https:\/\/odiloncavalcanti.art.br\/estetica\/\",\"name\":\"Est\u00e9tica de Resist\u00eancia: uma revis\u00e3o hist\u00f3rica cr\u00edtica;\",\"isPartOf\":{\"@id\":\"http:\/\/odiloncavalcanti.art.br\/#website\"},\"primaryImageOfPage\":{\"@id\":\"https:\/\/odiloncavalcanti.art.br\/estetica\/#primaryimage\"},\"image\":{\"@id\":\"https:\/\/odiloncavalcanti.art.br\/estetica\/#primaryimage\"},\"thumbnailUrl\":\"https:\/\/odiloncavalcanti.art.br\/wp-content\/uploads\/2017\/02\/pintura2.jpg\",\"datePublished\":\"2017-03-01T17:20:39+00:00\",\"dateModified\":\"2025-07-13T14:15:34+00:00\",\"description\":\"Projeto Pernambuco Est\u00e9tica de Resist\u00eancia: Um corte cr\u00edtico hist\u00f3rico pela curadoria de Alberto Beuttenmuller na cena art\u00edstica pernambucana dos anos 90.\",\"breadcrumb\":{\"@id\":\"https:\/\/odiloncavalcanti.art.br\/estetica\/#breadcrumb\"},\"inLanguage\":\"es-ES\",\"potentialAction\":[{\"@type\":\"ReadAction\",\"target\":[\"https:\/\/odiloncavalcanti.art.br\/estetica\/\"]}]},{\"@type\":\"ImageObject\",\"inLanguage\":\"es-ES\",\"@id\":\"https:\/\/odiloncavalcanti.art.br\/estetica\/#primaryimage\",\"url\":\"https:\/\/odiloncavalcanti.art.br\/wp-content\/uploads\/2017\/02\/pintura2.jpg\",\"contentUrl\":\"https:\/\/odiloncavalcanti.art.br\/wp-content\/uploads\/2017\/02\/pintura2.jpg\",\"width\":1204,\"height\":1204,\"caption\":\"\\\"Ao som do mar azul\\\" \u00d3leo e pastel s\/ tela 100x100 cm 1987\"},{\"@type\":\"BreadcrumbList\",\"@id\":\"https:\/\/odiloncavalcanti.art.br\/estetica\/#breadcrumb\",\"itemListElement\":[{\"@type\":\"ListItem\",\"position\":1,\"name\":\"In\u00edcio\",\"item\":\"http:\/\/odiloncavalcanti.art.br\/\"},{\"@type\":\"ListItem\",\"position\":2,\"name\":\"Est\u00e9tica de Resist\u00eancia: uma revis\u00e3o hist\u00f3rica cr\u00edtica;\"}]},{\"@type\":\"WebSite\",\"@id\":\"http:\/\/odiloncavalcanti.art.br\/#website\",\"url\":\"http:\/\/odiloncavalcanti.art.br\/\",\"name\":\"Odilon Cavalcanti\",\"description\":\"Um espelho da alquimia da Arte.\",\"potentialAction\":[{\"@type\":\"SearchAction\",\"target\":{\"@type\":\"EntryPoint\",\"urlTemplate\":\"http:\/\/odiloncavalcanti.art.br\/?s={search_term_string}\"},\"query-input\":{\"@type\":\"PropertyValueSpecification\",\"valueRequired\":true,\"valueName\":\"search_term_string\"}}],\"inLanguage\":\"es-ES\"}]}<\/script>\n<!-- \/ Yoast SEO plugin. -->","yoast_head_json":{"title":"Est\u00e9tica de Resist\u00eancia: uma revis\u00e3o hist\u00f3rica cr\u00edtica;","robots":{"index":"index","follow":"follow","max-snippet":"max-snippet:-1","max-image-preview":"max-image-preview:large","max-video-preview":"max-video-preview:-1"},"canonical":"https:\/\/odiloncavalcanti.art.br\/estetica\/","og_locale":"es_ES","og_type":"article","og_title":"Est\u00e9tica de Resist\u00eancia: uma revis\u00e3o hist\u00f3rica cr\u00edtica; - Odilon Cavalcanti","og_url":"https:\/\/odiloncavalcanti.art.br\/estetica\/","og_site_name":"Odilon Cavalcanti","article_publisher":"https:\/\/www.facebook.com\/AtelierOdilonCavalcanti\/","article_modified_time":"2025-07-13T14:15:34+00:00","og_image":[{"width":1204,"height":1204,"url":"https:\/\/odiloncavalcanti.art.br\/wp-content\/uploads\/2017\/02\/pintura2.jpg","type":"image\/jpeg"}],"twitter_card":"summary_large_image","twitter_site":"@odilonk","twitter_misc":{"Est. reading time":"2 minutes"},"schema":{"@context":"https:\/\/schema.org","@graph":[{"@type":"WebPage","@id":"https:\/\/odiloncavalcanti.art.br\/estetica\/","url":"https:\/\/odiloncavalcanti.art.br\/estetica\/","name":"Est\u00e9tica de Resist\u00eancia: uma revis\u00e3o hist\u00f3rica cr\u00edtica;","isPartOf":{"@id":"http:\/\/odiloncavalcanti.art.br\/#website"},"primaryImageOfPage":{"@id":"https:\/\/odiloncavalcanti.art.br\/estetica\/#primaryimage"},"image":{"@id":"https:\/\/odiloncavalcanti.art.br\/estetica\/#primaryimage"},"thumbnailUrl":"https:\/\/odiloncavalcanti.art.br\/wp-content\/uploads\/2017\/02\/pintura2.jpg","datePublished":"2017-03-01T17:20:39+00:00","dateModified":"2025-07-13T14:15:34+00:00","description":"Projeto Pernambuco Est\u00e9tica de Resist\u00eancia: Um corte cr\u00edtico hist\u00f3rico pela curadoria de Alberto Beuttenmuller na cena art\u00edstica pernambucana dos anos 90.","breadcrumb":{"@id":"https:\/\/odiloncavalcanti.art.br\/estetica\/#breadcrumb"},"inLanguage":"es-ES","potentialAction":[{"@type":"ReadAction","target":["https:\/\/odiloncavalcanti.art.br\/estetica\/"]}]},{"@type":"ImageObject","inLanguage":"es-ES","@id":"https:\/\/odiloncavalcanti.art.br\/estetica\/#primaryimage","url":"https:\/\/odiloncavalcanti.art.br\/wp-content\/uploads\/2017\/02\/pintura2.jpg","contentUrl":"https:\/\/odiloncavalcanti.art.br\/wp-content\/uploads\/2017\/02\/pintura2.jpg","width":1204,"height":1204,"caption":"\"Ao som do mar azul\" \u00d3leo e pastel s\/ tela 100x100 cm 1987"},{"@type":"BreadcrumbList","@id":"https:\/\/odiloncavalcanti.art.br\/estetica\/#breadcrumb","itemListElement":[{"@type":"ListItem","position":1,"name":"In\u00edcio","item":"http:\/\/odiloncavalcanti.art.br\/"},{"@type":"ListItem","position":2,"name":"Est\u00e9tica de Resist\u00eancia: uma revis\u00e3o hist\u00f3rica cr\u00edtica;"}]},{"@type":"WebSite","@id":"http:\/\/odiloncavalcanti.art.br\/#website","url":"http:\/\/odiloncavalcanti.art.br\/","name":"Odilon Cavalcanti","description":"Um espelho da alquimia da Arte.","potentialAction":[{"@type":"SearchAction","target":{"@type":"EntryPoint","urlTemplate":"http:\/\/odiloncavalcanti.art.br\/?s={search_term_string}"},"query-input":{"@type":"PropertyValueSpecification","valueRequired":true,"valueName":"search_term_string"}}],"inLanguage":"es-ES"}]}},"jetpack_sharing_enabled":true,"_links":{"self":[{"href":"https:\/\/odiloncavalcanti.art.br\/es\/wp-json\/wp\/v2\/pages\/740","targetHints":{"allow":["GET"]}}],"collection":[{"href":"https:\/\/odiloncavalcanti.art.br\/es\/wp-json\/wp\/v2\/pages"}],"about":[{"href":"https:\/\/odiloncavalcanti.art.br\/es\/wp-json\/wp\/v2\/types\/page"}],"author":[{"embeddable":true,"href":"https:\/\/odiloncavalcanti.art.br\/es\/wp-json\/wp\/v2\/users\/1"}],"replies":[{"embeddable":true,"href":"https:\/\/odiloncavalcanti.art.br\/es\/wp-json\/wp\/v2\/comments?post=740"}],"version-history":[{"count":13,"href":"https:\/\/odiloncavalcanti.art.br\/es\/wp-json\/wp\/v2\/pages\/740\/revisions"}],"predecessor-version":[{"id":1956,"href":"https:\/\/odiloncavalcanti.art.br\/es\/wp-json\/wp\/v2\/pages\/740\/revisions\/1956"}],"wp:featuredmedia":[{"embeddable":true,"href":"https:\/\/odiloncavalcanti.art.br\/es\/wp-json\/wp\/v2\/media\/606"}],"wp:attachment":[{"href":"https:\/\/odiloncavalcanti.art.br\/es\/wp-json\/wp\/v2\/media?parent=740"}],"curies":[{"name":"wp","href":"https:\/\/api.w.org\/{rel}","templated":true}]}}