{"id":579,"date":"2017-02-12T12:33:25","date_gmt":"2017-02-12T14:33:25","guid":{"rendered":"http:\/\/www.odiloncavalcanti.art.br\/?page_id=579"},"modified":"2025-07-11T13:26:37","modified_gmt":"2025-07-11T16:26:37","slug":"noites-paraenses-a-quarta-individual","status":"publish","type":"page","link":"https:\/\/odiloncavalcanti.art.br\/es\/noites-paraenses-a-quarta-individual\/","title":{"rendered":"Noites Paraenses: a quarta individual."},"content":{"rendered":"<h2>Noites Paraenses : uma homenagem ao Par\u00e1 e suas noites quentes e perfumadas na quarta individual.<\/h2>\n<figure id=\"attachment_732\" aria-describedby=\"caption-attachment-732\" style=\"width: 297px\" class=\"wp-caption alignnone\"><img loading=\"lazy\" decoding=\"async\" class=\"size-medium wp-image-732\" src=\"http:\/\/169.57.129.238\/~odilonca\/wp-content\/uploads\/2017\/02\/capa2-297x300.jpg\" alt=\"\" width=\"297\" height=\"300\" srcset=\"https:\/\/odiloncavalcanti.art.br\/wp-content\/uploads\/2017\/02\/capa2-297x300.jpg 297w, https:\/\/odiloncavalcanti.art.br\/wp-content\/uploads\/2017\/02\/capa2-768x776.jpg 768w, https:\/\/odiloncavalcanti.art.br\/wp-content\/uploads\/2017\/02\/capa2-1014x1024.jpg 1014w, https:\/\/odiloncavalcanti.art.br\/wp-content\/uploads\/2017\/02\/capa2-100x100.jpg 100w, https:\/\/odiloncavalcanti.art.br\/wp-content\/uploads\/2017\/02\/capa2-120x120.jpg 120w, https:\/\/odiloncavalcanti.art.br\/wp-content\/uploads\/2017\/02\/capa2.jpg 1204w\" sizes=\"auto, (max-width: 297px) 100vw, 297px\" \/><figcaption id=\"caption-attachment-732\" class=\"wp-caption-text\"><strong>&#8220;Noites Paraenses&#8221;<\/strong><br \/>Opus1 -n1<br \/>Pastel s\/papel<br \/>50x50cm<br \/><strong>1987<\/strong><\/figcaption><\/figure>\n<figure id=\"attachment_728\" aria-describedby=\"caption-attachment-728\" style=\"width: 300px\" class=\"wp-caption alignnone\"><img loading=\"lazy\" decoding=\"async\" class=\"size-medium wp-image-728\" src=\"http:\/\/169.57.129.238\/~odilonca\/wp-content\/uploads\/2017\/02\/1-1-300x300.jpg\" alt=\"\" width=\"300\" height=\"300\" srcset=\"https:\/\/odiloncavalcanti.art.br\/wp-content\/uploads\/2017\/02\/1-1-300x300.jpg 300w, https:\/\/odiloncavalcanti.art.br\/wp-content\/uploads\/2017\/02\/1-1-150x150.jpg 150w, https:\/\/odiloncavalcanti.art.br\/wp-content\/uploads\/2017\/02\/1-1-768x770.jpg 768w, https:\/\/odiloncavalcanti.art.br\/wp-content\/uploads\/2017\/02\/1-1-1021x1024.jpg 1021w, https:\/\/odiloncavalcanti.art.br\/wp-content\/uploads\/2017\/02\/1-1-100x100.jpg 100w, https:\/\/odiloncavalcanti.art.br\/wp-content\/uploads\/2017\/02\/1-1-200x200.jpg 200w, https:\/\/odiloncavalcanti.art.br\/wp-content\/uploads\/2017\/02\/1-1-120x120.jpg 120w\" sizes=\"auto, (max-width: 300px) 100vw, 300px\" \/><figcaption id=\"caption-attachment-728\" class=\"wp-caption-text\"><strong>&#8220;Grande Nu Paraense Noturno&#8221;<\/strong><br \/>Pastel s\/ tela montada<br \/>100&#215;10 cm<br \/><strong>1884<\/strong><\/figcaption><\/figure>\n<figure id=\"attachment_484\" aria-describedby=\"caption-attachment-484\" style=\"width: 300px\" class=\"wp-caption alignnone\"><img loading=\"lazy\" decoding=\"async\" class=\"size-medium wp-image-484\" src=\"http:\/\/169.57.129.238\/~odilonca\/wp-content\/uploads\/2017\/02\/p8-300x293.jpg\" alt=\"\" width=\"300\" height=\"293\" srcset=\"https:\/\/odiloncavalcanti.art.br\/wp-content\/uploads\/2017\/02\/p8-300x293.jpg 300w, https:\/\/odiloncavalcanti.art.br\/wp-content\/uploads\/2017\/02\/p8-768x749.jpg 768w, https:\/\/odiloncavalcanti.art.br\/wp-content\/uploads\/2017\/02\/p8-1024x998.jpg 1024w, https:\/\/odiloncavalcanti.art.br\/wp-content\/uploads\/2017\/02\/p8.jpg 1204w\" sizes=\"auto, (max-width: 300px) 100vw, 300px\" \/><figcaption id=\"caption-attachment-484\" class=\"wp-caption-text\"><strong>&#8220;Noites Paraenses &#8211; Opus II No 3 &#8220;<\/strong><br \/>Pastel s\/ papel<br \/>50x50cm<br \/><strong>1985<\/strong><\/figcaption><\/figure>\n<figure id=\"attachment_726\" aria-describedby=\"caption-attachment-726\" style=\"width: 298px\" class=\"wp-caption alignnone\"><img loading=\"lazy\" decoding=\"async\" class=\"size-medium wp-image-726\" src=\"http:\/\/169.57.129.238\/~odilonca\/wp-content\/uploads\/2017\/02\/unnamed-file-298x300.jpg\" alt=\"\" width=\"298\" height=\"300\" srcset=\"https:\/\/odiloncavalcanti.art.br\/wp-content\/uploads\/2017\/02\/unnamed-file-298x300.jpg 298w, https:\/\/odiloncavalcanti.art.br\/wp-content\/uploads\/2017\/02\/unnamed-file-150x150.jpg 150w, https:\/\/odiloncavalcanti.art.br\/wp-content\/uploads\/2017\/02\/unnamed-file-768x774.jpg 768w, https:\/\/odiloncavalcanti.art.br\/wp-content\/uploads\/2017\/02\/unnamed-file-1016x1024.jpg 1016w, https:\/\/odiloncavalcanti.art.br\/wp-content\/uploads\/2017\/02\/unnamed-file-100x100.jpg 100w, https:\/\/odiloncavalcanti.art.br\/wp-content\/uploads\/2017\/02\/unnamed-file-200x200.jpg 200w, https:\/\/odiloncavalcanti.art.br\/wp-content\/uploads\/2017\/02\/unnamed-file-120x120.jpg 120w, https:\/\/odiloncavalcanti.art.br\/wp-content\/uploads\/2017\/02\/unnamed-file.jpg 1240w\" sizes=\"auto, (max-width: 298px) 100vw, 298px\" \/><figcaption id=\"caption-attachment-726\" class=\"wp-caption-text\"><strong>&#8220;Noites Paraenses &#8211; Opus 1, n\u00ba2&#8221;<\/strong><br \/>Pastel s\/ papel<br \/>50x50cm<br \/><strong>1984<\/strong><\/figcaption><\/figure>\n<h6><em><strong>&#8220;Certas harmonias de cores causam sensa\u00e7\u00f5es que at\u00e9 mesmo a m\u00fasica n\u00e3o pode atingir. &#8221;\u00a0 \u00a0 \u00a0 \u00a0 \u00a0 \u00a0 \u00a0 \u00a0\u00a0Delacroix<\/strong><\/em><\/h6>\n<p>Se, por uma lado, a cor j\u00e1 foi codificada (<strong>Goethe<\/strong>, por exemplo), defin\u00ed-la ainda continua sendo quase imposs\u00edvel. Mas como o seu efeito depende mais da sensibilidade que do conhecimento codificado, o artista \u00e9 o ser apto para descobrir o que fazer com ela e chegar mesmo \u00e0 cor inexistente.<\/p>\n<p>Partindo da premissa que a cor e a forma s\u00e3o a base do vocabul\u00e1rio do pintor, pode-se afirmar que uma pintura triunfa ou fracassa na medida em que as mesmas se interrelacionam.<br \/>\nPortanto, se a cor atinge a vis\u00e3o, a percep\u00e7\u00e3o e a emo\u00e7\u00e3o daqueles que v\u00eaem, o preto, tido como aus\u00eancia de cor, para o artista, ao contr\u00e1rio, \u00e9 a presen\u00e7a absoluta da cor e da luz.<br \/>\nPorque, em arte, tudo se projeta numa zona onde n\u00e3o h\u00e1 valores fixos ou pr\u00e9 fixados e o artista, o cr\u00edtico e o apreciador conseguem apenas aquilo que se esfor\u00e7am por obter o imposs\u00edvel.<br \/>\nA esse esfor\u00e7o pode-se dar os nomes de inicia\u00e7\u00e3o, labor, experi\u00eancia cr\u00edtica, que constituem o fundamental para o exerc\u00edcio art\u00edstico.<br \/>\nSomado \u00e0 ansiedade referida por ao analisar <strong>Picasso<\/strong>, isso transforma o artista em permanente perquiridor da nunca conseguida beleza ideal que, pela vibra\u00e7\u00e3o e busca incessante do artista consegue, a despeito de tudo, interpretar e transmitir as ang\u00fastias e as alegrias de seu tempo e espa\u00e7o.<\/p>\n<p>Acredito que o pintor<strong> Odilon<\/strong> \u00e9 um exemplo de artista consciente desse entendimento de pureza que legitima a express\u00e3o art\u00edstica.<br \/>\nUtilizando com compet\u00eancia a extrema fragilidade e delicadeza das terras pulverizadas do material que escolheu para trabalhar, ele sabe extrair, com extraordin\u00e1ria riqueza, efeitos que s\u00f3 o conhecimento aprimorado permite a esse tipo de recurso t\u00e9cnico da pintura.<br \/>\nPor isso vale destacar a qualidade de uso pessoal que faz desse material, valorizado por v\u00e1rios pintores famosos do impressionismo, no fim do s\u00e9culo passado, como <strong>Degas, Toulouse-Lautrec, Renoir, Monet<\/strong>.O pastel, entretanto, tem hist\u00f3ria um pouco mais recuada no tempo. Atualmente, contudo, a corrida tecnol\u00f3gica a tem colocado em segundo plano, tornando cada vez mais raro a contra posi\u00e7\u00e3o \u00e0 crescente utiliza\u00e7\u00e3o das tintas acr\u00edlicas.<br \/>\nO uso desse material como recurso decorativo em publicidade e a sua caracter\u00edstica delicadeza de manuseio certamente tamb\u00e9m tem contribu\u00eddo para um certo desd\u00e9m por parte dos pintores e consumidores, envolvidos pela descontinuidade de nosso tempo.<br \/>\nComo ensinam os mestres, na realidade, os cuidados atribu\u00eddos para qualquer desenho ou pintura a l\u00e1pis , aquarela ou \u00f3leo.<br \/>\nToda obra de arte deve ser cuidada, conservada e, somente assim, foi poss\u00edvel manter at\u00e9 hoje o frescor das c\u00e9lebres bailarinas de <strong>D\u00e8gas<\/strong> e as famosas cenas do Moulin Rouge de Toulouse Lautrec.<br \/>\nTodavia, por serem pouco cultivadas e de dif\u00edceis peculiaridades t\u00e9cnicas, como dissemos, cada vez mais raros.Essa pouca difus\u00e3o de uso talvez impe\u00e7a que o pastel estimule nos artistas a curiosidade de conhecimento pleno de seus atributos de infinita potencialidade t\u00e9cnica.<\/p>\n<p>Quando um pintor dedica-se com afinco a um determinado material, pode extrair dele surpreendentes resultados.<br \/>\n\u00c9 o caso do pintor <strong>Odilon Cavalcanti<\/strong>.<br \/>\nSeus 16 trabalhos exibidos nessa mostra no<strong> Mubel<\/strong> s\u00e3o o produto mais recente da produ\u00e7\u00e3o do pintor, que sabe substituir os obst\u00e1culos materiais da t\u00e9cnica pela subst\u00e2ncia tel\u00farica de suas telas.<\/p>\n<p>Forma e conte\u00fado se harmonizam em um figurativo de forte tend\u00eancia abstrata, onde o informal e o geom\u00e9trico aparecem como um meio apenas, porque fim \u00e9 o que a percep\u00e7\u00e3o dos que t\u00eam olhos e enchergam, saber\u00e3o encontrar em <strong>Odilon<\/strong>, artista cheio de promessas e j\u00e1 apto a descobrir, na verdade de seu intenso colorido e de seu adequado conhecimento t\u00e9cnico do material, a cor inexistente , que transforma uma simples prancha colorida em obra de arte.<\/p>\n<p><em><strong>Benedicto Mello<\/strong> <\/em><br \/>\nBel\u00e9m<br \/>\n<strong>1987<\/strong><\/p>\n<p><strong><a href=\"http:\/\/www.odiloncavalcanti.art.br\/exposicoes-individuais\/\">VOLTA<\/a><\/strong><\/p>\n","protected":false},"excerpt":{"rendered":"<p>Noites Paraenses : uma homenagem ao Par\u00e1 e suas noites quentes e perfumadas na quarta individual. &#8220;Certas harmonias de cores causam sensa\u00e7\u00f5es que at\u00e9 mesmo a m\u00fasica n\u00e3o pode atingir. &#8221;\u00a0 \u00a0 \u00a0 \u00a0 \u00a0 \u00a0 \u00a0 \u00a0\u00a0Delacroix Se, por uma lado, a cor j\u00e1 foi codificada (Goethe, por exemplo), defin\u00ed-la ainda continua sendo quase &hellip; <\/p>\n<p class=\"link-more\"><a href=\"https:\/\/odiloncavalcanti.art.br\/es\/noites-paraenses-a-quarta-individual\/\" class=\"more-link\">Continue reading<span class=\"screen-reader-text\"> &#8220;Noites Paraenses: a quarta individual.&#8221;<\/span><\/a><\/p>\n","protected":false},"author":1,"featured_media":726,"parent":0,"menu_order":0,"comment_status":"closed","ping_status":"closed","template":"","meta":{"footnotes":""},"class_list":["post-579","page","type-page","status-publish","has-post-thumbnail","hentry"],"translation":{"provider":"WPGlobus","version":"3.0.1","language":"es","enabled_languages":["en","es","de","fr","ru"],"languages":{"en":{"title":true,"content":true,"excerpt":false},"es":{"title":false,"content":false,"excerpt":false},"de":{"title":false,"content":false,"excerpt":false},"fr":{"title":false,"content":false,"excerpt":false},"ru":{"title":false,"content":false,"excerpt":false}}},"yoast_head":"<!-- This site is optimized with the Yoast SEO plugin v27.2 - https:\/\/yoast.com\/product\/yoast-seo-wordpress\/ -->\n<title>Noites Paraenses: a quarta individual.<\/title>\n<meta name=\"robots\" content=\"index, follow, max-snippet:-1, max-image-preview:large, max-video-preview:-1\" \/>\n<link rel=\"canonical\" href=\"https:\/\/odiloncavalcanti.art.br\/noites-paraenses-a-quarta-individual\/\" \/>\n<meta property=\"og:locale\" content=\"es_ES\" \/>\n<meta property=\"og:type\" content=\"article\" \/>\n<meta property=\"og:title\" content=\"Noites Paraenses: a quarta individual. - Odilon Cavalcanti\" \/>\n<meta property=\"og:url\" content=\"https:\/\/odiloncavalcanti.art.br\/noites-paraenses-a-quarta-individual\/\" \/>\n<meta property=\"og:site_name\" content=\"Odilon Cavalcanti\" \/>\n<meta property=\"article:publisher\" content=\"https:\/\/www.facebook.com\/AtelierOdilonCavalcanti\/\" \/>\n<meta property=\"article:modified_time\" content=\"2025-07-11T16:26:37+00:00\" \/>\n<meta property=\"og:image\" content=\"https:\/\/odiloncavalcanti.art.br\/wp-content\/uploads\/2017\/02\/unnamed-file.jpg\" \/>\n\t<meta property=\"og:image:width\" content=\"1240\" \/>\n\t<meta property=\"og:image:height\" content=\"1250\" \/>\n\t<meta property=\"og:image:type\" content=\"image\/jpeg\" \/>\n<meta name=\"twitter:card\" content=\"summary_large_image\" \/>\n<meta name=\"twitter:site\" content=\"@odilonk\" \/>\n<meta name=\"twitter:label1\" content=\"Est. reading time\" \/>\n\t<meta name=\"twitter:data1\" content=\"5 minutes\" \/>\n<script type=\"application\/ld+json\" class=\"yoast-schema-graph\">{\"@context\":\"https:\/\/schema.org\",\"@graph\":[{\"@type\":\"WebPage\",\"@id\":\"https:\/\/odiloncavalcanti.art.br\/noites-paraenses-a-quarta-individual\/\",\"url\":\"https:\/\/odiloncavalcanti.art.br\/noites-paraenses-a-quarta-individual\/\",\"name\":\"Noites Paraenses: a quarta individual.\",\"isPartOf\":{\"@id\":\"http:\/\/odiloncavalcanti.art.br\/#website\"},\"primaryImageOfPage\":{\"@id\":\"https:\/\/odiloncavalcanti.art.br\/noites-paraenses-a-quarta-individual\/#primaryimage\"},\"image\":{\"@id\":\"https:\/\/odiloncavalcanti.art.br\/noites-paraenses-a-quarta-individual\/#primaryimage\"},\"thumbnailUrl\":\"https:\/\/odiloncavalcanti.art.br\/wp-content\/uploads\/2017\/02\/unnamed-file.jpg\",\"datePublished\":\"2017-02-12T14:33:25+00:00\",\"dateModified\":\"2025-07-11T16:26:37+00:00\",\"description\":\"A quarta exposi\u00e7\u00e3o fe Odilon Cavalcanti foi realizada no fim de uma estada de quase 3 anos do artista em Bel\u00e9m do Pa, realizada no Mubel.\",\"breadcrumb\":{\"@id\":\"https:\/\/odiloncavalcanti.art.br\/noites-paraenses-a-quarta-individual\/#breadcrumb\"},\"inLanguage\":\"es-ES\",\"potentialAction\":[{\"@type\":\"ReadAction\",\"target\":[\"https:\/\/odiloncavalcanti.art.br\/noites-paraenses-a-quarta-individual\/\"]}]},{\"@type\":\"ImageObject\",\"inLanguage\":\"es-ES\",\"@id\":\"https:\/\/odiloncavalcanti.art.br\/noites-paraenses-a-quarta-individual\/#primaryimage\",\"url\":\"https:\/\/odiloncavalcanti.art.br\/wp-content\/uploads\/2017\/02\/unnamed-file.jpg\",\"contentUrl\":\"https:\/\/odiloncavalcanti.art.br\/wp-content\/uploads\/2017\/02\/unnamed-file.jpg\",\"width\":1240,\"height\":1250,\"caption\":\"\\\"Noites Paraenses - Opus 1, n\u00ba2\\\" Pastel s\/ papel 50x50cm 1984\"},{\"@type\":\"BreadcrumbList\",\"@id\":\"https:\/\/odiloncavalcanti.art.br\/noites-paraenses-a-quarta-individual\/#breadcrumb\",\"itemListElement\":[{\"@type\":\"ListItem\",\"position\":1,\"name\":\"In\u00edcio\",\"item\":\"http:\/\/odiloncavalcanti.art.br\/\"},{\"@type\":\"ListItem\",\"position\":2,\"name\":\"Noites Paraenses: a quarta individual.\"}]},{\"@type\":\"WebSite\",\"@id\":\"http:\/\/odiloncavalcanti.art.br\/#website\",\"url\":\"http:\/\/odiloncavalcanti.art.br\/\",\"name\":\"Odilon Cavalcanti\",\"description\":\"Um espelho da alquimia da Arte.\",\"potentialAction\":[{\"@type\":\"SearchAction\",\"target\":{\"@type\":\"EntryPoint\",\"urlTemplate\":\"http:\/\/odiloncavalcanti.art.br\/?s={search_term_string}\"},\"query-input\":{\"@type\":\"PropertyValueSpecification\",\"valueRequired\":true,\"valueName\":\"search_term_string\"}}],\"inLanguage\":\"es-ES\"}]}<\/script>\n<!-- \/ Yoast SEO plugin. -->","yoast_head_json":{"title":"Noites Paraenses: a quarta individual.","robots":{"index":"index","follow":"follow","max-snippet":"max-snippet:-1","max-image-preview":"max-image-preview:large","max-video-preview":"max-video-preview:-1"},"canonical":"https:\/\/odiloncavalcanti.art.br\/noites-paraenses-a-quarta-individual\/","og_locale":"es_ES","og_type":"article","og_title":"Noites Paraenses: a quarta individual. - Odilon Cavalcanti","og_url":"https:\/\/odiloncavalcanti.art.br\/noites-paraenses-a-quarta-individual\/","og_site_name":"Odilon Cavalcanti","article_publisher":"https:\/\/www.facebook.com\/AtelierOdilonCavalcanti\/","article_modified_time":"2025-07-11T16:26:37+00:00","og_image":[{"width":1240,"height":1250,"url":"https:\/\/odiloncavalcanti.art.br\/wp-content\/uploads\/2017\/02\/unnamed-file.jpg","type":"image\/jpeg"}],"twitter_card":"summary_large_image","twitter_site":"@odilonk","twitter_misc":{"Est. reading time":"5 minutes"},"schema":{"@context":"https:\/\/schema.org","@graph":[{"@type":"WebPage","@id":"https:\/\/odiloncavalcanti.art.br\/noites-paraenses-a-quarta-individual\/","url":"https:\/\/odiloncavalcanti.art.br\/noites-paraenses-a-quarta-individual\/","name":"Noites Paraenses: a quarta individual.","isPartOf":{"@id":"http:\/\/odiloncavalcanti.art.br\/#website"},"primaryImageOfPage":{"@id":"https:\/\/odiloncavalcanti.art.br\/noites-paraenses-a-quarta-individual\/#primaryimage"},"image":{"@id":"https:\/\/odiloncavalcanti.art.br\/noites-paraenses-a-quarta-individual\/#primaryimage"},"thumbnailUrl":"https:\/\/odiloncavalcanti.art.br\/wp-content\/uploads\/2017\/02\/unnamed-file.jpg","datePublished":"2017-02-12T14:33:25+00:00","dateModified":"2025-07-11T16:26:37+00:00","description":"A quarta exposi\u00e7\u00e3o fe Odilon Cavalcanti foi realizada no fim de uma estada de quase 3 anos do artista em Bel\u00e9m do Pa, realizada no Mubel.","breadcrumb":{"@id":"https:\/\/odiloncavalcanti.art.br\/noites-paraenses-a-quarta-individual\/#breadcrumb"},"inLanguage":"es-ES","potentialAction":[{"@type":"ReadAction","target":["https:\/\/odiloncavalcanti.art.br\/noites-paraenses-a-quarta-individual\/"]}]},{"@type":"ImageObject","inLanguage":"es-ES","@id":"https:\/\/odiloncavalcanti.art.br\/noites-paraenses-a-quarta-individual\/#primaryimage","url":"https:\/\/odiloncavalcanti.art.br\/wp-content\/uploads\/2017\/02\/unnamed-file.jpg","contentUrl":"https:\/\/odiloncavalcanti.art.br\/wp-content\/uploads\/2017\/02\/unnamed-file.jpg","width":1240,"height":1250,"caption":"\"Noites Paraenses - Opus 1, n\u00ba2\" Pastel s\/ papel 50x50cm 1984"},{"@type":"BreadcrumbList","@id":"https:\/\/odiloncavalcanti.art.br\/noites-paraenses-a-quarta-individual\/#breadcrumb","itemListElement":[{"@type":"ListItem","position":1,"name":"In\u00edcio","item":"http:\/\/odiloncavalcanti.art.br\/"},{"@type":"ListItem","position":2,"name":"Noites Paraenses: a quarta individual."}]},{"@type":"WebSite","@id":"http:\/\/odiloncavalcanti.art.br\/#website","url":"http:\/\/odiloncavalcanti.art.br\/","name":"Odilon Cavalcanti","description":"Um espelho da alquimia da Arte.","potentialAction":[{"@type":"SearchAction","target":{"@type":"EntryPoint","urlTemplate":"http:\/\/odiloncavalcanti.art.br\/?s={search_term_string}"},"query-input":{"@type":"PropertyValueSpecification","valueRequired":true,"valueName":"search_term_string"}}],"inLanguage":"es-ES"}]}},"jetpack_sharing_enabled":true,"_links":{"self":[{"href":"https:\/\/odiloncavalcanti.art.br\/es\/wp-json\/wp\/v2\/pages\/579","targetHints":{"allow":["GET"]}}],"collection":[{"href":"https:\/\/odiloncavalcanti.art.br\/es\/wp-json\/wp\/v2\/pages"}],"about":[{"href":"https:\/\/odiloncavalcanti.art.br\/es\/wp-json\/wp\/v2\/types\/page"}],"author":[{"embeddable":true,"href":"https:\/\/odiloncavalcanti.art.br\/es\/wp-json\/wp\/v2\/users\/1"}],"replies":[{"embeddable":true,"href":"https:\/\/odiloncavalcanti.art.br\/es\/wp-json\/wp\/v2\/comments?post=579"}],"version-history":[{"count":15,"href":"https:\/\/odiloncavalcanti.art.br\/es\/wp-json\/wp\/v2\/pages\/579\/revisions"}],"predecessor-version":[{"id":1940,"href":"https:\/\/odiloncavalcanti.art.br\/es\/wp-json\/wp\/v2\/pages\/579\/revisions\/1940"}],"wp:featuredmedia":[{"embeddable":true,"href":"https:\/\/odiloncavalcanti.art.br\/es\/wp-json\/wp\/v2\/media\/726"}],"wp:attachment":[{"href":"https:\/\/odiloncavalcanti.art.br\/es\/wp-json\/wp\/v2\/media?parent=579"}],"curies":[{"name":"wp","href":"https:\/\/api.w.org\/{rel}","templated":true}]}}