{"id":523,"date":"2017-02-10T20:17:19","date_gmt":"2017-02-10T22:17:19","guid":{"rendered":"http:\/\/www.odiloncavalcanti.art.br\/?page_id=523"},"modified":"2025-07-11T12:35:38","modified_gmt":"2025-07-11T15:35:38","slug":"essencia-essenciais-essenciais-essencial","status":"publish","type":"page","link":"https:\/\/odiloncavalcanti.art.br\/es\/obra-rara\/exposicoes-individuais-concretismo-picasso\/essencia-essenciais-essenciais-essencial\/","title":{"rendered":"Ess\u00eancia da terceira exposi\u00e7\u00e3o: Ess\u00eancia."},"content":{"rendered":"<blockquote class=\"wp-block-quote\">\n\n\n<blockquote class=\"wp-block-quote is-layout-flow wp-block-quote-is-layout-flow\">\n<p><strong>Odilon Cavalcanti \u2013 A Vit\u00f3ria do Essencial<\/strong><\/p>\n\n\n\n<figure class=\"wp-block-image size-large is-resized\"><img decoding=\"async\" src=\"http:\/\/odiloncavalcanti.art.br\/wp-content\/uploads\/2017\/02\/Espelho-fragmento.jpg\" alt=\"\" style=\"width:538px;height:auto\"\/><\/figure>\n\n\n\n<figure class=\"wp-block-image size-large is-resized\"><img decoding=\"async\" src=\"http:\/\/odiloncavalcanti.art.br\/wp-content\/uploads\/2025\/07\/Copia-de-figura1.jpg\" alt=\"\" style=\"width:316px;height:auto\"\/><\/figure>\n\n\n\n<p>S\u00e3o grandes os perigos da t\u00e9cnica do pastel.<\/p>\n\n\n\n<p>Talvez nem tanto da t\u00e9cnica \u2013 porque esta se aprende e se domina \u2013 mas do virtuosismo que pode resultar desse dom\u00ednio Este sim pode levar o artista a abusar dos aveludados, das cores sensuais, do lado \u201cbonito\u201d do pastel. O dom\u00ednio da t\u00e9cnica, que \u00e9 absolutamente necess\u00e1rio, prepara, ao mesmo tempo,&nbsp;armadilhas perigosas, das quais Odilon Cavalcanti soube escapar, acredito, gra\u00e7as ao seu poder de s\u00edntese, de sua compreens\u00e3o do essencial.<\/p>\n\n\n\n<p>Os trabalhos aqui expostos s\u00e3o provas, n\u00e3o apenas de suas qualidades de artista, mas sobretudo de seu destemor, de seu esp\u00edrito independente, Sendo um artista jovem, viajado e informado, soube se manter livre das manipula\u00e7\u00f5es da moda, aos r\u00f3tulos impingidos. Ele usa a figura como elemento formal, da mesma forma que usaria uma forma abstrata \u2013 sem jamais cair no ilustrativo. S\u00e3o estas formas, baseadas ou n\u00e3o no corpo humano, que d\u00e3o for\u00e7a e at\u00e9 impon\u00eancia a estes past\u00e9is, nos quais Odilon Cavalcanti explora todas as possibilidades que o material oferece.<\/p>\n\n\n\n<p>N\u00e3o \u00e9 f\u00e1cil para um artista desta \u00e9poca de comunica\u00e7\u00e3o r\u00e1pida de do reinado da \u201cmedia\u201d preservar a independ\u00eancia e a sua personalidade. Como tamb\u00e9m n\u00e3o \u00e9 f\u00e1cil resistir \u00e0 tenta\u00e7\u00e3o do sucesso relativamente r\u00e1pido, satisfazendo, simplesmente, o desejo do p\u00fablico por aquilo que est\u00e1 na moda. Mas, a longo prazo, s\u00e3o sempre os independentes que vencem e ficam, Entre os quais se encontra, disso estou certo, Odilon Cavalcanti.<\/p>\n\n\n\n<p>Que compreendeu o valor do essencial!<\/p>\n\n\n\n<p>MARCK BERkOWITZ<\/p>\n\n\n\n<p>Rio de Janeiro \/ novembro de 1986&nbsp;&nbsp;&nbsp;&nbsp;&nbsp;&nbsp;&nbsp;&nbsp;&nbsp;&nbsp;&nbsp;&nbsp;&nbsp;&nbsp;&nbsp;<\/p>\n<\/blockquote>\n\n\n<p><!-- \/wp:post-content --><!-- wp:post-content --><\/p>\n<h2>&#8220;A ess\u00eancia da arte \u00e9 a vida, n\u00e3o a imita\u00e7\u00e3o da vida.&#8221;<\/h2>\n<figure id=\"attachment_601\" aria-describedby=\"caption-attachment-601\" style=\"width: 210px\" class=\"wp-caption alignnone\"><img loading=\"lazy\" decoding=\"async\" class=\"size-medium wp-image-601\" src=\"http:\/\/169.57.129.238\/~odilonca\/wp-content\/uploads\/2017\/02\/p13-210x300.jpg\" alt=\"\" width=\"210\" height=\"300\" srcset=\"https:\/\/odiloncavalcanti.art.br\/wp-content\/uploads\/2017\/02\/p13-210x300.jpg 210w, https:\/\/odiloncavalcanti.art.br\/wp-content\/uploads\/2017\/02\/p13-768x1098.jpg 768w, https:\/\/odiloncavalcanti.art.br\/wp-content\/uploads\/2017\/02\/p13-716x1024.jpg 716w, https:\/\/odiloncavalcanti.art.br\/wp-content\/uploads\/2017\/02\/p13.jpg 842w\" sizes=\"auto, (max-width: 210px) 100vw, 210px\" \/><figcaption id=\"caption-attachment-601\" class=\"wp-caption-text\"><strong>&#8220;Espelho I&#8221;<\/strong><br \/>Paste s; papel<br \/>50x70cm<br \/><strong>1986<\/strong><\/figcaption><\/figure>\n<h4>Capa do cat\u00e1logo<\/h4>\n<h5>\u00a0<\/h5>\n<p><!-- wp:image {\"width\":\"300px\",\"height\":\"auto\",\"sizeSlug\":\"large\"} --><\/p>\n<figure class=\"wp-block-image size-large is-resized\"><img decoding=\"async\" src=\"http:\/\/odiloncavalcanti.art.br\/wp-content\/uploads\/2025\/07\/Scanner_20170214-5.jpg\" alt=\"\" style=\"width:300px;height:auto\"\/><\/figure>\n<p><!-- \/wp:image --><\/p>\n<p><!-- wp:image --><\/p>\n<figure class=\"wp-block-image\"><img alt=\"\"\/><\/figure>\n<p><!-- \/wp:image --><\/p>\n<p><!-- wp:quote --><\/p>\n<p><!-- \/wp:quote --><\/p>\n\n<!-- wp:image {\"width\":\"299px\",\"height\":\"auto\",\"sizeSlug\":\"large\"} -->\n<figure class=\"wp-block-image size-large is-resized\"><img decoding=\"async\" src=\"http:\/\/odiloncavalcanti.art.br\/wp-content\/uploads\/2025\/07\/conteudo-1.jpg\t\" alt=\"\" style=\"width:299px;height:auto\"\/><\/figure>\n<!-- \/wp:image -->\n\n<!-- wp:paragraph -->\n<p><\/p>\n<!-- \/wp:paragraph -->\n\n<!-- wp:image -->\n<figure class=\"wp-block-image\"><img alt=\"\"\/><\/figure>\n<!-- \/wp:image -->\n\n<!-- wp:image {\"width\":\"344px\",\"height\":\"auto\",\"sizeSlug\":\"large\"} -->\n<figure class=\"wp-block-image size-large is-resized\"><img decoding=\"async\" src=\"http:\/\/odiloncavalcanti.art.br\/wp-content\/uploads\/2025\/07\/Conteudo2.jpg\" alt=\"\" style=\"width:344px;height:auto\"\/><\/figure>\n<!-- \/wp:image -->\n\n<!-- wp:image {\"width\":\"345px\",\"height\":\"auto\",\"sizeSlug\":\"large\"} -->\n<figure class=\"wp-block-image size-large is-resized\"><img decoding=\"async\" src=\"http:\/\/odiloncavalcanti.art.br\/wp-content\/uploads\/2025\/07\/DSCI0036.jpg\" alt=\"\" style=\"width:345px;height:auto\"\/><\/figure>\n<!-- \/wp:image -->\n\n<!-- wp:paragraph -->\n<p><\/p>\n<!-- \/wp:paragraph -->","protected":false},"excerpt":{"rendered":"<p>&#8220;A ess\u00eancia da arte \u00e9 a vida, n\u00e3o a imita\u00e7\u00e3o da vida.&#8221; Capa do cat\u00e1logo \u00a0<\/p>\n","protected":false},"author":1,"featured_media":481,"parent":477,"menu_order":1,"comment_status":"closed","ping_status":"closed","template":"","meta":{"footnotes":""},"class_list":["post-523","page","type-page","status-publish","has-post-thumbnail","hentry"],"translation":{"provider":"WPGlobus","version":"3.0.1","language":"es","enabled_languages":["en","es","de","fr","ru"],"languages":{"en":{"title":true,"content":true,"excerpt":false},"es":{"title":false,"content":false,"excerpt":false},"de":{"title":false,"content":false,"excerpt":false},"fr":{"title":false,"content":false,"excerpt":false},"ru":{"title":false,"content":false,"excerpt":false}}},"yoast_head":"<!-- This site is optimized with the Yoast SEO plugin v27.2 - https:\/\/yoast.com\/product\/yoast-seo-wordpress\/ -->\n<title>essencia-da-terceira-exposicao-essencia<\/title>\n<meta name=\"robots\" content=\"index, follow, max-snippet:-1, max-image-preview:large, max-video-preview:-1\" \/>\n<link rel=\"canonical\" href=\"http:\/\/odiloncavalcanti.art.br\/obra-rara\/exposicoes-individuais-concretismo-picasso\/essencia-essenciais-essenciais-essencial\/\" \/>\n<meta property=\"og:locale\" content=\"es_ES\" \/>\n<meta property=\"og:type\" content=\"article\" \/>\n<meta property=\"og:title\" content=\"Ess\u00eancia da terceira exposi\u00e7\u00e3o: Ess\u00eancia. - Odilon Cavalcanti\" \/>\n<meta property=\"og:url\" content=\"http:\/\/odiloncavalcanti.art.br\/obra-rara\/exposicoes-individuais-concretismo-picasso\/essencia-essenciais-essenciais-essencial\/\" \/>\n<meta property=\"og:site_name\" content=\"Odilon Cavalcanti\" \/>\n<meta property=\"article:publisher\" content=\"https:\/\/www.facebook.com\/AtelierOdilonCavalcanti\/\" \/>\n<meta property=\"article:modified_time\" content=\"2025-07-11T15:35:38+00:00\" \/>\n<meta property=\"og:image\" content=\"http:\/\/odiloncavalcanti.art.br\/wp-content\/uploads\/2017\/02\/Conteudo2.jpg\" \/>\n\t<meta property=\"og:image:width\" content=\"1204\" \/>\n\t<meta property=\"og:image:height\" content=\"1178\" \/>\n\t<meta property=\"og:image:type\" content=\"image\/jpeg\" \/>\n<meta name=\"twitter:card\" content=\"summary_large_image\" \/>\n<meta name=\"twitter:site\" content=\"@odilonk\" \/>\n<script type=\"application\/ld+json\" class=\"yoast-schema-graph\">{\"@context\":\"https:\/\/schema.org\",\"@graph\":[{\"@type\":\"WebPage\",\"@id\":\"http:\/\/odiloncavalcanti.art.br\/obra-rara\/exposicoes-individuais-concretismo-picasso\/essencia-essenciais-essenciais-essencial\/\",\"url\":\"http:\/\/odiloncavalcanti.art.br\/obra-rara\/exposicoes-individuais-concretismo-picasso\/essencia-essenciais-essenciais-essencial\/\",\"name\":\"essencia-da-terceira-exposicao-essencia\",\"isPartOf\":{\"@id\":\"http:\/\/odiloncavalcanti.art.br\/#website\"},\"primaryImageOfPage\":{\"@id\":\"http:\/\/odiloncavalcanti.art.br\/obra-rara\/exposicoes-individuais-concretismo-picasso\/essencia-essenciais-essenciais-essencial\/#primaryimage\"},\"image\":{\"@id\":\"http:\/\/odiloncavalcanti.art.br\/obra-rara\/exposicoes-individuais-concretismo-picasso\/essencia-essenciais-essenciais-essencial\/#primaryimage\"},\"thumbnailUrl\":\"https:\/\/odiloncavalcanti.art.br\/wp-content\/uploads\/2017\/02\/Conteudo2.jpg\",\"datePublished\":\"2017-02-10T22:17:19+00:00\",\"dateModified\":\"2025-07-11T15:35:38+00:00\",\"description\":\"As essesciais obras da exposi\u00e7\u00e3o \\\"Essencia\\\" de Odilon Cavalcanti na Galeria Teodoro Braca - no Centur de Bel\u00e9m - Pa - de 1986.\",\"breadcrumb\":{\"@id\":\"http:\/\/odiloncavalcanti.art.br\/obra-rara\/exposicoes-individuais-concretismo-picasso\/essencia-essenciais-essenciais-essencial\/#breadcrumb\"},\"inLanguage\":\"es-ES\",\"potentialAction\":[{\"@type\":\"ReadAction\",\"target\":[\"http:\/\/odiloncavalcanti.art.br\/obra-rara\/exposicoes-individuais-concretismo-picasso\/essencia-essenciais-essenciais-essencial\/\"]}]},{\"@type\":\"ImageObject\",\"inLanguage\":\"es-ES\",\"@id\":\"http:\/\/odiloncavalcanti.art.br\/obra-rara\/exposicoes-individuais-concretismo-picasso\/essencia-essenciais-essenciais-essencial\/#primaryimage\",\"url\":\"https:\/\/odiloncavalcanti.art.br\/wp-content\/uploads\/2017\/02\/Conteudo2.jpg\",\"contentUrl\":\"https:\/\/odiloncavalcanti.art.br\/wp-content\/uploads\/2017\/02\/Conteudo2.jpg\",\"width\":1204,\"height\":1178,\"caption\":\"\\\"Conte\u00fado V\\\" (Bom Dia) Pastel s\/ tela montada 80x80cm 1984\"},{\"@type\":\"BreadcrumbList\",\"@id\":\"http:\/\/odiloncavalcanti.art.br\/obra-rara\/exposicoes-individuais-concretismo-picasso\/essencia-essenciais-essenciais-essencial\/#breadcrumb\",\"itemListElement\":[{\"@type\":\"ListItem\",\"position\":1,\"name\":\"In\u00edcio\",\"item\":\"http:\/\/odiloncavalcanti.art.br\/\"},{\"@type\":\"ListItem\",\"position\":2,\"name\":\"Obra rara:\",\"item\":\"http:\/\/odiloncavalcanti.art.br\/es\/obra-rara\/\"},{\"@type\":\"ListItem\",\"position\":3,\"name\":\"Exposi\u00e7\u00f5es Individuais: descobertas concretas.\",\"item\":\"http:\/\/odiloncavalcanti.art.br\/es\/obra-rara\/exposicoes-individuais-concretismo-picasso\/\"},{\"@type\":\"ListItem\",\"position\":4,\"name\":\"Ess\u00eancia da terceira exposi\u00e7\u00e3o: Ess\u00eancia.\"}]},{\"@type\":\"WebSite\",\"@id\":\"http:\/\/odiloncavalcanti.art.br\/#website\",\"url\":\"http:\/\/odiloncavalcanti.art.br\/\",\"name\":\"Odilon Cavalcanti\",\"description\":\"Um espelho da alquimia da Arte.\",\"potentialAction\":[{\"@type\":\"SearchAction\",\"target\":{\"@type\":\"EntryPoint\",\"urlTemplate\":\"http:\/\/odiloncavalcanti.art.br\/?s={search_term_string}\"},\"query-input\":{\"@type\":\"PropertyValueSpecification\",\"valueRequired\":true,\"valueName\":\"search_term_string\"}}],\"inLanguage\":\"es-ES\"}]}<\/script>\n<!-- \/ Yoast SEO plugin. -->","yoast_head_json":{"title":"essencia-da-terceira-exposicao-essencia","robots":{"index":"index","follow":"follow","max-snippet":"max-snippet:-1","max-image-preview":"max-image-preview:large","max-video-preview":"max-video-preview:-1"},"canonical":"http:\/\/odiloncavalcanti.art.br\/obra-rara\/exposicoes-individuais-concretismo-picasso\/essencia-essenciais-essenciais-essencial\/","og_locale":"es_ES","og_type":"article","og_title":"Ess\u00eancia da terceira exposi\u00e7\u00e3o: Ess\u00eancia. - Odilon Cavalcanti","og_url":"http:\/\/odiloncavalcanti.art.br\/obra-rara\/exposicoes-individuais-concretismo-picasso\/essencia-essenciais-essenciais-essencial\/","og_site_name":"Odilon Cavalcanti","article_publisher":"https:\/\/www.facebook.com\/AtelierOdilonCavalcanti\/","article_modified_time":"2025-07-11T15:35:38+00:00","og_image":[{"width":1204,"height":1178,"url":"http:\/\/odiloncavalcanti.art.br\/wp-content\/uploads\/2017\/02\/Conteudo2.jpg","type":"image\/jpeg"}],"twitter_card":"summary_large_image","twitter_site":"@odilonk","schema":{"@context":"https:\/\/schema.org","@graph":[{"@type":"WebPage","@id":"http:\/\/odiloncavalcanti.art.br\/obra-rara\/exposicoes-individuais-concretismo-picasso\/essencia-essenciais-essenciais-essencial\/","url":"http:\/\/odiloncavalcanti.art.br\/obra-rara\/exposicoes-individuais-concretismo-picasso\/essencia-essenciais-essenciais-essencial\/","name":"essencia-da-terceira-exposicao-essencia","isPartOf":{"@id":"http:\/\/odiloncavalcanti.art.br\/#website"},"primaryImageOfPage":{"@id":"http:\/\/odiloncavalcanti.art.br\/obra-rara\/exposicoes-individuais-concretismo-picasso\/essencia-essenciais-essenciais-essencial\/#primaryimage"},"image":{"@id":"http:\/\/odiloncavalcanti.art.br\/obra-rara\/exposicoes-individuais-concretismo-picasso\/essencia-essenciais-essenciais-essencial\/#primaryimage"},"thumbnailUrl":"https:\/\/odiloncavalcanti.art.br\/wp-content\/uploads\/2017\/02\/Conteudo2.jpg","datePublished":"2017-02-10T22:17:19+00:00","dateModified":"2025-07-11T15:35:38+00:00","description":"As essesciais obras da exposi\u00e7\u00e3o \"Essencia\" de Odilon Cavalcanti na Galeria Teodoro Braca - no Centur de Bel\u00e9m - Pa - de 1986.","breadcrumb":{"@id":"http:\/\/odiloncavalcanti.art.br\/obra-rara\/exposicoes-individuais-concretismo-picasso\/essencia-essenciais-essenciais-essencial\/#breadcrumb"},"inLanguage":"es-ES","potentialAction":[{"@type":"ReadAction","target":["http:\/\/odiloncavalcanti.art.br\/obra-rara\/exposicoes-individuais-concretismo-picasso\/essencia-essenciais-essenciais-essencial\/"]}]},{"@type":"ImageObject","inLanguage":"es-ES","@id":"http:\/\/odiloncavalcanti.art.br\/obra-rara\/exposicoes-individuais-concretismo-picasso\/essencia-essenciais-essenciais-essencial\/#primaryimage","url":"https:\/\/odiloncavalcanti.art.br\/wp-content\/uploads\/2017\/02\/Conteudo2.jpg","contentUrl":"https:\/\/odiloncavalcanti.art.br\/wp-content\/uploads\/2017\/02\/Conteudo2.jpg","width":1204,"height":1178,"caption":"\"Conte\u00fado V\" (Bom Dia) Pastel s\/ tela montada 80x80cm 1984"},{"@type":"BreadcrumbList","@id":"http:\/\/odiloncavalcanti.art.br\/obra-rara\/exposicoes-individuais-concretismo-picasso\/essencia-essenciais-essenciais-essencial\/#breadcrumb","itemListElement":[{"@type":"ListItem","position":1,"name":"In\u00edcio","item":"http:\/\/odiloncavalcanti.art.br\/"},{"@type":"ListItem","position":2,"name":"Obra rara:","item":"http:\/\/odiloncavalcanti.art.br\/es\/obra-rara\/"},{"@type":"ListItem","position":3,"name":"Exposi\u00e7\u00f5es Individuais: descobertas concretas.","item":"http:\/\/odiloncavalcanti.art.br\/es\/obra-rara\/exposicoes-individuais-concretismo-picasso\/"},{"@type":"ListItem","position":4,"name":"Ess\u00eancia da terceira exposi\u00e7\u00e3o: Ess\u00eancia."}]},{"@type":"WebSite","@id":"http:\/\/odiloncavalcanti.art.br\/#website","url":"http:\/\/odiloncavalcanti.art.br\/","name":"Odilon Cavalcanti","description":"Um espelho da alquimia da Arte.","potentialAction":[{"@type":"SearchAction","target":{"@type":"EntryPoint","urlTemplate":"http:\/\/odiloncavalcanti.art.br\/?s={search_term_string}"},"query-input":{"@type":"PropertyValueSpecification","valueRequired":true,"valueName":"search_term_string"}}],"inLanguage":"es-ES"}]}},"jetpack_sharing_enabled":true,"_links":{"self":[{"href":"https:\/\/odiloncavalcanti.art.br\/es\/wp-json\/wp\/v2\/pages\/523","targetHints":{"allow":["GET"]}}],"collection":[{"href":"https:\/\/odiloncavalcanti.art.br\/es\/wp-json\/wp\/v2\/pages"}],"about":[{"href":"https:\/\/odiloncavalcanti.art.br\/es\/wp-json\/wp\/v2\/types\/page"}],"author":[{"embeddable":true,"href":"https:\/\/odiloncavalcanti.art.br\/es\/wp-json\/wp\/v2\/users\/1"}],"replies":[{"embeddable":true,"href":"https:\/\/odiloncavalcanti.art.br\/es\/wp-json\/wp\/v2\/comments?post=523"}],"version-history":[{"count":26,"href":"https:\/\/odiloncavalcanti.art.br\/es\/wp-json\/wp\/v2\/pages\/523\/revisions"}],"predecessor-version":[{"id":1937,"href":"https:\/\/odiloncavalcanti.art.br\/es\/wp-json\/wp\/v2\/pages\/523\/revisions\/1937"}],"up":[{"embeddable":true,"href":"https:\/\/odiloncavalcanti.art.br\/es\/wp-json\/wp\/v2\/pages\/477"}],"wp:featuredmedia":[{"embeddable":true,"href":"https:\/\/odiloncavalcanti.art.br\/es\/wp-json\/wp\/v2\/media\/481"}],"wp:attachment":[{"href":"https:\/\/odiloncavalcanti.art.br\/es\/wp-json\/wp\/v2\/media?parent=523"}],"curies":[{"name":"wp","href":"https:\/\/api.w.org\/{rel}","templated":true}]}}