{"id":380,"date":"2017-02-08T12:54:09","date_gmt":"2017-02-08T14:54:09","guid":{"rendered":"http:\/\/www.odiloncavalcanti.art.br\/?page_id=380"},"modified":"2025-07-11T16:33:13","modified_gmt":"2025-07-11T19:33:13","slug":"colecao-alquimica","status":"publish","type":"page","link":"https:\/\/odiloncavalcanti.art.br\/es\/colecao-alquimica\/","title":{"rendered":"Cole\u00e7\u00e3o Alqu\u00edmica: a arte de transformar chumbo em ouro."},"content":{"rendered":"<blockquote>\n<h2>\u00a0A Cole\u00e7\u00e3o Alqu\u00edmica: consci\u00eancia emergente.<\/h2>\n<figure id=\"attachment_384\" aria-describedby=\"caption-attachment-384\" style=\"width: 300px\" class=\"wp-caption alignnone\"><img loading=\"lazy\" decoding=\"async\" class=\"wp-image-384 size-medium\" src=\"http:\/\/169.57.129.238\/~odilonca\/wp-content\/uploads\/2017\/02\/alq.4-300x189.jpg\" alt=\"Cole\u00e7\u00e3o Alqu\u00edmica: a obra em branco\" width=\"300\" height=\"189\" srcset=\"https:\/\/odiloncavalcanti.art.br\/wp-content\/uploads\/2017\/02\/alq.4-300x189.jpg 300w, https:\/\/odiloncavalcanti.art.br\/wp-content\/uploads\/2017\/02\/alq.4-768x485.jpg 768w, https:\/\/odiloncavalcanti.art.br\/wp-content\/uploads\/2017\/02\/alq.4-1024x646.jpg 1024w, https:\/\/odiloncavalcanti.art.br\/wp-content\/uploads\/2017\/02\/alq.4.jpg 1204w\" sizes=\"auto, (max-width: 300px) 100vw, 300px\" \/><figcaption id=\"caption-attachment-384\" class=\"wp-caption-text\">&#8220;A obra em Branco&#8221;<br \/>110&#215;78 cm<br \/>Acr\u00edlico e \u00f3leo s\/tela<br \/>1986\/7<\/figcaption><\/figure>\n<figure id=\"attachment_385\" aria-describedby=\"caption-attachment-385\" style=\"width: 300px\" class=\"wp-caption alignnone\"><img loading=\"lazy\" decoding=\"async\" class=\"size-medium wp-image-385\" src=\"http:\/\/169.57.129.238\/~odilonca\/wp-content\/uploads\/2017\/02\/alq.5-300x198.jpg\" alt=\"\" width=\"300\" height=\"198\" srcset=\"https:\/\/odiloncavalcanti.art.br\/wp-content\/uploads\/2017\/02\/alq.5-300x198.jpg 300w, https:\/\/odiloncavalcanti.art.br\/wp-content\/uploads\/2017\/02\/alq.5-768x506.jpg 768w, https:\/\/odiloncavalcanti.art.br\/wp-content\/uploads\/2017\/02\/alq.5-1024x675.jpg 1024w, https:\/\/odiloncavalcanti.art.br\/wp-content\/uploads\/2017\/02\/alq.5-150x100.jpg 150w, https:\/\/odiloncavalcanti.art.br\/wp-content\/uploads\/2017\/02\/alq.5-200x133.jpg 200w, https:\/\/odiloncavalcanti.art.br\/wp-content\/uploads\/2017\/02\/alq.5-250x166.jpg 250w, https:\/\/odiloncavalcanti.art.br\/wp-content\/uploads\/2017\/02\/alq.5.jpg 1204w\" sizes=\"auto, (max-width: 300px) 100vw, 300px\" \/><figcaption id=\"caption-attachment-385\" class=\"wp-caption-text\">&#8220;O Toque&#8221;<br \/>Acr\u00edlica e Pastel s\/ tela<br \/>132x90cm<br \/>1987<\/figcaption><\/figure>\n<figure id=\"attachment_389\" aria-describedby=\"caption-attachment-389\" style=\"width: 300px\" class=\"wp-caption alignnone\"><img loading=\"lazy\" decoding=\"async\" class=\"size-medium wp-image-389\" src=\"http:\/\/169.57.129.238\/~odilonca\/wp-content\/uploads\/2017\/02\/alq.9-300x194.jpg\" alt=\"\" width=\"300\" height=\"194\" srcset=\"https:\/\/odiloncavalcanti.art.br\/wp-content\/uploads\/2017\/02\/alq.9-300x194.jpg 300w, https:\/\/odiloncavalcanti.art.br\/wp-content\/uploads\/2017\/02\/alq.9-768x498.jpg 768w, https:\/\/odiloncavalcanti.art.br\/wp-content\/uploads\/2017\/02\/alq.9-1024x663.jpg 1024w, https:\/\/odiloncavalcanti.art.br\/wp-content\/uploads\/2017\/02\/alq.9.jpg 1204w\" sizes=\"auto, (max-width: 300px) 100vw, 300px\" \/><figcaption id=\"caption-attachment-389\" class=\"wp-caption-text\">&#8220;As Quatro Cores da Obra&#8221;<br \/>132&#215;88 cm<br \/>Acr\u00edlica e Pastel s\/ Tela<br \/>1990<\/figcaption><\/figure>\n<figure id=\"attachment_388\" aria-describedby=\"caption-attachment-388\" style=\"width: 300px\" class=\"wp-caption alignnone\"><img loading=\"lazy\" decoding=\"async\" class=\"size-medium wp-image-388\" src=\"http:\/\/169.57.129.238\/~odilonca\/wp-content\/uploads\/2017\/02\/alq.8-300x260.jpg\" alt=\"\" width=\"300\" height=\"260\" srcset=\"https:\/\/odiloncavalcanti.art.br\/wp-content\/uploads\/2017\/02\/alq.8-300x260.jpg 300w, https:\/\/odiloncavalcanti.art.br\/wp-content\/uploads\/2017\/02\/alq.8-768x665.jpg 768w, https:\/\/odiloncavalcanti.art.br\/wp-content\/uploads\/2017\/02\/alq.8-1024x887.jpg 1024w, https:\/\/odiloncavalcanti.art.br\/wp-content\/uploads\/2017\/02\/alq.8.jpg 1294w\" sizes=\"auto, (max-width: 300px) 100vw, 300px\" \/><figcaption id=\"caption-attachment-388\" class=\"wp-caption-text\">&#8220;A colheita do Orvalho de Maio&#8221;<br \/>Acr\u00edlica e pastel s\/ tela<br \/>140x140cm<br \/>1992<\/figcaption><\/figure>\n<figure id=\"attachment_1436\" aria-describedby=\"caption-attachment-1436\" style=\"width: 300px\" class=\"wp-caption aligncenter\"><img loading=\"lazy\" decoding=\"async\" class=\"size-medium wp-image-1436\" src=\"https:\/\/www.odiloncavalcanti.art.br\/wp-content\/uploads\/2019\/04\/at-7.10-300x210.jpg\" alt=\"Mat\u00e9ria Orginal\" width=\"300\" height=\"210\" srcset=\"https:\/\/odiloncavalcanti.art.br\/wp-content\/uploads\/2019\/04\/at-7.10-300x210.jpg 300w, https:\/\/odiloncavalcanti.art.br\/wp-content\/uploads\/2019\/04\/at-7.10-768x537.jpg 768w, https:\/\/odiloncavalcanti.art.br\/wp-content\/uploads\/2019\/04\/at-7.10.jpg 831w\" sizes=\"auto, (max-width: 300px) 100vw, 300px\" \/><figcaption id=\"caption-attachment-1436\" class=\"wp-caption-text\">\u201cMat\u00e9ria Original\u201d<br \/>Acr\u00edlica e pastel s\/tela<br \/>129\u00d798 cm<br \/>1989<\/figcaption><\/figure>\n<figure id=\"attachment_386\" aria-describedby=\"caption-attachment-386\" style=\"width: 300px\" class=\"wp-caption alignnone\"><img loading=\"lazy\" decoding=\"async\" class=\"size-medium wp-image-386\" src=\"http:\/\/169.57.129.238\/~odilonca\/wp-content\/uploads\/2017\/02\/alq.6-300x198.jpg\" alt=\"\" width=\"300\" height=\"198\" srcset=\"https:\/\/odiloncavalcanti.art.br\/wp-content\/uploads\/2017\/02\/alq.6-300x198.jpg 300w, https:\/\/odiloncavalcanti.art.br\/wp-content\/uploads\/2017\/02\/alq.6-768x506.jpg 768w, https:\/\/odiloncavalcanti.art.br\/wp-content\/uploads\/2017\/02\/alq.6-1024x675.jpg 1024w, https:\/\/odiloncavalcanti.art.br\/wp-content\/uploads\/2017\/02\/alq.6-150x100.jpg 150w, https:\/\/odiloncavalcanti.art.br\/wp-content\/uploads\/2017\/02\/alq.6-200x133.jpg 200w, https:\/\/odiloncavalcanti.art.br\/wp-content\/uploads\/2017\/02\/alq.6-250x166.jpg 250w, https:\/\/odiloncavalcanti.art.br\/wp-content\/uploads\/2017\/02\/alq.6.jpg 1204w\" sizes=\"auto, (max-width: 300px) 100vw, 300px\" \/><figcaption id=\"caption-attachment-386\" class=\"wp-caption-text\">&#8220;Fogo de Roda&#8221;<br \/>Acr\u00edlica, pastel e pigmento s\/tela<br \/>1991<\/figcaption><\/figure>\n<figure id=\"attachment_382\" aria-describedby=\"caption-attachment-382\" style=\"width: 300px\" class=\"wp-caption alignnone\"><img loading=\"lazy\" decoding=\"async\" class=\"size-medium wp-image-382\" src=\"http:\/\/169.57.129.238\/~odilonca\/wp-content\/uploads\/2017\/02\/alq.2-300x200.jpg\" alt=\"\" width=\"300\" height=\"200\" srcset=\"https:\/\/odiloncavalcanti.art.br\/wp-content\/uploads\/2017\/02\/alq.2-300x200.jpg 300w, https:\/\/odiloncavalcanti.art.br\/wp-content\/uploads\/2017\/02\/alq.2-768x511.jpg 768w, https:\/\/odiloncavalcanti.art.br\/wp-content\/uploads\/2017\/02\/alq.2-1024x681.jpg 1024w, https:\/\/odiloncavalcanti.art.br\/wp-content\/uploads\/2017\/02\/alq.2-150x100.jpg 150w, https:\/\/odiloncavalcanti.art.br\/wp-content\/uploads\/2017\/02\/alq.2-200x133.jpg 200w, https:\/\/odiloncavalcanti.art.br\/wp-content\/uploads\/2017\/02\/alq.2-250x166.jpg 250w, https:\/\/odiloncavalcanti.art.br\/wp-content\/uploads\/2017\/02\/alq.2.jpg 1204w\" sizes=\"auto, (max-width: 300px) 100vw, 300px\" \/><figcaption id=\"caption-attachment-382\" class=\"wp-caption-text\">&#8220;A Pedra Filosofal&#8221;<br \/>Acr\u00edlica e pastel s\/tela<br \/>135x89cm<br \/>1990<\/figcaption><\/figure>\n<figure id=\"attachment_390\" aria-describedby=\"caption-attachment-390\" style=\"width: 300px\" class=\"wp-caption alignnone\"><img loading=\"lazy\" decoding=\"async\" class=\"size-medium wp-image-390\" src=\"http:\/\/169.57.129.238\/~odilonca\/wp-content\/uploads\/2017\/02\/Alq.10-300x210.jpg\" alt=\"\" width=\"300\" height=\"210\" srcset=\"https:\/\/odiloncavalcanti.art.br\/wp-content\/uploads\/2017\/02\/Alq.10-300x210.jpg 300w, https:\/\/odiloncavalcanti.art.br\/wp-content\/uploads\/2017\/02\/Alq.10-768x536.jpg 768w, https:\/\/odiloncavalcanti.art.br\/wp-content\/uploads\/2017\/02\/Alq.10-1024x715.jpg 1024w, https:\/\/odiloncavalcanti.art.br\/wp-content\/uploads\/2017\/02\/Alq.10.jpg 1204w\" sizes=\"auto, (max-width: 300px) 100vw, 300px\" \/><figcaption id=\"caption-attachment-390\" class=\"wp-caption-text\">&#8220;A obra em negro&#8221;<br \/>119x82cm<br \/>1993<\/figcaption><\/figure>\n<figure id=\"attachment_383\" aria-describedby=\"caption-attachment-383\" style=\"width: 300px\" class=\"wp-caption alignnone\"><img loading=\"lazy\" decoding=\"async\" class=\"size-medium wp-image-383\" src=\"http:\/\/169.57.129.238\/~odilonca\/wp-content\/uploads\/2017\/02\/alq.3-300x204.jpg\" alt=\"\" width=\"300\" height=\"204\" srcset=\"https:\/\/odiloncavalcanti.art.br\/wp-content\/uploads\/2017\/02\/alq.3-300x204.jpg 300w, https:\/\/odiloncavalcanti.art.br\/wp-content\/uploads\/2017\/02\/alq.3-768x522.jpg 768w, https:\/\/odiloncavalcanti.art.br\/wp-content\/uploads\/2017\/02\/alq.3-1024x696.jpg 1024w, https:\/\/odiloncavalcanti.art.br\/wp-content\/uploads\/2017\/02\/alq.3.jpg 1204w\" sizes=\"auto, (max-width: 300px) 100vw, 300px\" \/><figcaption id=\"caption-attachment-383\" class=\"wp-caption-text\">&#8220;A nuvem sobre o Santu\u00e1rio&#8221;<br \/>Acr\u00edlica e Pastel s\/ tela<br \/>127x93cm<br \/>1989<\/figcaption><\/figure>\n<figure id=\"attachment_381\" aria-describedby=\"caption-attachment-381\" style=\"width: 300px\" class=\"wp-caption alignnone\"><img loading=\"lazy\" decoding=\"async\" class=\"size-medium wp-image-381\" src=\"http:\/\/169.57.129.238\/~odilonca\/wp-content\/uploads\/2017\/02\/alq.1-300x195.jpg\" alt=\"\" width=\"300\" height=\"195\" srcset=\"https:\/\/odiloncavalcanti.art.br\/wp-content\/uploads\/2017\/02\/alq.1-300x195.jpg 300w, https:\/\/odiloncavalcanti.art.br\/wp-content\/uploads\/2017\/02\/alq.1-768x500.jpg 768w, https:\/\/odiloncavalcanti.art.br\/wp-content\/uploads\/2017\/02\/alq.1-1024x667.jpg 1024w, https:\/\/odiloncavalcanti.art.br\/wp-content\/uploads\/2017\/02\/alq.1.jpg 1204w\" sizes=\"auto, (max-width: 300px) 100vw, 300px\" \/><figcaption id=\"caption-attachment-381\" class=\"wp-caption-text\">&#8221; A obra em vermelho&#8221;<br \/>125x89cm<br \/>1987<\/figcaption><\/figure>\n<p>A Cole\u00e7\u00e3o Alqu\u00edmica aparece nos fins dos anos 80 e\u00a0 in\u00edcio dos anos 90 do s\u00e9culo passado, quando <strong>Odilon Cavalcanti<\/strong> participa de um grupo de artistas de Pernambuco que compartilham um movimento de ruptura com o figurativismo que tardiamente ainda dominava a cena art\u00edstica local.<\/p>\n<p>Essa procura de sua essencialidade encontra eco em sua busca por uma espiritualidade da vida e de suas manisfesta\u00e7\u00f5es alqu\u00edmicas<\/p>\n<p>Nessa \u00e9poca ele encontra, at\u00e9 pelo estreitamento de sua amizade e proximidade \u00e0 <strong>Francisco Brennand<\/strong> que lhe inspira os estudos, na alquimia uma fonte de estudos e um espelho para sua obra.<\/p>\n<p>O resultado pode ser avaliado nas obras aqui apresentadas que fazem parte de uma primeira s\u00e9rie que poder\u00edamos chamar de <em><strong>Cole\u00e7\u00e3o Alqu\u00edmica<\/strong><\/em>.<\/p>\n<p>Esta Cole\u00e7\u00e3o Alqu\u00edmica mais que um conjunto especifico de obras \u00e9, em realidade, um fio condutor que perpassa v\u00e1rias outras s\u00e9rias do trabalho\u00a0 de Odilon, constituindo-se na realidade, quase uma pano de fundo do conjunto da obra.<\/p>\n<p>Esta percep\u00e7\u00e3o eco nos procedimentos de prepara\u00e7\u00e3o dos materiais que o artista prepara, na classifica\u00e7\u00e3o das etapas alqu\u00edmicas tradicionalmente classificadas por cores, na utiliza\u00e7\u00e3o de elementos qu\u00edmicos, compostos e\u00a0 subst\u00e2ncias catalisadoras, nos procedimentos esparg\u00edricos que est\u00e3o na base da\u00a0 fatura da obra de arte e at\u00e9 nos objetivos de imanta\u00e7\u00e3o da obra de arte pela ess\u00eancia que a permeia e a vivifica.<\/p><\/blockquote>\n<p><a href=\"http:\/\/www.odiloncavalcanti.art.br\/odilon-cavalcanti-obra-atelier-artista\/exposicoes-coletivas-colecoes-e-projetos\/\"><strong>VOLTA<\/strong><\/a><\/p>\n","protected":false},"excerpt":{"rendered":"<p>\u00a0A Cole\u00e7\u00e3o Alqu\u00edmica: consci\u00eancia emergente. A Cole\u00e7\u00e3o Alqu\u00edmica aparece nos fins dos anos 80 e\u00a0 in\u00edcio dos anos 90 do s\u00e9culo passado, quando Odilon Cavalcanti participa de um grupo de artistas de Pernambuco que compartilham um movimento de ruptura com o figurativismo que tardiamente ainda dominava a cena art\u00edstica local. Essa procura de sua essencialidade &hellip; <\/p>\n<p class=\"link-more\"><a href=\"https:\/\/odiloncavalcanti.art.br\/es\/colecao-alquimica\/\" class=\"more-link\">Continue reading<span class=\"screen-reader-text\"> &#8220;Cole\u00e7\u00e3o Alqu\u00edmica: a arte de transformar chumbo em ouro.&#8221;<\/span><\/a><\/p>\n","protected":false},"author":1,"featured_media":383,"parent":0,"menu_order":0,"comment_status":"closed","ping_status":"closed","template":"","meta":{"footnotes":""},"class_list":["post-380","page","type-page","status-publish","has-post-thumbnail","hentry"],"translation":{"provider":"WPGlobus","version":"3.0.1","language":"es","enabled_languages":["en","es","de","fr","ru"],"languages":{"en":{"title":true,"content":true,"excerpt":false},"es":{"title":false,"content":false,"excerpt":false},"de":{"title":false,"content":false,"excerpt":false},"fr":{"title":false,"content":false,"excerpt":false},"ru":{"title":false,"content":false,"excerpt":false}}},"yoast_head":"<!-- This site is optimized with the Yoast SEO plugin v27.2 - https:\/\/yoast.com\/product\/yoast-seo-wordpress\/ -->\n<title>Cole\u00e7\u00e3o Alqu\u00edmica: a arte de transformar chumbo em ouro.<\/title>\n<meta name=\"robots\" content=\"index, follow, max-snippet:-1, max-image-preview:large, max-video-preview:-1\" \/>\n<link rel=\"canonical\" href=\"http:\/\/odiloncavalcanti.art.br\/colecao-alquimica\/\" \/>\n<meta property=\"og:locale\" content=\"es_ES\" \/>\n<meta property=\"og:type\" content=\"article\" \/>\n<meta property=\"og:title\" content=\"Alquimia e arte: em busca da obra magna.\" \/>\n<meta property=\"og:description\" content=\"A s\u00e9rie criada nos anos 90 pelo artista pl\u00e1stico Odilon Cavalcanti \u00e9 mostrada em seu conjunto no site do artista. Conhe\u00e7a.\" \/>\n<meta property=\"og:url\" content=\"http:\/\/odiloncavalcanti.art.br\/colecao-alquimica\/\" \/>\n<meta property=\"og:site_name\" content=\"Odilon Cavalcanti\" \/>\n<meta property=\"article:publisher\" content=\"https:\/\/www.facebook.com\/AtelierOdilonCavalcanti\/\" \/>\n<meta property=\"article:modified_time\" content=\"2025-07-11T19:33:13+00:00\" \/>\n<meta name=\"twitter:card\" content=\"summary_large_image\" \/>\n<meta name=\"twitter:image\" content=\"https:\/\/odiloncavalcanti.art.br\/wp-content\/uploads\/2017\/02\/alq.3.jpg\" \/>\n<meta name=\"twitter:site\" content=\"@odilonk\" \/>\n<meta name=\"twitter:label1\" content=\"Est. reading time\" \/>\n\t<meta name=\"twitter:data1\" content=\"1 minute\" \/>\n<script type=\"application\/ld+json\" class=\"yoast-schema-graph\">{\"@context\":\"https:\/\/schema.org\",\"@graph\":[{\"@type\":\"WebPage\",\"@id\":\"http:\/\/odiloncavalcanti.art.br\/colecao-alquimica\/\",\"url\":\"http:\/\/odiloncavalcanti.art.br\/colecao-alquimica\/\",\"name\":\"Cole\u00e7\u00e3o Alqu\u00edmica: a arte de transformar chumbo em ouro.\",\"isPartOf\":{\"@id\":\"http:\/\/odiloncavalcanti.art.br\/#website\"},\"primaryImageOfPage\":{\"@id\":\"http:\/\/odiloncavalcanti.art.br\/colecao-alquimica\/#primaryimage\"},\"image\":{\"@id\":\"http:\/\/odiloncavalcanti.art.br\/colecao-alquimica\/#primaryimage\"},\"thumbnailUrl\":\"https:\/\/odiloncavalcanti.art.br\/wp-content\/uploads\/2017\/02\/alq.3.jpg\",\"datePublished\":\"2017-02-08T14:54:09+00:00\",\"dateModified\":\"2025-07-11T19:33:13+00:00\",\"description\":\"Cole\u00e7\u00e3o alqu\u00edmica mostra com clareza a s\u00e9rie criada pelo artista baseada nas opera\u00e7\u00f5es alqu\u00edmicas, suas mat\u00e9rias e as suas etapas.\",\"breadcrumb\":{\"@id\":\"http:\/\/odiloncavalcanti.art.br\/colecao-alquimica\/#breadcrumb\"},\"inLanguage\":\"es-ES\",\"potentialAction\":[{\"@type\":\"ReadAction\",\"target\":[\"http:\/\/odiloncavalcanti.art.br\/colecao-alquimica\/\"]}]},{\"@type\":\"ImageObject\",\"inLanguage\":\"es-ES\",\"@id\":\"http:\/\/odiloncavalcanti.art.br\/colecao-alquimica\/#primaryimage\",\"url\":\"https:\/\/odiloncavalcanti.art.br\/wp-content\/uploads\/2017\/02\/alq.3.jpg\",\"contentUrl\":\"https:\/\/odiloncavalcanti.art.br\/wp-content\/uploads\/2017\/02\/alq.3.jpg\",\"width\":1204,\"height\":818,\"caption\":\"\\\"A nuvem sobre o Santu\u00e1rio\\\" Acr\u00edlica e Pastel s\/ tela 127x93cm 1989\"},{\"@type\":\"BreadcrumbList\",\"@id\":\"http:\/\/odiloncavalcanti.art.br\/colecao-alquimica\/#breadcrumb\",\"itemListElement\":[{\"@type\":\"ListItem\",\"position\":1,\"name\":\"In\u00edcio\",\"item\":\"http:\/\/odiloncavalcanti.art.br\/\"},{\"@type\":\"ListItem\",\"position\":2,\"name\":\"Cole\u00e7\u00e3o Alqu\u00edmica: a arte de transformar chumbo em ouro.\"}]},{\"@type\":\"WebSite\",\"@id\":\"http:\/\/odiloncavalcanti.art.br\/#website\",\"url\":\"http:\/\/odiloncavalcanti.art.br\/\",\"name\":\"Odilon Cavalcanti\",\"description\":\"Um espelho da alquimia da Arte.\",\"potentialAction\":[{\"@type\":\"SearchAction\",\"target\":{\"@type\":\"EntryPoint\",\"urlTemplate\":\"http:\/\/odiloncavalcanti.art.br\/?s={search_term_string}\"},\"query-input\":{\"@type\":\"PropertyValueSpecification\",\"valueRequired\":true,\"valueName\":\"search_term_string\"}}],\"inLanguage\":\"es-ES\"}]}<\/script>\n<!-- \/ Yoast SEO plugin. -->","yoast_head_json":{"title":"Cole\u00e7\u00e3o Alqu\u00edmica: a arte de transformar chumbo em ouro.","robots":{"index":"index","follow":"follow","max-snippet":"max-snippet:-1","max-image-preview":"max-image-preview:large","max-video-preview":"max-video-preview:-1"},"canonical":"http:\/\/odiloncavalcanti.art.br\/colecao-alquimica\/","og_locale":"es_ES","og_type":"article","og_title":"Alquimia e arte: em busca da obra magna.","og_description":"A s\u00e9rie criada nos anos 90 pelo artista pl\u00e1stico Odilon Cavalcanti \u00e9 mostrada em seu conjunto no site do artista. Conhe\u00e7a.","og_url":"http:\/\/odiloncavalcanti.art.br\/colecao-alquimica\/","og_site_name":"Odilon Cavalcanti","article_publisher":"https:\/\/www.facebook.com\/AtelierOdilonCavalcanti\/","article_modified_time":"2025-07-11T19:33:13+00:00","twitter_card":"summary_large_image","twitter_image":"https:\/\/odiloncavalcanti.art.br\/wp-content\/uploads\/2017\/02\/alq.3.jpg","twitter_site":"@odilonk","twitter_misc":{"Est. reading time":"1 minute"},"schema":{"@context":"https:\/\/schema.org","@graph":[{"@type":"WebPage","@id":"http:\/\/odiloncavalcanti.art.br\/colecao-alquimica\/","url":"http:\/\/odiloncavalcanti.art.br\/colecao-alquimica\/","name":"Cole\u00e7\u00e3o Alqu\u00edmica: a arte de transformar chumbo em ouro.","isPartOf":{"@id":"http:\/\/odiloncavalcanti.art.br\/#website"},"primaryImageOfPage":{"@id":"http:\/\/odiloncavalcanti.art.br\/colecao-alquimica\/#primaryimage"},"image":{"@id":"http:\/\/odiloncavalcanti.art.br\/colecao-alquimica\/#primaryimage"},"thumbnailUrl":"https:\/\/odiloncavalcanti.art.br\/wp-content\/uploads\/2017\/02\/alq.3.jpg","datePublished":"2017-02-08T14:54:09+00:00","dateModified":"2025-07-11T19:33:13+00:00","description":"Cole\u00e7\u00e3o alqu\u00edmica mostra com clareza a s\u00e9rie criada pelo artista baseada nas opera\u00e7\u00f5es alqu\u00edmicas, suas mat\u00e9rias e as suas etapas.","breadcrumb":{"@id":"http:\/\/odiloncavalcanti.art.br\/colecao-alquimica\/#breadcrumb"},"inLanguage":"es-ES","potentialAction":[{"@type":"ReadAction","target":["http:\/\/odiloncavalcanti.art.br\/colecao-alquimica\/"]}]},{"@type":"ImageObject","inLanguage":"es-ES","@id":"http:\/\/odiloncavalcanti.art.br\/colecao-alquimica\/#primaryimage","url":"https:\/\/odiloncavalcanti.art.br\/wp-content\/uploads\/2017\/02\/alq.3.jpg","contentUrl":"https:\/\/odiloncavalcanti.art.br\/wp-content\/uploads\/2017\/02\/alq.3.jpg","width":1204,"height":818,"caption":"\"A nuvem sobre o Santu\u00e1rio\" Acr\u00edlica e Pastel s\/ tela 127x93cm 1989"},{"@type":"BreadcrumbList","@id":"http:\/\/odiloncavalcanti.art.br\/colecao-alquimica\/#breadcrumb","itemListElement":[{"@type":"ListItem","position":1,"name":"In\u00edcio","item":"http:\/\/odiloncavalcanti.art.br\/"},{"@type":"ListItem","position":2,"name":"Cole\u00e7\u00e3o Alqu\u00edmica: a arte de transformar chumbo em ouro."}]},{"@type":"WebSite","@id":"http:\/\/odiloncavalcanti.art.br\/#website","url":"http:\/\/odiloncavalcanti.art.br\/","name":"Odilon Cavalcanti","description":"Um espelho da alquimia da Arte.","potentialAction":[{"@type":"SearchAction","target":{"@type":"EntryPoint","urlTemplate":"http:\/\/odiloncavalcanti.art.br\/?s={search_term_string}"},"query-input":{"@type":"PropertyValueSpecification","valueRequired":true,"valueName":"search_term_string"}}],"inLanguage":"es-ES"}]}},"jetpack_sharing_enabled":true,"_links":{"self":[{"href":"https:\/\/odiloncavalcanti.art.br\/es\/wp-json\/wp\/v2\/pages\/380","targetHints":{"allow":["GET"]}}],"collection":[{"href":"https:\/\/odiloncavalcanti.art.br\/es\/wp-json\/wp\/v2\/pages"}],"about":[{"href":"https:\/\/odiloncavalcanti.art.br\/es\/wp-json\/wp\/v2\/types\/page"}],"author":[{"embeddable":true,"href":"https:\/\/odiloncavalcanti.art.br\/es\/wp-json\/wp\/v2\/users\/1"}],"replies":[{"embeddable":true,"href":"https:\/\/odiloncavalcanti.art.br\/es\/wp-json\/wp\/v2\/comments?post=380"}],"version-history":[{"count":16,"href":"https:\/\/odiloncavalcanti.art.br\/es\/wp-json\/wp\/v2\/pages\/380\/revisions"}],"predecessor-version":[{"id":1438,"href":"https:\/\/odiloncavalcanti.art.br\/es\/wp-json\/wp\/v2\/pages\/380\/revisions\/1438"}],"wp:featuredmedia":[{"embeddable":true,"href":"https:\/\/odiloncavalcanti.art.br\/es\/wp-json\/wp\/v2\/media\/383"}],"wp:attachment":[{"href":"https:\/\/odiloncavalcanti.art.br\/es\/wp-json\/wp\/v2\/media?parent=380"}],"curies":[{"name":"wp","href":"https:\/\/api.w.org\/{rel}","templated":true}]}}