{"id":359,"date":"2017-02-07T19:29:42","date_gmt":"2017-02-07T21:29:42","guid":{"rendered":"http:\/\/www.odiloncavalcanti.art.br\/?page_id=359"},"modified":"2025-07-21T15:31:09","modified_gmt":"2025-07-21T18:31:09","slug":"colecao-sulamerica","status":"publish","type":"page","link":"https:\/\/odiloncavalcanti.art.br\/es\/odilon-cavalcanti-a-obra-o-artista-o-atelier-uma-leitura-alquimica\/exposicoes-coletivas-colecoes-e-projetos\/colecao-sulamerica\/","title":{"rendered":"Cole\u00e7\u00e3o Sulamerica: em tempo real."},"content":{"rendered":"\n<p class=\"has-large-font-size\">Calend\u00e1rio Sulam\u00e9rica 1989<\/p>\n\n\n\n<figure class=\"wp-block-image size-large\"><img decoding=\"async\" src=\"http:\/\/odiloncavalcanti.art.br\/wp-content\/uploads\/2025\/07\/calendarios-de-arte.jpg\" alt=\"\"\/><\/figure>\n\n\n\n<figure class=\"wp-block-image alignnone wp-image-367 size-medium\"><img loading=\"lazy\" decoding=\"async\" width=\"300\" height=\"212\" src=\"http:\/\/169.57.129.238\/~odilonca\/wp-content\/uploads\/2017\/02\/P2.1-300x212.jpg\" alt=\"colecao sulam\u00e9rica -hora do sexo\" class=\"wp-image-367\" srcset=\"https:\/\/odiloncavalcanti.art.br\/wp-content\/uploads\/2017\/02\/P2.1-300x212.jpg 300w, https:\/\/odiloncavalcanti.art.br\/wp-content\/uploads\/2017\/02\/P2.1-768x542.jpg 768w, https:\/\/odiloncavalcanti.art.br\/wp-content\/uploads\/2017\/02\/P2.1-1024x722.jpg 1024w, https:\/\/odiloncavalcanti.art.br\/wp-content\/uploads\/2017\/02\/P2.1.jpg 1204w\" sizes=\"auto, (max-width: 300px) 100vw, 300px\" \/><figcaption class=\"wp-element-caption\"><strong>&#8220;A Hora do Sexo&#8221;<\/strong><br>Acr\u00edlica e guache s\/ papel<br>54x 72 cm &#8211; <strong>1987<\/strong><br>Foto: <strong>Tadeu Lubambo<\/strong><\/figcaption><\/figure>\n\n\n\n<figure class=\"wp-block-image alignnone wp-image-372 size-medium\"><img loading=\"lazy\" decoding=\"async\" width=\"300\" height=\"278\" src=\"http:\/\/169.57.129.238\/~odilonca\/wp-content\/uploads\/2017\/02\/p4-300x278.jpg\" alt=\"colecao sulam\u00e9rica -hora do amor\" class=\"wp-image-372\" srcset=\"https:\/\/odiloncavalcanti.art.br\/wp-content\/uploads\/2017\/02\/p4-300x278.jpg 300w, https:\/\/odiloncavalcanti.art.br\/wp-content\/uploads\/2017\/02\/p4-768x713.jpg 768w, https:\/\/odiloncavalcanti.art.br\/wp-content\/uploads\/2017\/02\/p4-1024x950.jpg 1024w, https:\/\/odiloncavalcanti.art.br\/wp-content\/uploads\/2017\/02\/p4.jpg 1204w\" sizes=\"auto, (max-width: 300px) 100vw, 300px\" \/><figcaption class=\"wp-element-caption\"><strong>&#8220;A Hora do Amor&#8221;<\/strong><br>Acr\u00edlica e guache s\/ papel<br>50&#215;50 cm -1986<br><strong>Foto:Tadeu Lubambo<\/strong><\/figcaption><\/figure>\n\n\n\n<figure class=\"wp-block-image alignnone wp-image-371 size-medium\"><img loading=\"lazy\" decoding=\"async\" width=\"300\" height=\"274\" src=\"http:\/\/169.57.129.238\/~odilonca\/wp-content\/uploads\/2017\/02\/p4.1-300x274.jpg\" alt=\"colecao sulam\u00e9rica - hora despertar\" class=\"wp-image-371\" srcset=\"https:\/\/odiloncavalcanti.art.br\/wp-content\/uploads\/2017\/02\/p4.1-300x274.jpg 300w, https:\/\/odiloncavalcanti.art.br\/wp-content\/uploads\/2017\/02\/p4.1-768x702.jpg 768w, https:\/\/odiloncavalcanti.art.br\/wp-content\/uploads\/2017\/02\/p4.1-1024x936.jpg 1024w, https:\/\/odiloncavalcanti.art.br\/wp-content\/uploads\/2017\/02\/p4.1.jpg 1204w\" sizes=\"auto, (max-width: 300px) 100vw, 300px\" \/><figcaption class=\"wp-element-caption\"><strong>&#8220;A Hora doDespertar&#8221;<\/strong><br>Acr\u00edlica e guache s\/ papel<br>50&#215;50 cm &#8211;<strong>1986<\/strong><br>Foto:Tadeu Lubambo<\/figcaption><\/figure>\n\n\n\n<figure class=\"wp-block-image alignnone wp-image-370 size-medium\"><img loading=\"lazy\" decoding=\"async\" width=\"300\" height=\"191\" src=\"http:\/\/169.57.129.238\/~odilonca\/wp-content\/uploads\/2017\/02\/p3-300x191.jpg\" alt=\"colecao sulam\u00e9rica - Hora do Almo\u00e7o\" class=\"wp-image-370\" srcset=\"https:\/\/odiloncavalcanti.art.br\/wp-content\/uploads\/2017\/02\/p3-300x191.jpg 300w, https:\/\/odiloncavalcanti.art.br\/wp-content\/uploads\/2017\/02\/p3-768x489.jpg 768w, https:\/\/odiloncavalcanti.art.br\/wp-content\/uploads\/2017\/02\/p3-1024x652.jpg 1024w, https:\/\/odiloncavalcanti.art.br\/wp-content\/uploads\/2017\/02\/p3.jpg 1204w\" sizes=\"auto, (max-width: 300px) 100vw, 300px\" \/><figcaption class=\"wp-element-caption\"><strong>&#8220;A Hora do Almo\u00e7o&#8221;<\/strong><br>Acr\u00edlica e guache s\/ papel<br><strong>50&#215;50 cm<\/strong> -1987<br>Foto:Tadeu Lubambo<\/figcaption><\/figure>\n\n\n\n<figure class=\"wp-block-image alignnone wp-image-369 size-medium\"><img loading=\"lazy\" decoding=\"async\" width=\"300\" height=\"189\" src=\"http:\/\/169.57.129.238\/~odilonca\/wp-content\/uploads\/2017\/02\/p3.1-300x189.jpg\" alt=\"colecao sulam\u00e9rica -hora do sonho\" class=\"wp-image-369\" srcset=\"https:\/\/odiloncavalcanti.art.br\/wp-content\/uploads\/2017\/02\/p3.1-300x189.jpg 300w, https:\/\/odiloncavalcanti.art.br\/wp-content\/uploads\/2017\/02\/p3.1.jpg 401w\" sizes=\"auto, (max-width: 300px) 100vw, 300px\" \/><figcaption class=\"wp-element-caption\"><strong>&#8220;A Hora do Sonho&#8221;<\/strong><br><strong>Acr\u00edlica e guache s\/ papel<\/strong><br>50&#215;50 cm -1988<br>Foto:Tadeu Lubambo<\/figcaption><\/figure>\n\n\n\n<figure class=\"wp-block-image alignnone wp-image-368 size-medium\"><img loading=\"lazy\" decoding=\"async\" width=\"300\" height=\"188\" src=\"http:\/\/169.57.129.238\/~odilonca\/wp-content\/uploads\/2017\/02\/p2-300x188.jpg\" alt=\"colecao sulam\u00e9rica - hora da infancia\" class=\"wp-image-368\" srcset=\"https:\/\/odiloncavalcanti.art.br\/wp-content\/uploads\/2017\/02\/p2-300x188.jpg 300w, https:\/\/odiloncavalcanti.art.br\/wp-content\/uploads\/2017\/02\/p2-768x481.jpg 768w, https:\/\/odiloncavalcanti.art.br\/wp-content\/uploads\/2017\/02\/p2-1024x642.jpg 1024w, https:\/\/odiloncavalcanti.art.br\/wp-content\/uploads\/2017\/02\/p2.jpg 1203w\" sizes=\"auto, (max-width: 300px) 100vw, 300px\" \/><figcaption class=\"wp-element-caption\"><strong>&#8220;A Hora da Inf\u00e2ncia&#8221;<\/strong><br>Acr\u00edlica e guache s\/ papel<br>50&#215;72 &#8211; <strong>1986<\/strong><br>Foto:Tadeu Lubambo<\/figcaption><\/figure>\n\n\n\n<p>&nbsp;<\/p>\n\n\n\n<h2 class=\"wp-block-heading\">Cole\u00e7\u00e3o Sulam\u00e9rica as cores dos meios l\u00edquidos, as tintas, chegam \u00e0 Obra de Odilon Cavacanti.<\/h2>\n\n\n\n<p>Em fins de 1988, <strong>Odilon Cavalcanti<\/strong>, ent\u00e3o com seu atelier instalado na Ilha de Itamarac\u00e1 em Pernambuco \u00e9 convidado pelo fot\u00f3grafo <strong>Tadeu Lubambo<\/strong> para ilustrar com sua obra o calend\u00e1rio anual 1989 para a <strong>Sulam\u00e9rica Teleinform\u00e1tica<\/strong> cujas obras selecionadas se inspiravam no tempo, tamb\u00e9m conhecida como a s\u00e9rie dos rel\u00f3gios.<\/p>\n\n\n\n<p>Comp\u00f5em uma suite em guache e acr\u00edlica sobre papel 100% algod\u00e3o que integra, hoje,&nbsp; em conjunto, uma das tr\u00eas mais importantes cole\u00e7\u00f5es particulares de sua obra.<\/p>\n\n\n\n<p>As obras desta cole\u00e7\u00e3o que s\u00e3o um conjunto de um colorido deslumbrante, proveniente, certamente da luz tropical da Ilha de Itamarac\u00e1, onde, na \u00e9poca <strong>Odilon Cavalcanti<\/strong> havia instalado seu atelier depois de uma temporada de mais de dois anos em Bel\u00e9m do Par\u00e1.<\/p>\n\n\n\n<p>E Itamarac\u00e1 o artista recupera um fazer di\u00e1rio e constante e depois de mais de uma d\u00e9cada de estudo quase exclusivo sobre o pastel seco e estimulado por observa\u00e7\u00f5es do cr\u00edtico russo\/brasileiro <strong>Mark Bercowitz<\/strong>, come\u00e7a seus estudos dos meios l\u00edquidos que come\u00e7a com uma s\u00e9rie de desenhos em Nankin em preto e branco, eliminando a riqueza de recursos crom\u00e1ticos caracter\u00edstica do pastel, para que apenas a rela\u00e7\u00e3o tinta (negra) sobre o suporte, intermediada apenas pelo pincel possa estabelecer os par\u00e2metros claros do uso das novas m\u00eddias. Estes primeiros desenhos ou pinturas monocrom\u00e1ticas procuram no novo universo visual do artistas seus elementos tem\u00e1ticos, bois, pescadores, velas, paisagens caracter\u00edsticas e manifesta\u00e7\u00e3o cultural mais caracter\u00edstica da Ilha: a dan\u00e7a ciranda.<\/p>\n\n\n\n<p>\u00c9 atrav\u00e9s destes estudos tendo a ciranda como tema que a cor vai voltando aos poucos \u00e0 obra e <strong>Odilon<\/strong> vai relendo-as como &#8220;rel\u00f3gios&#8221; onde o mastro central e sua sombra fazem as vezes de ponteiro de rel\u00f3gio, levando o artista a pensar na quest\u00e3o do tempo e seu significado.<\/p>\n\n\n\n<p>S\u00e3o as cirandas que levam o artista \u00e0 cole\u00e7\u00e3o sulam\u00e9rica&nbsp; aqui apresentadas, portanto.<\/p>\n\n\n\n<p>&nbsp;<\/p>\n\n\n\n<p><a href=\"http:\/\/www.odiloncavalcanti.art.br\/pagina-inicial\/uma-secao-de-pagina-inicial\"><strong>VOLTA<\/strong><\/a><\/p>\n","protected":false},"excerpt":{"rendered":"<p>Calend\u00e1rio Sulam\u00e9rica 1989 &nbsp; Cole\u00e7\u00e3o Sulam\u00e9rica as cores dos meios l\u00edquidos, as tintas, chegam \u00e0 Obra de Odilon Cavacanti. Em fins de 1988, Odilon Cavalcanti, ent\u00e3o com seu atelier instalado na Ilha de Itamarac\u00e1 em Pernambuco \u00e9 convidado pelo fot\u00f3grafo Tadeu Lubambo para ilustrar com sua obra o calend\u00e1rio anual 1989 para a Sulam\u00e9rica Teleinform\u00e1tica &hellip; <\/p>\n<p class=\"link-more\"><a href=\"https:\/\/odiloncavalcanti.art.br\/es\/odilon-cavalcanti-a-obra-o-artista-o-atelier-uma-leitura-alquimica\/exposicoes-coletivas-colecoes-e-projetos\/colecao-sulamerica\/\" class=\"more-link\">Continue reading<span class=\"screen-reader-text\"> &#8220;Cole\u00e7\u00e3o Sulamerica: em tempo real.&#8221;<\/span><\/a><\/p>\n","protected":false},"author":1,"featured_media":370,"parent":42,"menu_order":1,"comment_status":"closed","ping_status":"closed","template":"","meta":{"footnotes":""},"class_list":["post-359","page","type-page","status-publish","has-post-thumbnail","hentry"],"translation":{"provider":"WPGlobus","version":"3.0.1","language":"es","enabled_languages":["en","es","de","fr","ru"],"languages":{"en":{"title":true,"content":true,"excerpt":false},"es":{"title":false,"content":false,"excerpt":false},"de":{"title":false,"content":false,"excerpt":false},"fr":{"title":false,"content":false,"excerpt":false},"ru":{"title":false,"content":false,"excerpt":false}}},"yoast_head":"<!-- This site is optimized with the Yoast SEO plugin v27.2 - https:\/\/yoast.com\/product\/yoast-seo-wordpress\/ -->\n<title>Cole\u00e7\u00e3o Sulamerica: em tempo real.<\/title>\n<meta name=\"robots\" content=\"index, follow, max-snippet:-1, max-image-preview:large, max-video-preview:-1\" \/>\n<link rel=\"canonical\" href=\"http:\/\/odiloncavalcanti.art.br\/odilon-cavalcanti-a-obra-o-artista-o-atelier-uma-leitura-alquimica\/exposicoes-coletivas-colecoes-e-projetos\/colecao-sulamerica\/\" \/>\n<meta property=\"og:locale\" content=\"es_ES\" \/>\n<meta property=\"og:type\" content=\"article\" \/>\n<meta property=\"og:title\" content=\"Cole\u00e7\u00e3o Sulamerica: em tempo real. - Odilon Cavalcanti\" \/>\n<meta property=\"og:url\" content=\"http:\/\/odiloncavalcanti.art.br\/odilon-cavalcanti-a-obra-o-artista-o-atelier-uma-leitura-alquimica\/exposicoes-coletivas-colecoes-e-projetos\/colecao-sulamerica\/\" \/>\n<meta property=\"og:site_name\" content=\"Odilon Cavalcanti\" \/>\n<meta property=\"article:publisher\" content=\"https:\/\/www.facebook.com\/AtelierOdilonCavalcanti\/\" \/>\n<meta property=\"article:modified_time\" content=\"2025-07-21T18:31:09+00:00\" \/>\n<meta property=\"og:image\" content=\"http:\/\/odiloncavalcanti.art.br\/wp-content\/uploads\/2017\/02\/p3.jpg\" \/>\n\t<meta property=\"og:image:width\" content=\"1204\" \/>\n\t<meta property=\"og:image:height\" content=\"767\" \/>\n\t<meta property=\"og:image:type\" content=\"image\/jpeg\" \/>\n<meta name=\"twitter:card\" content=\"summary_large_image\" \/>\n<meta name=\"twitter:site\" content=\"@odilonk\" \/>\n<meta name=\"twitter:label1\" content=\"Est. reading time\" \/>\n\t<meta name=\"twitter:data1\" content=\"4 minutes\" \/>\n<script type=\"application\/ld+json\" class=\"yoast-schema-graph\">{\"@context\":\"https:\/\/schema.org\",\"@graph\":[{\"@type\":\"WebPage\",\"@id\":\"http:\/\/odiloncavalcanti.art.br\/odilon-cavalcanti-a-obra-o-artista-o-atelier-uma-leitura-alquimica\/exposicoes-coletivas-colecoes-e-projetos\/colecao-sulamerica\/\",\"url\":\"http:\/\/odiloncavalcanti.art.br\/odilon-cavalcanti-a-obra-o-artista-o-atelier-uma-leitura-alquimica\/exposicoes-coletivas-colecoes-e-projetos\/colecao-sulamerica\/\",\"name\":\"Cole\u00e7\u00e3o Sulamerica: em tempo real.\",\"isPartOf\":{\"@id\":\"http:\/\/odiloncavalcanti.art.br\/#website\"},\"primaryImageOfPage\":{\"@id\":\"http:\/\/odiloncavalcanti.art.br\/odilon-cavalcanti-a-obra-o-artista-o-atelier-uma-leitura-alquimica\/exposicoes-coletivas-colecoes-e-projetos\/colecao-sulamerica\/#primaryimage\"},\"image\":{\"@id\":\"http:\/\/odiloncavalcanti.art.br\/odilon-cavalcanti-a-obra-o-artista-o-atelier-uma-leitura-alquimica\/exposicoes-coletivas-colecoes-e-projetos\/colecao-sulamerica\/#primaryimage\"},\"thumbnailUrl\":\"https:\/\/odiloncavalcanti.art.br\/wp-content\/uploads\/2017\/02\/p3.jpg\",\"datePublished\":\"2017-02-07T21:29:42+00:00\",\"dateModified\":\"2025-07-21T18:31:09+00:00\",\"description\":\"Cole\u00e7\u00e3o Sulam\u00e9rica Teleinform\u00e1tica foi feita para uma edi\u00e7\u00e3o de um calend\u00e1rio do ano de 1989 com obras de Odilon Cavalcanti da s\u00e9rie rel\u00f3gios.\",\"breadcrumb\":{\"@id\":\"http:\/\/odiloncavalcanti.art.br\/odilon-cavalcanti-a-obra-o-artista-o-atelier-uma-leitura-alquimica\/exposicoes-coletivas-colecoes-e-projetos\/colecao-sulamerica\/#breadcrumb\"},\"inLanguage\":\"es-ES\",\"potentialAction\":[{\"@type\":\"ReadAction\",\"target\":[\"http:\/\/odiloncavalcanti.art.br\/odilon-cavalcanti-a-obra-o-artista-o-atelier-uma-leitura-alquimica\/exposicoes-coletivas-colecoes-e-projetos\/colecao-sulamerica\/\"]}]},{\"@type\":\"ImageObject\",\"inLanguage\":\"es-ES\",\"@id\":\"http:\/\/odiloncavalcanti.art.br\/odilon-cavalcanti-a-obra-o-artista-o-atelier-uma-leitura-alquimica\/exposicoes-coletivas-colecoes-e-projetos\/colecao-sulamerica\/#primaryimage\",\"url\":\"https:\/\/odiloncavalcanti.art.br\/wp-content\/uploads\/2017\/02\/p3.jpg\",\"contentUrl\":\"https:\/\/odiloncavalcanti.art.br\/wp-content\/uploads\/2017\/02\/p3.jpg\",\"width\":1204,\"height\":767,\"caption\":\"\\\"A Hora do Almo\u00e7o\\\" Acr\u00edlica e guache s\/ papel 50x50 cm -1987 Foto:Tadeu Lubambo\"},{\"@type\":\"BreadcrumbList\",\"@id\":\"http:\/\/odiloncavalcanti.art.br\/odilon-cavalcanti-a-obra-o-artista-o-atelier-uma-leitura-alquimica\/exposicoes-coletivas-colecoes-e-projetos\/colecao-sulamerica\/#breadcrumb\",\"itemListElement\":[{\"@type\":\"ListItem\",\"position\":1,\"name\":\"In\u00edcio\",\"item\":\"http:\/\/odiloncavalcanti.art.br\/\"},{\"@type\":\"ListItem\",\"position\":2,\"name\":\"Cole\u00e7\u00f5es &#038; Projetos:\",\"item\":\"http:\/\/odiloncavalcanti.art.br\/fr\/odilon-cavalcanti-a-obra-o-artista-o-atelier-uma-leitura-alquimica\/exposicoes-coletivas-colecoes-e-projetos\/\"},{\"@type\":\"ListItem\",\"position\":3,\"name\":\"Cole\u00e7\u00e3o Sulamerica: em tempo real.\"}]},{\"@type\":\"WebSite\",\"@id\":\"http:\/\/odiloncavalcanti.art.br\/#website\",\"url\":\"http:\/\/odiloncavalcanti.art.br\/\",\"name\":\"Odilon Cavalcanti\",\"description\":\"Um espelho da alquimia da Arte.\",\"potentialAction\":[{\"@type\":\"SearchAction\",\"target\":{\"@type\":\"EntryPoint\",\"urlTemplate\":\"http:\/\/odiloncavalcanti.art.br\/?s={search_term_string}\"},\"query-input\":{\"@type\":\"PropertyValueSpecification\",\"valueRequired\":true,\"valueName\":\"search_term_string\"}}],\"inLanguage\":\"es-ES\"}]}<\/script>\n<!-- \/ Yoast SEO plugin. -->","yoast_head_json":{"title":"Cole\u00e7\u00e3o Sulamerica: em tempo real.","robots":{"index":"index","follow":"follow","max-snippet":"max-snippet:-1","max-image-preview":"max-image-preview:large","max-video-preview":"max-video-preview:-1"},"canonical":"http:\/\/odiloncavalcanti.art.br\/odilon-cavalcanti-a-obra-o-artista-o-atelier-uma-leitura-alquimica\/exposicoes-coletivas-colecoes-e-projetos\/colecao-sulamerica\/","og_locale":"es_ES","og_type":"article","og_title":"Cole\u00e7\u00e3o Sulamerica: em tempo real. - Odilon Cavalcanti","og_url":"http:\/\/odiloncavalcanti.art.br\/odilon-cavalcanti-a-obra-o-artista-o-atelier-uma-leitura-alquimica\/exposicoes-coletivas-colecoes-e-projetos\/colecao-sulamerica\/","og_site_name":"Odilon Cavalcanti","article_publisher":"https:\/\/www.facebook.com\/AtelierOdilonCavalcanti\/","article_modified_time":"2025-07-21T18:31:09+00:00","og_image":[{"width":1204,"height":767,"url":"http:\/\/odiloncavalcanti.art.br\/wp-content\/uploads\/2017\/02\/p3.jpg","type":"image\/jpeg"}],"twitter_card":"summary_large_image","twitter_site":"@odilonk","twitter_misc":{"Est. reading time":"4 minutes"},"schema":{"@context":"https:\/\/schema.org","@graph":[{"@type":"WebPage","@id":"http:\/\/odiloncavalcanti.art.br\/odilon-cavalcanti-a-obra-o-artista-o-atelier-uma-leitura-alquimica\/exposicoes-coletivas-colecoes-e-projetos\/colecao-sulamerica\/","url":"http:\/\/odiloncavalcanti.art.br\/odilon-cavalcanti-a-obra-o-artista-o-atelier-uma-leitura-alquimica\/exposicoes-coletivas-colecoes-e-projetos\/colecao-sulamerica\/","name":"Cole\u00e7\u00e3o Sulamerica: em tempo real.","isPartOf":{"@id":"http:\/\/odiloncavalcanti.art.br\/#website"},"primaryImageOfPage":{"@id":"http:\/\/odiloncavalcanti.art.br\/odilon-cavalcanti-a-obra-o-artista-o-atelier-uma-leitura-alquimica\/exposicoes-coletivas-colecoes-e-projetos\/colecao-sulamerica\/#primaryimage"},"image":{"@id":"http:\/\/odiloncavalcanti.art.br\/odilon-cavalcanti-a-obra-o-artista-o-atelier-uma-leitura-alquimica\/exposicoes-coletivas-colecoes-e-projetos\/colecao-sulamerica\/#primaryimage"},"thumbnailUrl":"https:\/\/odiloncavalcanti.art.br\/wp-content\/uploads\/2017\/02\/p3.jpg","datePublished":"2017-02-07T21:29:42+00:00","dateModified":"2025-07-21T18:31:09+00:00","description":"Cole\u00e7\u00e3o Sulam\u00e9rica Teleinform\u00e1tica foi feita para uma edi\u00e7\u00e3o de um calend\u00e1rio do ano de 1989 com obras de Odilon Cavalcanti da s\u00e9rie rel\u00f3gios.","breadcrumb":{"@id":"http:\/\/odiloncavalcanti.art.br\/odilon-cavalcanti-a-obra-o-artista-o-atelier-uma-leitura-alquimica\/exposicoes-coletivas-colecoes-e-projetos\/colecao-sulamerica\/#breadcrumb"},"inLanguage":"es-ES","potentialAction":[{"@type":"ReadAction","target":["http:\/\/odiloncavalcanti.art.br\/odilon-cavalcanti-a-obra-o-artista-o-atelier-uma-leitura-alquimica\/exposicoes-coletivas-colecoes-e-projetos\/colecao-sulamerica\/"]}]},{"@type":"ImageObject","inLanguage":"es-ES","@id":"http:\/\/odiloncavalcanti.art.br\/odilon-cavalcanti-a-obra-o-artista-o-atelier-uma-leitura-alquimica\/exposicoes-coletivas-colecoes-e-projetos\/colecao-sulamerica\/#primaryimage","url":"https:\/\/odiloncavalcanti.art.br\/wp-content\/uploads\/2017\/02\/p3.jpg","contentUrl":"https:\/\/odiloncavalcanti.art.br\/wp-content\/uploads\/2017\/02\/p3.jpg","width":1204,"height":767,"caption":"\"A Hora do Almo\u00e7o\" Acr\u00edlica e guache s\/ papel 50x50 cm -1987 Foto:Tadeu Lubambo"},{"@type":"BreadcrumbList","@id":"http:\/\/odiloncavalcanti.art.br\/odilon-cavalcanti-a-obra-o-artista-o-atelier-uma-leitura-alquimica\/exposicoes-coletivas-colecoes-e-projetos\/colecao-sulamerica\/#breadcrumb","itemListElement":[{"@type":"ListItem","position":1,"name":"In\u00edcio","item":"http:\/\/odiloncavalcanti.art.br\/"},{"@type":"ListItem","position":2,"name":"Cole\u00e7\u00f5es &#038; Projetos:","item":"http:\/\/odiloncavalcanti.art.br\/fr\/odilon-cavalcanti-a-obra-o-artista-o-atelier-uma-leitura-alquimica\/exposicoes-coletivas-colecoes-e-projetos\/"},{"@type":"ListItem","position":3,"name":"Cole\u00e7\u00e3o Sulamerica: em tempo real."}]},{"@type":"WebSite","@id":"http:\/\/odiloncavalcanti.art.br\/#website","url":"http:\/\/odiloncavalcanti.art.br\/","name":"Odilon Cavalcanti","description":"Um espelho da alquimia da Arte.","potentialAction":[{"@type":"SearchAction","target":{"@type":"EntryPoint","urlTemplate":"http:\/\/odiloncavalcanti.art.br\/?s={search_term_string}"},"query-input":{"@type":"PropertyValueSpecification","valueRequired":true,"valueName":"search_term_string"}}],"inLanguage":"es-ES"}]}},"jetpack_sharing_enabled":true,"_links":{"self":[{"href":"https:\/\/odiloncavalcanti.art.br\/es\/wp-json\/wp\/v2\/pages\/359","targetHints":{"allow":["GET"]}}],"collection":[{"href":"https:\/\/odiloncavalcanti.art.br\/es\/wp-json\/wp\/v2\/pages"}],"about":[{"href":"https:\/\/odiloncavalcanti.art.br\/es\/wp-json\/wp\/v2\/types\/page"}],"author":[{"embeddable":true,"href":"https:\/\/odiloncavalcanti.art.br\/es\/wp-json\/wp\/v2\/users\/1"}],"replies":[{"embeddable":true,"href":"https:\/\/odiloncavalcanti.art.br\/es\/wp-json\/wp\/v2\/comments?post=359"}],"version-history":[{"count":18,"href":"https:\/\/odiloncavalcanti.art.br\/es\/wp-json\/wp\/v2\/pages\/359\/revisions"}],"predecessor-version":[{"id":2133,"href":"https:\/\/odiloncavalcanti.art.br\/es\/wp-json\/wp\/v2\/pages\/359\/revisions\/2133"}],"up":[{"embeddable":true,"href":"https:\/\/odiloncavalcanti.art.br\/es\/wp-json\/wp\/v2\/pages\/42"}],"wp:featuredmedia":[{"embeddable":true,"href":"https:\/\/odiloncavalcanti.art.br\/es\/wp-json\/wp\/v2\/media\/370"}],"wp:attachment":[{"href":"https:\/\/odiloncavalcanti.art.br\/es\/wp-json\/wp\/v2\/media?parent=359"}],"curies":[{"name":"wp","href":"https:\/\/api.w.org\/{rel}","templated":true}]}}