{"id":300,"date":"2017-02-01T14:24:35","date_gmt":"2017-02-01T16:24:35","guid":{"rendered":"http:\/\/169.57.129.238\/~odilonca\/?page_id=300"},"modified":"2019-10-26T19:41:14","modified_gmt":"2019-10-26T22:41:14","slug":"cidadania","status":"publish","type":"page","link":"https:\/\/odiloncavalcanti.art.br\/es\/sobre-o-artista-odilon-cavalacanti\/cidadania\/","title":{"rendered":"Cidadania:"},"content":{"rendered":"<p>Acima: &#8220;<strong>O pescador e o mar,\u00a0 aprendendo a pescar.<\/strong>&#8221;<br \/>\nAcr\u00edlica e fragmentos de tinta sobre papel.<br \/>\n52x72cm -Da 1a exposi\u00e7\u00e3o <strong>ASA<\/strong> na <strong>Funarte<\/strong> e do livro<br \/>\n<strong>O Papel de cada Um<\/strong> da Editora Escrituras, do qual \u00e9\u00a0 organizador e autor.<\/p>\n<h2>Cidadania \u00e9 o exerc\u00edcio de descobrir o outro.<\/h2>\n<figure id=\"attachment_308\" aria-describedby=\"caption-attachment-308\" style=\"width: 300px\" class=\"wp-caption alignnone\"><img loading=\"lazy\" decoding=\"async\" class=\"wp-image-308 size-medium\" title=\"bandeira\" src=\"http:\/\/169.57.129.238\/~odilonca\/wp-content\/uploads\/2017\/02\/Nov1304-300x217.jpg\" alt=\"cidadania - bandeira\" width=\"300\" height=\"217\" srcset=\"https:\/\/odiloncavalcanti.art.br\/wp-content\/uploads\/2017\/02\/Nov1304-300x217.jpg 300w, https:\/\/odiloncavalcanti.art.br\/wp-content\/uploads\/2017\/02\/Nov1304-768x555.jpg 768w, https:\/\/odiloncavalcanti.art.br\/wp-content\/uploads\/2017\/02\/Nov1304-1024x740.jpg 1024w, https:\/\/odiloncavalcanti.art.br\/wp-content\/uploads\/2017\/02\/Nov1304.jpg 1200w\" sizes=\"auto, (max-width: 300px) 100vw, 300px\" \/><figcaption id=\"caption-attachment-308\" class=\"wp-caption-text\">Obra coletiva realizada pelos jovens participantes do<strong> Projeto ASA<\/strong> em\u00a02004.\u00a0\u00a0\u00a0 \u00a0\u00a0\u00a0\u00a0\u00a0\u00a0\u00a0\u00a0\u00a0 Acr\u00edlica sobre pratos de papel.\u00a0\u00a0\u00a0\u00a0\u00a0\u00a0\u00a0\u00a0\u00a0\u00a0\u00a0\u00a0\u00a0\u00a0\u00a0\u00a0\u00a0\u00a0\u00a0\u00a0\u00a0\u00a0\u00a0\u00a0\u00a0\u00a0\u00a0\u00a0\u00a0\u00a0\u00a0 Exposi\u00e7\u00e3o Inst. Brasil\/EEUU.<\/figcaption><\/figure>\n<p>Cidadania \u00e9 uma vis\u00e3o de arte que, para <strong>Odilon Cavalcanti<\/strong>, se completa na sua percep\u00e7\u00e3o de que \u00e9 no outro que sua obra faz sentido. Desde seus primeiros anos de atividade profissional <strong>Odilon<\/strong> criou e coordenou, v\u00e1rios Projetos de participa\u00e7\u00e3o cidad\u00e3.<\/p>\n<p>Ainda muito jovem coordenou, juntamente com <strong>Eloy Sim\u00f5es<\/strong> e uma equipe de ent\u00e3o jovens artistas visuais, como <strong>Tuneu, Sara Carone, Luiz Gonzaga Rocha Leite e Cl\u00e1udio Tozzi<\/strong>, entre outros, al\u00e9m de v\u00e1rios m\u00fasicos e compositores, como Fagner, Belchior, realizou uma interven\u00e7\u00e3o na Cidade de <strong>Cachoeira Paulista,<\/strong> que abriu suas portas na \u00e9poca (1970\/71) para v\u00e1rios eventos de cidadania, que inclu\u00edram palestras, saraus musicais po\u00e9ticos, Workshops de Arte\u00a0 no <strong>Museu da Cidade<\/strong> e, na principal pra\u00e7a d cidade, eventos criativos com crian\u00e7as e jovens.<\/p>\n<p>Anos mais tarde, ent\u00e3o em Fortaleza, apoiou sua mulher, <strong>Malouh Gualberto<\/strong>, em seu exitoso trabalho com crian\u00e7as com o apoio do BnB: a <strong>Escolinha da Vida<\/strong>.<\/p>\n<h3>Projeto Asa<\/h3>\n<p>Foi j\u00e1 na virada do s\u00e9culo,\u00a0 <strong>Odilon<\/strong> realizou seus principais Projetos Sociais com centralidade em arte.<\/p>\n<p>O<strong> Projeto Asa,<\/strong> que abriu as portas das linguagens visuais para milhares de jovens provenientes do Ensino P\u00fablico.<\/p>\n<p>o <strong>Projeto Beleza Pura<\/strong>, novamente em parceria com <strong>Malouh Gualberto<\/strong>, em <strong>Gurup\u00e1- PA,<\/strong> na foz do rio Amazonas, que, apesar de n\u00e3o ter sido implementado, \u00e9\u00a0 considerado pelo artista, como a maior contribui\u00e7\u00e3o \u00e0 constru\u00e7\u00e3o da sua no\u00e7\u00e3o da cidadania que queremos. Por seu potencial de autodetermina\u00e7\u00e3o de popula\u00e7\u00f5es esquecidas dos sert\u00f5es brasileiros.<\/p>\n<h2>Projetos Mais Recentes<\/h2>\n<p>N\u00e3o devemos esquecer iniciativas sem lastro institucional de empresas, apenas com apoio direto de Escolas e doadores espont\u00e2neos, como o Projeto &#8220;Terra da Paz&#8221; e os Projetos &#8220;Artes do Curupira&#8221; e &#8220;PAZ&#8221;, todos tendo parceria de<strong><a href=\"https:\/\/ecofotografias.fot.br\/\" target=\"_blank\" rel=\"noopener noreferrer\"> Malouh Gualberto<\/a> e <a href=\"https:\/\/www.ecofotografias.fot.br\" target=\"_blank\" rel=\"noopener noreferrer\">Ecofotografias<\/a>.<\/strong><\/p>\n<p>Este espa\u00e7o \u00e9 o passo inicial para resgate da mem\u00f3ria deste exerc\u00edcio de cidadania, ainda viva, dessas a\u00e7\u00f5es, na esperan\u00e7a de que possa ser est\u00edmulo e oportunidade de in\u00edcio de novas a\u00e7\u00f5es de cidadania e responsabilidade social.<\/p>\n<p>Conhe\u00e7a aqui e agora um pouco mais sobre o Projeto Asa:<\/p>\n<p><iframe loading=\"lazy\" title=\"ASA Mem\u00f3ria Funarte 2001 Um projeto de inclus\u00e3o s\u00f3cio-cultural e digital.\" width=\"525\" height=\"394\" src=\"https:\/\/www.youtube.com\/embed\/DL1YNx6-CY0?feature=oembed\" frameborder=\"0\" allow=\"accelerometer; autoplay; clipboard-write; encrypted-media; gyroscope; picture-in-picture; web-share\" referrerpolicy=\"strict-origin-when-cross-origin\" allowfullscreen><\/iframe><\/p>\n<p><a href=\"http:\/\/www.odiloncavalcanti.art.br\/sobre\/\"><strong>VOLTA<\/strong><\/a><\/p>\n","protected":false},"excerpt":{"rendered":"<p>Acima: &#8220;O pescador e o mar,\u00a0 aprendendo a pescar.&#8221; Acr\u00edlica e fragmentos de tinta sobre papel. 52x72cm -Da 1a exposi\u00e7\u00e3o ASA na Funarte e do livro O Papel de cada Um da Editora Escrituras, do qual \u00e9\u00a0 organizador e autor. Cidadania \u00e9 o exerc\u00edcio de descobrir o outro. Cidadania \u00e9 uma vis\u00e3o de arte que, &hellip; <\/p>\n<p class=\"link-more\"><a href=\"https:\/\/odiloncavalcanti.art.br\/es\/sobre-o-artista-odilon-cavalacanti\/cidadania\/\" class=\"more-link\">Continue reading<span class=\"screen-reader-text\"> &#8220;Cidadania:&#8221;<\/span><\/a><\/p>\n","protected":false},"author":1,"featured_media":315,"parent":39,"menu_order":0,"comment_status":"closed","ping_status":"closed","template":"","meta":{"footnotes":""},"class_list":["post-300","page","type-page","status-publish","has-post-thumbnail","hentry"],"translation":{"provider":"WPGlobus","version":"3.0.1","language":"es","enabled_languages":["en","es","de","fr","ru"],"languages":{"en":{"title":true,"content":true,"excerpt":false},"es":{"title":false,"content":false,"excerpt":false},"de":{"title":false,"content":false,"excerpt":false},"fr":{"title":false,"content":false,"excerpt":false},"ru":{"title":false,"content":false,"excerpt":false}}},"yoast_head":"<!-- This site is optimized with the Yoast SEO plugin v27.2 - https:\/\/yoast.com\/product\/yoast-seo-wordpress\/ -->\n<title>Cidadania: - Odilon Cavalcanti<\/title>\n<meta name=\"robots\" content=\"index, follow, max-snippet:-1, max-image-preview:large, max-video-preview:-1\" \/>\n<link rel=\"canonical\" href=\"http:\/\/odiloncavalcanti.art.br\/sobre-o-artista-odilon-cavalacanti\/cidadania\/\" \/>\n<meta property=\"og:locale\" content=\"es_ES\" \/>\n<meta property=\"og:type\" content=\"article\" \/>\n<meta property=\"og:title\" content=\"Cidadania: - Odilon Cavalcanti\" \/>\n<meta property=\"og:url\" content=\"http:\/\/odiloncavalcanti.art.br\/sobre-o-artista-odilon-cavalacanti\/cidadania\/\" \/>\n<meta property=\"og:site_name\" content=\"Odilon Cavalcanti\" \/>\n<meta property=\"article:publisher\" content=\"https:\/\/www.facebook.com\/AtelierOdilonCavalcanti\/\" \/>\n<meta property=\"article:modified_time\" content=\"2019-10-26T22:41:14+00:00\" \/>\n<meta property=\"og:image\" content=\"http:\/\/odiloncavalcanti.art.br\/wp-content\/uploads\/2017\/02\/Scanner_20170201.jpg\" \/>\n\t<meta property=\"og:image:width\" content=\"1160\" \/>\n\t<meta property=\"og:image:height\" content=\"817\" \/>\n\t<meta property=\"og:image:type\" content=\"image\/jpeg\" \/>\n<meta name=\"twitter:card\" content=\"summary_large_image\" \/>\n<meta name=\"twitter:site\" content=\"@odilonk\" \/>\n<meta name=\"twitter:label1\" content=\"Est. reading time\" \/>\n\t<meta name=\"twitter:data1\" content=\"2 minutes\" \/>\n<script type=\"application\/ld+json\" class=\"yoast-schema-graph\">{\"@context\":\"https:\/\/schema.org\",\"@graph\":[{\"@type\":\"WebPage\",\"@id\":\"http:\/\/odiloncavalcanti.art.br\/sobre-o-artista-odilon-cavalacanti\/cidadania\/\",\"url\":\"http:\/\/odiloncavalcanti.art.br\/sobre-o-artista-odilon-cavalacanti\/cidadania\/\",\"name\":\"Cidadania: - Odilon Cavalcanti\",\"isPartOf\":{\"@id\":\"http:\/\/odiloncavalcanti.art.br\/#website\"},\"primaryImageOfPage\":{\"@id\":\"http:\/\/odiloncavalcanti.art.br\/sobre-o-artista-odilon-cavalacanti\/cidadania\/#primaryimage\"},\"image\":{\"@id\":\"http:\/\/odiloncavalcanti.art.br\/sobre-o-artista-odilon-cavalacanti\/cidadania\/#primaryimage\"},\"thumbnailUrl\":\"https:\/\/odiloncavalcanti.art.br\/wp-content\/uploads\/2017\/02\/Scanner_20170201.jpg\",\"datePublished\":\"2017-02-01T16:24:35+00:00\",\"dateModified\":\"2019-10-26T22:41:14+00:00\",\"description\":\"Uma p\u00e1gina que d\u00e1 acesso ao conte\u00fado, filosofia e informa\u00e7\u00f5es pr\u00e1ticas sobre os trabalhos de Cidadania do Artista Visual Odilon Cavalcanti.\",\"breadcrumb\":{\"@id\":\"http:\/\/odiloncavalcanti.art.br\/sobre-o-artista-odilon-cavalacanti\/cidadania\/#breadcrumb\"},\"inLanguage\":\"es-ES\",\"potentialAction\":[{\"@type\":\"ReadAction\",\"target\":[\"http:\/\/odiloncavalcanti.art.br\/sobre-o-artista-odilon-cavalacanti\/cidadania\/\"]}]},{\"@type\":\"ImageObject\",\"inLanguage\":\"es-ES\",\"@id\":\"http:\/\/odiloncavalcanti.art.br\/sobre-o-artista-odilon-cavalacanti\/cidadania\/#primaryimage\",\"url\":\"https:\/\/odiloncavalcanti.art.br\/wp-content\/uploads\/2017\/02\/Scanner_20170201.jpg\",\"contentUrl\":\"https:\/\/odiloncavalcanti.art.br\/wp-content\/uploads\/2017\/02\/Scanner_20170201.jpg\",\"width\":1160,\"height\":817},{\"@type\":\"BreadcrumbList\",\"@id\":\"http:\/\/odiloncavalcanti.art.br\/sobre-o-artista-odilon-cavalacanti\/cidadania\/#breadcrumb\",\"itemListElement\":[{\"@type\":\"ListItem\",\"position\":1,\"name\":\"In\u00edcio\",\"item\":\"http:\/\/odiloncavalcanti.art.br\/\"},{\"@type\":\"ListItem\",\"position\":2,\"name\":\"O Artista:\",\"item\":\"http:\/\/odiloncavalcanti.art.br\/sobre-o-artista-odilon-cavalacanti\/\"},{\"@type\":\"ListItem\",\"position\":3,\"name\":\"Cidadania:\"}]},{\"@type\":\"WebSite\",\"@id\":\"http:\/\/odiloncavalcanti.art.br\/#website\",\"url\":\"http:\/\/odiloncavalcanti.art.br\/\",\"name\":\"Odilon Cavalcanti\",\"description\":\"Um espelho da alquimia da Arte.\",\"potentialAction\":[{\"@type\":\"SearchAction\",\"target\":{\"@type\":\"EntryPoint\",\"urlTemplate\":\"http:\/\/odiloncavalcanti.art.br\/?s={search_term_string}\"},\"query-input\":{\"@type\":\"PropertyValueSpecification\",\"valueRequired\":true,\"valueName\":\"search_term_string\"}}],\"inLanguage\":\"es-ES\"}]}<\/script>\n<!-- \/ Yoast SEO plugin. -->","yoast_head_json":{"title":"Cidadania: - Odilon Cavalcanti","robots":{"index":"index","follow":"follow","max-snippet":"max-snippet:-1","max-image-preview":"max-image-preview:large","max-video-preview":"max-video-preview:-1"},"canonical":"http:\/\/odiloncavalcanti.art.br\/sobre-o-artista-odilon-cavalacanti\/cidadania\/","og_locale":"es_ES","og_type":"article","og_title":"Cidadania: - Odilon Cavalcanti","og_url":"http:\/\/odiloncavalcanti.art.br\/sobre-o-artista-odilon-cavalacanti\/cidadania\/","og_site_name":"Odilon Cavalcanti","article_publisher":"https:\/\/www.facebook.com\/AtelierOdilonCavalcanti\/","article_modified_time":"2019-10-26T22:41:14+00:00","og_image":[{"width":1160,"height":817,"url":"http:\/\/odiloncavalcanti.art.br\/wp-content\/uploads\/2017\/02\/Scanner_20170201.jpg","type":"image\/jpeg"}],"twitter_card":"summary_large_image","twitter_site":"@odilonk","twitter_misc":{"Est. reading time":"2 minutes"},"schema":{"@context":"https:\/\/schema.org","@graph":[{"@type":"WebPage","@id":"http:\/\/odiloncavalcanti.art.br\/sobre-o-artista-odilon-cavalacanti\/cidadania\/","url":"http:\/\/odiloncavalcanti.art.br\/sobre-o-artista-odilon-cavalacanti\/cidadania\/","name":"Cidadania: - Odilon Cavalcanti","isPartOf":{"@id":"http:\/\/odiloncavalcanti.art.br\/#website"},"primaryImageOfPage":{"@id":"http:\/\/odiloncavalcanti.art.br\/sobre-o-artista-odilon-cavalacanti\/cidadania\/#primaryimage"},"image":{"@id":"http:\/\/odiloncavalcanti.art.br\/sobre-o-artista-odilon-cavalacanti\/cidadania\/#primaryimage"},"thumbnailUrl":"https:\/\/odiloncavalcanti.art.br\/wp-content\/uploads\/2017\/02\/Scanner_20170201.jpg","datePublished":"2017-02-01T16:24:35+00:00","dateModified":"2019-10-26T22:41:14+00:00","description":"Uma p\u00e1gina que d\u00e1 acesso ao conte\u00fado, filosofia e informa\u00e7\u00f5es pr\u00e1ticas sobre os trabalhos de Cidadania do Artista Visual Odilon Cavalcanti.","breadcrumb":{"@id":"http:\/\/odiloncavalcanti.art.br\/sobre-o-artista-odilon-cavalacanti\/cidadania\/#breadcrumb"},"inLanguage":"es-ES","potentialAction":[{"@type":"ReadAction","target":["http:\/\/odiloncavalcanti.art.br\/sobre-o-artista-odilon-cavalacanti\/cidadania\/"]}]},{"@type":"ImageObject","inLanguage":"es-ES","@id":"http:\/\/odiloncavalcanti.art.br\/sobre-o-artista-odilon-cavalacanti\/cidadania\/#primaryimage","url":"https:\/\/odiloncavalcanti.art.br\/wp-content\/uploads\/2017\/02\/Scanner_20170201.jpg","contentUrl":"https:\/\/odiloncavalcanti.art.br\/wp-content\/uploads\/2017\/02\/Scanner_20170201.jpg","width":1160,"height":817},{"@type":"BreadcrumbList","@id":"http:\/\/odiloncavalcanti.art.br\/sobre-o-artista-odilon-cavalacanti\/cidadania\/#breadcrumb","itemListElement":[{"@type":"ListItem","position":1,"name":"In\u00edcio","item":"http:\/\/odiloncavalcanti.art.br\/"},{"@type":"ListItem","position":2,"name":"O Artista:","item":"http:\/\/odiloncavalcanti.art.br\/sobre-o-artista-odilon-cavalacanti\/"},{"@type":"ListItem","position":3,"name":"Cidadania:"}]},{"@type":"WebSite","@id":"http:\/\/odiloncavalcanti.art.br\/#website","url":"http:\/\/odiloncavalcanti.art.br\/","name":"Odilon Cavalcanti","description":"Um espelho da alquimia da Arte.","potentialAction":[{"@type":"SearchAction","target":{"@type":"EntryPoint","urlTemplate":"http:\/\/odiloncavalcanti.art.br\/?s={search_term_string}"},"query-input":{"@type":"PropertyValueSpecification","valueRequired":true,"valueName":"search_term_string"}}],"inLanguage":"es-ES"}]}},"jetpack_sharing_enabled":true,"_links":{"self":[{"href":"https:\/\/odiloncavalcanti.art.br\/es\/wp-json\/wp\/v2\/pages\/300","targetHints":{"allow":["GET"]}}],"collection":[{"href":"https:\/\/odiloncavalcanti.art.br\/es\/wp-json\/wp\/v2\/pages"}],"about":[{"href":"https:\/\/odiloncavalcanti.art.br\/es\/wp-json\/wp\/v2\/types\/page"}],"author":[{"embeddable":true,"href":"https:\/\/odiloncavalcanti.art.br\/es\/wp-json\/wp\/v2\/users\/1"}],"replies":[{"embeddable":true,"href":"https:\/\/odiloncavalcanti.art.br\/es\/wp-json\/wp\/v2\/comments?post=300"}],"version-history":[{"count":18,"href":"https:\/\/odiloncavalcanti.art.br\/es\/wp-json\/wp\/v2\/pages\/300\/revisions"}],"predecessor-version":[{"id":1637,"href":"https:\/\/odiloncavalcanti.art.br\/es\/wp-json\/wp\/v2\/pages\/300\/revisions\/1637"}],"up":[{"embeddable":true,"href":"https:\/\/odiloncavalcanti.art.br\/es\/wp-json\/wp\/v2\/pages\/39"}],"wp:featuredmedia":[{"embeddable":true,"href":"https:\/\/odiloncavalcanti.art.br\/es\/wp-json\/wp\/v2\/media\/315"}],"wp:attachment":[{"href":"https:\/\/odiloncavalcanti.art.br\/es\/wp-json\/wp\/v2\/media?parent=300"}],"curies":[{"name":"wp","href":"https:\/\/api.w.org\/{rel}","templated":true}]}}