{"id":588,"date":"2017-02-12T18:56:26","date_gmt":"2017-02-12T20:56:26","guid":{"rendered":"http:\/\/www.odiloncavalcanti.art.br\/?page_id=588"},"modified":"2025-07-11T15:21:22","modified_gmt":"2025-07-11T18:21:22","slug":"construcoes-sexta-individual","status":"publish","type":"page","link":"https:\/\/odiloncavalcanti.art.br\/de\/construcoes-sexta-individual\/","title":{"rendered":"Constru\u00e7\u00f5es: reconstruindo a sexta individual."},"content":{"rendered":"<figure id=\"attachment_720\" aria-describedby=\"caption-attachment-720\" style=\"width: 300px\" class=\"wp-caption alignnone\"><img loading=\"lazy\" decoding=\"async\" class=\"size-medium wp-image-720\" src=\"http:\/\/169.57.129.238\/~odilonca\/wp-content\/uploads\/2017\/02\/Scanner_20170219-26-300x292.jpg\" alt=\"\" width=\"300\" height=\"292\" srcset=\"https:\/\/odiloncavalcanti.art.br\/wp-content\/uploads\/2017\/02\/Scanner_20170219-26-300x292.jpg 300w, https:\/\/odiloncavalcanti.art.br\/wp-content\/uploads\/2017\/02\/Scanner_20170219-26-768x746.jpg 768w, https:\/\/odiloncavalcanti.art.br\/wp-content\/uploads\/2017\/02\/Scanner_20170219-26-1024x995.jpg 1024w, https:\/\/odiloncavalcanti.art.br\/wp-content\/uploads\/2017\/02\/Scanner_20170219-26.jpg 1204w\" sizes=\"auto, (max-width: 300px) 100vw, 300px\" \/><figcaption id=\"caption-attachment-720\" class=\"wp-caption-text\"><strong>&#8220;Domingo \u00e9 futebol&#8221;<\/strong><br \/>Pastel s\/ tela<br \/>80x80cm<br \/><strong>1987<\/strong><\/figcaption><\/figure>\n<figure id=\"attachment_613\" aria-describedby=\"caption-attachment-613\" style=\"width: 208px\" class=\"wp-caption alignnone\"><img loading=\"lazy\" decoding=\"async\" class=\"size-medium wp-image-613\" src=\"http:\/\/169.57.129.238\/~odilonca\/wp-content\/uploads\/2017\/02\/globo-208x300.jpg\" alt=\"\" width=\"208\" height=\"300\" srcset=\"https:\/\/odiloncavalcanti.art.br\/wp-content\/uploads\/2017\/02\/globo-208x300.jpg 208w, https:\/\/odiloncavalcanti.art.br\/wp-content\/uploads\/2017\/02\/globo-768x1105.jpg 768w, https:\/\/odiloncavalcanti.art.br\/wp-content\/uploads\/2017\/02\/globo-711x1024.jpg 711w, https:\/\/odiloncavalcanti.art.br\/wp-content\/uploads\/2017\/02\/globo.jpg 1204w\" sizes=\"auto, (max-width: 208px) 100vw, 208px\" \/><figcaption id=\"caption-attachment-613\" class=\"wp-caption-text\"><strong>&#8220;C\u00edrculo interior&#8221;<\/strong><br \/>Acr\u00edlica e pastel s\/ tela<br \/>50&#215;70 cm<br \/><strong>1989<\/strong><\/figcaption><\/figure>\n<figure id=\"attachment_680\" aria-describedby=\"caption-attachment-680\" style=\"width: 300px\" class=\"wp-caption alignnone\"><img loading=\"lazy\" decoding=\"async\" class=\"size-medium wp-image-680\" src=\"http:\/\/169.57.129.238\/~odilonca\/wp-content\/uploads\/2017\/02\/Scanner_20170219-27-300x205.png\" alt=\"\" width=\"300\" height=\"205\" srcset=\"https:\/\/odiloncavalcanti.art.br\/wp-content\/uploads\/2017\/02\/Scanner_20170219-27-300x205.png 300w, https:\/\/odiloncavalcanti.art.br\/wp-content\/uploads\/2017\/02\/Scanner_20170219-27-768x525.png 768w, https:\/\/odiloncavalcanti.art.br\/wp-content\/uploads\/2017\/02\/Scanner_20170219-27-1024x700.png 1024w, https:\/\/odiloncavalcanti.art.br\/wp-content\/uploads\/2017\/02\/Scanner_20170219-27.png 1204w\" sizes=\"auto, (max-width: 300px) 100vw, 300px\" \/><figcaption id=\"caption-attachment-680\" class=\"wp-caption-text\"><strong>&#8220;Espelho fragmento VIII&#8221;<\/strong><br \/>Aquarela s\/ papel<br \/>52&#215;32 cm<br \/><strong>1988<\/strong><\/figcaption><\/figure>\n<figure id=\"attachment_648\" aria-describedby=\"caption-attachment-648\" style=\"width: 300px\" class=\"wp-caption alignnone\"><img loading=\"lazy\" decoding=\"async\" class=\"size-medium wp-image-648\" src=\"http:\/\/169.57.129.238\/~odilonca\/wp-content\/uploads\/2017\/02\/Scanner_20170214-12-300x300.jpg\" alt=\"\" width=\"300\" height=\"300\" srcset=\"https:\/\/odiloncavalcanti.art.br\/wp-content\/uploads\/2017\/02\/Scanner_20170214-12-300x300.jpg 300w, https:\/\/odiloncavalcanti.art.br\/wp-content\/uploads\/2017\/02\/Scanner_20170214-12-150x150.jpg 150w, https:\/\/odiloncavalcanti.art.br\/wp-content\/uploads\/2017\/02\/Scanner_20170214-12-768x765.jpg 768w, https:\/\/odiloncavalcanti.art.br\/wp-content\/uploads\/2017\/02\/Scanner_20170214-12-1024x1020.jpg 1024w, https:\/\/odiloncavalcanti.art.br\/wp-content\/uploads\/2017\/02\/Scanner_20170214-12-100x100.jpg 100w, https:\/\/odiloncavalcanti.art.br\/wp-content\/uploads\/2017\/02\/Scanner_20170214-12-200x200.jpg 200w, https:\/\/odiloncavalcanti.art.br\/wp-content\/uploads\/2017\/02\/Scanner_20170214-12-120x120.jpg 120w, https:\/\/odiloncavalcanti.art.br\/wp-content\/uploads\/2017\/02\/Scanner_20170214-12.jpg 1196w\" sizes=\"auto, (max-width: 300px) 100vw, 300px\" \/><figcaption id=\"caption-attachment-648\" class=\"wp-caption-text\"><strong>&#8220;Espelho fragmento VI&#8221;<\/strong><br \/>Pastel s\/ tela<br \/>100x100cm<br \/><strong>1985<\/strong><\/figcaption><\/figure>\n<figure id=\"attachment_612\" aria-describedby=\"caption-attachment-612\" style=\"width: 199px\" class=\"wp-caption alignnone\"><img loading=\"lazy\" decoding=\"async\" class=\"size-medium wp-image-612\" src=\"http:\/\/169.57.129.238\/~odilonca\/wp-content\/uploads\/2017\/02\/esferapincel-199x300.jpg\" alt=\"\" width=\"199\" height=\"300\" srcset=\"https:\/\/odiloncavalcanti.art.br\/wp-content\/uploads\/2017\/02\/esferapincel-199x300.jpg 199w, https:\/\/odiloncavalcanti.art.br\/wp-content\/uploads\/2017\/02\/esferapincel-768x1159.jpg 768w, https:\/\/odiloncavalcanti.art.br\/wp-content\/uploads\/2017\/02\/esferapincel-679x1024.jpg 679w, https:\/\/odiloncavalcanti.art.br\/wp-content\/uploads\/2017\/02\/esferapincel.jpg 1204w\" sizes=\"auto, (max-width: 199px) 100vw, 199px\" \/><figcaption id=\"caption-attachment-612\" class=\"wp-caption-text\"><strong>&#8220;Pincel inscrito&#8221;<\/strong><br \/>Pastel e acr\u00edlica s\/tela<br \/>50x70cm<br \/><strong>1988<\/strong><\/figcaption><\/figure>\n<p>&nbsp;<\/p>\n<figure id=\"attachment_594\" aria-describedby=\"caption-attachment-594\" style=\"width: 182px\" class=\"wp-caption alignnone\"><img loading=\"lazy\" decoding=\"async\" class=\"size-medium wp-image-594\" src=\"http:\/\/169.57.129.238\/~odilonca\/wp-content\/uploads\/2017\/02\/Pastelstela-1-182x300.jpg\" alt=\"\" width=\"182\" height=\"300\" srcset=\"https:\/\/odiloncavalcanti.art.br\/wp-content\/uploads\/2017\/02\/Pastelstela-1-182x300.jpg 182w, https:\/\/odiloncavalcanti.art.br\/wp-content\/uploads\/2017\/02\/Pastelstela-1-620x1024.jpg 620w, https:\/\/odiloncavalcanti.art.br\/wp-content\/uploads\/2017\/02\/Pastelstela-1.jpg 729w\" sizes=\"auto, (max-width: 182px) 100vw, 182px\" \/><figcaption id=\"caption-attachment-594\" class=\"wp-caption-text\"><strong>&#8220;Harmonia forma e cor:\u00a0\u00a0\u00a0\u00a0\u00a0\u00a0\u00a0 As asas&#8221;<\/strong><br \/>Paste s\/ tela<br \/>70x120xm<br \/><strong>1985<\/strong><\/figcaption><\/figure>\n<figure id=\"attachment_478\" aria-describedby=\"caption-attachment-478\" style=\"width: 300px\" class=\"wp-caption alignnone\"><img loading=\"lazy\" decoding=\"async\" class=\"size-medium wp-image-478\" src=\"http:\/\/169.57.129.238\/~odilonca\/wp-content\/uploads\/2017\/02\/Espelho-fragmento-300x300.jpg\" alt=\"\" width=\"300\" height=\"300\" srcset=\"https:\/\/odiloncavalcanti.art.br\/wp-content\/uploads\/2017\/02\/Espelho-fragmento-300x300.jpg 300w, https:\/\/odiloncavalcanti.art.br\/wp-content\/uploads\/2017\/02\/Espelho-fragmento-150x150.jpg 150w, https:\/\/odiloncavalcanti.art.br\/wp-content\/uploads\/2017\/02\/Espelho-fragmento-768x770.jpg 768w, https:\/\/odiloncavalcanti.art.br\/wp-content\/uploads\/2017\/02\/Espelho-fragmento-1021x1024.jpg 1021w, https:\/\/odiloncavalcanti.art.br\/wp-content\/uploads\/2017\/02\/Espelho-fragmento-100x100.jpg 100w, https:\/\/odiloncavalcanti.art.br\/wp-content\/uploads\/2017\/02\/Espelho-fragmento-200x200.jpg 200w, https:\/\/odiloncavalcanti.art.br\/wp-content\/uploads\/2017\/02\/Espelho-fragmento.jpg 1199w, https:\/\/odiloncavalcanti.art.br\/wp-content\/uploads\/2017\/02\/Espelho-fragmento-120x120.jpg 120w\" sizes=\"auto, (max-width: 300px) 100vw, 300px\" \/><figcaption id=\"caption-attachment-478\" class=\"wp-caption-text\"><strong>&#8220;Espelho Fragmento III&#8221;<\/strong><br \/>Pastel s\/tela montada<br \/>100x100cm<br \/><strong>1985<\/strong><\/figcaption><\/figure>\n<p>&nbsp;<\/p>\n<figure id=\"attachment_223\" aria-describedby=\"caption-attachment-223\" style=\"width: 300px\" class=\"wp-caption alignnone\"><img loading=\"lazy\" decoding=\"async\" class=\"size-medium wp-image-223\" src=\"http:\/\/169.57.129.238\/~odilonca\/wp-content\/uploads\/2017\/01\/milo3.2-300x297.jpg\" alt=\"Capa de cat\u00e1logo da 6a exposi\u00e7\u00e3o.\" width=\"300\" height=\"297\" srcset=\"https:\/\/odiloncavalcanti.art.br\/wp-content\/uploads\/2017\/01\/milo3.2-300x297.jpg 300w, https:\/\/odiloncavalcanti.art.br\/wp-content\/uploads\/2017\/01\/milo3.2-150x150.jpg 150w, https:\/\/odiloncavalcanti.art.br\/wp-content\/uploads\/2017\/01\/milo3.2-768x760.jpg 768w, https:\/\/odiloncavalcanti.art.br\/wp-content\/uploads\/2017\/01\/milo3.2-1024x1014.jpg 1024w, https:\/\/odiloncavalcanti.art.br\/wp-content\/uploads\/2017\/01\/milo3.2-100x100.jpg 100w, https:\/\/odiloncavalcanti.art.br\/wp-content\/uploads\/2017\/01\/milo3.2-120x120.jpg 120w, https:\/\/odiloncavalcanti.art.br\/wp-content\/uploads\/2017\/01\/milo3.2.jpg 1320w\" sizes=\"auto, (max-width: 300px) 100vw, 300px\" \/><figcaption id=\"caption-attachment-223\" class=\"wp-caption-text\"><strong>&#8220;Espelho Fragmento IV&#8221;<\/strong><br \/>Pastel sobre tela<br \/>100X100cm<br \/><strong>1987<\/strong><\/figcaption><\/figure>\n<p>&nbsp;<\/p>\n<p>&nbsp;<\/p>\n<figure id=\"attachment_639\" aria-describedby=\"caption-attachment-639\" style=\"width: 300px\" class=\"wp-caption alignnone\"><img loading=\"lazy\" decoding=\"async\" class=\"size-medium wp-image-639\" src=\"http:\/\/169.57.129.238\/~odilonca\/wp-content\/uploads\/2017\/02\/Scanner_20170214-6-300x183.jpg\" alt=\"\" width=\"300\" height=\"183\" srcset=\"https:\/\/odiloncavalcanti.art.br\/wp-content\/uploads\/2017\/02\/Scanner_20170214-6-300x183.jpg 300w, https:\/\/odiloncavalcanti.art.br\/wp-content\/uploads\/2017\/02\/Scanner_20170214-6-768x469.jpg 768w, https:\/\/odiloncavalcanti.art.br\/wp-content\/uploads\/2017\/02\/Scanner_20170214-6-1024x626.jpg 1024w, https:\/\/odiloncavalcanti.art.br\/wp-content\/uploads\/2017\/02\/Scanner_20170214-6.jpg 1434w\" sizes=\"auto, (max-width: 300px) 100vw, 300px\" \/><figcaption id=\"caption-attachment-639\" class=\"wp-caption-text\"><strong>&#8220;Fragmentos e Integridade&#8221;<\/strong><br \/>Pastel s\/ tela<br \/>140x80cm<br \/><strong>1986<\/strong><\/figcaption><\/figure>\n<blockquote><p><strong>Constru\u00e7\u00f5es.<\/strong><\/p>\n<p>No tempo relativamente curto que conhe\u00e7o o trabalho de <strong>Odilon Cavalcanti<\/strong>, tenho presenciado algo que \u00e9 uma das recompensas, e n\u00e3o s\u00e3o muitas, do cr\u00edtico de arte: a evolu\u00e7\u00e3o, para frente e para cima, de um aut\u00eantico talento.<\/p>\n<p>Usando de prefer\u00eancia, uma t\u00e9cnica que t\u00e3o facilmente se presta ao am\u00e1vel, ao &#8220;bonitinho&#8221; da arte, <strong>Odilon Cavalcanti<\/strong> soube evitar todas as armadilhas do f\u00e1cil e do bonito, para produzir obras que, sem fugir da beleza, apresentam forte rigor formal. J\u00e1 o t\u00edtulo da exposi\u00e7\u00e3o o diz: &#8220;Constru\u00e7\u00f5es&#8221;. <strong>Odilon Cavalcanti<\/strong> est\u00e1 ampliando sua t\u00e9cnica: muitos trabalhos dos aqui expostos s\u00e3o past\u00e9is sobre tela, outros sobre papel &#8211; que \u00e9 t\u00e9cnica costumeira &#8211; e h\u00e1 tamb\u00e9m uma aquarela. Tenho a impress\u00e3o, talvez err\u00f4nea que<strong> Odilon Cavalcanti<\/strong> esteja a caminho do \u00f3leo, sem pressa, com a coer\u00eancia que sempre marca a sua obra. Nesta exposi\u00e7\u00e3o da <strong>Galeria do IBEU, Odilon Cavalcanti<\/strong> consegue unir rigor formal \u00e0 sensualidade de seu material, sempre na medida certa, sem favorecer um dos lados. No seu ref\u00fagio da Ilha de Itamarac\u00e1, longe das solicita\u00e7\u00f5es e polui\u00e7\u00f5es da grande cidade, <strong>Odilon Cavalcanti<\/strong> est\u00e1 trabalhando e crescendo. Para assumir &#8211; mais tempo, menos tempo &#8211; seu lugar na arte contempor\u00e2nea brasileira.<\/p>\n<p>Um lugar que ser\u00e1 importante.<\/p>\n<p><strong>Marc Bercowitz<\/strong><br \/>\nRio de Janeiro, novembro de <strong>1987<\/strong>.<\/p>\n<p>&nbsp;<\/p><\/blockquote>\n<p>&nbsp;<\/p>\n<p><strong><a href=\"http:\/\/www.odiloncavalcanti.art.br\/exposicoes-individuais\/\">VOLTA<\/a><\/strong><\/p>\n","protected":false},"excerpt":{"rendered":"<p>&nbsp; &nbsp; &nbsp; &nbsp; Constru\u00e7\u00f5es. No tempo relativamente curto que conhe\u00e7o o trabalho de Odilon Cavalcanti, tenho presenciado algo que \u00e9 uma das recompensas, e n\u00e3o s\u00e3o muitas, do cr\u00edtico de arte: a evolu\u00e7\u00e3o, para frente e para cima, de um aut\u00eantico talento. Usando de prefer\u00eancia, uma t\u00e9cnica que t\u00e3o facilmente se presta ao am\u00e1vel, &hellip; <\/p>\n<p class=\"link-more\"><a href=\"https:\/\/odiloncavalcanti.art.br\/de\/construcoes-sexta-individual\/\" class=\"more-link\">Continue reading<span class=\"screen-reader-text\"> &#8220;Constru\u00e7\u00f5es: reconstruindo a sexta individual.&#8221;<\/span><\/a><\/p>\n","protected":false},"author":1,"featured_media":223,"parent":0,"menu_order":0,"comment_status":"closed","ping_status":"closed","template":"","meta":{"footnotes":""},"class_list":["post-588","page","type-page","status-publish","has-post-thumbnail","hentry"],"translation":{"provider":"WPGlobus","version":"3.0.1","language":"de","enabled_languages":["en","es","de","fr","ru"],"languages":{"en":{"title":true,"content":true,"excerpt":false},"es":{"title":false,"content":false,"excerpt":false},"de":{"title":false,"content":false,"excerpt":false},"fr":{"title":false,"content":false,"excerpt":false},"ru":{"title":false,"content":false,"excerpt":false}}},"yoast_head":"<!-- This site is optimized with the Yoast SEO plugin v27.2 - https:\/\/yoast.com\/product\/yoast-seo-wordpress\/ -->\n<title>Constru\u00e7\u00f5es: reconstruindo a sexta individual. - Odilon Cavalcanti<\/title>\n<meta name=\"robots\" content=\"index, follow, max-snippet:-1, max-image-preview:large, max-video-preview:-1\" \/>\n<link rel=\"canonical\" href=\"https:\/\/odiloncavalcanti.art.br\/construcoes-sexta-individual\/\" \/>\n<meta property=\"og:locale\" content=\"de_DE\" \/>\n<meta property=\"og:type\" content=\"article\" \/>\n<meta property=\"og:title\" content=\"Constru\u00e7\u00f5es: reconstruindo a sexta individual. - Odilon Cavalcanti\" \/>\n<meta property=\"og:url\" content=\"https:\/\/odiloncavalcanti.art.br\/construcoes-sexta-individual\/\" \/>\n<meta property=\"og:site_name\" content=\"Odilon Cavalcanti\" \/>\n<meta property=\"article:publisher\" content=\"https:\/\/www.facebook.com\/AtelierOdilonCavalcanti\/\" \/>\n<meta property=\"article:modified_time\" content=\"2025-07-11T18:21:22+00:00\" \/>\n<meta property=\"og:image\" content=\"https:\/\/odiloncavalcanti.art.br\/wp-content\/uploads\/2017\/01\/milo3.2.jpg\" \/>\n\t<meta property=\"og:image:width\" content=\"1320\" \/>\n\t<meta property=\"og:image:height\" content=\"1307\" \/>\n\t<meta property=\"og:image:type\" content=\"image\/jpeg\" \/>\n<meta name=\"twitter:card\" content=\"summary_large_image\" \/>\n<meta name=\"twitter:site\" content=\"@odilonk\" \/>\n<meta name=\"twitter:label1\" content=\"Est. reading time\" \/>\n\t<meta name=\"twitter:data1\" content=\"3 minutes\" \/>\n<script type=\"application\/ld+json\" class=\"yoast-schema-graph\">{\"@context\":\"https:\/\/schema.org\",\"@graph\":[{\"@type\":\"WebPage\",\"@id\":\"https:\/\/odiloncavalcanti.art.br\/construcoes-sexta-individual\/\",\"url\":\"https:\/\/odiloncavalcanti.art.br\/construcoes-sexta-individual\/\",\"name\":\"Constru\u00e7\u00f5es: reconstruindo a sexta individual. - Odilon Cavalcanti\",\"isPartOf\":{\"@id\":\"http:\/\/odiloncavalcanti.art.br\/#website\"},\"primaryImageOfPage\":{\"@id\":\"https:\/\/odiloncavalcanti.art.br\/construcoes-sexta-individual\/#primaryimage\"},\"image\":{\"@id\":\"https:\/\/odiloncavalcanti.art.br\/construcoes-sexta-individual\/#primaryimage\"},\"thumbnailUrl\":\"https:\/\/odiloncavalcanti.art.br\/wp-content\/uploads\/2017\/01\/milo3.2.jpg\",\"datePublished\":\"2017-02-12T20:56:26+00:00\",\"dateModified\":\"2025-07-11T18:21:22+00:00\",\"description\":\"Constru\u00e7\u00f5es mostra para o p\u00fablico a sexta mostra individual de Odilon Cavalcanti na qual ele reavalia e redireciona suas origens concretistas.\",\"breadcrumb\":{\"@id\":\"https:\/\/odiloncavalcanti.art.br\/construcoes-sexta-individual\/#breadcrumb\"},\"inLanguage\":\"de-DE\",\"potentialAction\":[{\"@type\":\"ReadAction\",\"target\":[\"https:\/\/odiloncavalcanti.art.br\/construcoes-sexta-individual\/\"]}]},{\"@type\":\"ImageObject\",\"inLanguage\":\"de-DE\",\"@id\":\"https:\/\/odiloncavalcanti.art.br\/construcoes-sexta-individual\/#primaryimage\",\"url\":\"https:\/\/odiloncavalcanti.art.br\/wp-content\/uploads\/2017\/01\/milo3.2.jpg\",\"contentUrl\":\"https:\/\/odiloncavalcanti.art.br\/wp-content\/uploads\/2017\/01\/milo3.2.jpg\",\"width\":1320,\"height\":1307,\"caption\":\"\\\"Espelho Fragmento IV\\\" Pastel sobre tela 100X100cm 1987\"},{\"@type\":\"BreadcrumbList\",\"@id\":\"https:\/\/odiloncavalcanti.art.br\/construcoes-sexta-individual\/#breadcrumb\",\"itemListElement\":[{\"@type\":\"ListItem\",\"position\":1,\"name\":\"In\u00edcio\",\"item\":\"http:\/\/odiloncavalcanti.art.br\/\"},{\"@type\":\"ListItem\",\"position\":2,\"name\":\"Constru\u00e7\u00f5es: reconstruindo a sexta individual.\"}]},{\"@type\":\"WebSite\",\"@id\":\"http:\/\/odiloncavalcanti.art.br\/#website\",\"url\":\"http:\/\/odiloncavalcanti.art.br\/\",\"name\":\"Odilon Cavalcanti\",\"description\":\"Um espelho da alquimia da Arte.\",\"potentialAction\":[{\"@type\":\"SearchAction\",\"target\":{\"@type\":\"EntryPoint\",\"urlTemplate\":\"http:\/\/odiloncavalcanti.art.br\/?s={search_term_string}\"},\"query-input\":{\"@type\":\"PropertyValueSpecification\",\"valueRequired\":true,\"valueName\":\"search_term_string\"}}],\"inLanguage\":\"de-DE\"}]}<\/script>\n<!-- \/ Yoast SEO plugin. -->","yoast_head_json":{"title":"Constru\u00e7\u00f5es: reconstruindo a sexta individual. - Odilon Cavalcanti","robots":{"index":"index","follow":"follow","max-snippet":"max-snippet:-1","max-image-preview":"max-image-preview:large","max-video-preview":"max-video-preview:-1"},"canonical":"https:\/\/odiloncavalcanti.art.br\/construcoes-sexta-individual\/","og_locale":"de_DE","og_type":"article","og_title":"Constru\u00e7\u00f5es: reconstruindo a sexta individual. - Odilon Cavalcanti","og_url":"https:\/\/odiloncavalcanti.art.br\/construcoes-sexta-individual\/","og_site_name":"Odilon Cavalcanti","article_publisher":"https:\/\/www.facebook.com\/AtelierOdilonCavalcanti\/","article_modified_time":"2025-07-11T18:21:22+00:00","og_image":[{"width":1320,"height":1307,"url":"https:\/\/odiloncavalcanti.art.br\/wp-content\/uploads\/2017\/01\/milo3.2.jpg","type":"image\/jpeg"}],"twitter_card":"summary_large_image","twitter_site":"@odilonk","twitter_misc":{"Est. reading time":"3 minutes"},"schema":{"@context":"https:\/\/schema.org","@graph":[{"@type":"WebPage","@id":"https:\/\/odiloncavalcanti.art.br\/construcoes-sexta-individual\/","url":"https:\/\/odiloncavalcanti.art.br\/construcoes-sexta-individual\/","name":"Constru\u00e7\u00f5es: reconstruindo a sexta individual. - Odilon Cavalcanti","isPartOf":{"@id":"http:\/\/odiloncavalcanti.art.br\/#website"},"primaryImageOfPage":{"@id":"https:\/\/odiloncavalcanti.art.br\/construcoes-sexta-individual\/#primaryimage"},"image":{"@id":"https:\/\/odiloncavalcanti.art.br\/construcoes-sexta-individual\/#primaryimage"},"thumbnailUrl":"https:\/\/odiloncavalcanti.art.br\/wp-content\/uploads\/2017\/01\/milo3.2.jpg","datePublished":"2017-02-12T20:56:26+00:00","dateModified":"2025-07-11T18:21:22+00:00","description":"Constru\u00e7\u00f5es mostra para o p\u00fablico a sexta mostra individual de Odilon Cavalcanti na qual ele reavalia e redireciona suas origens concretistas.","breadcrumb":{"@id":"https:\/\/odiloncavalcanti.art.br\/construcoes-sexta-individual\/#breadcrumb"},"inLanguage":"de-DE","potentialAction":[{"@type":"ReadAction","target":["https:\/\/odiloncavalcanti.art.br\/construcoes-sexta-individual\/"]}]},{"@type":"ImageObject","inLanguage":"de-DE","@id":"https:\/\/odiloncavalcanti.art.br\/construcoes-sexta-individual\/#primaryimage","url":"https:\/\/odiloncavalcanti.art.br\/wp-content\/uploads\/2017\/01\/milo3.2.jpg","contentUrl":"https:\/\/odiloncavalcanti.art.br\/wp-content\/uploads\/2017\/01\/milo3.2.jpg","width":1320,"height":1307,"caption":"\"Espelho Fragmento IV\" Pastel sobre tela 100X100cm 1987"},{"@type":"BreadcrumbList","@id":"https:\/\/odiloncavalcanti.art.br\/construcoes-sexta-individual\/#breadcrumb","itemListElement":[{"@type":"ListItem","position":1,"name":"In\u00edcio","item":"http:\/\/odiloncavalcanti.art.br\/"},{"@type":"ListItem","position":2,"name":"Constru\u00e7\u00f5es: reconstruindo a sexta individual."}]},{"@type":"WebSite","@id":"http:\/\/odiloncavalcanti.art.br\/#website","url":"http:\/\/odiloncavalcanti.art.br\/","name":"Odilon Cavalcanti","description":"Um espelho da alquimia da Arte.","potentialAction":[{"@type":"SearchAction","target":{"@type":"EntryPoint","urlTemplate":"http:\/\/odiloncavalcanti.art.br\/?s={search_term_string}"},"query-input":{"@type":"PropertyValueSpecification","valueRequired":true,"valueName":"search_term_string"}}],"inLanguage":"de-DE"}]}},"jetpack_sharing_enabled":true,"_links":{"self":[{"href":"https:\/\/odiloncavalcanti.art.br\/de\/wp-json\/wp\/v2\/pages\/588","targetHints":{"allow":["GET"]}}],"collection":[{"href":"https:\/\/odiloncavalcanti.art.br\/de\/wp-json\/wp\/v2\/pages"}],"about":[{"href":"https:\/\/odiloncavalcanti.art.br\/de\/wp-json\/wp\/v2\/types\/page"}],"author":[{"embeddable":true,"href":"https:\/\/odiloncavalcanti.art.br\/de\/wp-json\/wp\/v2\/users\/1"}],"replies":[{"embeddable":true,"href":"https:\/\/odiloncavalcanti.art.br\/de\/wp-json\/wp\/v2\/comments?post=588"}],"version-history":[{"count":19,"href":"https:\/\/odiloncavalcanti.art.br\/de\/wp-json\/wp\/v2\/pages\/588\/revisions"}],"predecessor-version":[{"id":1943,"href":"https:\/\/odiloncavalcanti.art.br\/de\/wp-json\/wp\/v2\/pages\/588\/revisions\/1943"}],"wp:featuredmedia":[{"embeddable":true,"href":"https:\/\/odiloncavalcanti.art.br\/de\/wp-json\/wp\/v2\/media\/223"}],"wp:attachment":[{"href":"https:\/\/odiloncavalcanti.art.br\/de\/wp-json\/wp\/v2\/media?parent=588"}],"curies":[{"name":"wp","href":"https:\/\/api.w.org\/{rel}","templated":true}]}}