{"id":468,"date":"2017-02-09T23:58:05","date_gmt":"2017-02-10T01:58:05","guid":{"rendered":"http:\/\/www.odiloncavalcanti.art.br\/?page_id=468"},"modified":"2025-07-09T19:48:42","modified_gmt":"2025-07-09T22:48:42","slug":"perspectiva-a-segunda-exposicao","status":"publish","type":"page","link":"https:\/\/odiloncavalcanti.art.br\/de\/perspectiva-a-segunda-exposicao\/","title":{"rendered":"Perspectiva, a segunda exposi\u00e7\u00e3o:"},"content":{"rendered":"<h2>Perspectiva, a segunda exposi\u00e7\u00e3o individual aponta caminhos futuros. Veja aqui:<\/h2>\n<figure id=\"attachment_462\" aria-describedby=\"caption-attachment-462\" style=\"width: 300px\" class=\"wp-caption alignnone\"><img loading=\"lazy\" decoding=\"async\" class=\"wp-image-462 size-medium\" title=\"Perspectiva - \" src=\"http:\/\/169.57.129.238\/~odilonca\/wp-content\/uploads\/2017\/02\/Perspectiva-1-300x213.jpg\" alt=\"Perspectiva - perspectiva\" width=\"300\" height=\"213\" srcset=\"https:\/\/odiloncavalcanti.art.br\/wp-content\/uploads\/2017\/02\/Perspectiva-1-300x213.jpg 300w, https:\/\/odiloncavalcanti.art.br\/wp-content\/uploads\/2017\/02\/Perspectiva-1-768x544.jpg 768w, https:\/\/odiloncavalcanti.art.br\/wp-content\/uploads\/2017\/02\/Perspectiva-1-1024x725.jpg 1024w, https:\/\/odiloncavalcanti.art.br\/wp-content\/uploads\/2017\/02\/Perspectiva-1.jpg 1204w\" sizes=\"auto, (max-width: 300px) 100vw, 300px\" \/><figcaption id=\"caption-attachment-462\" class=\"wp-caption-text\"><strong>&#8220;Perspectiva&#8221;<\/strong><br \/>Pastel s\/ papel<br \/>70x100cm<br \/><strong>1984<\/strong><\/figcaption><\/figure>\n<figure id=\"attachment_454\" aria-describedby=\"caption-attachment-454\" style=\"width: 300px\" class=\"wp-caption alignnone\"><img loading=\"lazy\" decoding=\"async\" class=\"wp-image-454 size-medium\" title=\"rosachoque\" src=\"http:\/\/169.57.129.238\/~odilonca\/wp-content\/uploads\/2017\/02\/rosachoque-1-300x208.jpg\" alt=\"Perspectiva - rosachoque\" width=\"300\" height=\"208\" srcset=\"https:\/\/odiloncavalcanti.art.br\/wp-content\/uploads\/2017\/02\/rosachoque-1-300x208.jpg 300w, https:\/\/odiloncavalcanti.art.br\/wp-content\/uploads\/2017\/02\/rosachoque-1-768x531.jpg 768w, https:\/\/odiloncavalcanti.art.br\/wp-content\/uploads\/2017\/02\/rosachoque-1-1024x708.jpg 1024w, https:\/\/odiloncavalcanti.art.br\/wp-content\/uploads\/2017\/02\/rosachoque-1.jpg 1204w\" sizes=\"auto, (max-width: 300px) 100vw, 300px\" \/><figcaption id=\"caption-attachment-454\" class=\"wp-caption-text\"><strong>&#8220;Rosachoque&#8221;<\/strong><br \/>Pastel s\/ papel<br \/>66,5x47cm<br \/><strong>1982<\/strong><\/figcaption><\/figure>\n<figure id=\"attachment_451\" aria-describedby=\"caption-attachment-451\" style=\"width: 300px\" class=\"wp-caption alignnone\"><img loading=\"lazy\" decoding=\"async\" class=\"wp-image-451 size-medium\" src=\"http:\/\/169.57.129.238\/~odilonca\/wp-content\/uploads\/2017\/02\/miolo2-300x215.jpg\" alt=\"Perspectiva - barba azul\" width=\"300\" height=\"215\" srcset=\"https:\/\/odiloncavalcanti.art.br\/wp-content\/uploads\/2017\/02\/miolo2-300x215.jpg 300w, https:\/\/odiloncavalcanti.art.br\/wp-content\/uploads\/2017\/02\/miolo2-768x551.jpg 768w, https:\/\/odiloncavalcanti.art.br\/wp-content\/uploads\/2017\/02\/miolo2-1024x735.jpg 1024w, https:\/\/odiloncavalcanti.art.br\/wp-content\/uploads\/2017\/02\/miolo2.jpg 1204w\" sizes=\"auto, (max-width: 300px) 100vw, 300px\" \/><figcaption id=\"caption-attachment-451\" class=\"wp-caption-text\"><strong>&#8220;Barba Azul&#8221;<\/strong><br \/>Pastel s\/ tela<br \/>66,5x46cm\u00a0\u00a0\u00a0\u00a0\u00a0\u00a0\u00a0\u00a0\u00a0\u00a0\u00a0\u00a0\u00a0\u00a0\u00a0\u00a0\u00a0\u00a0\u00a0\u00a0\u00a0\u00a0\u00a0\u00a0\u00a0\u00a0\u00a0\u00a0\u00a0\u00a0\u00a0\u00a0\u00a0\u00a0\u00a0\u00a0\u00a0\u00a0\u00a0\u00a0\u00a0\u00a0\u00a0\u00a0\u00a0\u00a0\u00a0\u00a0\u00a0\u00a0\u00a0\u00a0\u00a0\u00a0\u00a0\u00a0\u00a0\u00a0\u00a0\u00a0\u00a0\u00a0\u00a0\u00a0\u00a0\u00a0\u00a0\u00a0\u00a0\u00a0\u00a0\u00a0\u00a0\u00a0<strong>\u00a0 1980<\/strong><\/figcaption><\/figure>\n<figure id=\"attachment_431\" aria-describedby=\"caption-attachment-431\" style=\"width: 300px\" class=\"wp-caption alignnone\"><img loading=\"lazy\" decoding=\"async\" class=\"wp-image-431 size-medium\" title=\"aus\u00eancia\" src=\"http:\/\/169.57.129.238\/~odilonca\/wp-content\/uploads\/2017\/02\/12banco-praca-300x196.jpg\" alt=\"Perspectiva - ausencia\" width=\"300\" height=\"196\" srcset=\"https:\/\/odiloncavalcanti.art.br\/wp-content\/uploads\/2017\/02\/12banco-praca-300x196.jpg 300w, https:\/\/odiloncavalcanti.art.br\/wp-content\/uploads\/2017\/02\/12banco-praca.jpg 500w\" sizes=\"auto, (max-width: 300px) 100vw, 300px\" \/><figcaption id=\"caption-attachment-431\" class=\"wp-caption-text\"><strong>&#8220;Aus\u00eancia&#8221;<\/strong><br \/>Pastel s\/ papel<br \/>70&#215;50 cm<br \/><strong>1.984<\/strong><\/figcaption><\/figure>\n\n<figure id=\"attachment_445\" aria-describedby=\"caption-attachment-445\" style=\"width: 249px\" class=\"wp-caption alignnone\"><img loading=\"lazy\" decoding=\"async\" class=\"wp-image-445 size-medium\" src=\"http:\/\/169.57.129.238\/~odilonca\/wp-content\/uploads\/2017\/02\/videoart-249x300.jpg\" alt=\"Perspectiva - videoart\" width=\"249\" height=\"300\" srcset=\"https:\/\/odiloncavalcanti.art.br\/wp-content\/uploads\/2017\/02\/videoart-249x300.jpg 249w, https:\/\/odiloncavalcanti.art.br\/wp-content\/uploads\/2017\/02\/videoart-768x927.jpg 768w, https:\/\/odiloncavalcanti.art.br\/wp-content\/uploads\/2017\/02\/videoart-849x1024.jpg 849w, https:\/\/odiloncavalcanti.art.br\/wp-content\/uploads\/2017\/02\/videoart.jpg 1196w\" sizes=\"auto, (max-width: 249px) 100vw, 249px\" \/><figcaption id=\"caption-attachment-445\" class=\"wp-caption-text\"><strong>&#8220;Videoart&#8221;<\/strong><br \/>Pastel s\/papel<br \/>48&#215;65,3cm<br \/><strong>1979<\/strong><\/figcaption><\/figure>\n<figure id=\"attachment_447\" aria-describedby=\"caption-attachment-447\" style=\"width: 300px\" class=\"wp-caption alignnone\"><img loading=\"lazy\" decoding=\"async\" class=\"wp-image-447 size-medium\" title=\"jornal nacional\" src=\"http:\/\/169.57.129.238\/~odilonca\/wp-content\/uploads\/2017\/02\/25homem-1-300x196.jpg\" alt=\"Perspectiva - jornal nacional\" width=\"300\" height=\"196\" srcset=\"https:\/\/odiloncavalcanti.art.br\/wp-content\/uploads\/2017\/02\/25homem-1-300x196.jpg 300w, https:\/\/odiloncavalcanti.art.br\/wp-content\/uploads\/2017\/02\/25homem-1-768x501.jpg 768w, https:\/\/odiloncavalcanti.art.br\/wp-content\/uploads\/2017\/02\/25homem-1-1024x668.jpg 1024w, https:\/\/odiloncavalcanti.art.br\/wp-content\/uploads\/2017\/02\/25homem-1.jpg 1204w\" sizes=\"auto, (max-width: 300px) 100vw, 300px\" \/><figcaption id=\"caption-attachment-447\" class=\"wp-caption-text\"><strong>&#8220;Jornal Nacional&#8221;<\/strong><br \/>Pastel s\/ papel<br \/>58x47cm<br \/><strong>1979<\/strong><\/figcaption><\/figure>\n<figure id=\"attachment_448\" aria-describedby=\"caption-attachment-448\" style=\"width: 300px\" class=\"wp-caption alignnone\"><img loading=\"lazy\" decoding=\"async\" class=\"wp-image-448 size-medium\" title=\"a sina\" src=\"http:\/\/169.57.129.238\/~odilonca\/wp-content\/uploads\/2017\/02\/27sinavil_limpar-300x196.jpg\" alt=\"Perspectiva - a sena da menina\" width=\"300\" height=\"196\" srcset=\"https:\/\/odiloncavalcanti.art.br\/wp-content\/uploads\/2017\/02\/27sinavil_limpar-300x196.jpg 300w, https:\/\/odiloncavalcanti.art.br\/wp-content\/uploads\/2017\/02\/27sinavil_limpar-768x501.jpg 768w, https:\/\/odiloncavalcanti.art.br\/wp-content\/uploads\/2017\/02\/27sinavil_limpar-1024x668.jpg 1024w, https:\/\/odiloncavalcanti.art.br\/wp-content\/uploads\/2017\/02\/27sinavil_limpar.jpg 1204w\" sizes=\"auto, (max-width: 300px) 100vw, 300px\" \/><figcaption id=\"caption-attachment-448\" class=\"wp-caption-text\"><strong>&#8220;A Sina da Menina&#8221;<\/strong><br \/>Pastel s\/ papel<br \/>47,56cm<br \/><strong>1982<\/strong><\/figcaption><\/figure>\n<p><!-- \/wp:post-content --><br \/>\/&gt;Pastel s\/ papel<br \/>46,5&#215;59,8cm<br \/><strong>1981<\/strong>[\/caption]<\/p>\n<figure id=\"attachment_449\" aria-describedby=\"caption-attachment-449\" style=\"width: 300px\" class=\"wp-caption alignnone\"><img loading=\"lazy\" decoding=\"async\" class=\"wp-image-449 size-medium\" title=\"carnaval\" src=\"http:\/\/169.57.129.238\/~odilonca\/wp-content\/uploads\/2017\/02\/29brasilpandeiro-1-300x196.jpg\" alt=\"Perspectiva - fim de noite\" width=\"300\" height=\"196\" srcset=\"https:\/\/odiloncavalcanti.art.br\/wp-content\/uploads\/2017\/02\/29brasilpandeiro-1-300x196.jpg 300w, https:\/\/odiloncavalcanti.art.br\/wp-content\/uploads\/2017\/02\/29brasilpandeiro-1-768x501.jpg 768w, https:\/\/odiloncavalcanti.art.br\/wp-content\/uploads\/2017\/02\/29brasilpandeiro-1-1024x668.jpg 1024w, https:\/\/odiloncavalcanti.art.br\/wp-content\/uploads\/2017\/02\/29brasilpandeiro-1.jpg 1204w\" sizes=\"auto, (max-width: 300px) 100vw, 300px\" \/><figcaption id=\"caption-attachment-449\" class=\"wp-caption-text\"><strong>&#8220;Fim-de-noite&#8221;<\/strong><br \/>Pastel s\/ papel<br \/>66,5&#215;46,5cm<br \/><strong>1981<\/strong><\/figcaption><\/figure>\n<blockquote>\n<p><em>Fortuna Cr\u00edtica:<\/em><\/p>\n<\/blockquote>\n<p><strong>Perspectiva<\/strong><br \/>Determinadas situa\u00e7\u00f5es, determinados momentos, trazem dentro de si o encanto m\u00e1gico da revela\u00e7\u00e3o: a magia da descoberta do novo.<br \/>Encontro sobre minha mesa, trazidos por amigos, dois trabalhos de um jovem desconhecido, ainda, artista.<br \/>Entre, rever, descobrir, o encantamento total, a descoberta: <strong>Odilon Cavalcanti<\/strong>.<br \/>Em um momento de extremas indefini\u00e7\u00f5es, onde todos os modismos passaram e envelheceram. Envenenaram-se com suas pr\u00f3prias armas e, onde os p\u00f3s transformam-se imediatamente em p\u00f3stumos, onde as vanguardas, trans vanguardas e todas as suas poss\u00edveis varia\u00e7\u00f5es esclerosam e s\u00e3o devoradas por si, \u00e9 \u00f3timo, absolutamente gratificante encontrar um artista. encontrar um artista que n\u00e3o se esqueceu do of\u00edcio de criar, que n\u00e3o esqueceu da qualidade, a impossibilidade do ser sem inven\u00e7\u00e3o, a certeza \u00fanica e decidida da qualidade.<br \/><strong>Odilon Cavalcanti<\/strong> trata as cores e situa\u00e7\u00f5es, transforma suas necessidades criativas, inventa, com qualidade e conhecimento.<br \/>Conhece. Cria e Transforma. Busca.<br \/>Densamente, misteriosas, suas massas indefinidas, suas cores intensamente penetrantes, insinua\u00e7\u00f5es de figuras e elementos, quase corpos: corpos, se cruzam, interpenetrando, criando muito mais que uma leitura, colocando uma situa\u00e7\u00e3o visual, provocando uma situa\u00e7\u00e3o emocional.<br \/>S\u00e3o imagens em forma\u00e7\u00e3o, em nenhum momento em deforma\u00e7\u00e3o.<!--more--><br \/><strong>Odilon Cavalcanti<\/strong>, em toda a sua const\u00e2ncia de trabalho, aliado ao fato mist\u00e9rio um permanente elemento provocador, motivador e catalisador elo vital na rela\u00e7\u00e3o quadro espectador.<br \/>Em nenhum momento este elemento provocador deixa de estar presente, de funcionar, de motivar.<br \/>Existe sempre uma constante a colocar o espectador como uma personagem, a buscar a liga\u00e7\u00e3o e a continuidade da situa\u00e7\u00e3o motivada.<br \/>Em todos os seus trabalhos, o ponto de fuga, ainda que meramente insinuado est\u00e1 presente e atuante.<br \/>\u00c9 ele o elo, o momento e a decis\u00e3o.<br \/>Consideramos realmente importante e, importante em todas as suas gamas, esta mostra e o descobrimento de um artista como <strong>Odilon Cavalcanti<\/strong>.<br \/>Sentimos que este \u00e9 o seu momento inicial.<br \/>Mesmo sendo j\u00e1 um momento definido e amadurecido.<br \/>Garantimos que mais que uma revela\u00e7\u00e3o \u00e9 a confirma\u00e7\u00e3o de um artista do mais alto n\u00edvel de qualidade.<br \/>O <strong> Studio Jos\u00e9 Duarte de Aguiar<\/strong>, em sua continuidade de trabalho, onde qualidade e inventividade s\u00e3o b\u00e1sicos e fundamentais, se sente absolutamente engrandecido em mostrar ao p\u00fablico do Rio e de S\u00e3o Paulo a obra de <strong>Odilon Cavalcanti<\/strong>.<br \/>Estamos mostrando e fazendo ver um artista l\u00facido, forte e coerente, com uma carga de talento pouco igualada no momento.<br \/>Temos certeza que estas duas mostras s\u00e3o motivos de grande e gratificante prazer.<br \/>E tamb\u00e9m de inquieta\u00e7\u00e3o&#8230;<\/p>\n<blockquote>\n<p><strong>Jos\u00e9 Duarte de Aguiar<\/strong><\/p>\n<\/blockquote>\n<p><strong><a href=\"http:\/\/www.odiloncavalcanti.art.br\/exposicoes-individuais\/\">VOLTA<\/a><\/strong><\/p>\n<p><!-- wp:image {\"width\":\"361px\",\"height\":\"auto\",\"sizeSlug\":\"large\"} --><\/p>\n<figure class=\"wp-block-image size-large is-resized\"><\/figure>\n<p><!-- \/wp:image --><\/p>\n<p><!-- wp:image {\"width\":\"367px\",\"height\":\"auto\",\"sizeSlug\":\"large\"} --><\/p>\n<figure class=\"wp-block-image size-large is-resized\"><\/figure>\n<p><!-- \/wp:image --><\/p>\n<p><!-- wp:image {\"width\":\"363px\",\"height\":\"auto\",\"sizeSlug\":\"large\"} --><\/p>\n<figure class=\"wp-block-image size-large is-resized\"><\/figure>\n<p><!-- \/wp:image --><\/p>\n<p><!-- wp:image {\"width\":\"359px\",\"height\":\"auto\",\"sizeSlug\":\"large\"} --><\/p>\n<figure class=\"wp-block-image size-large is-resized\"><img decoding=\"async\" style=\"width: 359px; height: auto;\" src=\"http:\/\/odiloncavalcanti.art.br\/wp-content\/uploads\/2025\/07\/repressao.jpg\" alt=\"\" \/><\/figure>\n<p><!-- \/wp:image --><\/p>\n\n<!-- wp:image {\"width\":\"353px\",\"height\":\"auto\",\"sizeSlug\":\"large\"} -->\n<figure class=\"wp-block-image size-large is-resized\"><img decoding=\"async\" src=\"http:\/\/odiloncavalcanti.art.br\/wp-content\/uploads\/2025\/07\/ausencia.jpg\" alt=\"\" style=\"width:353px;height:auto\"\/><\/figure>\n<!-- \/wp:image -->\n\n<!-- wp:image {\"sizeSlug\":\"large\"} -->\n<figure class=\"wp-block-image size-large\"><img\/><\/figure>\n<!-- \/wp:image -->\n\n<!-- wp:image -->\n<figure class=\"wp-block-image\"><img alt=\"\"\/><\/figure>\n<!-- \/wp:image -->\n\n<!-- wp:paragraph -->\n<p><\/p>\n<!-- \/wp:paragraph -->","protected":false},"excerpt":{"rendered":"<p>Perspectiva, a segunda exposi\u00e7\u00e3o individual aponta caminhos futuros. Veja aqui: \/&gt;Pastel s\/ papel46,5&#215;59,8cm1981[\/caption] Fortuna Cr\u00edtica: PerspectivaDeterminadas situa\u00e7\u00f5es, determinados momentos, trazem dentro de si o encanto m\u00e1gico da revela\u00e7\u00e3o: a magia da descoberta do novo.Encontro sobre minha mesa, trazidos por amigos, dois trabalhos de um jovem desconhecido, ainda, artista.Entre, rever, descobrir, o encantamento total, a descoberta: &hellip; <\/p>\n<p class=\"link-more\"><a href=\"https:\/\/odiloncavalcanti.art.br\/de\/perspectiva-a-segunda-exposicao\/\" class=\"more-link\">Continue reading<span class=\"screen-reader-text\"> &#8220;Perspectiva, a segunda exposi\u00e7\u00e3o:&#8221;<\/span><\/a><\/p>\n","protected":false},"author":1,"featured_media":449,"parent":0,"menu_order":0,"comment_status":"closed","ping_status":"closed","template":"","meta":{"footnotes":""},"class_list":["post-468","page","type-page","status-publish","has-post-thumbnail","hentry"],"translation":{"provider":"WPGlobus","version":"3.0.1","language":"de","enabled_languages":["en","es","de","fr","ru"],"languages":{"en":{"title":true,"content":true,"excerpt":false},"es":{"title":false,"content":false,"excerpt":false},"de":{"title":false,"content":false,"excerpt":false},"fr":{"title":false,"content":false,"excerpt":false},"ru":{"title":false,"content":false,"excerpt":false}}},"yoast_head":"<!-- This site is optimized with the Yoast SEO plugin v27.2 - https:\/\/yoast.com\/product\/yoast-seo-wordpress\/ -->\n<title>Perspectiva, a segunda exposi\u00e7\u00e3o:<\/title>\n<meta name=\"robots\" content=\"index, follow, max-snippet:-1, max-image-preview:large, max-video-preview:-1\" \/>\n<link rel=\"canonical\" href=\"http:\/\/odiloncavalcanti.art.br\/perspectiva-a-segunda-exposicao\/\" \/>\n<meta property=\"og:locale\" content=\"de_DE\" \/>\n<meta property=\"og:type\" content=\"article\" \/>\n<meta property=\"og:title\" content=\"Perspectiva, a segunda exposi\u00e7\u00e3o: - Odilon Cavalcanti\" \/>\n<meta property=\"og:url\" content=\"http:\/\/odiloncavalcanti.art.br\/perspectiva-a-segunda-exposicao\/\" \/>\n<meta property=\"og:site_name\" content=\"Odilon Cavalcanti\" \/>\n<meta property=\"article:publisher\" content=\"https:\/\/www.facebook.com\/AtelierOdilonCavalcanti\/\" \/>\n<meta property=\"article:modified_time\" content=\"2025-07-09T22:48:42+00:00\" \/>\n<meta property=\"og:image\" content=\"http:\/\/odiloncavalcanti.art.br\/wp-content\/uploads\/2017\/02\/29brasilpandeiro-1.jpg\" \/>\n\t<meta property=\"og:image:width\" content=\"1204\" \/>\n\t<meta property=\"og:image:height\" content=\"785\" \/>\n\t<meta property=\"og:image:type\" content=\"image\/jpeg\" \/>\n<meta name=\"twitter:card\" content=\"summary_large_image\" \/>\n<meta name=\"twitter:site\" content=\"@odilonk\" \/>\n<meta name=\"twitter:label1\" content=\"Est. reading time\" \/>\n\t<meta name=\"twitter:data1\" content=\"6 minutes\" \/>\n<script type=\"application\/ld+json\" class=\"yoast-schema-graph\">{\"@context\":\"https:\/\/schema.org\",\"@graph\":[{\"@type\":\"WebPage\",\"@id\":\"http:\/\/odiloncavalcanti.art.br\/perspectiva-a-segunda-exposicao\/\",\"url\":\"http:\/\/odiloncavalcanti.art.br\/perspectiva-a-segunda-exposicao\/\",\"name\":\"Perspectiva, a segunda exposi\u00e7\u00e3o:\",\"isPartOf\":{\"@id\":\"http:\/\/odiloncavalcanti.art.br\/#website\"},\"primaryImageOfPage\":{\"@id\":\"http:\/\/odiloncavalcanti.art.br\/perspectiva-a-segunda-exposicao\/#primaryimage\"},\"image\":{\"@id\":\"http:\/\/odiloncavalcanti.art.br\/perspectiva-a-segunda-exposicao\/#primaryimage\"},\"thumbnailUrl\":\"https:\/\/odiloncavalcanti.art.br\/wp-content\/uploads\/2017\/02\/29brasilpandeiro-1.jpg\",\"datePublished\":\"2017-02-10T01:58:05+00:00\",\"dateModified\":\"2025-07-09T22:48:42+00:00\",\"description\":\"Perspectica; a segunda exposi\u00e7\u00e3o individual do artista Odilon Cavalcanti mostra as obras e o texto do cat\u00e1logo assinado por Jos\u00e9 Duarte de Aguiar.\",\"breadcrumb\":{\"@id\":\"http:\/\/odiloncavalcanti.art.br\/perspectiva-a-segunda-exposicao\/#breadcrumb\"},\"inLanguage\":\"de-DE\",\"potentialAction\":[{\"@type\":\"ReadAction\",\"target\":[\"http:\/\/odiloncavalcanti.art.br\/perspectiva-a-segunda-exposicao\/\"]}]},{\"@type\":\"ImageObject\",\"inLanguage\":\"de-DE\",\"@id\":\"http:\/\/odiloncavalcanti.art.br\/perspectiva-a-segunda-exposicao\/#primaryimage\",\"url\":\"https:\/\/odiloncavalcanti.art.br\/wp-content\/uploads\/2017\/02\/29brasilpandeiro-1.jpg\",\"contentUrl\":\"https:\/\/odiloncavalcanti.art.br\/wp-content\/uploads\/2017\/02\/29brasilpandeiro-1.jpg\",\"width\":1204,\"height\":785,\"caption\":\"\\\"Fim-de-noite\\\" (Carnaval) Pastel s\/ papel 66,5x46,5cm 1981\"},{\"@type\":\"BreadcrumbList\",\"@id\":\"http:\/\/odiloncavalcanti.art.br\/perspectiva-a-segunda-exposicao\/#breadcrumb\",\"itemListElement\":[{\"@type\":\"ListItem\",\"position\":1,\"name\":\"In\u00edcio\",\"item\":\"http:\/\/odiloncavalcanti.art.br\/\"},{\"@type\":\"ListItem\",\"position\":2,\"name\":\"Perspectiva, a segunda exposi\u00e7\u00e3o:\"}]},{\"@type\":\"WebSite\",\"@id\":\"http:\/\/odiloncavalcanti.art.br\/#website\",\"url\":\"http:\/\/odiloncavalcanti.art.br\/\",\"name\":\"Odilon Cavalcanti\",\"description\":\"Um espelho da alquimia da Arte.\",\"potentialAction\":[{\"@type\":\"SearchAction\",\"target\":{\"@type\":\"EntryPoint\",\"urlTemplate\":\"http:\/\/odiloncavalcanti.art.br\/?s={search_term_string}\"},\"query-input\":{\"@type\":\"PropertyValueSpecification\",\"valueRequired\":true,\"valueName\":\"search_term_string\"}}],\"inLanguage\":\"de-DE\"}]}<\/script>\n<!-- \/ Yoast SEO plugin. -->","yoast_head_json":{"title":"Perspectiva, a segunda exposi\u00e7\u00e3o:","robots":{"index":"index","follow":"follow","max-snippet":"max-snippet:-1","max-image-preview":"max-image-preview:large","max-video-preview":"max-video-preview:-1"},"canonical":"http:\/\/odiloncavalcanti.art.br\/perspectiva-a-segunda-exposicao\/","og_locale":"de_DE","og_type":"article","og_title":"Perspectiva, a segunda exposi\u00e7\u00e3o: - Odilon Cavalcanti","og_url":"http:\/\/odiloncavalcanti.art.br\/perspectiva-a-segunda-exposicao\/","og_site_name":"Odilon Cavalcanti","article_publisher":"https:\/\/www.facebook.com\/AtelierOdilonCavalcanti\/","article_modified_time":"2025-07-09T22:48:42+00:00","og_image":[{"width":1204,"height":785,"url":"http:\/\/odiloncavalcanti.art.br\/wp-content\/uploads\/2017\/02\/29brasilpandeiro-1.jpg","type":"image\/jpeg"}],"twitter_card":"summary_large_image","twitter_site":"@odilonk","twitter_misc":{"Est. reading time":"6 minutes"},"schema":{"@context":"https:\/\/schema.org","@graph":[{"@type":"WebPage","@id":"http:\/\/odiloncavalcanti.art.br\/perspectiva-a-segunda-exposicao\/","url":"http:\/\/odiloncavalcanti.art.br\/perspectiva-a-segunda-exposicao\/","name":"Perspectiva, a segunda exposi\u00e7\u00e3o:","isPartOf":{"@id":"http:\/\/odiloncavalcanti.art.br\/#website"},"primaryImageOfPage":{"@id":"http:\/\/odiloncavalcanti.art.br\/perspectiva-a-segunda-exposicao\/#primaryimage"},"image":{"@id":"http:\/\/odiloncavalcanti.art.br\/perspectiva-a-segunda-exposicao\/#primaryimage"},"thumbnailUrl":"https:\/\/odiloncavalcanti.art.br\/wp-content\/uploads\/2017\/02\/29brasilpandeiro-1.jpg","datePublished":"2017-02-10T01:58:05+00:00","dateModified":"2025-07-09T22:48:42+00:00","description":"Perspectica; a segunda exposi\u00e7\u00e3o individual do artista Odilon Cavalcanti mostra as obras e o texto do cat\u00e1logo assinado por Jos\u00e9 Duarte de Aguiar.","breadcrumb":{"@id":"http:\/\/odiloncavalcanti.art.br\/perspectiva-a-segunda-exposicao\/#breadcrumb"},"inLanguage":"de-DE","potentialAction":[{"@type":"ReadAction","target":["http:\/\/odiloncavalcanti.art.br\/perspectiva-a-segunda-exposicao\/"]}]},{"@type":"ImageObject","inLanguage":"de-DE","@id":"http:\/\/odiloncavalcanti.art.br\/perspectiva-a-segunda-exposicao\/#primaryimage","url":"https:\/\/odiloncavalcanti.art.br\/wp-content\/uploads\/2017\/02\/29brasilpandeiro-1.jpg","contentUrl":"https:\/\/odiloncavalcanti.art.br\/wp-content\/uploads\/2017\/02\/29brasilpandeiro-1.jpg","width":1204,"height":785,"caption":"\"Fim-de-noite\" (Carnaval) Pastel s\/ papel 66,5x46,5cm 1981"},{"@type":"BreadcrumbList","@id":"http:\/\/odiloncavalcanti.art.br\/perspectiva-a-segunda-exposicao\/#breadcrumb","itemListElement":[{"@type":"ListItem","position":1,"name":"In\u00edcio","item":"http:\/\/odiloncavalcanti.art.br\/"},{"@type":"ListItem","position":2,"name":"Perspectiva, a segunda exposi\u00e7\u00e3o:"}]},{"@type":"WebSite","@id":"http:\/\/odiloncavalcanti.art.br\/#website","url":"http:\/\/odiloncavalcanti.art.br\/","name":"Odilon Cavalcanti","description":"Um espelho da alquimia da Arte.","potentialAction":[{"@type":"SearchAction","target":{"@type":"EntryPoint","urlTemplate":"http:\/\/odiloncavalcanti.art.br\/?s={search_term_string}"},"query-input":{"@type":"PropertyValueSpecification","valueRequired":true,"valueName":"search_term_string"}}],"inLanguage":"de-DE"}]}},"jetpack_sharing_enabled":true,"_links":{"self":[{"href":"https:\/\/odiloncavalcanti.art.br\/de\/wp-json\/wp\/v2\/pages\/468","targetHints":{"allow":["GET"]}}],"collection":[{"href":"https:\/\/odiloncavalcanti.art.br\/de\/wp-json\/wp\/v2\/pages"}],"about":[{"href":"https:\/\/odiloncavalcanti.art.br\/de\/wp-json\/wp\/v2\/types\/page"}],"author":[{"embeddable":true,"href":"https:\/\/odiloncavalcanti.art.br\/de\/wp-json\/wp\/v2\/users\/1"}],"replies":[{"embeddable":true,"href":"https:\/\/odiloncavalcanti.art.br\/de\/wp-json\/wp\/v2\/comments?post=468"}],"version-history":[{"count":16,"href":"https:\/\/odiloncavalcanti.art.br\/de\/wp-json\/wp\/v2\/pages\/468\/revisions"}],"predecessor-version":[{"id":1880,"href":"https:\/\/odiloncavalcanti.art.br\/de\/wp-json\/wp\/v2\/pages\/468\/revisions\/1880"}],"wp:featuredmedia":[{"embeddable":true,"href":"https:\/\/odiloncavalcanti.art.br\/de\/wp-json\/wp\/v2\/media\/449"}],"wp:attachment":[{"href":"https:\/\/odiloncavalcanti.art.br\/de\/wp-json\/wp\/v2\/media?parent=468"}],"curies":[{"name":"wp","href":"https:\/\/api.w.org\/{rel}","templated":true}]}}