{"id":394,"date":"2017-02-08T22:10:49","date_gmt":"2017-02-09T00:10:49","guid":{"rendered":"http:\/\/www.odiloncavalcanti.art.br\/?page_id=394"},"modified":"2017-05-09T13:51:10","modified_gmt":"2017-05-09T16:51:10","slug":"o-universo-nu","status":"publish","type":"page","link":"https:\/\/odiloncavalcanti.art.br\/de\/o-universo-nu\/","title":{"rendered":"O universo nu :"},"content":{"rendered":"<h2>O Universo nu: a revela\u00e7\u00e3o do mundo no espelho do corpo.<\/h2>\n<figure id=\"attachment_427\" aria-describedby=\"caption-attachment-427\" style=\"width: 211px\" class=\"wp-caption alignnone\"><img loading=\"lazy\" decoding=\"async\" class=\"wp-image-427 size-medium\" title=\"banho\" src=\"http:\/\/169.57.129.238\/~odilonca\/wp-content\/uploads\/2017\/02\/14232505_10210448013258730_742146533439376411_n-211x300.jpg\" alt=\"O universo nu - o banho\" width=\"211\" height=\"300\" srcset=\"https:\/\/odiloncavalcanti.art.br\/wp-content\/uploads\/2017\/02\/14232505_10210448013258730_742146533439376411_n-211x300.jpg 211w, https:\/\/odiloncavalcanti.art.br\/wp-content\/uploads\/2017\/02\/14232505_10210448013258730_742146533439376411_n-768x1093.jpg 768w, https:\/\/odiloncavalcanti.art.br\/wp-content\/uploads\/2017\/02\/14232505_10210448013258730_742146533439376411_n-720x1024.jpg 720w, https:\/\/odiloncavalcanti.art.br\/wp-content\/uploads\/2017\/02\/14232505_10210448013258730_742146533439376411_n.jpg 846w\" sizes=\"auto, (max-width: 211px) 100vw, 211px\" \/><figcaption id=\"caption-attachment-427\" class=\"wp-caption-text\"><strong>&#8220;O Banho&#8221;<\/strong><br \/> 26x32cm<br \/> Pastel s\/ papel 100% algod\u00e3o<br \/> <strong>1986<\/strong><\/figcaption><\/figure>\n<figure id=\"attachment_426\" aria-describedby=\"caption-attachment-426\" style=\"width: 218px\" class=\"wp-caption alignnone\"><img loading=\"lazy\" decoding=\"async\" class=\"wp-image-426 size-medium\" title=\"torso\" src=\"http:\/\/169.57.129.238\/~odilonca\/wp-content\/uploads\/2017\/02\/14225540_10210420601773460_483545060164019248_n-218x300.jpg\" alt=\"O universo nu - torso\" width=\"218\" height=\"300\" srcset=\"https:\/\/odiloncavalcanti.art.br\/wp-content\/uploads\/2017\/02\/14225540_10210420601773460_483545060164019248_n-218x300.jpg 218w, https:\/\/odiloncavalcanti.art.br\/wp-content\/uploads\/2017\/02\/14225540_10210420601773460_483545060164019248_n-768x1056.jpg 768w, https:\/\/odiloncavalcanti.art.br\/wp-content\/uploads\/2017\/02\/14225540_10210420601773460_483545060164019248_n-745x1024.jpg 745w, https:\/\/odiloncavalcanti.art.br\/wp-content\/uploads\/2017\/02\/14225540_10210420601773460_483545060164019248_n.jpg 876w\" sizes=\"auto, (max-width: 218px) 100vw, 218px\" \/><figcaption id=\"caption-attachment-426\" class=\"wp-caption-text\"><strong>&#8220;Torso&#8221;<\/strong><br \/> Pastel s\/ papel fabriano<br \/> 50x70cm<br \/> <strong>1988<\/strong><\/figcaption><\/figure>\n<figure id=\"attachment_424\" aria-describedby=\"caption-attachment-424\" style=\"width: 202px\" class=\"wp-caption alignnone\"><img loading=\"lazy\" decoding=\"async\" class=\"wp-image-424 size-medium\" title=\"espanhola\" src=\"http:\/\/169.57.129.238\/~odilonca\/wp-content\/uploads\/2017\/02\/14291892_10210430299575899_3146405160864121464_n-202x300.jpg\" alt=\"O universo nu - a espanhola\" width=\"202\" height=\"300\" srcset=\"https:\/\/odiloncavalcanti.art.br\/wp-content\/uploads\/2017\/02\/14291892_10210430299575899_3146405160864121464_n-202x300.jpg 202w, https:\/\/odiloncavalcanti.art.br\/wp-content\/uploads\/2017\/02\/14291892_10210430299575899_3146405160864121464_n-768x1143.jpg 768w, https:\/\/odiloncavalcanti.art.br\/wp-content\/uploads\/2017\/02\/14291892_10210430299575899_3146405160864121464_n-688x1024.jpg 688w, https:\/\/odiloncavalcanti.art.br\/wp-content\/uploads\/2017\/02\/14291892_10210430299575899_3146405160864121464_n.jpg 809w\" sizes=\"auto, (max-width: 202px) 100vw, 202px\" \/><figcaption id=\"caption-attachment-424\" class=\"wp-caption-text\"><strong>&#8220;\u00c0 Espanhola&#8221;<\/strong><br \/> 35x60cm<br \/> Pastel s\/ papel 100% cotton<br \/> <strong>1987<\/strong><\/figcaption><\/figure>\n<figure id=\"attachment_425\" aria-describedby=\"caption-attachment-425\" style=\"width: 209px\" class=\"wp-caption alignnone\"><img loading=\"lazy\" decoding=\"async\" class=\"wp-image-425\" title=\"desejo\" src=\"http:\/\/169.57.129.238\/~odilonca\/wp-content\/uploads\/2017\/02\/934782_10204424067183843_4774659547141203188_n-209x300.jpg\" alt=\"O universo nu - desejo\" width=\"209\" height=\"300\" srcset=\"https:\/\/odiloncavalcanti.art.br\/wp-content\/uploads\/2017\/02\/934782_10204424067183843_4774659547141203188_n-209x300.jpg 209w, https:\/\/odiloncavalcanti.art.br\/wp-content\/uploads\/2017\/02\/934782_10204424067183843_4774659547141203188_n-768x1103.jpg 768w, https:\/\/odiloncavalcanti.art.br\/wp-content\/uploads\/2017\/02\/934782_10204424067183843_4774659547141203188_n-713x1024.jpg 713w, https:\/\/odiloncavalcanti.art.br\/wp-content\/uploads\/2017\/02\/934782_10204424067183843_4774659547141203188_n.jpg 838w\" sizes=\"auto, (max-width: 209px) 100vw, 209px\" \/><figcaption id=\"caption-attachment-425\" class=\"wp-caption-text\"><strong>&#8220;Proje\u00e7\u00e3o do Desejo&#8221;<\/strong><br \/> nankin s\/ papel shoeller<br \/> 35x52cm<br \/> <strong>1988<\/strong><\/figcaption><\/figure>\n<blockquote>\n<figure id=\"attachment_399\" aria-describedby=\"caption-attachment-399\" style=\"width: 300px\" class=\"wp-caption alignnone\"><img loading=\"lazy\" decoding=\"async\" class=\"wp-image-399 size-medium\" title=\"sofa\" src=\"http:\/\/169.57.129.238\/~odilonca\/wp-content\/uploads\/2017\/02\/img117-300x288.jpg\" alt=\"O universo nu - nu sofa\" width=\"300\" height=\"288\" srcset=\"https:\/\/odiloncavalcanti.art.br\/wp-content\/uploads\/2017\/02\/img117-300x288.jpg 300w, https:\/\/odiloncavalcanti.art.br\/wp-content\/uploads\/2017\/02\/img117-768x737.jpg 768w, https:\/\/odiloncavalcanti.art.br\/wp-content\/uploads\/2017\/02\/img117-1024x983.jpg 1024w, https:\/\/odiloncavalcanti.art.br\/wp-content\/uploads\/2017\/02\/img117.jpg 1254w\" sizes=\"auto, (max-width: 300px) 100vw, 300px\" \/><figcaption id=\"caption-attachment-399\" class=\"wp-caption-text\"><strong>&#8220;Nu com bola de cristal&#8221;<\/strong><br \/> Acr\u00edlica e \u00f3leo s\/ tela<br \/> 90x92cm<br \/> <strong>1988<\/strong><\/figcaption><\/figure>\n<figure id=\"attachment_402\" aria-describedby=\"caption-attachment-402\" style=\"width: 300px\" class=\"wp-caption alignnone\"><img loading=\"lazy\" decoding=\"async\" class=\"wp-image-402 size-medium\" title=\"presen\u00e7a e ausencia\" src=\"http:\/\/169.57.129.238\/~odilonca\/wp-content\/uploads\/2017\/02\/img132-300x296.jpg\" alt=\"O universo nu - presen\u00e7a e ausencia\" width=\"300\" height=\"296\" srcset=\"https:\/\/odiloncavalcanti.art.br\/wp-content\/uploads\/2017\/02\/img132-300x296.jpg 300w, https:\/\/odiloncavalcanti.art.br\/wp-content\/uploads\/2017\/02\/img132-768x759.jpg 768w, https:\/\/odiloncavalcanti.art.br\/wp-content\/uploads\/2017\/02\/img132-1024x1011.jpg 1024w, https:\/\/odiloncavalcanti.art.br\/wp-content\/uploads\/2017\/02\/img132-100x100.jpg 100w, https:\/\/odiloncavalcanti.art.br\/wp-content\/uploads\/2017\/02\/img132.jpg 1219w\" sizes=\"auto, (max-width: 300px) 100vw, 300px\" \/><figcaption id=\"caption-attachment-402\" class=\"wp-caption-text\"><strong>&#8220;Presen\u00e7a e aus\u00eancia&#8221;<\/strong><br \/> \u00d3leo s\/tela<br \/> 120x120cm<br \/> <strong>1986<\/strong><\/figcaption><\/figure>\n<figure id=\"attachment_400\" aria-describedby=\"caption-attachment-400\" style=\"width: 200px\" class=\"wp-caption alignnone\"><img loading=\"lazy\" decoding=\"async\" class=\"wp-image-400 size-medium\" title=\"corpo e alma\" src=\"http:\/\/169.57.129.238\/~odilonca\/wp-content\/uploads\/2017\/02\/img121-200x300.jpg\" alt=\"O universo nu - de corpo e alma\" width=\"200\" height=\"300\" srcset=\"https:\/\/odiloncavalcanti.art.br\/wp-content\/uploads\/2017\/02\/img121-200x300.jpg 200w, https:\/\/odiloncavalcanti.art.br\/wp-content\/uploads\/2017\/02\/img121-768x1150.jpg 768w, https:\/\/odiloncavalcanti.art.br\/wp-content\/uploads\/2017\/02\/img121-684x1024.jpg 684w, https:\/\/odiloncavalcanti.art.br\/wp-content\/uploads\/2017\/02\/img121.jpg 804w\" sizes=\"auto, (max-width: 200px) 100vw, 200px\" \/><figcaption id=\"caption-attachment-400\" class=\"wp-caption-text\"><strong>&#8220;Nu de corpo e alma&#8221;<\/strong><br \/> Acr\u00edlica e \u00f3leo s\/tela<br \/> 70x120cm<br \/> <strong>1989<\/strong><\/figcaption><\/figure>\n<figure id=\"attachment_401\" aria-describedby=\"caption-attachment-401\" style=\"width: 200px\" class=\"wp-caption alignnone\"><img loading=\"lazy\" decoding=\"async\" class=\"wp-image-401 size-medium\" src=\"http:\/\/169.57.129.238\/~odilonca\/wp-content\/uploads\/2017\/02\/img130-200x300.jpg\" alt=\"O universo nu - corpo espiritual\" width=\"200\" height=\"300\" srcset=\"https:\/\/odiloncavalcanti.art.br\/wp-content\/uploads\/2017\/02\/img130-200x300.jpg 200w, https:\/\/odiloncavalcanti.art.br\/wp-content\/uploads\/2017\/02\/img130-768x1152.jpg 768w, https:\/\/odiloncavalcanti.art.br\/wp-content\/uploads\/2017\/02\/img130-683x1024.jpg 683w, https:\/\/odiloncavalcanti.art.br\/wp-content\/uploads\/2017\/02\/img130.jpg 803w\" sizes=\"auto, (max-width: 200px) 100vw, 200px\" \/><figcaption id=\"caption-attachment-401\" class=\"wp-caption-text\"><strong>&#8220;Corpo espiritual&#8221;<\/strong><br \/> Acr\u00edlica e \u00f3leo s\/ tela<br \/> 50x90cm<br \/> <strong>1987<\/strong><\/figcaption><\/figure>\n<p>O Universo nu nos revela a corporalidade do olhar do artista<\/p>\n<p>&nbsp;<\/p>\n<p>Desde as duas primeiras exposi\u00e7\u00f5es, &#8220;Identidade&#8221; e &#8220;Perspectiva&#8221; a obra de<strong> Odilon Cavalcanti<\/strong> oscila entre um olhar para dentro e um olhar para o mundo.<\/p>\n<p>Essa tens\u00e3o percorre sua obra e encontra nesse movimento pendular a abrang\u00eancia que a torna ainda mais profunda: solve e coagula diz o d\u00edstico das opera\u00e7\u00f5es da Obra.<\/p>\n<p>\u00c9 um desvelar de si e do mundo onde o nu encontra seu lugar simb\u00f3lico e pleno de significado.<\/p><\/blockquote>\n<p>&nbsp;<\/p>\n<p><a href=\"http:\/\/www.odiloncavalcanti.art.br\/odilon-cavalcanti-obra-atelier-artista\/exposicoes-coletivas-colecoes-e-projetos\/\"><strong>VOLTA<\/strong><\/a><\/p>\n","protected":false},"excerpt":{"rendered":"<p>O Universo nu: a revela\u00e7\u00e3o do mundo no espelho do corpo. O Universo nu nos revela a corporalidade do olhar do artista &nbsp; Desde as duas primeiras exposi\u00e7\u00f5es, &#8220;Identidade&#8221; e &#8220;Perspectiva&#8221; a obra de Odilon Cavalcanti oscila entre um olhar para dentro e um olhar para o mundo. Essa tens\u00e3o percorre sua obra e encontra &hellip; <\/p>\n<p class=\"link-more\"><a href=\"https:\/\/odiloncavalcanti.art.br\/de\/o-universo-nu\/\" class=\"more-link\">Continue reading<span class=\"screen-reader-text\"> &#8220;O universo nu :&#8221;<\/span><\/a><\/p>\n","protected":false},"author":1,"featured_media":405,"parent":0,"menu_order":0,"comment_status":"closed","ping_status":"closed","template":"","meta":{"footnotes":""},"class_list":["post-394","page","type-page","status-publish","has-post-thumbnail","hentry"],"translation":{"provider":"WPGlobus","version":"3.0.1","language":"de","enabled_languages":["en","es","de","fr","ru"],"languages":{"en":{"title":true,"content":true,"excerpt":false},"es":{"title":false,"content":false,"excerpt":false},"de":{"title":false,"content":false,"excerpt":false},"fr":{"title":false,"content":false,"excerpt":false},"ru":{"title":false,"content":false,"excerpt":false}}},"yoast_head":"<!-- This site is optimized with the Yoast SEO plugin v27.2 - https:\/\/yoast.com\/product\/yoast-seo-wordpress\/ -->\n<title>o-universo-nu:<\/title>\n<meta name=\"robots\" content=\"index, follow, max-snippet:-1, max-image-preview:large, max-video-preview:-1\" \/>\n<link rel=\"canonical\" href=\"http:\/\/odiloncavalcanti.art.br\/o-universo-nu\/\" \/>\n<meta property=\"og:locale\" content=\"de_DE\" \/>\n<meta property=\"og:type\" content=\"article\" \/>\n<meta property=\"og:title\" content=\"O universo nu : - Odilon Cavalcanti\" \/>\n<meta property=\"og:url\" content=\"http:\/\/odiloncavalcanti.art.br\/o-universo-nu\/\" \/>\n<meta property=\"og:site_name\" content=\"Odilon Cavalcanti\" \/>\n<meta property=\"article:publisher\" content=\"https:\/\/www.facebook.com\/AtelierOdilonCavalcanti\/\" \/>\n<meta property=\"article:modified_time\" content=\"2017-05-09T16:51:10+00:00\" \/>\n<meta property=\"og:image\" content=\"http:\/\/odiloncavalcanti.art.br\/wp-content\/uploads\/2017\/02\/img117-1.jpg\" \/>\n\t<meta property=\"og:image:width\" content=\"1254\" \/>\n\t<meta property=\"og:image:height\" content=\"1204\" \/>\n\t<meta property=\"og:image:type\" content=\"image\/jpeg\" \/>\n<meta name=\"twitter:card\" content=\"summary_large_image\" \/>\n<meta name=\"twitter:site\" content=\"@odilonk\" \/>\n<meta name=\"twitter:label1\" content=\"Est. reading time\" \/>\n\t<meta name=\"twitter:data1\" content=\"1 minute\" \/>\n<script type=\"application\/ld+json\" class=\"yoast-schema-graph\">{\"@context\":\"https:\/\/schema.org\",\"@graph\":[{\"@type\":\"WebPage\",\"@id\":\"http:\/\/odiloncavalcanti.art.br\/o-universo-nu\/\",\"url\":\"http:\/\/odiloncavalcanti.art.br\/o-universo-nu\/\",\"name\":\"o-universo-nu:\",\"isPartOf\":{\"@id\":\"http:\/\/odiloncavalcanti.art.br\/#website\"},\"primaryImageOfPage\":{\"@id\":\"http:\/\/odiloncavalcanti.art.br\/o-universo-nu\/#primaryimage\"},\"image\":{\"@id\":\"http:\/\/odiloncavalcanti.art.br\/o-universo-nu\/#primaryimage\"},\"thumbnailUrl\":\"https:\/\/odiloncavalcanti.art.br\/wp-content\/uploads\/2017\/02\/img117-1.jpg\",\"datePublished\":\"2017-02-09T00:10:49+00:00\",\"dateModified\":\"2017-05-09T16:51:10+00:00\",\"description\":\"O universo nu nos revela o olhar de Odilon Cavalcanti para a corporalidade do mundo. E o olhar de dentro para fora que o artista nos oferece aqui.\",\"breadcrumb\":{\"@id\":\"http:\/\/odiloncavalcanti.art.br\/o-universo-nu\/#breadcrumb\"},\"inLanguage\":\"de-DE\",\"potentialAction\":[{\"@type\":\"ReadAction\",\"target\":[\"http:\/\/odiloncavalcanti.art.br\/o-universo-nu\/\"]}]},{\"@type\":\"ImageObject\",\"inLanguage\":\"de-DE\",\"@id\":\"http:\/\/odiloncavalcanti.art.br\/o-universo-nu\/#primaryimage\",\"url\":\"https:\/\/odiloncavalcanti.art.br\/wp-content\/uploads\/2017\/02\/img117-1.jpg\",\"contentUrl\":\"https:\/\/odiloncavalcanti.art.br\/wp-content\/uploads\/2017\/02\/img117-1.jpg\",\"width\":1254,\"height\":1204,\"caption\":\"\\\"Nu reclinado\\\" \u00d3leo e pastel s\/ tela 100x100cm 1989\"},{\"@type\":\"BreadcrumbList\",\"@id\":\"http:\/\/odiloncavalcanti.art.br\/o-universo-nu\/#breadcrumb\",\"itemListElement\":[{\"@type\":\"ListItem\",\"position\":1,\"name\":\"In\u00edcio\",\"item\":\"http:\/\/odiloncavalcanti.art.br\/\"},{\"@type\":\"ListItem\",\"position\":2,\"name\":\"O universo nu :\"}]},{\"@type\":\"WebSite\",\"@id\":\"http:\/\/odiloncavalcanti.art.br\/#website\",\"url\":\"http:\/\/odiloncavalcanti.art.br\/\",\"name\":\"Odilon Cavalcanti\",\"description\":\"Um espelho da alquimia da Arte.\",\"potentialAction\":[{\"@type\":\"SearchAction\",\"target\":{\"@type\":\"EntryPoint\",\"urlTemplate\":\"http:\/\/odiloncavalcanti.art.br\/?s={search_term_string}\"},\"query-input\":{\"@type\":\"PropertyValueSpecification\",\"valueRequired\":true,\"valueName\":\"search_term_string\"}}],\"inLanguage\":\"de-DE\"}]}<\/script>\n<!-- \/ Yoast SEO plugin. -->","yoast_head_json":{"title":"o-universo-nu:","robots":{"index":"index","follow":"follow","max-snippet":"max-snippet:-1","max-image-preview":"max-image-preview:large","max-video-preview":"max-video-preview:-1"},"canonical":"http:\/\/odiloncavalcanti.art.br\/o-universo-nu\/","og_locale":"de_DE","og_type":"article","og_title":"O universo nu : - Odilon Cavalcanti","og_url":"http:\/\/odiloncavalcanti.art.br\/o-universo-nu\/","og_site_name":"Odilon Cavalcanti","article_publisher":"https:\/\/www.facebook.com\/AtelierOdilonCavalcanti\/","article_modified_time":"2017-05-09T16:51:10+00:00","og_image":[{"width":1254,"height":1204,"url":"http:\/\/odiloncavalcanti.art.br\/wp-content\/uploads\/2017\/02\/img117-1.jpg","type":"image\/jpeg"}],"twitter_card":"summary_large_image","twitter_site":"@odilonk","twitter_misc":{"Est. reading time":"1 minute"},"schema":{"@context":"https:\/\/schema.org","@graph":[{"@type":"WebPage","@id":"http:\/\/odiloncavalcanti.art.br\/o-universo-nu\/","url":"http:\/\/odiloncavalcanti.art.br\/o-universo-nu\/","name":"o-universo-nu:","isPartOf":{"@id":"http:\/\/odiloncavalcanti.art.br\/#website"},"primaryImageOfPage":{"@id":"http:\/\/odiloncavalcanti.art.br\/o-universo-nu\/#primaryimage"},"image":{"@id":"http:\/\/odiloncavalcanti.art.br\/o-universo-nu\/#primaryimage"},"thumbnailUrl":"https:\/\/odiloncavalcanti.art.br\/wp-content\/uploads\/2017\/02\/img117-1.jpg","datePublished":"2017-02-09T00:10:49+00:00","dateModified":"2017-05-09T16:51:10+00:00","description":"O universo nu nos revela o olhar de Odilon Cavalcanti para a corporalidade do mundo. E o olhar de dentro para fora que o artista nos oferece aqui.","breadcrumb":{"@id":"http:\/\/odiloncavalcanti.art.br\/o-universo-nu\/#breadcrumb"},"inLanguage":"de-DE","potentialAction":[{"@type":"ReadAction","target":["http:\/\/odiloncavalcanti.art.br\/o-universo-nu\/"]}]},{"@type":"ImageObject","inLanguage":"de-DE","@id":"http:\/\/odiloncavalcanti.art.br\/o-universo-nu\/#primaryimage","url":"https:\/\/odiloncavalcanti.art.br\/wp-content\/uploads\/2017\/02\/img117-1.jpg","contentUrl":"https:\/\/odiloncavalcanti.art.br\/wp-content\/uploads\/2017\/02\/img117-1.jpg","width":1254,"height":1204,"caption":"\"Nu reclinado\" \u00d3leo e pastel s\/ tela 100x100cm 1989"},{"@type":"BreadcrumbList","@id":"http:\/\/odiloncavalcanti.art.br\/o-universo-nu\/#breadcrumb","itemListElement":[{"@type":"ListItem","position":1,"name":"In\u00edcio","item":"http:\/\/odiloncavalcanti.art.br\/"},{"@type":"ListItem","position":2,"name":"O universo nu :"}]},{"@type":"WebSite","@id":"http:\/\/odiloncavalcanti.art.br\/#website","url":"http:\/\/odiloncavalcanti.art.br\/","name":"Odilon Cavalcanti","description":"Um espelho da alquimia da Arte.","potentialAction":[{"@type":"SearchAction","target":{"@type":"EntryPoint","urlTemplate":"http:\/\/odiloncavalcanti.art.br\/?s={search_term_string}"},"query-input":{"@type":"PropertyValueSpecification","valueRequired":true,"valueName":"search_term_string"}}],"inLanguage":"de-DE"}]}},"jetpack_sharing_enabled":true,"_links":{"self":[{"href":"https:\/\/odiloncavalcanti.art.br\/de\/wp-json\/wp\/v2\/pages\/394","targetHints":{"allow":["GET"]}}],"collection":[{"href":"https:\/\/odiloncavalcanti.art.br\/de\/wp-json\/wp\/v2\/pages"}],"about":[{"href":"https:\/\/odiloncavalcanti.art.br\/de\/wp-json\/wp\/v2\/types\/page"}],"author":[{"embeddable":true,"href":"https:\/\/odiloncavalcanti.art.br\/de\/wp-json\/wp\/v2\/users\/1"}],"replies":[{"embeddable":true,"href":"https:\/\/odiloncavalcanti.art.br\/de\/wp-json\/wp\/v2\/comments?post=394"}],"version-history":[{"count":11,"href":"https:\/\/odiloncavalcanti.art.br\/de\/wp-json\/wp\/v2\/pages\/394\/revisions"}],"predecessor-version":[{"id":1246,"href":"https:\/\/odiloncavalcanti.art.br\/de\/wp-json\/wp\/v2\/pages\/394\/revisions\/1246"}],"wp:featuredmedia":[{"embeddable":true,"href":"https:\/\/odiloncavalcanti.art.br\/de\/wp-json\/wp\/v2\/media\/405"}],"wp:attachment":[{"href":"https:\/\/odiloncavalcanti.art.br\/de\/wp-json\/wp\/v2\/media?parent=394"}],"curies":[{"name":"wp","href":"https:\/\/api.w.org\/{rel}","templated":true}]}}