{"id":38,"date":"2017-01-25T13:00:49","date_gmt":"2017-01-25T15:00:49","guid":{"rendered":"http:\/\/169.57.129.238\/~odilonca\/?page_id=38"},"modified":"2025-08-30T17:03:00","modified_gmt":"2025-08-30T20:03:00","slug":"odilon-cavalcanti-a-obra-o-artista-o-atelier-uma-leitura-alquimica","status":"publish","type":"page","link":"https:\/\/odiloncavalcanti.art.br\/de\/","title":{"rendered":""},"content":{"rendered":"<p><style>\n  .carrossel-cabecalho {<br \/>\n    position: relative;<br \/>\n    width: 100%;<br \/>\n    overflow: hidden;<br \/>\n  }<\/p>\n<p>  .carrossel-cabecalho img {<br \/>\n    display: none;<br \/>\n    width: 100%;<br \/>\n    height: auto;<br \/>\n    transition: opacity 1s ease-in-out;<br \/>\n    position: absolute;<br \/>\n    top: 0;<br \/>\n    left: 0;<br \/>\n  }<\/p>\n<p>  .carrossel-cabecalho img.ativo {<br \/>\n    display: block;<br \/>\n    position: relative;<br \/>\n    opacity: 1;<br \/>\n    z-index: 1;<br \/>\n  }<br \/>\n<\/style><\/p>\n<div class=\"carrossel-cabecalho\"><img decoding=\"async\" class=\"ativo\" src=\"http:\/\/odiloncavalcanti.art.br\/wp-content\/uploads\/2025\/07\/cropped-cropped-atelier.jpg\" \/><br \/><img decoding=\"async\" src=\"http:\/\/odiloncavalcanti.art.br\/wp-content\/uploads\/2025\/08\/cropped-cabecalho-scaled-1.jpg\" \/><br \/><img decoding=\"async\" src=\"http:\/\/odiloncavalcanti.art.br\/wp-content\/uploads\/2025\/08\/IMG_9256.jpg\" \/><br \/><img decoding=\"async\" src=\"http:\/\/odiloncavalcanti.art.br\/wp-content\/uploads\/2025\/08\/cabecalho-scaled.jpg\" \/><\/div>\n<p>\u00a0<\/p>\n<blockquote>\n<h2 style=\"text-align: center;\">&#8220;&#8230;Odilon quase sempre parte do escuro para o claro, criando luz a partir dos tons azulados do cobalto e turquesa. \u00c9 neste momento que come\u00e7a a festa para os olhos, quando ele funde em \u00e1reas determinadas geometricamente e outras informais, os verdes os magentas, os rosas e os laranjas. Algumas vezes cobertos com sutis veladuras, <em>onde,<\/em> t\u00eanues figuras em s\u00e9pia escura se organizam no espa\u00e7o em composi\u00e7\u00e3o. Determinando assim o aspecto sem\u00e2ntico da obra.<br \/>Com isto. o trabalho do artista chega a contagiar o espectador na busca de um elemento surpresa, de repert\u00f3rio conhecido, que \u00e9 justamente quando o trabalho se completa: obra\/espectador&#8230;&#8221;<\/h2>\n<p style=\"text-align: center;\"><strong>Maur\u00edcio Nogueira Lima<\/strong><\/p>\n<p style=\"text-align: center;\">Outubro de 1984<\/p>\n<h6>Texto completo na p\u00e1gina da 1a exposi\u00e7\u00e3o individual -&#8220;Identidade&#8221;<\/h6>\n<\/blockquote>\n\n\n<h2 class=\"wp-block-heading has-text-align-center\"><\/h2>\n\n\n\n<p class=\"has-text-align-center\"><\/p>\n\n\n\n<p><\/p>\n\n\n\n<p><\/p>\n\n\n\n<p><\/p>\n\n\n\n<figure class=\"wp-block-gallery has-nested-images columns-default is-cropped wp-block-gallery-1 is-layout-flex wp-block-gallery-is-layout-flex\"><\/figure>\n\n\n\n<p><\/p>\n","protected":false},"excerpt":{"rendered":"<p>\u00a0 &#8220;&#8230;Odilon quase sempre parte do escuro para o claro, criando luz a partir dos tons azulados do cobalto e turquesa. \u00c9 neste momento que come\u00e7a a festa para os olhos, quando ele funde em \u00e1reas determinadas geometricamente e outras informais, os verdes os magentas, os rosas e os laranjas. Algumas vezes cobertos com sutis &hellip; <\/p>\n<p class=\"link-more\"><a href=\"https:\/\/odiloncavalcanti.art.br\/de\/\" class=\"more-link\">Continue reading<span class=\"screen-reader-text\"> &#8220;&#8221;<\/span><\/a><\/p>\n","protected":false},"author":1,"featured_media":44,"parent":0,"menu_order":0,"comment_status":"closed","ping_status":"closed","template":"","meta":{"footnotes":""},"class_list":["post-38","page","type-page","status-publish","has-post-thumbnail","hentry"],"translation":{"provider":"WPGlobus","version":"3.0.1","language":"de","enabled_languages":["en","es","de","fr","ru"],"languages":{"en":{"title":false,"content":true,"excerpt":false},"es":{"title":false,"content":false,"excerpt":false},"de":{"title":false,"content":false,"excerpt":false},"fr":{"title":false,"content":false,"excerpt":false},"ru":{"title":false,"content":false,"excerpt":false}}},"yoast_head":"<!-- This site is optimized with the Yoast SEO plugin v27.2 - https:\/\/yoast.com\/product\/yoast-seo-wordpress\/ -->\n<title>Odilon Cavalcanti: a obra, o atelier e o artista.<\/title>\n<meta name=\"robots\" content=\"index, follow, max-snippet:-1, max-image-preview:large, max-video-preview:-1\" \/>\n<link rel=\"canonical\" href=\"http:\/\/odiloncavalcanti.art.br\/\" \/>\n<meta property=\"og:locale\" content=\"de_DE\" \/>\n<meta property=\"og:type\" content=\"article\" \/>\n<meta property=\"og:title\" content=\"- Odilon Cavalcanti\" \/>\n<meta property=\"og:url\" content=\"http:\/\/odiloncavalcanti.art.br\/\" \/>\n<meta property=\"og:site_name\" content=\"Odilon Cavalcanti\" \/>\n<meta property=\"article:publisher\" content=\"https:\/\/www.facebook.com\/AtelierOdilonCavalcanti\/\" \/>\n<meta property=\"article:modified_time\" content=\"2025-08-30T20:03:00+00:00\" \/>\n<meta property=\"og:image\" content=\"http:\/\/odiloncavalcanti.art.br\/wp-content\/uploads\/2017\/01\/Rota.jpg\" \/>\n\t<meta property=\"og:image:width\" content=\"567\" \/>\n\t<meta property=\"og:image:height\" content=\"402\" \/>\n\t<meta property=\"og:image:type\" content=\"image\/jpeg\" \/>\n<meta name=\"twitter:card\" content=\"summary_large_image\" \/>\n<meta name=\"twitter:site\" content=\"@odilonk\" \/>\n<meta name=\"twitter:label1\" content=\"Est. reading time\" \/>\n\t<meta name=\"twitter:data1\" content=\"1 minute\" \/>\n<script type=\"application\/ld+json\" class=\"yoast-schema-graph\">{\"@context\":\"https:\/\/schema.org\",\"@graph\":[{\"@type\":\"WebPage\",\"@id\":\"http:\/\/odiloncavalcanti.art.br\/\",\"url\":\"http:\/\/odiloncavalcanti.art.br\/\",\"name\":\"Odilon Cavalcanti: a obra, o atelier e o artista.\",\"isPartOf\":{\"@id\":\"http:\/\/odiloncavalcanti.art.br\/#website\"},\"primaryImageOfPage\":{\"@id\":\"http:\/\/odiloncavalcanti.art.br\/#primaryimage\"},\"image\":{\"@id\":\"http:\/\/odiloncavalcanti.art.br\/#primaryimage\"},\"thumbnailUrl\":\"https:\/\/odiloncavalcanti.art.br\/wp-content\/uploads\/2017\/01\/Rota.jpg\",\"datePublished\":\"2017-01-25T15:00:49+00:00\",\"dateModified\":\"2025-08-30T20:03:00+00:00\",\"description\":\"\\\"Site oficial do artista visual Odilon Cavalcanti: conhe\u00e7a 'Rota', e outras obras marcantes, a fortuna cr\u00edtica e uma vis\u00e3o alqu\u00edmica, \u00fanica\\\"\",\"inLanguage\":\"de-DE\",\"potentialAction\":[{\"@type\":\"ReadAction\",\"target\":[\"http:\/\/odiloncavalcanti.art.br\/\"]}]},{\"@type\":\"ImageObject\",\"inLanguage\":\"de-DE\",\"@id\":\"http:\/\/odiloncavalcanti.art.br\/#primaryimage\",\"url\":\"https:\/\/odiloncavalcanti.art.br\/wp-content\/uploads\/2017\/01\/Rota.jpg\",\"contentUrl\":\"https:\/\/odiloncavalcanti.art.br\/wp-content\/uploads\/2017\/01\/Rota.jpg\",\"width\":567,\"height\":402,\"caption\":\"\\\"Rota\\\" Acr\u00edlica e pastel s\/tela 200x140 cm 2008x209\"},{\"@type\":\"WebSite\",\"@id\":\"http:\/\/odiloncavalcanti.art.br\/#website\",\"url\":\"http:\/\/odiloncavalcanti.art.br\/\",\"name\":\"Odilon Cavalcanti\",\"description\":\"Um espelho da alquimia da Arte.\",\"potentialAction\":[{\"@type\":\"SearchAction\",\"target\":{\"@type\":\"EntryPoint\",\"urlTemplate\":\"http:\/\/odiloncavalcanti.art.br\/?s={search_term_string}\"},\"query-input\":{\"@type\":\"PropertyValueSpecification\",\"valueRequired\":true,\"valueName\":\"search_term_string\"}}],\"inLanguage\":\"de-DE\"}]}<\/script>\n<!-- \/ Yoast SEO plugin. -->","yoast_head_json":{"title":"Odilon Cavalcanti: a obra, o atelier e o artista.","robots":{"index":"index","follow":"follow","max-snippet":"max-snippet:-1","max-image-preview":"max-image-preview:large","max-video-preview":"max-video-preview:-1"},"canonical":"http:\/\/odiloncavalcanti.art.br\/","og_locale":"de_DE","og_type":"article","og_title":"- Odilon Cavalcanti","og_url":"http:\/\/odiloncavalcanti.art.br\/","og_site_name":"Odilon Cavalcanti","article_publisher":"https:\/\/www.facebook.com\/AtelierOdilonCavalcanti\/","article_modified_time":"2025-08-30T20:03:00+00:00","og_image":[{"width":567,"height":402,"url":"http:\/\/odiloncavalcanti.art.br\/wp-content\/uploads\/2017\/01\/Rota.jpg","type":"image\/jpeg"}],"twitter_card":"summary_large_image","twitter_site":"@odilonk","twitter_misc":{"Est. reading time":"1 minute"},"schema":{"@context":"https:\/\/schema.org","@graph":[{"@type":"WebPage","@id":"http:\/\/odiloncavalcanti.art.br\/","url":"http:\/\/odiloncavalcanti.art.br\/","name":"Odilon Cavalcanti: a obra, o atelier e o artista.","isPartOf":{"@id":"http:\/\/odiloncavalcanti.art.br\/#website"},"primaryImageOfPage":{"@id":"http:\/\/odiloncavalcanti.art.br\/#primaryimage"},"image":{"@id":"http:\/\/odiloncavalcanti.art.br\/#primaryimage"},"thumbnailUrl":"https:\/\/odiloncavalcanti.art.br\/wp-content\/uploads\/2017\/01\/Rota.jpg","datePublished":"2017-01-25T15:00:49+00:00","dateModified":"2025-08-30T20:03:00+00:00","description":"\"Site oficial do artista visual Odilon Cavalcanti: conhe\u00e7a 'Rota', e outras obras marcantes, a fortuna cr\u00edtica e uma vis\u00e3o alqu\u00edmica, \u00fanica\"","inLanguage":"de-DE","potentialAction":[{"@type":"ReadAction","target":["http:\/\/odiloncavalcanti.art.br\/"]}]},{"@type":"ImageObject","inLanguage":"de-DE","@id":"http:\/\/odiloncavalcanti.art.br\/#primaryimage","url":"https:\/\/odiloncavalcanti.art.br\/wp-content\/uploads\/2017\/01\/Rota.jpg","contentUrl":"https:\/\/odiloncavalcanti.art.br\/wp-content\/uploads\/2017\/01\/Rota.jpg","width":567,"height":402,"caption":"\"Rota\" Acr\u00edlica e pastel s\/tela 200x140 cm 2008x209"},{"@type":"WebSite","@id":"http:\/\/odiloncavalcanti.art.br\/#website","url":"http:\/\/odiloncavalcanti.art.br\/","name":"Odilon Cavalcanti","description":"Um espelho da alquimia da Arte.","potentialAction":[{"@type":"SearchAction","target":{"@type":"EntryPoint","urlTemplate":"http:\/\/odiloncavalcanti.art.br\/?s={search_term_string}"},"query-input":{"@type":"PropertyValueSpecification","valueRequired":true,"valueName":"search_term_string"}}],"inLanguage":"de-DE"}]}},"jetpack_sharing_enabled":true,"_links":{"self":[{"href":"https:\/\/odiloncavalcanti.art.br\/de\/wp-json\/wp\/v2\/pages\/38","targetHints":{"allow":["GET"]}}],"collection":[{"href":"https:\/\/odiloncavalcanti.art.br\/de\/wp-json\/wp\/v2\/pages"}],"about":[{"href":"https:\/\/odiloncavalcanti.art.br\/de\/wp-json\/wp\/v2\/types\/page"}],"author":[{"embeddable":true,"href":"https:\/\/odiloncavalcanti.art.br\/de\/wp-json\/wp\/v2\/users\/1"}],"replies":[{"embeddable":true,"href":"https:\/\/odiloncavalcanti.art.br\/de\/wp-json\/wp\/v2\/comments?post=38"}],"version-history":[{"count":81,"href":"https:\/\/odiloncavalcanti.art.br\/de\/wp-json\/wp\/v2\/pages\/38\/revisions"}],"predecessor-version":[{"id":2445,"href":"https:\/\/odiloncavalcanti.art.br\/de\/wp-json\/wp\/v2\/pages\/38\/revisions\/2445"}],"wp:featuredmedia":[{"embeddable":true,"href":"https:\/\/odiloncavalcanti.art.br\/de\/wp-json\/wp\/v2\/media\/44"}],"wp:attachment":[{"href":"https:\/\/odiloncavalcanti.art.br\/de\/wp-json\/wp\/v2\/media?parent=38"}],"curies":[{"name":"wp","href":"https:\/\/api.w.org\/{rel}","templated":true}]}}