{"id":175,"date":"2017-01-29T11:41:30","date_gmt":"2017-01-29T13:41:30","guid":{"rendered":"http:\/\/169.57.129.238\/~odilonca\/?page_id=175"},"modified":"2025-07-31T17:58:10","modified_gmt":"2025-07-31T20:58:10","slug":"contato-2","status":"publish","type":"page","link":"https:\/\/odiloncavalcanti.art.br\/de\/o-atelier-laboratorio-alquimista\/contato-2\/","title":{"rendered":"Contato:"},"content":{"rendered":"\n<div class=\"wp-block-contact-form-7-contact-form-selector\">\n<div class=\"wpcf7 no-js\" id=\"wpcf7-f2236-o1\" lang=\"pt-BR\" dir=\"ltr\" data-wpcf7-id=\"2236\">\n<div class=\"screen-reader-response\"><p role=\"status\" aria-live=\"polite\" aria-atomic=\"true\"><\/p> <ul><\/ul><\/div>\n<form action=\"\/de\/wp-json\/wp\/v2\/pages\/175#wpcf7-f2236-o1\" method=\"post\" class=\"wpcf7-form init\" aria-label=\"Contact form\" novalidate=\"novalidate\" data-status=\"init\">\n<fieldset class=\"hidden-fields-container\"><input type=\"hidden\" name=\"_wpcf7\" value=\"2236\" \/><input type=\"hidden\" name=\"_wpcf7_version\" value=\"6.1.4\" \/><input type=\"hidden\" name=\"_wpcf7_locale\" value=\"pt_BR\" \/><input type=\"hidden\" name=\"_wpcf7_unit_tag\" value=\"wpcf7-f2236-o1\" \/><input type=\"hidden\" name=\"_wpcf7_container_post\" value=\"0\" \/><input type=\"hidden\" name=\"_wpcf7_posted_data_hash\" value=\"\" \/>\n<\/fieldset>\n<p><label> Nome*<br \/>\n<span class=\"wpcf7-form-control-wrap\" data-name=\"nome\"><input size=\"40\" maxlength=\"400\" class=\"wpcf7-form-control wpcf7-text wpcf7-validates-as-required\" aria-required=\"true\" aria-invalid=\"false\" value=\"\" type=\"text\" name=\"nome\" \/><\/span> <\/label>\n<\/p>\n<p><label> E-mail*<br \/>\n<span class=\"wpcf7-form-control-wrap\" data-name=\"email\"><input size=\"40\" maxlength=\"400\" class=\"wpcf7-form-control wpcf7-email wpcf7-validates-as-required wpcf7-text wpcf7-validates-as-email\" aria-required=\"true\" aria-invalid=\"false\" value=\"\" type=\"email\" name=\"email\" \/><\/span> <\/label>\n<\/p>\n<p><label> Telefone<br \/>\n<span class=\"wpcf7-form-control-wrap\" data-name=\"telefone\"><input size=\"40\" maxlength=\"400\" class=\"wpcf7-form-control wpcf7-tel wpcf7-text wpcf7-validates-as-tel\" aria-invalid=\"false\" value=\"\" type=\"tel\" name=\"telefone\" \/><\/span> <\/label>\n<\/p>\n<p><label> Assunto<br \/>\n<span class=\"wpcf7-form-control-wrap\" data-name=\"assunto\"><input size=\"40\" maxlength=\"400\" class=\"wpcf7-form-control wpcf7-text\" aria-invalid=\"false\" value=\"\" type=\"text\" name=\"assunto\" \/><\/span> <\/label>\n<\/p>\n<p><label> Mensagem*<br \/>\n<span class=\"wpcf7-form-control-wrap\" data-name=\"mensagem\"><textarea cols=\"40\" rows=\"10\" maxlength=\"2000\" class=\"wpcf7-form-control wpcf7-textarea wpcf7-validates-as-required\" aria-required=\"true\" aria-invalid=\"false\" name=\"mensagem\"><\/textarea><\/span> <\/label>\n<\/p>\n<p><input class=\"wpcf7-form-control wpcf7-submit has-spinner\" type=\"submit\" value=\"Enviar\" \/>\n<\/p><p style=\"display: none !important;\" class=\"akismet-fields-container\" data-prefix=\"_wpcf7_ak_\"><label>&#916;<textarea name=\"_wpcf7_ak_hp_textarea\" cols=\"45\" rows=\"8\" maxlength=\"100\"><\/textarea><\/label><input type=\"hidden\" id=\"ak_js_1\" name=\"_wpcf7_ak_js\" value=\"241\"\/><script>document.getElementById( \"ak_js_1\" ).setAttribute( \"value\", ( new Date() ).getTime() );<\/script><\/p><div class=\"wpcf7-response-output\" aria-hidden=\"true\"><\/div>\n<\/form>\n<\/div>\n<\/div>\n\n\n\n<p><\/p>\n","protected":false},"excerpt":{"rendered":"","protected":false},"author":1,"featured_media":0,"parent":40,"menu_order":0,"comment_status":"closed","ping_status":"closed","template":"","meta":{"footnotes":""},"class_list":["post-175","page","type-page","status-publish","hentry"],"translation":{"provider":"WPGlobus","version":"3.0.1","language":"de","enabled_languages":["en","es","de","fr","ru"],"languages":{"en":{"title":true,"content":true,"excerpt":false},"es":{"title":false,"content":false,"excerpt":false},"de":{"title":false,"content":false,"excerpt":false},"fr":{"title":false,"content":false,"excerpt":false},"ru":{"title":false,"content":false,"excerpt":false}}},"yoast_head":"<!-- This site is optimized with the Yoast SEO plugin v27.2 - https:\/\/yoast.com\/product\/yoast-seo-wordpress\/ -->\n<title>Contato: - Odilon Cavalcanti<\/title>\n<meta name=\"robots\" content=\"index, follow, max-snippet:-1, max-image-preview:large, max-video-preview:-1\" \/>\n<link rel=\"canonical\" href=\"http:\/\/odiloncavalcanti.art.br\/fr\/o-atelier-laboratorio-alquimista\/contato-2\/\" \/>\n<meta property=\"og:locale\" content=\"de_DE\" \/>\n<meta property=\"og:type\" content=\"article\" \/>\n<meta property=\"og:title\" content=\"Contato: - Odilon Cavalcanti\" \/>\n<meta property=\"og:url\" content=\"http:\/\/odiloncavalcanti.art.br\/fr\/o-atelier-laboratorio-alquimista\/contato-2\/\" \/>\n<meta property=\"og:site_name\" content=\"Odilon Cavalcanti\" \/>\n<meta property=\"article:publisher\" content=\"https:\/\/www.facebook.com\/AtelierOdilonCavalcanti\/\" \/>\n<meta property=\"article:modified_time\" content=\"2025-07-31T20:58:10+00:00\" \/>\n<meta name=\"twitter:card\" content=\"summary_large_image\" \/>\n<meta name=\"twitter:site\" content=\"@odilonk\" \/>\n<meta name=\"twitter:label1\" content=\"Est. reading time\" \/>\n\t<meta name=\"twitter:data1\" content=\"1 minute\" \/>\n<script type=\"application\/ld+json\" class=\"yoast-schema-graph\">{\"@context\":\"https:\/\/schema.org\",\"@graph\":[{\"@type\":\"WebPage\",\"@id\":\"http:\/\/odiloncavalcanti.art.br\/fr\/o-atelier-laboratorio-alquimista\/contato-2\/\",\"url\":\"http:\/\/odiloncavalcanti.art.br\/fr\/o-atelier-laboratorio-alquimista\/contato-2\/\",\"name\":\"Contato: - Odilon Cavalcanti\",\"isPartOf\":{\"@id\":\"http:\/\/odiloncavalcanti.art.br\/#website\"},\"datePublished\":\"2017-01-29T13:41:30+00:00\",\"dateModified\":\"2025-07-31T20:58:10+00:00\",\"description\":\"Espa\u00e7o para digita\u00e7\u00e3o e preenchimento de campos de mensagens de texto, coment\u00e1rios, cr\u00edticas e perguntas ao artista Odilon Cavalcanti.\",\"breadcrumb\":{\"@id\":\"http:\/\/odiloncavalcanti.art.br\/fr\/o-atelier-laboratorio-alquimista\/contato-2\/#breadcrumb\"},\"inLanguage\":\"de-DE\",\"potentialAction\":[{\"@type\":\"ReadAction\",\"target\":[\"http:\/\/odiloncavalcanti.art.br\/fr\/o-atelier-laboratorio-alquimista\/contato-2\/\"]}]},{\"@type\":\"BreadcrumbList\",\"@id\":\"http:\/\/odiloncavalcanti.art.br\/fr\/o-atelier-laboratorio-alquimista\/contato-2\/#breadcrumb\",\"itemListElement\":[{\"@type\":\"ListItem\",\"position\":1,\"name\":\"In\u00edcio\",\"item\":\"http:\/\/odiloncavalcanti.art.br\/\"},{\"@type\":\"ListItem\",\"position\":2,\"name\":\"O Atelier\",\"item\":\"http:\/\/odiloncavalcanti.art.br\/fr\/o-atelier-laboratorio-alquimista\/\"},{\"@type\":\"ListItem\",\"position\":3,\"name\":\"Contato:\"}]},{\"@type\":\"WebSite\",\"@id\":\"http:\/\/odiloncavalcanti.art.br\/#website\",\"url\":\"http:\/\/odiloncavalcanti.art.br\/\",\"name\":\"Odilon Cavalcanti\",\"description\":\"Um espelho da alquimia da Arte.\",\"potentialAction\":[{\"@type\":\"SearchAction\",\"target\":{\"@type\":\"EntryPoint\",\"urlTemplate\":\"http:\/\/odiloncavalcanti.art.br\/?s={search_term_string}\"},\"query-input\":{\"@type\":\"PropertyValueSpecification\",\"valueRequired\":true,\"valueName\":\"search_term_string\"}}],\"inLanguage\":\"de-DE\"}]}<\/script>\n<!-- \/ Yoast SEO plugin. -->","yoast_head_json":{"title":"Contato: - Odilon Cavalcanti","robots":{"index":"index","follow":"follow","max-snippet":"max-snippet:-1","max-image-preview":"max-image-preview:large","max-video-preview":"max-video-preview:-1"},"canonical":"http:\/\/odiloncavalcanti.art.br\/fr\/o-atelier-laboratorio-alquimista\/contato-2\/","og_locale":"de_DE","og_type":"article","og_title":"Contato: - Odilon Cavalcanti","og_url":"http:\/\/odiloncavalcanti.art.br\/fr\/o-atelier-laboratorio-alquimista\/contato-2\/","og_site_name":"Odilon Cavalcanti","article_publisher":"https:\/\/www.facebook.com\/AtelierOdilonCavalcanti\/","article_modified_time":"2025-07-31T20:58:10+00:00","twitter_card":"summary_large_image","twitter_site":"@odilonk","twitter_misc":{"Est. reading time":"1 minute"},"schema":{"@context":"https:\/\/schema.org","@graph":[{"@type":"WebPage","@id":"http:\/\/odiloncavalcanti.art.br\/fr\/o-atelier-laboratorio-alquimista\/contato-2\/","url":"http:\/\/odiloncavalcanti.art.br\/fr\/o-atelier-laboratorio-alquimista\/contato-2\/","name":"Contato: - Odilon Cavalcanti","isPartOf":{"@id":"http:\/\/odiloncavalcanti.art.br\/#website"},"datePublished":"2017-01-29T13:41:30+00:00","dateModified":"2025-07-31T20:58:10+00:00","description":"Espa\u00e7o para digita\u00e7\u00e3o e preenchimento de campos de mensagens de texto, coment\u00e1rios, cr\u00edticas e perguntas ao artista Odilon Cavalcanti.","breadcrumb":{"@id":"http:\/\/odiloncavalcanti.art.br\/fr\/o-atelier-laboratorio-alquimista\/contato-2\/#breadcrumb"},"inLanguage":"de-DE","potentialAction":[{"@type":"ReadAction","target":["http:\/\/odiloncavalcanti.art.br\/fr\/o-atelier-laboratorio-alquimista\/contato-2\/"]}]},{"@type":"BreadcrumbList","@id":"http:\/\/odiloncavalcanti.art.br\/fr\/o-atelier-laboratorio-alquimista\/contato-2\/#breadcrumb","itemListElement":[{"@type":"ListItem","position":1,"name":"In\u00edcio","item":"http:\/\/odiloncavalcanti.art.br\/"},{"@type":"ListItem","position":2,"name":"O Atelier","item":"http:\/\/odiloncavalcanti.art.br\/fr\/o-atelier-laboratorio-alquimista\/"},{"@type":"ListItem","position":3,"name":"Contato:"}]},{"@type":"WebSite","@id":"http:\/\/odiloncavalcanti.art.br\/#website","url":"http:\/\/odiloncavalcanti.art.br\/","name":"Odilon Cavalcanti","description":"Um espelho da alquimia da Arte.","potentialAction":[{"@type":"SearchAction","target":{"@type":"EntryPoint","urlTemplate":"http:\/\/odiloncavalcanti.art.br\/?s={search_term_string}"},"query-input":{"@type":"PropertyValueSpecification","valueRequired":true,"valueName":"search_term_string"}}],"inLanguage":"de-DE"}]}},"jetpack_sharing_enabled":true,"_links":{"self":[{"href":"https:\/\/odiloncavalcanti.art.br\/de\/wp-json\/wp\/v2\/pages\/175","targetHints":{"allow":["GET"]}}],"collection":[{"href":"https:\/\/odiloncavalcanti.art.br\/de\/wp-json\/wp\/v2\/pages"}],"about":[{"href":"https:\/\/odiloncavalcanti.art.br\/de\/wp-json\/wp\/v2\/types\/page"}],"author":[{"embeddable":true,"href":"https:\/\/odiloncavalcanti.art.br\/de\/wp-json\/wp\/v2\/users\/1"}],"replies":[{"embeddable":true,"href":"https:\/\/odiloncavalcanti.art.br\/de\/wp-json\/wp\/v2\/comments?post=175"}],"version-history":[{"count":19,"href":"https:\/\/odiloncavalcanti.art.br\/de\/wp-json\/wp\/v2\/pages\/175\/revisions"}],"predecessor-version":[{"id":2272,"href":"https:\/\/odiloncavalcanti.art.br\/de\/wp-json\/wp\/v2\/pages\/175\/revisions\/2272"}],"up":[{"embeddable":true,"href":"https:\/\/odiloncavalcanti.art.br\/de\/wp-json\/wp\/v2\/pages\/40"}],"wp:attachment":[{"href":"https:\/\/odiloncavalcanti.art.br\/de\/wp-json\/wp\/v2\/media?parent=175"}],"curies":[{"name":"wp","href":"https:\/\/api.w.org\/{rel}","templated":true}]}}