{"id":1484,"date":"2019-09-29T15:56:00","date_gmt":"2019-09-29T18:56:00","guid":{"rendered":"https:\/\/www.odiloncavalcanti.art.br\/?page_id=1484"},"modified":"2019-10-23T12:33:39","modified_gmt":"2019-10-23T15:33:39","slug":"fotografia","status":"publish","type":"page","link":"https:\/\/odiloncavalcanti.art.br\/de\/odilon-cavalcanti-a-obra-o-artista-o-atelier-uma-leitura-alquimica\/exposicoes-coletivas-colecoes-e-projetos\/fotografia\/","title":{"rendered":"Fotografia"},"content":{"rendered":"\n<p class=\"has-medium-font-size\">Odilon Cavalcanti teve a chance de ver nascer e crescer, como curador do trabalho do <a href=\"https:\/\/ecofotografias.fot.br\/\" target=\"_blank\" rel=\"noreferrer noopener\" aria-label=\" (abre numa nova aba)\">Ecofotografias<\/a> que sua mulher, Malouh Gualberto, que j\u00e1 tinha a semente da paisagem implantada  em sua forma\u00e7\u00e3o humana e human\u00edstica desde suas origens, na hora e na oportunidade certa, fez germinar de maneira natural e vigorosa.<\/p>\n\n\n\n<p>Como curador, Odilon teve a oportunidade tamb\u00e9m de observar,  neste processo, como o olhar fotogr\u00e1fico se instaura na simbiose homem \/m\u00e1quina, permitindo que a identidade de um se expresse pela especificidade t\u00e9cnica da outra,  construindo pontes entre luzes e mem\u00f3rias, como as que guardara de inf\u00e2ncia, quando seu tio Paulo, aficionado da fotografia, instalava no banheiro de sua casa em Botafogo, no Rio, onde ent\u00e3o a fam\u00edlia morava, um laborat\u00f3rio que s\u00f3 existia \u00e0 noite e que revelava  a magia da imagem a um Odilon encantado. <\/p>\n\n\n\n<p>A mem\u00f3ria de inf\u00e2ncia tornou-se predicado profissional ao exercer durante anos a fun\u00e7\u00e3o de Diretor de Arte e Diretor de Cria\u00e7\u00e3o de diversas das principais Ag\u00eancias de Comunica\u00e7\u00e3o e Propaganda de v\u00e1rios Estados, onde trabalhou com a nata dos fot\u00f3grafos brasileiros e por in\u00fameras ocasi\u00f5es participou criativamente das produ\u00e7\u00f5es fotogr\u00e1ficas, dirigindo, iluminando e editando-as: Meca, Duran, Chico Albuquerque, Celso Oiveira, Tadeu Lubambo, Fabio Pra\u00e7a e dezenas de outros fot\u00f3grafos fizeram parte da lista de fornecedores de imagens para Odilon. Em muitas destas ocasi\u00f5es Malouh lhe fazia companhia e, por sua vez, acumulava conhecimento e experi\u00eancias.<\/p>\n\n\n\n<p>Foi, portanto, muito instigante para Odilon Cavalcanti, a oportunidade de evidenciar ao p\u00fablico a riqueza da vitalidade da explos\u00e3o criativa que o artista pode testemunhar e tratar, de modo curatorial, acompanhando Malouh em suas imers\u00f5es na matas na inten\u00e7\u00e3o de capta\u00e7\u00e3o das imagens que ela agora mostra em seu site https:\/\/www.ecofotografias.fot.br e, neste processo que deu-se dentro da mesma naturalidade a aproxima\u00e7\u00e3o com o registro e o olhar fotogr\u00e1fico, que em Odilon manifestou-se, diferentemente do olhar paisag\u00edstico de Malouh, como um olhar ao pequeno, ao detalhe, \u00e0 nuances de luz e \u00e0s baixas luzes.<\/p>\n\n\n\n<p>Naturalmente que o neste processo a bagagem de Odilon Cavalcanti como artista visual e artista gr\u00e1fico passa a acrescentar um olhar pr\u00f3prio que resulta em ensaios, s\u00e9ries e estudos onde Odilon registra, desenvolve e agora apresenta, incorporado ao seu pr\u00f3prio patrim\u00f4nio visual, aqui, ao seu p\u00fablico, com a mesma alegria da crian\u00e7a que, um dia, descobriu a magia de um laborat\u00f3rio fotogr\u00e1fico que, como os sonhos, s\u00f3 existia \u00e0 noite.<\/p>\n\n\n\n<ul class=\"wp-block-gallery columns-3 is-cropped wp-block-gallery-1 is-layout-flex wp-block-gallery-is-layout-flex\"><li class=\"blocks-gallery-item\"><figure><img loading=\"lazy\" decoding=\"async\" width=\"1024\" height=\"682\" src=\"https:\/\/www.odiloncavalcanti.art.br\/wp-content\/uploads\/2019\/09\/IMG_8706-copy-1024x682.jpg\" alt=\"\" data-id=\"1497\" data-link=\"https:\/\/www.odiloncavalcanti.art.br\/img_8706-copy\/\" class=\"wp-image-1497\" srcset=\"https:\/\/odiloncavalcanti.art.br\/wp-content\/uploads\/2019\/09\/IMG_8706-copy-1024x682.jpg 1024w, https:\/\/odiloncavalcanti.art.br\/wp-content\/uploads\/2019\/09\/IMG_8706-copy-300x200.jpg 300w, https:\/\/odiloncavalcanti.art.br\/wp-content\/uploads\/2019\/09\/IMG_8706-copy-768x512.jpg 768w, https:\/\/odiloncavalcanti.art.br\/wp-content\/uploads\/2019\/09\/IMG_8706-copy.jpg 1124w\" sizes=\"auto, (max-width: 767px) 89vw, (max-width: 1000px) 54vw, (max-width: 1071px) 543px, 580px\" \/><\/figure><\/li><li class=\"blocks-gallery-item\"><figure><img loading=\"lazy\" decoding=\"async\" width=\"1024\" height=\"682\" src=\"https:\/\/www.odiloncavalcanti.art.br\/wp-content\/uploads\/2019\/09\/IMG_8705-copy-1024x682.jpg\" alt=\"\" data-id=\"1496\" data-link=\"https:\/\/www.odiloncavalcanti.art.br\/img_8705-copy\/\" class=\"wp-image-1496\" srcset=\"https:\/\/odiloncavalcanti.art.br\/wp-content\/uploads\/2019\/09\/IMG_8705-copy-1024x682.jpg 1024w, https:\/\/odiloncavalcanti.art.br\/wp-content\/uploads\/2019\/09\/IMG_8705-copy-300x200.jpg 300w, https:\/\/odiloncavalcanti.art.br\/wp-content\/uploads\/2019\/09\/IMG_8705-copy-768x512.jpg 768w, https:\/\/odiloncavalcanti.art.br\/wp-content\/uploads\/2019\/09\/IMG_8705-copy.jpg 1124w\" sizes=\"auto, (max-width: 767px) 89vw, (max-width: 1000px) 54vw, (max-width: 1071px) 543px, 580px\" \/><\/figure><\/li><li class=\"blocks-gallery-item\"><figure><img loading=\"lazy\" decoding=\"async\" width=\"1024\" height=\"682\" src=\"https:\/\/www.odiloncavalcanti.art.br\/wp-content\/uploads\/2019\/09\/IMG_8703-copy-1024x682.jpg\" alt=\"\" data-id=\"1495\" data-link=\"https:\/\/www.odiloncavalcanti.art.br\/img_8703-copy\/\" class=\"wp-image-1495\" srcset=\"https:\/\/odiloncavalcanti.art.br\/wp-content\/uploads\/2019\/09\/IMG_8703-copy-1024x682.jpg 1024w, https:\/\/odiloncavalcanti.art.br\/wp-content\/uploads\/2019\/09\/IMG_8703-copy-300x200.jpg 300w, https:\/\/odiloncavalcanti.art.br\/wp-content\/uploads\/2019\/09\/IMG_8703-copy-768x512.jpg 768w, https:\/\/odiloncavalcanti.art.br\/wp-content\/uploads\/2019\/09\/IMG_8703-copy.jpg 1124w\" sizes=\"auto, (max-width: 767px) 89vw, (max-width: 1000px) 54vw, (max-width: 1071px) 543px, 580px\" \/><\/figure><\/li><li class=\"blocks-gallery-item\"><figure><img loading=\"lazy\" decoding=\"async\" width=\"1024\" height=\"682\" src=\"https:\/\/www.odiloncavalcanti.art.br\/wp-content\/uploads\/2019\/09\/IMG_8697-copy-1024x682.jpg\" alt=\"\" data-id=\"1494\" data-link=\"https:\/\/www.odiloncavalcanti.art.br\/img_8697-copy\/\" class=\"wp-image-1494\" srcset=\"https:\/\/odiloncavalcanti.art.br\/wp-content\/uploads\/2019\/09\/IMG_8697-copy-1024x682.jpg 1024w, https:\/\/odiloncavalcanti.art.br\/wp-content\/uploads\/2019\/09\/IMG_8697-copy-300x200.jpg 300w, https:\/\/odiloncavalcanti.art.br\/wp-content\/uploads\/2019\/09\/IMG_8697-copy-768x512.jpg 768w, https:\/\/odiloncavalcanti.art.br\/wp-content\/uploads\/2019\/09\/IMG_8697-copy.jpg 1124w\" sizes=\"auto, (max-width: 767px) 89vw, (max-width: 1000px) 54vw, (max-width: 1071px) 543px, 580px\" \/><\/figure><\/li><li class=\"blocks-gallery-item\"><figure><img loading=\"lazy\" decoding=\"async\" width=\"1024\" height=\"682\" src=\"https:\/\/www.odiloncavalcanti.art.br\/wp-content\/uploads\/2019\/09\/IMG_8695-copy-1024x682.jpg\" alt=\"\" data-id=\"1493\" data-link=\"https:\/\/www.odiloncavalcanti.art.br\/img_8695-copy\/\" class=\"wp-image-1493\" srcset=\"https:\/\/odiloncavalcanti.art.br\/wp-content\/uploads\/2019\/09\/IMG_8695-copy-1024x682.jpg 1024w, https:\/\/odiloncavalcanti.art.br\/wp-content\/uploads\/2019\/09\/IMG_8695-copy-300x200.jpg 300w, https:\/\/odiloncavalcanti.art.br\/wp-content\/uploads\/2019\/09\/IMG_8695-copy-768x512.jpg 768w, https:\/\/odiloncavalcanti.art.br\/wp-content\/uploads\/2019\/09\/IMG_8695-copy.jpg 1124w\" sizes=\"auto, (max-width: 767px) 89vw, (max-width: 1000px) 54vw, (max-width: 1071px) 543px, 580px\" \/><\/figure><\/li><li class=\"blocks-gallery-item\"><figure><img loading=\"lazy\" decoding=\"async\" width=\"1024\" height=\"682\" src=\"https:\/\/www.odiloncavalcanti.art.br\/wp-content\/uploads\/2019\/09\/IMG_8694-copy-1024x682.jpg\" alt=\"\" data-id=\"1492\" data-link=\"https:\/\/www.odiloncavalcanti.art.br\/img_8694-copy\/\" class=\"wp-image-1492\" srcset=\"https:\/\/odiloncavalcanti.art.br\/wp-content\/uploads\/2019\/09\/IMG_8694-copy-1024x682.jpg 1024w, https:\/\/odiloncavalcanti.art.br\/wp-content\/uploads\/2019\/09\/IMG_8694-copy-300x200.jpg 300w, https:\/\/odiloncavalcanti.art.br\/wp-content\/uploads\/2019\/09\/IMG_8694-copy-768x512.jpg 768w, https:\/\/odiloncavalcanti.art.br\/wp-content\/uploads\/2019\/09\/IMG_8694-copy.jpg 1124w\" sizes=\"auto, (max-width: 767px) 89vw, (max-width: 1000px) 54vw, (max-width: 1071px) 543px, 580px\" \/><\/figure><\/li><li class=\"blocks-gallery-item\"><figure><img loading=\"lazy\" decoding=\"async\" width=\"1024\" height=\"683\" src=\"https:\/\/www.odiloncavalcanti.art.br\/wp-content\/uploads\/2019\/09\/IMG_8691-copy-1024x683.jpg\" alt=\"\" data-id=\"1491\" data-link=\"https:\/\/www.odiloncavalcanti.art.br\/img_8691-copy\/\" class=\"wp-image-1491\" srcset=\"https:\/\/odiloncavalcanti.art.br\/wp-content\/uploads\/2019\/09\/IMG_8691-copy-1024x683.jpg 1024w, https:\/\/odiloncavalcanti.art.br\/wp-content\/uploads\/2019\/09\/IMG_8691-copy-300x200.jpg 300w, https:\/\/odiloncavalcanti.art.br\/wp-content\/uploads\/2019\/09\/IMG_8691-copy-768x512.jpg 768w\" sizes=\"auto, (max-width: 767px) 89vw, (max-width: 1000px) 54vw, (max-width: 1071px) 543px, 580px\" \/><\/figure><\/li><li class=\"blocks-gallery-item\"><figure><img loading=\"lazy\" decoding=\"async\" width=\"1024\" height=\"683\" src=\"https:\/\/www.odiloncavalcanti.art.br\/wp-content\/uploads\/2019\/09\/IMG_8690-copy-1024x683.jpg\" alt=\"\" data-id=\"1490\" data-link=\"https:\/\/www.odiloncavalcanti.art.br\/img_8690-copy\/\" class=\"wp-image-1490\" srcset=\"https:\/\/odiloncavalcanti.art.br\/wp-content\/uploads\/2019\/09\/IMG_8690-copy-1024x683.jpg 1024w, https:\/\/odiloncavalcanti.art.br\/wp-content\/uploads\/2019\/09\/IMG_8690-copy-300x200.jpg 300w, https:\/\/odiloncavalcanti.art.br\/wp-content\/uploads\/2019\/09\/IMG_8690-copy-768x512.jpg 768w\" sizes=\"auto, (max-width: 767px) 89vw, (max-width: 1000px) 54vw, (max-width: 1071px) 543px, 580px\" \/><\/figure><\/li><li class=\"blocks-gallery-item\"><figure><img loading=\"lazy\" decoding=\"async\" width=\"1024\" height=\"682\" src=\"https:\/\/www.odiloncavalcanti.art.br\/wp-content\/uploads\/2019\/09\/IMG_8746-copy-1024x682.jpg\" alt=\"\" data-id=\"1489\" data-link=\"https:\/\/www.odiloncavalcanti.art.br\/img_8746-copy\/\" class=\"wp-image-1489\" srcset=\"https:\/\/odiloncavalcanti.art.br\/wp-content\/uploads\/2019\/09\/IMG_8746-copy-1024x682.jpg 1024w, https:\/\/odiloncavalcanti.art.br\/wp-content\/uploads\/2019\/09\/IMG_8746-copy-300x200.jpg 300w, https:\/\/odiloncavalcanti.art.br\/wp-content\/uploads\/2019\/09\/IMG_8746-copy-768x512.jpg 768w, https:\/\/odiloncavalcanti.art.br\/wp-content\/uploads\/2019\/09\/IMG_8746-copy.jpg 1124w\" sizes=\"auto, (max-width: 767px) 89vw, (max-width: 1000px) 54vw, (max-width: 1071px) 543px, 580px\" \/><\/figure><\/li><li class=\"blocks-gallery-item\"><figure><img loading=\"lazy\" decoding=\"async\" width=\"1024\" height=\"682\" src=\"https:\/\/www.odiloncavalcanti.art.br\/wp-content\/uploads\/2019\/09\/IMG_8707-copy-1024x682.jpg\" alt=\"\" data-id=\"1498\" data-link=\"https:\/\/www.odiloncavalcanti.art.br\/img_8707-copy\/\" class=\"wp-image-1498\" srcset=\"https:\/\/odiloncavalcanti.art.br\/wp-content\/uploads\/2019\/09\/IMG_8707-copy-1024x682.jpg 1024w, https:\/\/odiloncavalcanti.art.br\/wp-content\/uploads\/2019\/09\/IMG_8707-copy-300x200.jpg 300w, https:\/\/odiloncavalcanti.art.br\/wp-content\/uploads\/2019\/09\/IMG_8707-copy-768x512.jpg 768w, https:\/\/odiloncavalcanti.art.br\/wp-content\/uploads\/2019\/09\/IMG_8707-copy.jpg 1124w\" sizes=\"auto, (max-width: 767px) 89vw, (max-width: 1000px) 54vw, (max-width: 1071px) 543px, 580px\" \/><\/figure><\/li><li class=\"blocks-gallery-item\"><figure><img loading=\"lazy\" decoding=\"async\" width=\"1024\" height=\"682\" src=\"https:\/\/www.odiloncavalcanti.art.br\/wp-content\/uploads\/2019\/09\/IMG_8710-1024x682.jpg\" alt=\"\" data-id=\"1488\" data-link=\"https:\/\/www.odiloncavalcanti.art.br\/img_8710\/\" class=\"wp-image-1488\" srcset=\"https:\/\/odiloncavalcanti.art.br\/wp-content\/uploads\/2019\/09\/IMG_8710-1024x682.jpg 1024w, https:\/\/odiloncavalcanti.art.br\/wp-content\/uploads\/2019\/09\/IMG_8710-300x200.jpg 300w, https:\/\/odiloncavalcanti.art.br\/wp-content\/uploads\/2019\/09\/IMG_8710-768x512.jpg 768w, https:\/\/odiloncavalcanti.art.br\/wp-content\/uploads\/2019\/09\/IMG_8710.jpg 1124w\" sizes=\"auto, (max-width: 767px) 89vw, (max-width: 1000px) 54vw, (max-width: 1071px) 543px, 580px\" \/><\/figure><\/li><li class=\"blocks-gallery-item\"><figure><img loading=\"lazy\" decoding=\"async\" width=\"1024\" height=\"682\" src=\"https:\/\/www.odiloncavalcanti.art.br\/wp-content\/uploads\/2019\/09\/IMG_8708-1024x682.jpg\" alt=\"\" data-id=\"1487\" data-link=\"https:\/\/www.odiloncavalcanti.art.br\/img_8708\/\" class=\"wp-image-1487\" srcset=\"https:\/\/odiloncavalcanti.art.br\/wp-content\/uploads\/2019\/09\/IMG_8708-1024x682.jpg 1024w, https:\/\/odiloncavalcanti.art.br\/wp-content\/uploads\/2019\/09\/IMG_8708-300x200.jpg 300w, https:\/\/odiloncavalcanti.art.br\/wp-content\/uploads\/2019\/09\/IMG_8708-768x512.jpg 768w, https:\/\/odiloncavalcanti.art.br\/wp-content\/uploads\/2019\/09\/IMG_8708.jpg 1124w\" sizes=\"auto, (max-width: 767px) 89vw, (max-width: 1000px) 54vw, (max-width: 1071px) 543px, 580px\" \/><\/figure><\/li><\/ul>\n","protected":false},"excerpt":{"rendered":"<p>Odilon Cavalcanti teve a chance de ver nascer e crescer, como curador do trabalho do Ecofotografias que sua mulher, Malouh Gualberto, que j\u00e1 tinha a semente da paisagem implantada em sua forma\u00e7\u00e3o humana e human\u00edstica desde suas origens, na hora e na oportunidade certa, fez germinar de maneira natural e vigorosa. Como curador, Odilon teve &hellip; <\/p>\n<p class=\"link-more\"><a href=\"https:\/\/odiloncavalcanti.art.br\/de\/odilon-cavalcanti-a-obra-o-artista-o-atelier-uma-leitura-alquimica\/exposicoes-coletivas-colecoes-e-projetos\/fotografia\/\" class=\"more-link\">Continue reading<span class=\"screen-reader-text\"> &#8220;Fotografia&#8221;<\/span><\/a><\/p>\n","protected":false},"author":1,"featured_media":1496,"parent":42,"menu_order":0,"comment_status":"closed","ping_status":"closed","template":"","meta":{"footnotes":""},"class_list":["post-1484","page","type-page","status-publish","has-post-thumbnail","hentry"],"translation":{"provider":"WPGlobus","version":"3.0.1","language":"de","enabled_languages":["en","es","de","fr","ru"],"languages":{"en":{"title":true,"content":true,"excerpt":false},"es":{"title":false,"content":false,"excerpt":false},"de":{"title":false,"content":false,"excerpt":false},"fr":{"title":false,"content":false,"excerpt":false},"ru":{"title":false,"content":false,"excerpt":false}}},"yoast_head":"<!-- This site is optimized with the Yoast SEO plugin v27.2 - https:\/\/yoast.com\/product\/yoast-seo-wordpress\/ -->\n<title>Fotografia - Odilon Cavalcanti<\/title>\n<meta name=\"robots\" content=\"index, follow, max-snippet:-1, max-image-preview:large, max-video-preview:-1\" \/>\n<link rel=\"canonical\" href=\"http:\/\/odiloncavalcanti.art.br\/fr\/odilon-cavalcanti-a-obra-o-artista-o-atelier-uma-leitura-alquimica\/exposicoes-coletivas-colecoes-e-projetos\/fotografia\/\" \/>\n<meta property=\"og:locale\" content=\"de_DE\" \/>\n<meta property=\"og:type\" content=\"article\" \/>\n<meta property=\"og:title\" content=\"Fotografia - Odilon Cavalcanti\" \/>\n<meta property=\"og:url\" content=\"http:\/\/odiloncavalcanti.art.br\/fr\/odilon-cavalcanti-a-obra-o-artista-o-atelier-uma-leitura-alquimica\/exposicoes-coletivas-colecoes-e-projetos\/fotografia\/\" \/>\n<meta property=\"og:site_name\" content=\"Odilon Cavalcanti\" \/>\n<meta property=\"article:publisher\" content=\"https:\/\/www.facebook.com\/AtelierOdilonCavalcanti\/\" \/>\n<meta property=\"article:modified_time\" content=\"2019-10-23T15:33:39+00:00\" \/>\n<meta property=\"og:image\" content=\"http:\/\/odiloncavalcanti.art.br\/wp-content\/uploads\/2019\/09\/IMG_8705-copy.jpg\" \/>\n\t<meta property=\"og:image:width\" content=\"1124\" \/>\n\t<meta property=\"og:image:height\" content=\"749\" \/>\n\t<meta property=\"og:image:type\" content=\"image\/jpeg\" \/>\n<meta name=\"twitter:card\" content=\"summary_large_image\" \/>\n<meta name=\"twitter:site\" content=\"@odilonk\" \/>\n<meta name=\"twitter:label1\" content=\"Est. reading time\" \/>\n\t<meta name=\"twitter:data1\" content=\"2 minutes\" \/>\n<script type=\"application\/ld+json\" class=\"yoast-schema-graph\">{\"@context\":\"https:\/\/schema.org\",\"@graph\":[{\"@type\":\"WebPage\",\"@id\":\"http:\/\/odiloncavalcanti.art.br\/fr\/odilon-cavalcanti-a-obra-o-artista-o-atelier-uma-leitura-alquimica\/exposicoes-coletivas-colecoes-e-projetos\/fotografia\/\",\"url\":\"http:\/\/odiloncavalcanti.art.br\/fr\/odilon-cavalcanti-a-obra-o-artista-o-atelier-uma-leitura-alquimica\/exposicoes-coletivas-colecoes-e-projetos\/fotografia\/\",\"name\":\"Fotografia - Odilon Cavalcanti\",\"isPartOf\":{\"@id\":\"http:\/\/odiloncavalcanti.art.br\/#website\"},\"primaryImageOfPage\":{\"@id\":\"http:\/\/odiloncavalcanti.art.br\/fr\/odilon-cavalcanti-a-obra-o-artista-o-atelier-uma-leitura-alquimica\/exposicoes-coletivas-colecoes-e-projetos\/fotografia\/#primaryimage\"},\"image\":{\"@id\":\"http:\/\/odiloncavalcanti.art.br\/fr\/odilon-cavalcanti-a-obra-o-artista-o-atelier-uma-leitura-alquimica\/exposicoes-coletivas-colecoes-e-projetos\/fotografia\/#primaryimage\"},\"thumbnailUrl\":\"https:\/\/odiloncavalcanti.art.br\/wp-content\/uploads\/2019\/09\/IMG_8705-copy.jpg\",\"datePublished\":\"2019-09-29T18:56:00+00:00\",\"dateModified\":\"2019-10-23T15:33:39+00:00\",\"breadcrumb\":{\"@id\":\"http:\/\/odiloncavalcanti.art.br\/fr\/odilon-cavalcanti-a-obra-o-artista-o-atelier-uma-leitura-alquimica\/exposicoes-coletivas-colecoes-e-projetos\/fotografia\/#breadcrumb\"},\"inLanguage\":\"de-DE\",\"potentialAction\":[{\"@type\":\"ReadAction\",\"target\":[\"http:\/\/odiloncavalcanti.art.br\/fr\/odilon-cavalcanti-a-obra-o-artista-o-atelier-uma-leitura-alquimica\/exposicoes-coletivas-colecoes-e-projetos\/fotografia\/\"]}]},{\"@type\":\"ImageObject\",\"inLanguage\":\"de-DE\",\"@id\":\"http:\/\/odiloncavalcanti.art.br\/fr\/odilon-cavalcanti-a-obra-o-artista-o-atelier-uma-leitura-alquimica\/exposicoes-coletivas-colecoes-e-projetos\/fotografia\/#primaryimage\",\"url\":\"https:\/\/odiloncavalcanti.art.br\/wp-content\/uploads\/2019\/09\/IMG_8705-copy.jpg\",\"contentUrl\":\"https:\/\/odiloncavalcanti.art.br\/wp-content\/uploads\/2019\/09\/IMG_8705-copy.jpg\",\"width\":1124,\"height\":749},{\"@type\":\"BreadcrumbList\",\"@id\":\"http:\/\/odiloncavalcanti.art.br\/fr\/odilon-cavalcanti-a-obra-o-artista-o-atelier-uma-leitura-alquimica\/exposicoes-coletivas-colecoes-e-projetos\/fotografia\/#breadcrumb\",\"itemListElement\":[{\"@type\":\"ListItem\",\"position\":1,\"name\":\"In\u00edcio\",\"item\":\"http:\/\/odiloncavalcanti.art.br\/\"},{\"@type\":\"ListItem\",\"position\":2,\"name\":\"Cole\u00e7\u00f5es &#038; Projetos:\",\"item\":\"http:\/\/odiloncavalcanti.art.br\/fr\/odilon-cavalcanti-a-obra-o-artista-o-atelier-uma-leitura-alquimica\/exposicoes-coletivas-colecoes-e-projetos\/\"},{\"@type\":\"ListItem\",\"position\":3,\"name\":\"Fotografia\"}]},{\"@type\":\"WebSite\",\"@id\":\"http:\/\/odiloncavalcanti.art.br\/#website\",\"url\":\"http:\/\/odiloncavalcanti.art.br\/\",\"name\":\"Odilon Cavalcanti\",\"description\":\"Um espelho da alquimia da Arte.\",\"potentialAction\":[{\"@type\":\"SearchAction\",\"target\":{\"@type\":\"EntryPoint\",\"urlTemplate\":\"http:\/\/odiloncavalcanti.art.br\/?s={search_term_string}\"},\"query-input\":{\"@type\":\"PropertyValueSpecification\",\"valueRequired\":true,\"valueName\":\"search_term_string\"}}],\"inLanguage\":\"de-DE\"}]}<\/script>\n<!-- \/ Yoast SEO plugin. -->","yoast_head_json":{"title":"Fotografia - Odilon Cavalcanti","robots":{"index":"index","follow":"follow","max-snippet":"max-snippet:-1","max-image-preview":"max-image-preview:large","max-video-preview":"max-video-preview:-1"},"canonical":"http:\/\/odiloncavalcanti.art.br\/fr\/odilon-cavalcanti-a-obra-o-artista-o-atelier-uma-leitura-alquimica\/exposicoes-coletivas-colecoes-e-projetos\/fotografia\/","og_locale":"de_DE","og_type":"article","og_title":"Fotografia - Odilon Cavalcanti","og_url":"http:\/\/odiloncavalcanti.art.br\/fr\/odilon-cavalcanti-a-obra-o-artista-o-atelier-uma-leitura-alquimica\/exposicoes-coletivas-colecoes-e-projetos\/fotografia\/","og_site_name":"Odilon Cavalcanti","article_publisher":"https:\/\/www.facebook.com\/AtelierOdilonCavalcanti\/","article_modified_time":"2019-10-23T15:33:39+00:00","og_image":[{"width":1124,"height":749,"url":"http:\/\/odiloncavalcanti.art.br\/wp-content\/uploads\/2019\/09\/IMG_8705-copy.jpg","type":"image\/jpeg"}],"twitter_card":"summary_large_image","twitter_site":"@odilonk","twitter_misc":{"Est. reading time":"2 minutes"},"schema":{"@context":"https:\/\/schema.org","@graph":[{"@type":"WebPage","@id":"http:\/\/odiloncavalcanti.art.br\/fr\/odilon-cavalcanti-a-obra-o-artista-o-atelier-uma-leitura-alquimica\/exposicoes-coletivas-colecoes-e-projetos\/fotografia\/","url":"http:\/\/odiloncavalcanti.art.br\/fr\/odilon-cavalcanti-a-obra-o-artista-o-atelier-uma-leitura-alquimica\/exposicoes-coletivas-colecoes-e-projetos\/fotografia\/","name":"Fotografia - Odilon Cavalcanti","isPartOf":{"@id":"http:\/\/odiloncavalcanti.art.br\/#website"},"primaryImageOfPage":{"@id":"http:\/\/odiloncavalcanti.art.br\/fr\/odilon-cavalcanti-a-obra-o-artista-o-atelier-uma-leitura-alquimica\/exposicoes-coletivas-colecoes-e-projetos\/fotografia\/#primaryimage"},"image":{"@id":"http:\/\/odiloncavalcanti.art.br\/fr\/odilon-cavalcanti-a-obra-o-artista-o-atelier-uma-leitura-alquimica\/exposicoes-coletivas-colecoes-e-projetos\/fotografia\/#primaryimage"},"thumbnailUrl":"https:\/\/odiloncavalcanti.art.br\/wp-content\/uploads\/2019\/09\/IMG_8705-copy.jpg","datePublished":"2019-09-29T18:56:00+00:00","dateModified":"2019-10-23T15:33:39+00:00","breadcrumb":{"@id":"http:\/\/odiloncavalcanti.art.br\/fr\/odilon-cavalcanti-a-obra-o-artista-o-atelier-uma-leitura-alquimica\/exposicoes-coletivas-colecoes-e-projetos\/fotografia\/#breadcrumb"},"inLanguage":"de-DE","potentialAction":[{"@type":"ReadAction","target":["http:\/\/odiloncavalcanti.art.br\/fr\/odilon-cavalcanti-a-obra-o-artista-o-atelier-uma-leitura-alquimica\/exposicoes-coletivas-colecoes-e-projetos\/fotografia\/"]}]},{"@type":"ImageObject","inLanguage":"de-DE","@id":"http:\/\/odiloncavalcanti.art.br\/fr\/odilon-cavalcanti-a-obra-o-artista-o-atelier-uma-leitura-alquimica\/exposicoes-coletivas-colecoes-e-projetos\/fotografia\/#primaryimage","url":"https:\/\/odiloncavalcanti.art.br\/wp-content\/uploads\/2019\/09\/IMG_8705-copy.jpg","contentUrl":"https:\/\/odiloncavalcanti.art.br\/wp-content\/uploads\/2019\/09\/IMG_8705-copy.jpg","width":1124,"height":749},{"@type":"BreadcrumbList","@id":"http:\/\/odiloncavalcanti.art.br\/fr\/odilon-cavalcanti-a-obra-o-artista-o-atelier-uma-leitura-alquimica\/exposicoes-coletivas-colecoes-e-projetos\/fotografia\/#breadcrumb","itemListElement":[{"@type":"ListItem","position":1,"name":"In\u00edcio","item":"http:\/\/odiloncavalcanti.art.br\/"},{"@type":"ListItem","position":2,"name":"Cole\u00e7\u00f5es &#038; Projetos:","item":"http:\/\/odiloncavalcanti.art.br\/fr\/odilon-cavalcanti-a-obra-o-artista-o-atelier-uma-leitura-alquimica\/exposicoes-coletivas-colecoes-e-projetos\/"},{"@type":"ListItem","position":3,"name":"Fotografia"}]},{"@type":"WebSite","@id":"http:\/\/odiloncavalcanti.art.br\/#website","url":"http:\/\/odiloncavalcanti.art.br\/","name":"Odilon Cavalcanti","description":"Um espelho da alquimia da Arte.","potentialAction":[{"@type":"SearchAction","target":{"@type":"EntryPoint","urlTemplate":"http:\/\/odiloncavalcanti.art.br\/?s={search_term_string}"},"query-input":{"@type":"PropertyValueSpecification","valueRequired":true,"valueName":"search_term_string"}}],"inLanguage":"de-DE"}]}},"jetpack_sharing_enabled":true,"_links":{"self":[{"href":"https:\/\/odiloncavalcanti.art.br\/de\/wp-json\/wp\/v2\/pages\/1484","targetHints":{"allow":["GET"]}}],"collection":[{"href":"https:\/\/odiloncavalcanti.art.br\/de\/wp-json\/wp\/v2\/pages"}],"about":[{"href":"https:\/\/odiloncavalcanti.art.br\/de\/wp-json\/wp\/v2\/types\/page"}],"author":[{"embeddable":true,"href":"https:\/\/odiloncavalcanti.art.br\/de\/wp-json\/wp\/v2\/users\/1"}],"replies":[{"embeddable":true,"href":"https:\/\/odiloncavalcanti.art.br\/de\/wp-json\/wp\/v2\/comments?post=1484"}],"version-history":[{"count":12,"href":"https:\/\/odiloncavalcanti.art.br\/de\/wp-json\/wp\/v2\/pages\/1484\/revisions"}],"predecessor-version":[{"id":1610,"href":"https:\/\/odiloncavalcanti.art.br\/de\/wp-json\/wp\/v2\/pages\/1484\/revisions\/1610"}],"up":[{"embeddable":true,"href":"https:\/\/odiloncavalcanti.art.br\/de\/wp-json\/wp\/v2\/pages\/42"}],"wp:featuredmedia":[{"embeddable":true,"href":"https:\/\/odiloncavalcanti.art.br\/de\/wp-json\/wp\/v2\/media\/1496"}],"wp:attachment":[{"href":"https:\/\/odiloncavalcanti.art.br\/de\/wp-json\/wp\/v2\/media?parent=1484"}],"curies":[{"name":"wp","href":"https:\/\/api.w.org\/{rel}","templated":true}]}}